{"id":3222,"date":"2016-05-18T15:10:12","date_gmt":"2016-05-18T13:10:12","guid":{"rendered":"http:\/\/www.mariostark.com\/fr\/?page_id=3222"},"modified":"2019-04-13T13:10:50","modified_gmt":"2019-04-13T11:10:50","slug":"societe","status":"publish","type":"page","link":"https:\/\/www.mariostark.com\/fr\/societe\/","title":{"rendered":"Soci\u00e9t\u00e9"},"content":{"rendered":"<h3>MARIO STARK &#8211; PROFESSIONAL COURTAGE IMMOBILIER.<\/h3>\n<p>&nbsp;<\/p>\n<p><strong><a href=\"https:\/\/www.mariostark.com\/fr\/\">MARIO STARK<\/a><\/strong> IMMOBILIER (\u00ab\u00a0MARIO STARK\u00a0\u00bb) reprend la commercialisation de projets immobiliers pour les investisseurs et la vente de biens <a href=\"https:\/\/www.mariostark.com\/fr\/immobilier\/\">immobiliers<\/a> traditionnels pour les clients r\u00e9sidentiels et d&rsquo;affaires &#8211; national et international. Nos consultants immobiliers poss\u00e8dent une vaste expertise et de nombreuses ann\u00e9es d&rsquo;exp\u00e9rience professionnelle, et de vendre \u00e0 c\u00f4t\u00e9 de maisons, villas et appartements, ainsi que l&rsquo;immobilier premium international et les investissements avec les meilleurs rendements. Nos clients en plus de m\u00e9nages priv\u00e9s et le secteur public comprend les clients d&rsquo;affaires, tels que les investisseurs immobiliers, des entrepreneurs et des entreprises d&rsquo;entreprise. Dans le domaine de l&rsquo;immobilier marketing de projet MARIO STARK travailler avec les entrepreneurs, les entrepreneurs en construction et les promoteurs de projets. De nombreuses ann\u00e9es d&rsquo;exp\u00e9rience garantissent \u00e0 nos clients les meilleures opportunit\u00e9s de marketing.<\/p>\n<p>&nbsp;<\/p>\n<p>&nbsp;<\/p>\n<p>&nbsp;<\/p>\n<p>&nbsp;<\/p>\n<h6 style=\"text-align: center;\"><span style=\"color: #808080;\"><a style=\"color: #808080;\" href=\"https:\/\/www.facebook.com\/mariostarkofficial\">Facebook<\/a> \u00a0\u00a0 <a style=\"color: #808080;\" href=\"http:\/\/www.twitter.com\/mariostarkcom\">Twitter<\/a> \u00a0\u00a0 <a style=\"color: #808080;\" href=\"https:\/\/www.instagram.com\/mariostarkofficial\">Instagram<\/a>\u00a0\u00a0\u00a0 <a style=\"color: #808080;\" href=\"https:\/\/www.youtube.com\/c\/mariostarkofficial\">Youtube<\/a>\u00a0\u00a0\u00a0 <a style=\"color: #808080;\" href=\"http:\/\/www.pinterest.com\/mariostarkcom\">Pinterest<\/a><\/span><\/h6>\n<p>&nbsp;<\/p>","protected":false},"excerpt":{"rendered":"<p>MARIO STARK &#8211; PROFESSIONAL COURTAGE IMMOBILIER. &nbsp; MARIO STARK IMMOBILIER (\u00ab\u00a0MARIO STARK\u00a0\u00bb) reprend la commercialisation de projets immobiliers pour les investisseurs et la vente de biens immobiliers traditionnels pour les clients r\u00e9sidentiels et d&rsquo;affaires &#8211; national et international. Nos consultants &hellip; <a href=\"https:\/\/www.mariostark.com\/fr\/societe\/\">Suite<\/a><\/p>\n","protected":false},"author":2,"featured_media":14266,"parent":0,"menu_order":0,"comment_status":"closed","ping_status":"closed","template":"template-midsize.php","meta":{"footnotes":""},"class_list":["post-3222","page","type-page","status-publish","has-post-thumbnail","hentry"],"_links":{"self":[{"href":"https:\/\/www.mariostark.com\/fr\/wp-json\/wp\/v2\/pages\/3222","targetHints":{"allow":["GET"]}}],"collection":[{"href":"https:\/\/www.mariostark.com\/fr\/wp-json\/wp\/v2\/pages"}],"about":[{"href":"https:\/\/www.mariostark.com\/fr\/wp-json\/wp\/v2\/types\/page"}],"author":[{"embeddable":true,"href":"https:\/\/www.mariostark.com\/fr\/wp-json\/wp\/v2\/users\/2"}],"replies":[{"embeddable":true,"href":"https:\/\/www.mariostark.com\/fr\/wp-json\/wp\/v2\/comments?post=3222"}],"version-history":[{"count":6,"href":"https:\/\/www.mariostark.com\/fr\/wp-json\/wp\/v2\/pages\/3222\/revisions"}],"predecessor-version":[{"id":14939,"href":"https:\/\/www.mariostark.com\/fr\/wp-json\/wp\/v2\/pages\/3222\/revisions\/14939"}],"wp:featuredmedia":[{"embeddable":true,"href":"https:\/\/www.mariostark.com\/fr\/wp-json\/wp\/v2\/media\/14266"}],"wp:attachment":[{"href":"https:\/\/www.mariostark.com\/fr\/wp-json\/wp\/v2\/media?parent=3222"}],"curies":[{"name":"wp","href":"https:\/\/api.w.org\/{rel}","templated":true}]}}