{"id":2343,"date":"2014-10-29T15:24:03","date_gmt":"2014-10-29T13:24:03","guid":{"rendered":"http:\/\/www.mariostark.com\/fr\/widerrufsbelehrung\/"},"modified":"2018-05-05T15:25:02","modified_gmt":"2018-05-05T13:25:02","slug":"annulation","status":"publish","type":"page","link":"https:\/\/www.mariostark.com\/fr\/information\/annulation\/","title":{"rendered":"Annulation"},"content":{"rendered":"<h4>Droit de r\u00e9tractation<\/h4>\n<p>Vous avez le droit de se retirer d&rsquo;un contrat conclu avec nous dans les quatorze jours sans donner de raison. Le d\u00e9lai de r\u00e9tractation est de quatorze jours, \u00e0 partir de la date du contrat. Pour exercer votre droit, vous devez<\/p>\n<p>&nbsp;<\/p>\n<h4><a href=\"https:\/\/www.mariostark.com\/fr\/\">MARIO STARK<\/a> Real Estate<\/h4>\n<p><strong><br \/>\n<\/strong><\/p>\n<p>Eichenallee 7F<\/p>\n<p>18184 Roggentin<\/p>\n<p>Allemagne<\/p>\n<p>&nbsp;<\/p>\n<p>Telefon:\u00a0 49-38204-74160<\/p>\n<p>Telefax:\u00a0 49-38204-74162<\/p>\n<p>E-Mail: \u00a0\u00a0 <a href=\"mailto:info@mariostark.com\">info@mariostark.com<\/a><\/p>\n<p>&nbsp;<\/p>\n<p>par voie de d\u00e9claration sans ambigu\u00eft\u00e9 (par exemple, une lettre, fax ou e-mail) de votre d\u00e9cision de r\u00e9silier le contrat, informer. Pour respecter le d\u00e9lai de r\u00e9tractation, il suffit que vous envoyez votre communication concernant le droit de r\u00e9tractation avant la p\u00e9riode de retrait.<\/p>\n<p>&nbsp;<\/p>\n<h4>Effets de la r\u00e9tractation<\/h4>\n<p>Si vous retirez de ce contrat, nous vous rembourserons tous les paiements que nous avons re\u00e7ues de vous, y compris les frais de fourniture (\u00e0 l&rsquo;exception des co\u00fbts suppl\u00e9mentaires r\u00e9sultant du fait que vous avez choisi un mode de livraison autre que celui offert par nous, le moins cher standard avoir), et rembourser imm\u00e9diatement tard dans un d\u00e9lai de quatorze jours \u00e0 compter de la date \u00e0 laquelle la notification a \u00e9t\u00e9 re\u00e7ue au sujet de votre annulation de ce contrat avec nous. Pour ce remboursement, nous utilisons la m\u00eame m\u00e9thode de paiement que vous avez utilis\u00e9 dans la transaction d&rsquo;origine, \u00e0 moins que vous avez convenu explicitement autrement; en tout cas, vous devrez payer des frais pour ce remboursement.<\/p>\n<p>Avez-vous besoin que les services commencent pendant la p\u00e9riode de retrait, de sorte que vous devez nous payer un montant raisonnable dans la proportion allant jusqu&rsquo;\u00e0 l&rsquo;heure \u00e0 laquelle vous nous informer de son droit de r\u00e9tractation \u00e0 l&rsquo;\u00e9gard de ce contrat, les services rendus par rapport au montant total pr\u00e9vu \u00e0 l&rsquo;\u00e9quivalent des services contractuels.<\/p>\n<p>&nbsp;<\/p>\n<p>&nbsp;<\/p>","protected":false},"excerpt":{"rendered":"<p>Droit de r\u00e9tractation Vous avez le droit de se retirer d&rsquo;un contrat conclu avec nous dans les quatorze jours sans donner de raison. Le d\u00e9lai de r\u00e9tractation est de quatorze jours, \u00e0 partir de la date du contrat. Pour exercer &hellip; <a href=\"https:\/\/www.mariostark.com\/fr\/information\/annulation\/\">Suite<\/a><\/p>\n","protected":false},"author":2,"featured_media":0,"parent":170,"menu_order":0,"comment_status":"closed","ping_status":"open","template":"template-midsize.php","meta":{"footnotes":""},"class_list":["post-2343","page","type-page","status-publish","hentry"],"_links":{"self":[{"href":"https:\/\/www.mariostark.com\/fr\/wp-json\/wp\/v2\/pages\/2343","targetHints":{"allow":["GET"]}}],"collection":[{"href":"https:\/\/www.mariostark.com\/fr\/wp-json\/wp\/v2\/pages"}],"about":[{"href":"https:\/\/www.mariostark.com\/fr\/wp-json\/wp\/v2\/types\/page"}],"author":[{"embeddable":true,"href":"https:\/\/www.mariostark.com\/fr\/wp-json\/wp\/v2\/users\/2"}],"replies":[{"embeddable":true,"href":"https:\/\/www.mariostark.com\/fr\/wp-json\/wp\/v2\/comments?post=2343"}],"version-history":[{"count":5,"href":"https:\/\/www.mariostark.com\/fr\/wp-json\/wp\/v2\/pages\/2343\/revisions"}],"predecessor-version":[{"id":13970,"href":"https:\/\/www.mariostark.com\/fr\/wp-json\/wp\/v2\/pages\/2343\/revisions\/13970"}],"up":[{"embeddable":true,"href":"https:\/\/www.mariostark.com\/fr\/wp-json\/wp\/v2\/pages\/170"}],"wp:attachment":[{"href":"https:\/\/www.mariostark.com\/fr\/wp-json\/wp\/v2\/media?parent=2343"}],"curies":[{"name":"wp","href":"https:\/\/api.w.org\/{rel}","templated":true}]}}