{"id":2165,"date":"2016-04-09T08:58:21","date_gmt":"2016-04-09T06:58:21","guid":{"rendered":"http:\/\/www.mariostark.com\/?page_id=2165"},"modified":"2019-04-13T13:08:32","modified_gmt":"2019-04-13T11:08:32","slug":"financement","status":"publish","type":"page","link":"https:\/\/www.mariostark.com\/fr\/financement\/","title":{"rendered":"Financement"},"content":{"rendered":"<h3>MARIO STARK Financial Services<\/h3>\n<p>&nbsp;<\/p>\n<p>En tant que de longue date ind\u00e9pendante financement <a href=\"https:\/\/www.mariostark.com\/fr\/partenaires\/\">partenaires<\/a> des institutions financi\u00e8res reconnues, nous pouvons offrir \u00e0 nos clients le meilleur financement pour l&rsquo;achat, la construction ou la modernisation de votre propri\u00e9t\u00e9. Nous offrons \u00e9galement des clients priv\u00e9s et commerciaux sur le financement, la restructuration de la dette et des pr\u00eats \u00e0 terme pour les pr\u00eats <a href=\"https:\/\/www.mariostark.com\/fr\/immobilier\/\">immobiliers<\/a> existants. Financement de d\u00e9veloppeur pour la nouvelle construction ou la r\u00e9novation de propri\u00e9t\u00e9s et de projets r\u00e9alis\u00e9s, <a href=\"https:\/\/www.mariostark.com\/fr\/\">MARIO STARK<\/a> Financial Services, dans les banques nationales et des pr\u00eats hypoth\u00e9caires.<\/p>\n<p>Nous serons heureux de vous envoyer, une offre de financement sans engagement et vous conseiller sur t\u00e9l\u00e9phone Allemagne +49 (0) 38204 74160 ou par courriel <a href=\"mailto:info@mariostark.com\">info@mariostark.com<\/a>.<\/p>\n<p>&nbsp;<\/p>\n<p>&nbsp;<\/p>\n<p>&nbsp;<\/p>\n<p>&nbsp;<\/p>\n<h4 style=\"text-align: center;\"><span style=\"color: #999999;\">Plus.<\/span><\/h4>\n<h6 style=\"text-align: center;\"><span style=\"color: #808080;\"><a style=\"color: #808080;\" href=\"https:\/\/www.facebook.com\/mariostarkofficial\">Facebook<\/a> \u00a0\u00a0 <a style=\"color: #808080;\" href=\"http:\/\/www.twitter.com\/mariostarkcom\">Twitter<\/a> \u00a0\u00a0 <a style=\"color: #808080;\" href=\"https:\/\/www.instagram.com\/mariostarkofficial\">Instagram<\/a>\u00a0\u00a0\u00a0 <a style=\"color: #808080;\" href=\"https:\/\/www.youtube.com\/c\/mariostarkofficial\">Youtube<\/a>\u00a0\u00a0\u00a0 <a style=\"color: #808080;\" href=\"http:\/\/www.pinterest.com\/mariostarkcom\">Pinterest<\/a><\/span><\/h6>\n<p>&nbsp;<\/p>","protected":false},"excerpt":{"rendered":"<p>MARIO STARK Financial Services &nbsp; En tant que de longue date ind\u00e9pendante financement partenaires des institutions financi\u00e8res reconnues, nous pouvons offrir \u00e0 nos clients le meilleur financement pour l&rsquo;achat, la construction ou la modernisation de votre propri\u00e9t\u00e9. Nous offrons \u00e9galement &hellip; <a href=\"https:\/\/www.mariostark.com\/fr\/financement\/\">Suite<\/a><\/p>\n","protected":false},"author":2,"featured_media":0,"parent":0,"menu_order":0,"comment_status":"closed","ping_status":"closed","template":"template-midsize.php","meta":{"footnotes":""},"class_list":["post-2165","page","type-page","status-publish","hentry"],"_links":{"self":[{"href":"https:\/\/www.mariostark.com\/fr\/wp-json\/wp\/v2\/pages\/2165","targetHints":{"allow":["GET"]}}],"collection":[{"href":"https:\/\/www.mariostark.com\/fr\/wp-json\/wp\/v2\/pages"}],"about":[{"href":"https:\/\/www.mariostark.com\/fr\/wp-json\/wp\/v2\/types\/page"}],"author":[{"embeddable":true,"href":"https:\/\/www.mariostark.com\/fr\/wp-json\/wp\/v2\/users\/2"}],"replies":[{"embeddable":true,"href":"https:\/\/www.mariostark.com\/fr\/wp-json\/wp\/v2\/comments?post=2165"}],"version-history":[{"count":5,"href":"https:\/\/www.mariostark.com\/fr\/wp-json\/wp\/v2\/pages\/2165\/revisions"}],"predecessor-version":[{"id":14935,"href":"https:\/\/www.mariostark.com\/fr\/wp-json\/wp\/v2\/pages\/2165\/revisions\/14935"}],"wp:attachment":[{"href":"https:\/\/www.mariostark.com\/fr\/wp-json\/wp\/v2\/media?parent=2165"}],"curies":[{"name":"wp","href":"https:\/\/api.w.org\/{rel}","templated":true}]}}