{"id":190,"date":"2013-12-17T17:34:08","date_gmt":"2013-12-17T15:34:08","guid":{"rendered":"http:\/\/starkint.com\/?page_id=190"},"modified":"2022-08-22T14:17:16","modified_gmt":"2022-08-22T12:17:16","slug":"start","status":"publish","type":"page","link":"https:\/\/www.mariostark.com\/fr\/","title":{"rendered":"Home"},"content":{"rendered":"<div class=\"random-images\"> <a href=\"https:\/\/www.mariostark.com\/media\/MARIO-STARK-Official-6.1.jpg\" title=\"MARIO STARK Official 6.1\"><img loading=\"lazy\" decoding=\"async\" width=\"500\" height=\"500\" src=\"https:\/\/www.mariostark.com\/media\/MARIO-STARK-Official-6.1.jpg\" class=\"attachment-full size-full\" alt=\"\" srcset=\"https:\/\/www.mariostark.com\/media\/MARIO-STARK-Official-6.1.jpg 500w, https:\/\/www.mariostark.com\/media\/MARIO-STARK-Official-6.1-150x150.jpg 150w, https:\/\/www.mariostark.com\/media\/MARIO-STARK-Official-6.1-300x300.jpg 300w\" sizes=\"auto, (max-width: 500px) 100vw, 500px\" \/><\/a><\/div><!-- #random-images -->\n<p>&nbsp;<\/p>\n<p>&nbsp;<\/p>\n<p>&nbsp;<\/p>\n<h2 style=\"text-align: center;\"><span style=\"color: #333333;\"><strong>MARIO STARK<\/strong> <\/span><\/h2>\n<h3 style=\"text-align: center;\"><span style=\"color: #333333;\">IMMOBILIER ACHETER &amp; VENDRE<br \/>\n<\/span><\/h3>\n<p>&nbsp;<\/p>\n<p>&nbsp;<\/p>\n<p>&nbsp;<\/p>\n<h4><span style=\"color: #333333;\">AGENTS IMMOBILIERS POUR IMMOBILIER, IMMOBILIER DE LUXE, VILLAS, MAISONS ET APPARTEMENTS \u00c0 VENDRE &#8211; MARIO STARK<\/span><\/h4>\n<p style=\"text-align: justify;\"><span style=\"color: #333333;\">Qu&rsquo;il s&rsquo;agisse de biens <a href=\"https:\/\/www.mariostark.com\/fr\/immobilier\/\">immobiliers<\/a> (\u00ab\u00a0immobilier\u00a0\u00bb) &#8211; tels que des terrains ou des maisons multifamiliales, des propri\u00e9t\u00e9s exclusives &#8211; telles que des maisons individuelles de haute qualit\u00e9 ou des condos, aux propri\u00e9t\u00e9s de luxe &#8211; comme une villa noble ou une maison noble ou un ch\u00e2teau. En tant que courtiers immobiliers exp\u00e9riment\u00e9s, nous offrons et vendons ces propri\u00e9t\u00e9s r\u00e9sidentielles principalement dans les zones r\u00e9sidentielles pr\u00e9f\u00e9r\u00e9es des m\u00e9tropoles, des villes, des stations baln\u00e9aires ou stations thermales populaires. Les propri\u00e9t\u00e9s sont souvent caract\u00e9ris\u00e9es par leur emplacement expos\u00e9 dans les centres-villes, les villas ou les \u00eeles avec vue sur la mer convoit\u00e9e. Propri\u00e9t\u00e9s de luxe offrent le statut probablement le plus \u00e9lev\u00e9 d&rsquo;une propri\u00e9t\u00e9 r\u00e9sidentielle et de stand pour une culture r\u00e9sidentielle particuli\u00e8rement exclusif et prestigieux.<\/span><\/p>\n<p>&nbsp;<\/p>\n<p>&nbsp;<\/p>\n<h4><span style=\"color: #333333;\">IMMOBILIER: ACHETER &amp; VENDRE<br \/>\n<\/span><\/h4>\n<p style=\"text-align: justify;\"><span style=\"color: #333333;\">L&rsquo;achat ou la vente d&rsquo;une propri\u00e9t\u00e9 est toujours une d\u00e9cision importante. MARIO STARK IMMOBILIER (\u00ab\u00a0MARIO STARK\u00a0\u00bb) est votre <a href=\"https:\/\/www.mariostark.com\/fr\/partenaires\/\">partenaire<\/a> fiable et comp\u00e9tent qui vous accompagne d\u00e8s le premier conseil, le calcul de la valeur \u00e0 la m\u00e9diation professionnelle de votre propri\u00e9t\u00e9. Depuis plusieurs ann\u00e9es, nous r\u00e9pondons aux souhaits les plus exigeants de nos clients. Nous vous fournissons une connaissance approfondie du march\u00e9 international &#8211; des opportunit\u00e9s de marketing \u00e0 un niveau \u00e9lev\u00e9. Pour la vente r\u00e9ussie de votre propri\u00e9t\u00e9!<\/span><\/p>\n<p>&nbsp;<\/p>\n<p>&nbsp;<\/p>\n<h4><span style=\"color: #333333;\">MARIO STARK &#8211; PROJETS IMMOBILIERS &#8211; COURTIER PROFESSIONNEL IMMOBILIER<\/span><\/h4>\n<p style=\"text-align: justify;\"><span style=\"color: #333333;\">Des projets immobiliers exclusifs offrent \u00e0 nos clients, en plus des immeubles r\u00e9sidentiels et d&rsquo;investissement de premi\u00e8re classe &#8211; tels que des appartements de vacances ou de propri\u00e9t\u00e9s &#8211; la possibilit\u00e9 de mettre en \u0153uvre leurs propres souhaits tout en g\u00e9n\u00e9rant un bon rendement sur votre capital investi. Accomplissez avec nous, le r\u00eave d&rsquo;une propri\u00e9t\u00e9 qui r\u00e9pond \u00e0 vos attentes et vos souhaits. Laissez-nous vous inspirer et concevoir votre futur appartement ou maison afin qu&rsquo;il vous convient. Apr\u00e8s tout, c&rsquo;est l&rsquo;endroit le plus important au monde &#8211; votre maison.<\/span><\/p>\n<p>&nbsp;<\/p>\n<p>&nbsp;<\/p>\n<h4 style=\"text-align: left;\"><span style=\"color: #333333;\">BIEN AVIS\u00c9. BONNE VENTE.<\/span><\/h4>\n<p style=\"text-align: justify;\"><span style=\"color: #333333;\">Une propri\u00e9t\u00e9 propre signifie non seulement plus de qualit\u00e9 de vie, mais est aussi souvent, un bon investissement dans l&rsquo;avenir. Nous serions heureux de vous conseiller sur des questions concernant l&rsquo;achat et la vente d&rsquo;une propri\u00e9t\u00e9, une \u00e9valuation immobili\u00e8re ou un visionnement immobilier. Votre agence immobili\u00e8re pour l&rsquo;immobilier et l&rsquo;immobilier de luxe &#8211; <a href=\"https:\/\/www.mariostark.com\/fr\/societe\/\">MARIO STARK<\/a>.<br \/>\n<\/span><\/p>\n<p>&nbsp;<\/p>\n<p>&nbsp;<\/p>\n<p>&nbsp;<\/p>\n<p>&nbsp;<\/p>\n<h6 style=\"text-align: center;\"><em><strong><span style=\"color: #333333;\">JUST SELL &#8211; MARIOSTARK.COM\u2122<\/span><\/strong><\/em><\/h6>\n<p>&nbsp;<\/p>\n<p style=\"text-align: center;\"><a href=\"#justsell\">#justsell<\/a><\/p>\n<p>&nbsp;<\/p>\n<p>&nbsp;<\/p>\n<p>&nbsp;<\/p>\n<p>&nbsp;<\/p>\n<h6 style=\"text-align: center;\"><span style=\"color: #808080;\"><a style=\"color: #808080;\" href=\"https:\/\/www.facebook.com\/mariostarkofficial\">Facebook<\/a> \u00a0\u00a0 <a style=\"color: #808080;\" href=\"https:\/\/twitter.com\/mariostarkco\">Twitter<\/a> \u00a0\u00a0 <a style=\"color: #808080;\" href=\"https:\/\/www.instagram.com\/mariostarkofficial\">Instagram<\/a>\u00a0\u00a0\u00a0 <a style=\"color: #808080;\" href=\"https:\/\/www.youtube.com\/c\/mariostarkofficial\">Youtube<\/a>\u00a0\u00a0\u00a0 <a style=\"color: #808080;\" href=\"https:\/\/www.pinterest.com\/mariostarkofficial\">Pinterest<\/a><\/span><\/h6>\n<p>&nbsp;<\/p>\n<p>&nbsp;<\/p>\n<h6 style=\"text-align: center;\"><span style=\"color: #808080;\"><a style=\"color: #808080;\" href=\"https:\/\/www.mariostark.com\/en\/\">English<\/a> | <a style=\"color: #808080;\" href=\"https:\/\/www.mariostark.com\/de\/\">Deutsch<\/a><\/span><\/h6>\n<p>&nbsp;<\/p>\n<p>&nbsp;<\/p>\n<p>&nbsp;<\/p>\n<h6 style=\"text-align: center;\"><span style=\"color: #808080;\">\u00a9<strong>MarioStark.com<\/strong> All rights reserved.<\/span><\/h6>\n<p>&nbsp;<\/p>","protected":false},"excerpt":{"rendered":"<p>&nbsp; &nbsp; &nbsp; MARIO STARK IMMOBILIER ACHETER &amp; VENDRE &nbsp; &nbsp; &nbsp; AGENTS IMMOBILIERS POUR IMMOBILIER, IMMOBILIER DE LUXE, VILLAS, MAISONS ET APPARTEMENTS \u00c0 VENDRE &#8211; MARIO STARK Qu&rsquo;il s&rsquo;agisse de biens immobiliers (\u00ab\u00a0immobilier\u00a0\u00bb) &#8211; tels que des terrains ou &hellip; <a href=\"https:\/\/www.mariostark.com\/fr\/\">Suite<\/a><\/p>\n","protected":false},"author":3,"featured_media":16517,"parent":0,"menu_order":-1,"comment_status":"open","ping_status":"open","template":"","meta":{"footnotes":""},"class_list":["post-190","page","type-page","status-publish","has-post-thumbnail","hentry"],"_links":{"self":[{"href":"https:\/\/www.mariostark.com\/fr\/wp-json\/wp\/v2\/pages\/190","targetHints":{"allow":["GET"]}}],"collection":[{"href":"https:\/\/www.mariostark.com\/fr\/wp-json\/wp\/v2\/pages"}],"about":[{"href":"https:\/\/www.mariostark.com\/fr\/wp-json\/wp\/v2\/types\/page"}],"author":[{"embeddable":true,"href":"https:\/\/www.mariostark.com\/fr\/wp-json\/wp\/v2\/users\/3"}],"replies":[{"embeddable":true,"href":"https:\/\/www.mariostark.com\/fr\/wp-json\/wp\/v2\/comments?post=190"}],"version-history":[{"count":5,"href":"https:\/\/www.mariostark.com\/fr\/wp-json\/wp\/v2\/pages\/190\/revisions"}],"predecessor-version":[{"id":16603,"href":"https:\/\/www.mariostark.com\/fr\/wp-json\/wp\/v2\/pages\/190\/revisions\/16603"}],"wp:featuredmedia":[{"embeddable":true,"href":"https:\/\/www.mariostark.com\/fr\/wp-json\/wp\/v2\/media\/16517"}],"wp:attachment":[{"href":"https:\/\/www.mariostark.com\/fr\/wp-json\/wp\/v2\/media?parent=190"}],"curies":[{"name":"wp","href":"https:\/\/api.w.org\/{rel}","templated":true}]}}