{"id":170,"date":"2013-12-05T11:49:22","date_gmt":"2013-12-05T09:49:22","guid":{"rendered":"http:\/\/starkint.com\/?page_id=170"},"modified":"2026-02-16T10:19:30","modified_gmt":"2026-02-16T09:19:30","slug":"information","status":"publish","type":"page","link":"https:\/\/www.mariostark.com\/fr\/information\/","title":{"rendered":"Information"},"content":{"rendered":"<h3>Mario Stark Real Estate<\/h3>\n<p>&nbsp;<\/p>\n<p>Eichenallee 7 f<\/p>\n<p>18184 Roggentin<\/p>\n<p>Allemagne<\/p>\n<p>&nbsp;<\/p>\n<h4>Professional courtage immobilier.<\/h4>\n<p>&nbsp;<\/p>\n<p>&nbsp;<\/p>\n<h4>Contacter<\/h4>\n<p>Telefon: \u00a0 \u00a0 \u00a0\u00a0 49-38204-74160<\/p>\n<p>E-Mail: \u00a0\u00a0 \u00a0\u00a0 \u00a0\u00a0<a href=\"mailto:info@mariostark.com\"> info@mariostark.com<\/a><\/p>\n<p>Internet: \u00a0 \u00a0 \u00a0 <a href=\"https:\/\/www.mariostark.com\/fr\/\">www.mariostark.com<\/a><\/p>\n<p>&nbsp;<\/p>\n<p>&nbsp;<\/p>\n<h4>&gt; <a href=\"https:\/\/www.mariostark.com\/fr\/immobilier\/visionnage-de-propriete\/\"><em>Visionnage de propri\u00e9t\u00e9<\/em><\/a><\/h4>\n<p>&nbsp;<\/p>\n<h4>&gt; <a href=\"https:\/\/www.mariostark.com\/fr\/contacter\/formulaire-de-contact\/\"><em>Formulaire de contact<\/em><\/a><\/h4>\n<p>&nbsp;<\/p>\n<h4>&gt; <a href=\"https:\/\/www.mariostark.com\/fr\/contacter\/rappel\/\"><em>Rappel<\/em><\/a><\/h4>\n<p>&nbsp;<\/p>\n<h4>&gt; <em><a href=\"https:\/\/www.mariostark.com\/fr\/partenaires\/\">Devenir un Partenaire<\/a><br \/>\n<\/em><\/h4>\n<p>&nbsp;<\/p>\n<h4>&gt; <a href=\"https:\/\/www.mariostark.com\/fr\/immobilier\/immobilier-vends\/\"><em>Immobilier vends<\/em><\/a><\/h4>\n<p>&nbsp;<\/p>\n<p>&nbsp;<\/p>\n<h3>Official Social Media: <a href=\"#MARIOSTARK\">#MARIOSTARK<\/a><\/h3>\n<h3><a href=\"https:\/\/www.mariostark.com\/en\/ms\/\">#MS<\/a><\/h3>\n<p>&nbsp;<\/p>\n<p>MARIO STARK Official Messenger | @mariostarkofficial<\/p>\n<p>&nbsp;<\/p>\n<p><a href=\"https:\/\/www.facebook.com\/mariostarkofficial\"><em>www.facebook.com\/mariostarkofficial<\/em><\/a><\/p>\n<p><a href=\"https:\/\/twitter.com\/mariostarkco\"><em>www.twitter.com\/mariostarkco<\/em><\/a><\/p>\n<p><a href=\"https:\/\/www.youtube.com\/c\/mariostarkofficial\"><em>www.youtube.com\/c\/mariostarkofficial<\/em><\/a><\/p>\n<p><a href=\"https:\/\/www.instagram.com\/mariostarkofficial\"><em>www.instagram.com\/mariostarkofficial<\/em><\/a><\/p>\n<p><a href=\"https:\/\/www.pinterest.com\/mariostarkofficial\"><em>www.pinterest.com\/mariostarkofficial<\/em><\/a><\/p>\n<p>&nbsp;<\/p>\n<p>&nbsp;<\/p>\n<h4>Responsabilit\u00e9 pour le contenu<\/h4>\n<p><strong>Mario Stark<\/strong><\/p>\n<p>Eichenallee 7 F<\/p>\n<p>Roggentin, 18184<\/p>\n<p>Allemagne<\/p>\n<p>Activit\u00e9s bijou. \u00a7 l&rsquo;alin\u00e9a 34c 1, n \u00b0 1 et 2 GewO<\/p>\n<p>num\u00e9ro fiscal 081\/277\/00320<\/p>\n<p>(Information gem. \u00a7 5 TMG)<\/p>\n<p>&nbsp;<\/p>\n<p>&nbsp;<\/p>\n<h4>R\u00e8glement sur la r\u00e9solution des litiges en ligne en mati\u00e8re de consommation<\/h4>\n<p><a href=\"http:\/\/ec.europa.eu\/consumers\/odr\/\">http:\/\/ec.europa.eu\/consumers\/odr\/<\/a><\/p>\n<p>&nbsp;<\/p>\n<p>&nbsp;<\/p>\n<h4>&gt; <a href=\"https:\/\/www.mariostark.com\/fr\/annulation\/\"><em>Annulation<\/em><\/a><\/h4>\n<p>&nbsp;<\/p>\n<h4>&gt; <em><a href=\"https:\/\/www.mariostark.com\/fr\/sitemap\/\">Sitemap<\/a><\/em><\/h4>\n<p>&nbsp;<\/p>\n<h4>&gt; <a href=\"https:\/\/www.mariostark.com\/fr\/blog\/\"><em>Blog<\/em><\/a><\/h4>\n<p>&nbsp;<\/p>\n<h4>&gt; <a href=\"https:\/\/www.mariostark.com\/fr\/societe\/\"><em>Soci\u00e9t\u00e9<\/em><\/a><\/h4>\n<p>&nbsp;<\/p>\n<p>&nbsp;<\/p>\n<h4>Avertissement (Disclaimer)<\/h4>\n<p>&nbsp;<\/p>\n<h5><em>Responsabilit\u00e9 pour le contenu<\/em><\/h5>\n<p><a href=\"https:\/\/www.mariostark.com\/fr\/immobilier\/\"><strong>MARIO STARK IMMOBILIER<\/strong><\/a> (\u00ab\u00a0MARIO STARK\u00a0\u00bb) est conform\u00e9ment au \u00a7 7 1 TMG pour leurs propres contenus sur ces pages en vertu des lois g\u00e9n\u00e9rales. Selon \u00a7 8 \u00e0 10 TMG MARIO STARK est pas oblig\u00e9 de surveiller les informations transmises ou stock\u00e9es, ou pour enqu\u00eater sur les circonstances qui indiquent une activit\u00e9 ill\u00e9gale. Obligations pour supprimer ou bloquer l&rsquo;utilisation de l&rsquo;information en vertu des lois g\u00e9n\u00e9rales restent inchang\u00e9es. Toutefois, un passif correspondant est possible qu&rsquo;\u00e0 partir de la date de la connaissance d&rsquo;une infraction sp\u00e9cifique. D\u00e8s la notification de ces violations, MARIO STARK va supprimer le contenu imm\u00e9diatement.<\/p>\n<p>&nbsp;<\/p>\n<h5><em>Responsabilit\u00e9 pour les liens<\/em><\/h5>\n<p>Notre site contient des liens vers des sites externes, sur lesquels nous avons aucun contr\u00f4le. Le fournisseur ou l&rsquo;exploitant est toujours responsable du contenu des pages li\u00e9es. Les sites li\u00e9s ont \u00e9t\u00e9 contr\u00f4l\u00e9s au moment de la liaison pour les \u00e9ventuelles violations du droit. Des contenus ill\u00e9gaux \u00e9taient au moment de la liaison. Un contr\u00f4le permanent des pages li\u00e9es est d\u00e9raisonnable sans indices concrets d&rsquo;une violation. D\u00e8s la notification de violations, MARIO STARK Immobilier se retirer rapidement de tels liens.<\/p>\n<p>&nbsp;<\/p>\n<h5><em>Droit d&rsquo;auteur<\/em><\/h5>\n<p>Le contenu et les travaux sur ces pages cr\u00e9\u00e9es par <a href=\"https:\/\/www.mariostark.com\/fr\/\">MARIO STARK<\/a> sous r\u00e9serve du droit d&rsquo;auteur allemand. La copie, l&rsquo;\u00e9dition, la distribution et toute forme d&rsquo;exploitation en dehors des limites du droit d&rsquo;auteur n\u00e9cessitent le consentement \u00e9crit de MARIO STARK. Les t\u00e9l\u00e9chargements et copies de ces pages ne sont autoris\u00e9es que pour un usage priv\u00e9 et non commercial. En ce qui concerne le contenu ne soit pas cr\u00e9\u00e9 sur ces pages par MARIO STARK, le droit d&rsquo;auteur de tiers. Les contributions de tiers sont marqu\u00e9s comme tels. Si vous toujours \u00eatre conscient de la violation du droit d&rsquo;auteur, nous demandons un indice. D\u00e8s la notification de violations des droits de MARIO STARK Immobilier tel contenu est retir\u00e9 imm\u00e9diatement.<\/p>\n<p>&nbsp;<\/p>\n<h4>Politique de confidentialit\u00e9<\/h4>\n<p>&nbsp;<\/p>\n<h4>\u2192 <a href=\"https:\/\/www.mariostark.com\/fr\/information\/politique-de-confidentialite\/\">Politique de confidentialit\u00e9 selon DSGVO<\/a><\/h4>\n<p>&nbsp;<\/p>\n<h5><em>Politique de confidentialit\u00e9<\/em><\/h5>\n<p>L&rsquo;utilisation de notre site Web est g\u00e9n\u00e9ralement possible sans fournir d&rsquo;informations personnelles. La collecte de donn\u00e9es personnelles (nom, adresse ou adresse e-mail) sont collect\u00e9es, cela est aussi loin que possible sur une base volontaire. Ces donn\u00e9es ne sont pas sans votre consentement explicite. Nous rappelons que la transmission de donn\u00e9es sur Internet (par exemple, lors de la communication par e-mail) peut pr\u00e9senter des lacunes de s\u00e9curit\u00e9. Une protection compl\u00e8te des donn\u00e9es contre tout acc\u00e8s non autoris\u00e9 par des tiers est impossible. L&rsquo;utilisation de publi\u00e9 sous l&rsquo;obligation empreinte par des tiers pour envoyer des publicit\u00e9s non sollicit\u00e9es et des documents d&rsquo;information est express\u00e9ment interdite. MARIO STARK Immobilier se r\u00e9serve express\u00e9ment une action en justice en cas de renseignements promotionnels non sollicit\u00e9s, tels que le spam e-mails.<\/p>\n<p>&nbsp;<\/p>\n<h4>D\u00e9claration de confidentialit\u00e9 pour l&rsquo;utilisation de Google Analytics<\/h4>\n<p>&nbsp;<\/p>\n<p>Ce site utilise Google Analytics, un service d&rsquo;analyse de site internet fourni par Google Inc. ( \u00abGoogle\u00bb). Google Analytics utilise. \u00ab\u00a0Cookies\u00a0\u00bb, des fichiers texte qui sont stock\u00e9s sur votre ordinateur et permettent une analyse de votre utilisation du site. Les informations g\u00e9n\u00e9r\u00e9es par les cookies concernant votre utilisation de ce site sont habituellement transf\u00e9r\u00e9es \u00e0 un serveur de Google aux Etats-Unis et y sont stock\u00e9es.<\/p>\n<p>En cas d&rsquo;activation de l&rsquo;anonymisation IP sur ce site, votre adresse IP sera tronqu\u00e9e dans les \u00c9tats membres de l&rsquo;Union europ\u00e9enne ou d&rsquo;autres parties \u00e0 l&rsquo;accord sur l&rsquo;Espace \u00e9conomique europ\u00e9en. Seulement dans des cas exceptionnels sera l&rsquo;adresse IP compl\u00e8te transf\u00e9r\u00e9 \u00e0 un serveur de Google aux Etats-Unis et il raccourci. Google utilisera cette information pour \u00e9valuer votre utilisation du site, de compiler des rapports sur l&rsquo;activit\u00e9 du site et fournir d&rsquo;autres avec le site et les services li\u00e9s \u00e0 Internet. Est entrepris dans le cadre de Google Analytics que votre adresse IP sera fusionn\u00e9 dans tous les cas avec d&rsquo;autres donn\u00e9es de Google.<\/p>\n<p>Vous pouvez refuser l&rsquo;utilisation de cookies en r\u00e9glant votre logiciel de navigation; cependant, nous signalons que vous pouvez \u00e9ventuellement utiliser \u00e0 leur pleine mesure dans ce cas pas toutes les fonctionnalit\u00e9s de ce site. Vous pouvez \u00e9galement emp\u00eacher les donn\u00e9es g\u00e9n\u00e9r\u00e9es par les cookies concernant votre utilisation du site \u00e0 Google et le traitement de ces donn\u00e9es par Google, par le \u00e0 l&rsquo;adresse suivante (http (y compris votre adresse IP):. \/\/ t\u00e9l\u00e9charger et installer <a href=\"http:\/\/tools.google.com\/dlpage\/gaoptout?hl=de\">http:\/\/tools.google.com\/dlpage\/gaoptout?hl=de<\/a>) plugin navigateur disponible.<\/p>\n<p>Vous pouvez emp\u00eacher l&rsquo;acquisition par Google Analytics en cliquant sur le lien ci-dessous. Il y a un cookie opt-out est r\u00e9gl\u00e9 qui emp\u00eache la collecte future de vos informations en visitant ce site:<br \/>\n&lt;a href=\u00a0\u00bbjavascript:gaOptout()\u00a0\u00bb&gt; d\u00e9sactiver le code Google Analytics<\/p>\n<p>Pour plus d&rsquo;informations sur Conditions d&rsquo;utilisation et Politique de confidentialit\u00e9, voir <a href=\"http:\/\/www.google.com\/analytics\/terms\/de.html\">http:\/\/www.google.com\/analytics\/terms\/de.html<\/a> ou sous <a href=\"https:\/\/www.google.de\/intl\/de\/policies\/\">https:\/\/www.google.de\/intl\/de\/policies\/<\/a>. Nous rappelons que a \u00e9t\u00e9 \u00e9largie sur ce site code Google Analytics \u00ab\u00a0anonymizeIp\u00a0\u00bb \u00e0 une collection anonyme des adresses IP (que l&rsquo;on appelle. IP-masquage).<\/p>\n<p>&nbsp;<\/p>\n<p>&nbsp;<\/p>\n<h6 style=\"text-align: center;\"><span style=\"color: #808080;\"><span style=\"color: #333333;\">Copyright \u00a9 1998-2022 <strong><span style=\"color: #000000;\"><a style=\"color: #000000;\" href=\"http:\/\/www.mariostark.com\">MarioStark.com<\/a><\/span><\/strong><\/span><\/span> <span style=\"color: #808080;\"><span style=\"color: #333333;\">Tous droits r\u00e9serv\u00e9s.<\/span><br \/>\n<\/span><\/h6>\n<p>&nbsp;<\/p>\n<p>&nbsp;<\/p>","protected":false},"excerpt":{"rendered":"<p>Mario Stark Real Estate &nbsp; Eichenallee 7 f 18184 Roggentin Allemagne &nbsp; Professional courtage immobilier. &nbsp; &nbsp; Contacter Telefon: \u00a0 \u00a0 \u00a0\u00a0 49-38204-74160 E-Mail: \u00a0\u00a0 \u00a0\u00a0 \u00a0\u00a0 info@mariostark.com Internet: \u00a0 \u00a0 \u00a0 www.mariostark.com &nbsp; &nbsp; &gt; Visionnage de propri\u00e9t\u00e9 &nbsp; &hellip; <a href=\"https:\/\/www.mariostark.com\/fr\/information\/\">Suite<\/a><\/p>\n","protected":false},"author":3,"featured_media":16384,"parent":0,"menu_order":0,"comment_status":"open","ping_status":"open","template":"template-midsize.php","meta":{"footnotes":""},"class_list":["post-170","page","type-page","status-publish","has-post-thumbnail","hentry"],"_links":{"self":[{"href":"https:\/\/www.mariostark.com\/fr\/wp-json\/wp\/v2\/pages\/170","targetHints":{"allow":["GET"]}}],"collection":[{"href":"https:\/\/www.mariostark.com\/fr\/wp-json\/wp\/v2\/pages"}],"about":[{"href":"https:\/\/www.mariostark.com\/fr\/wp-json\/wp\/v2\/types\/page"}],"author":[{"embeddable":true,"href":"https:\/\/www.mariostark.com\/fr\/wp-json\/wp\/v2\/users\/3"}],"replies":[{"embeddable":true,"href":"https:\/\/www.mariostark.com\/fr\/wp-json\/wp\/v2\/comments?post=170"}],"version-history":[{"count":6,"href":"https:\/\/www.mariostark.com\/fr\/wp-json\/wp\/v2\/pages\/170\/revisions"}],"predecessor-version":[{"id":20369,"href":"https:\/\/www.mariostark.com\/fr\/wp-json\/wp\/v2\/pages\/170\/revisions\/20369"}],"wp:featuredmedia":[{"embeddable":true,"href":"https:\/\/www.mariostark.com\/fr\/wp-json\/wp\/v2\/media\/16384"}],"wp:attachment":[{"href":"https:\/\/www.mariostark.com\/fr\/wp-json\/wp\/v2\/media?parent=170"}],"curies":[{"name":"wp","href":"https:\/\/api.w.org\/{rel}","templated":true}]}}