{"id":154,"date":"2013-12-05T11:48:55","date_gmt":"2013-12-05T09:48:55","guid":{"rendered":"http:\/\/starkint.com\/?page_id=154"},"modified":"2019-04-13T13:07:31","modified_gmt":"2019-04-13T11:07:31","slug":"carriere","status":"publish","type":"page","link":"https:\/\/www.mariostark.com\/fr\/carriere\/","title":{"rendered":"Carri\u00e8re"},"content":{"rendered":"<h3>DEVENIR MARIO STARK PARTENAIRE IMMOBILIER!<\/h3>\n<p>&nbsp;<\/p>\n<p>\u00c0 des endroits choisis, vous pouvez devenir un partenaire de notre succ\u00e8s. En tant que partenaire <a href=\"https:\/\/www.mariostark.com\/fr\/immobilier\/\">immobilier<\/a> nous vous soutenons avec IT et d&rsquo;expertise pour une maison de courtage immobilier r\u00e9ussi. De m\u00eame, vous b\u00e9n\u00e9ficiez de nos relations publiques globales et des mesures de marketing. L&rsquo;avantage de notre programme d&rsquo;affiliation est que vous devrez payer aucun frais d&rsquo;inscription et aucune redevance en cours. Vous restez \u00e9galement libre dans vos d\u00e9cisions d&rsquo;affaires et profiter de <a href=\"https:\/\/www.mariostark.com\/fr\/\">MARIO STARK<\/a> Partenaires immobiliers une part des ventes et de la protection territoriale \u00e9tendue sup\u00e9rieure \u00e0 la moyenne.<\/p>\n<p>Volontiers nous vous informons sous T\u00e9l\u00e9phone 49-38204-74160 ou sous l&rsquo;e-mail <a href=\"mailto:career@mariostark.com\">career@mariostark.com<\/a>.<\/p>\n<p>&nbsp;<\/p>\n<h4>&gt; <a href=\"https:\/\/www.mariostark.com\/fr\/carriere\/partenaires-immobiliers\/\"><em>Partenaires immobiliers<\/em><\/a><\/h4>\n<p>&nbsp;<\/p>\n<p>&nbsp;<\/p>\n<p>&nbsp;<\/p>\n<p>&nbsp;<\/p>\n<h6 style=\"text-align: center;\"><span style=\"color: #808080;\"><a style=\"color: #808080;\" href=\"https:\/\/www.facebook.com\/mariostarkofficial\">Facebook<\/a> \u00a0\u00a0 <a style=\"color: #808080;\" href=\"http:\/\/www.twitter.com\/mariostarkcom\">Twitter<\/a> \u00a0\u00a0 <a style=\"color: #808080;\" href=\"https:\/\/www.instagram.com\/mariostarkofficial\">Instagram<\/a>\u00a0\u00a0\u00a0 <a style=\"color: #808080;\" href=\"https:\/\/www.youtube.com\/c\/mariostarkofficial\">Youtube<\/a>\u00a0\u00a0\u00a0 <a style=\"color: #808080;\" href=\"http:\/\/www.pinterest.com\/mariostarkcom\">Pinterest<\/a><\/span><\/h6>\n<p>&nbsp;<\/p>","protected":false},"excerpt":{"rendered":"<p>DEVENIR MARIO STARK PARTENAIRE IMMOBILIER! &nbsp; \u00c0 des endroits choisis, vous pouvez devenir un partenaire de notre succ\u00e8s. En tant que partenaire immobilier nous vous soutenons avec IT et d&rsquo;expertise pour une maison de courtage immobilier r\u00e9ussi. De m\u00eame, vous &hellip; <a href=\"https:\/\/www.mariostark.com\/fr\/carriere\/\">Suite<\/a><\/p>\n","protected":false},"author":3,"featured_media":0,"parent":0,"menu_order":0,"comment_status":"open","ping_status":"open","template":"template-midsize.php","meta":{"footnotes":""},"class_list":["post-154","page","type-page","status-publish","hentry"],"_links":{"self":[{"href":"https:\/\/www.mariostark.com\/fr\/wp-json\/wp\/v2\/pages\/154","targetHints":{"allow":["GET"]}}],"collection":[{"href":"https:\/\/www.mariostark.com\/fr\/wp-json\/wp\/v2\/pages"}],"about":[{"href":"https:\/\/www.mariostark.com\/fr\/wp-json\/wp\/v2\/types\/page"}],"author":[{"embeddable":true,"href":"https:\/\/www.mariostark.com\/fr\/wp-json\/wp\/v2\/users\/3"}],"replies":[{"embeddable":true,"href":"https:\/\/www.mariostark.com\/fr\/wp-json\/wp\/v2\/comments?post=154"}],"version-history":[{"count":5,"href":"https:\/\/www.mariostark.com\/fr\/wp-json\/wp\/v2\/pages\/154\/revisions"}],"predecessor-version":[{"id":14932,"href":"https:\/\/www.mariostark.com\/fr\/wp-json\/wp\/v2\/pages\/154\/revisions\/14932"}],"wp:attachment":[{"href":"https:\/\/www.mariostark.com\/fr\/wp-json\/wp\/v2\/media?parent=154"}],"curies":[{"name":"wp","href":"https:\/\/api.w.org\/{rel}","templated":true}]}}