{"id":10404,"date":"2017-01-05T22:03:30","date_gmt":"2017-01-05T20:03:30","guid":{"rendered":"https:\/\/www.mariostark.com\/fr\/blog\/"},"modified":"2019-04-13T11:56:02","modified_gmt":"2019-04-13T09:56:02","slug":"blog","status":"publish","type":"page","link":"https:\/\/www.mariostark.com\/fr\/blog\/","title":{"rendered":"Blog"},"content":{"rendered":"<h3 style=\"text-align: left;\">Neue Datenschutzrichtline ab Mai 2018<\/h3>\n<h6><span style=\"color: #808080;\">May 2018<\/span><\/h6>\n<p>Ab dem 25. Mai 2018 gilt in der Europ\u00e4ischen Union eine neue EU-Datenschutz-Grundverordnung, kurz \u2192 <a href=\"https:\/\/eur-lex.europa.eu\/legal-content\/DE\/TXT\/?uri=CELEX:32016R0679\">DSGVO<\/a>. Diese neue Verodnung dient dem Schutz Ihrer Privatsph\u00e4re und soll mehr Transparenz und Kontrolle, bei der Nutzung und Verarbeitung Ihrer pers\u00f6nlichen Daten schaffen.<\/p>\n<p>Wir m\u00f6chten, das Sie wissen, welche pers\u00f6nlichen Daten wir von Ihnen nutzen und verarbeiten. Im Rahmen der neuen EU-Datenschutz-Grundverordnung passen auch wir zum 25. Mai 2018, unsere Datenschutzrichtline gem\u00e4\u00df den gesetzlichen Vorgaben an. So schaffen wir f\u00fcr Sie, mehr Transparenz und Kontrolle \u00fcber die pers\u00f6nlichen Daten, die Sie bei der Nutzung unserer Website und unserer Services an uns weitergeben m\u00f6chten. Wir empfehlen Ihnen, unsere aktualisierte Datenschutzrichtlinie vollst\u00e4ndig zu lesen und uns bei Fragen dazu, unter unserer E-Mail: <a href=\"mailto:service@mariostark.com\">service@mariostark.com<\/a> zu kontaktieren. Durch die Nutzung unserer Website und unserer Services ab dem 25. Mai 2018 stimmen Sie der Aktualisierung unserer Datenschutzrichtlinie zu.<\/p>\n<p><strong>Fazit:<\/strong> Sie entscheiden &#8211; ob und wie wir Ihre pers\u00f6nlichen Daten nutzen und verarbeiten. In jedem Fall bedanken wir uns schon jetzt, f\u00fcr Ihr Vertrauen bei der Nutzung unserer Website und unserer Services. Mehr \u00fcber unsere aktualisierte Datenschutzrichtline erfahren Sie hier:<\/p>\n<p>\u2192 <a href=\"https:\/\/www.mariostark.com\/de\/impressum\/datenschutz\/\">mariostark.com\/datenschutz<\/a><\/p>\n<p>&nbsp;<\/p>\n<h3 style=\"text-align: center;\">\u2217 CALL US! 49-38204-74160 \u2217<\/h3>\n<p>&nbsp;<\/p>\n<p>&nbsp;<\/p>\n<h3>Bodenrichtwerte erreichen ein Rekordniveau<\/h3>\n<h6><span style=\"color: #808080;\">Apr 2018<\/span><\/h6>\n<p><a href=\"https:\/\/www.mariostark.com\/de\/immobilien\/grundstuecke\/\">Grundst\u00fccke<\/a> verteuerten sich in <a href=\"https:\/\/www.mariostark.com\/de\/immobilien\/deutschland\/\">Deutschland<\/a> in den letzten Jahren teilweise um bis zu 500 Prozent. Besonders in begehrten Lagen, wie zum Beispiel, entlang der deutschen <a href=\"https:\/\/www.mariostark.com\/de\/immobilien\/ostsee\/\">Ostseek\u00fcste<\/a> oder in deutschen Metropolen, wie bspw.: <a href=\"https:\/\/www.mariostark.com\/de\/immobilien\/berlin\/\">Berlin<\/a>, <a href=\"https:\/\/www.mariostark.com\/de\/immobilien\/hamburg\/\">Hamburg<\/a> oder <a href=\"https:\/\/www.mariostark.com\/de\/immobilien\/muenchen\/\">M\u00fcnchen<\/a> &#8211; steigen die Bodenrichtwerte in den vergangenen 3 &#8211; 4 Jahren rasant. Die in gefragten Lagen geforderten Quadratmeterpreise f\u00fcr den Kauf von <a href=\"https:\/\/www.mariostark.com\/de\/immobilien\/haeuser\/\">H\u00e4usern<\/a> oder <a href=\"https:\/\/www.mariostark.com\/de\/immobilien\/wohnungen\/\">Wohnungen<\/a>, bewegen sich mittlerweile bis zu 5000,- Euro. Auch noch h\u00f6here Kaufpreise pro Quadratmeter sind in besonders begehrten Lagen, derzeit keine Seltenheit mehr. Ob sich in diesen Wohnlagen, der Kauf einer <a href=\"https:\/\/www.mariostark.com\/de\/immobilien\/immobilien-kaufen\/\">Immobilie<\/a> auch heute noch lohnt, k\u00f6nnen wir Ihnen anhand neuerster Marktanalysen aufzeigen. Dabei unterscheiden wir auch, zwischen dem <a href=\"https:\/\/www.mariostark.com\/de\/hausbau\/\">Neubau<\/a> oder einer Sanierung des zuk\u00fcnftigen Wohneigentums. Wichtig kann auch, die zuk\u00fcnftige Nutzung der <a href=\"https:\/\/www.mariostark.com\/de\/immobilien\/exklusive-immobilien\/\">Immobilie<\/a> sein. Wir empfehlen in jedem Fall, eine steuerliche Beratung vor dem Kauf einer <a href=\"https:\/\/www.mariostark.com\/de\/immobilien\/wohnimmobilien\/\">Immobilie<\/a>.<\/p>\n<p><strong>Bodenrichtwerte<\/strong> zeigen Immobilieneigent\u00fcmern bzw. Immobilienk\u00e4ufern, den durchschnittlichen Wert von Grundst\u00fccken in den verschiedenen Wohnlagen an. In der Regel werden diese Richtwerte, durch regionale Gutachteraussch\u00fcsse, anhand von in Vorjahren abgeschlossenen Kaufvertr\u00e4gen f\u00fcr Grundst\u00fccke oder Immobilien ermittelt. Unsere Immobilienberater informieren Sie gern, \u00fcber aktuelle Bodenrichtwerte in Ihrer Region.<\/p>\n<p>\u2192 <a href=\"https:\/\/www.mariostark.com\/de\/wiki\/\">Wiki<\/a><\/p>\n<p>&nbsp;<\/p>\n<p>&nbsp;<\/p>\n<h3>Home Staging &#8211; optimiert den Verkauf von Immobilien<\/h3>\n<h6><span style=\"color: #808080;\">Okt 2017<\/span><\/h6>\n<p>Das sog. <strong>Home Staging<\/strong> (\u00ab\u00a0homestaging\u00a0\u00bb) wird mittlerweile auch in <a href=\"https:\/\/www.mariostark.com\/de\/immobilien\/deutschland\/\">Deutschland<\/a> immer beliebter. Gemeint sind hiermit \u00ab\u00a0verkaufsf\u00f6rdernde Ma\u00dfnahmen\u00a0\u00bb (<em>bspw.<\/em>: Inneneinrichtungen, Farbkonzepte, Dekorationen oder Lichtkonzepte), die zu einem schnelleren Verkauf Ihrer <a href=\"https:\/\/www.mariostark.com\/de\/immobilien\/immobilie-verkaufen\/\">Immobilie<\/a> f\u00fchren sollen. Dabei wird gleichzeitig, ein h\u00f6herer Verkaufspreis (i.d.R. 10-15%) angestrebt. In vielen westlichen Industriestaaten (<em>z.B.<\/em>: den USA, Gro\u00dfbritanien oder Australien) geh\u00f6rt das Homestaging heute, oft zur Verkaufsstrategie von Immobilieneigent\u00fcmern (\u00ab\u00a0Immobilienbesitzern\u00a0\u00bb) und <a href=\"https:\/\/www.mariostark.com\/de\/immobilienmakler\/\">Immobilienmaklern<\/a>\u00a0(\u2192 <a href=\"https:\/\/www.mariostark.com\/de\/wiki\/\">Immobilienmakler<\/a>).<\/p>\n<p>Zu den beliebten Einzelma\u00dfnahmen des Home Staging geh\u00f6ren, unter anderem, professionelle Farbgestaltungen, ein ansprechendes Innenraumdesign bzw. Inneneinrichtungen, verschiedene Dekorationskonzepte oder auch &#8211; Gartengestaltungen. Ob sich der daf\u00fcr investierte Geldbetrag am Ende f\u00fcr den Immobilienverk\u00e4ufer (Immobilienbesitzer) lohnt, h\u00e4ngt aber auch vom aktuellen Zustand der <a href=\"https:\/\/www.mariostark.com\/de\/immobilien\/immobilien-kaufen\/\">Immobilie<\/a>, der <em>Lage<\/em> der <a href=\"https:\/\/www.mariostark.com\/de\/immobilien\/immobilien-verkaufen\/\">Immobilie<\/a> (sog. Immobilienlage) und damit schlie\u00dflich vom erzielbaren Verkaufserl\u00f6s, ab. Tipp: F\u00fcr stark renovierungsbed\u00fcrftige <a href=\"https:\/\/www.mariostark.com\/de\/immobilien\/immobilien-kaufen-verkaufen\/\">Immobilien<\/a> ist das Homestaging, eher ungeeignet!<\/p>\n<p><strong>Fazit:<\/strong> Homestaging kann potentiellen Kaufinteressenten, einen positiven Eindruck \u00fcber die Raum- und Gestaltungsm\u00f6glichkeiten Ihrer <a href=\"https:\/\/www.mariostark.com\/de\/immobilien\/immobilien-suchen\/\">Immobilie<\/a>\u00a0(\u2192 <a href=\"https:\/\/www.mariostark.com\/de\/wiki\/\">Immobilien<\/a>) geben &#8211; und somit auch, zur schnelleren Entscheidungsfindung von Kaufinteressenten, beim Kauf eines <a href=\"https:\/\/www.mariostark.com\/de\/immobilien\/haeuser\/\">Hauses<\/a> oder einer <a href=\"https:\/\/www.mariostark.com\/de\/immobilien\/wohnungen\/\">Wohnung<\/a>, beitragen. Wir empfehlen, den gezielten (nicht \u00fcberm\u00e4\u00dfigen) Einsatz des <em>Home Staging<\/em> &#8211; beim Verkauf von <a href=\"https:\/\/www.mariostark.com\/de\/immobilien\/wohnimmobilien\/\">Wohnimmobilien<\/a>. <a href=\"https:\/\/www.mariostark.com\/de\/unternehmen\/\">MARIO STARK<\/a> arbeitet in Deutschland mit ausgesuchten Home Staging Agenturen &#8211; an effektiven Verkaufsstrategien. Erfahrene Designexperten erzielen mit Licht-, Farb- und M\u00f6belkonzepten in Ihrem Haus oder Ihrer Wohnung, visuelle Reize mit enormer Wirkung. Gut f\u00fcr Sie &#8211; denn mit Home Staging optimierte Wohnungen oder H\u00e4user finden oft, auch schneller einen K\u00e4ufer. Unsere Immobilienspezialisten beraten Sie gern! Vereinbaren Sie einfach einen <a href=\"https:\/\/www.mariostark.com\/de\/immobilien\/immobilienbesichtigung\/\">Besichtigungstermin<\/a>.<\/p>\n<p><a href=\"#HomeStaging\">#HomeStaging<\/a>\u00a0<a href=\"#MS\">#MS<\/a><\/p>\n<p>&nbsp;<\/p>\n<h3 style=\"text-align: center;\">\u2217 EMAIL US! <a href=\"mailto:blog@mariostark.com\">blog@mariostark.com<\/a> \u2217<\/h3>\n<p>&nbsp;<\/p>\n<p>&nbsp;<\/p>\n<h3>Premium Immobilien kaufen?<\/h3>\n<h6><span style=\"color: #808080;\">Jun 2017<\/span><\/h6>\n<p><a href=\"https:\/\/www.mariostark.com\/de\/immobilien\/premium-immobilien\/\"><strong>Premium Immobilien<\/strong><\/a> erfreuen sich (in Deutschland und Europa) hoher Beliebtheit. Da auch hier das Angebot begrenzt ist, bewegen sich die Kaufpreise f\u00fcr Premiumimmobilien (z.B. in <a href=\"https:\/\/www.mariostark.com\/de\/immobilien\/deutschland\/\">Deutschland<\/a> oder Spanien) mittlerweile auf einem hohen Niveau. Entscheidend f\u00fcr die <a href=\"https:\/\/www.mariostark.com\/de\/immobilien\/immobilienbewertung\/\">Bewertung<\/a> oder Werterhaltung bzw. Wertsteigerung einer Premium-Immobilie ist, wie so oft, die Lage (Wohnlage) der <a href=\"https:\/\/www.mariostark.com\/de\/immobilien\/immobilie-suchen\/\">Immobilie<\/a>. Wir empfehlen, den Anteil einer Fremdfinanzierung beim Kauf einer Premiumimmobilie, wenn \u00fcberhaupt, so gering wie m\u00f6glich zu halten. So verringert sich, unter Umst\u00e4nden, das Risiko von Kapital- bzw. Wertverlusten und\/oder \u00dcberschuldung, bei einer unvorhergesehenen Regulierung des Immobilienmarktes.<\/p>\n<p>Besonders in sehr guten Wohnlagen (sog. \u00ab\u00a0Toplagen\u00a0\u00bb) ist die Nachfrage nach Premium-Immobilien oder <a href=\"https:\/\/www.mariostark.com\/de\/immobilien\/luxusimmobilien\/\">Luxusimmobilien<\/a> immer noch bedeutend. Dies betrifft in Deutschland bspw. <a href=\"https:\/\/www.mariostark.com\/de\/immobilien\/villen\/\">Villen<\/a> &amp; Eigentumswohnungen in bevorzugten Wohnlagen von <a href=\"https:\/\/www.mariostark.com\/de\/immobilien\/hamburg\/\">Hamburg<\/a> (z.B. in den Hamburger Elbvororten), <a href=\"https:\/\/www.mariostark.com\/de\/immobilien\/berlin\/\">Berlin<\/a>, <a href=\"https:\/\/www.mariostark.com\/de\/immobilien\/duesseldorf\/\">D\u00fcsseldorf<\/a>, dem Raum <a href=\"https:\/\/www.mariostark.com\/de\/immobilien\/frankfurt-am-main\/\">Frankfurt am Main<\/a> oder dem Raum <a href=\"https:\/\/www.mariostark.com\/de\/immobilien\/muenchen\/\">M\u00fcnchen<\/a>. Auch auf den beliebten deutschen Urlaubsinseln: <a href=\"https:\/\/www.mariostark.com\/de\/immobilien\/sylt\/\">Sylt<\/a>, <a href=\"https:\/\/www.mariostark.com\/de\/immobilien\/ruegen\/\">R\u00fcgen<\/a>, <a href=\"https:\/\/www.mariostark.com\/de\/immobilien\/usedom\/\">Usedom<\/a> und <a href=\"https:\/\/www.mariostark.com\/de\/immobilien\/fischland-darss-zingst\/\">Fischland-Dar\u00df-Zingst<\/a>, sowie, auf den spanischen Inseln <a href=\"https:\/\/www.mariostark.com\/de\/immobilien\/mallorca\/\">Mallorca<\/a> &amp; Ibiza sind Premiumimmobilien heute sehr begehrt. Zu den Premiumimmobilien z\u00e4hlen wir, zum Beispiel, sehr hochwertig ausgestattete Einfamilienh\u00e4user, Villen &amp; Eigentumswohnungen. In der Regel finden sich in Premium Immobilien zahlreiche so genannte <a href=\"https:\/\/www.mariostark.com\/de\/immobilien\/immobilienausstattungen\/\">Sonderausstattungen<\/a> (z.B. Kamine, Parkett). Dazu kommen, die oft gro\u00dfz\u00fcgigen Wohn- oder Gartenfl\u00e4chen. Neuwertige Premiumimmobilien (wie z.B. <a href=\"https:\/\/www.mariostark.com\/de\/eigentumswohnungen-kaufen-verkaufen\/\">Eigentumswohnungen<\/a>) verf\u00fcgen, in der Regel, \u00fcber einen Niedrig-Energie-Standard (bspw. KfW-Effizienzhaus: 40, 55, 70) und\/oder sind mit modernen Raumkonzepten, ideal &#8211; f\u00fcr die individuelle Wohnraumgestaltung.<\/p>\n<p>In Zeiten niedriger Zinsen kann die Investition in eine Immobilie, ein sinnvoller Beitrag zum Verm\u00f6gensaufbau oder zur \u00ab\u00a0Verm\u00f6genserhaltung\u00a0\u00bb sein. Doch bedenken Sie: Premium Immobilien eignen sich (aufgrund meist h\u00f6herer Kaufpreise) nur bedingt zur Kapitalanlage. Oft sind Sie, mit dem Kauf einer Ferienimmobilie oder Eigentumswohnung zu Vermietungszwecken, besser beraten. Es empfiehlt sich daher, Premiumimmobilien bzw. Luxusimmobilien (\u2192 <a href=\"https:\/\/www.mariostark.com\/de\/luxus\/\">Luxus<\/a>), eher zu individuellen privaten Wohnzwecken bzw. Nutzung in Betracht zu ziehen. Gerne informieren wir Sie, \u00fcber unsere aktuellen Angebote!<\/p>\n<p><a href=\"#TopLage\">#TopLage<\/a> <a href=\"#Premium\">#Premium<\/a>\u00a0<a href=\"#Immobilien\">#Immobilien<\/a> <a href=\"#STARK\">#STARK<\/a><\/p>\n<p>\u2192\u00a0<a href=\"https:\/\/www.mariostark.com\/de\/kontakt\/\">Kontakt<\/a><\/p>\n<p>&nbsp;<\/p>\n<p>&nbsp;<\/p>\n<h3>Immobilienfinanzierung: Viele Wege f\u00fchren zum Ziel!<\/h3>\n<h6><span style=\"color: #808080;\">Apr 2017<\/span><\/h6>\n<p>Die richtige <a href=\"https:\/\/www.mariostark.com\/de\/immobilienfinanzierung\/\"><strong>Immobilienfinanzierung<\/strong><\/a> zu finden, ist manchmal, eine Herausforderung f\u00fcr den Immobilienbesitzer oder Immobilienk\u00e4ufer. Es gibt heute, eine Vielzahl von Finanzierungsm\u00f6glichkeiten, f\u00fcr den &#8211; Kauf, <a href=\"https:\/\/www.mariostark.com\/hausbau\/\">Neubau<\/a> oder, die Modernisierung von <a href=\"https:\/\/www.mariostark.com\/immobilien\/immobilien-kaufen-verkaufen\/\">Immobilien<\/a>, wie &#8211; <a href=\"https:\/\/www.mariostark.com\/de\/immobilien\/einfamilienhaeuser\/\">Einfamilienh\u00e4usern<\/a>, <a href=\"https:\/\/www.mariostark.com\/de\/immobilien\/villen\/\">Villen<\/a> &amp; <a href=\"https:\/\/www.mariostark.com\/de\/immobilien\/eigentumswohnungen\/\">Eigentumswohnungen<\/a>. Neben einer Erst- oder Neufinanzierung gibt es heute, weitere Finanzierungsm\u00f6glichkeiten, wie z.B., die sog. Anschlu\u00dffinanzierung, oder, das \u00ab\u00a0Forward-Darlehen\u00a0\u00bb. Das Forward-Darlehen soll den Immobilieneigent\u00fcmer, unter anderem, vor einem steigenden Zinsniveau sch\u00fctzen &#8211; und wird daher gern, zur Absicherung eines noch laufenden <em>Immobiliardarlehens<\/em> genutzt, das in n\u00e4chster (oder l\u00e4ngerer) Zeit, vor dem Zinsbindungsende steht. Egal welche Finanzierungsvariante Sie nutzen m\u00f6chten: Ein erfahrener Finanzierungsberater wird Ihnen, in der Regel, immer &#8211; Ihre individuellen M\u00f6glichkeiten aufzeigen k\u00f6nnen. Unser Tipp: Sichern Sie sich, niedrige Zinsen, eher l\u00e4nger &#8211; als k\u00fcrzer! Bedenken Sie aber, dass Sie sich damit, auch, l\u00e4nger \u00ab\u00a0fest\u00a0\u00bb an Ihr Finanzierungsinstitut binden. Tilgen Sie soviel, und, so schnell &#8211; Sie k\u00f6nnen. Beachten Sie dabei aber, das eventuell auch zuk\u00fcnftige \u00ab\u00a0unvorhergesehene\u00a0\u00bb Lebenssituationen (z.B.: Arbeitsplatzverlust, Scheidung, \u00dcberschuldung) bew\u00e4ltigt, werden m\u00fcssen. Gerne beraten wir Sie, bei Fragen, zu einer individuellen Immobilienfinanzierung.<\/p>\n<p>\u2192\u00a0<a href=\"https:\/\/www.mariostark.com\/de\/kontakt\/\">Kontakt<\/a><\/p>\n<p>&nbsp;<\/p>\n<p>&nbsp;<\/p>\n<h3>Google, Facebook, Twitter &amp; Instagram &#8211; Social Media: <a href=\"#MARIOSTARK\">#MARIOSTARK<\/a><\/h3>\n<h6><span style=\"color: #808080;\">Feb 2017<br \/>\n<\/span><\/h6>\n<p><a href=\"https:\/\/www.mariostark.com\/de\/\"><strong>MARIO STARK<\/strong><\/a> (\u2192 <a href=\"https:\/\/www.mariostark.com\/de\/ms\/\">#MS<\/a>) ist heute, auch, in den so genannten \u00ab\u00a0Sozialen Netzwerken\u00a0\u00bb wie, beispielsweise, <a href=\"https:\/\/www.facebook.com\/\">Facebook<\/a>, <a href=\"https:\/\/twitter.com\">Twitter<\/a>, WhatsApp, <a href=\"https:\/\/www.instagram.com\/\">Instagram<\/a> und <a href=\"https:\/\/plus.google.com\/\">Google+<\/a>, sowie, <a href=\"https:\/\/www.youtube.com\/\">Youtube<\/a> und <a href=\"https:\/\/www.pinterest.com\/\">Pinterest<\/a>, pr\u00e4sent. Wir versuchen stets, dich \u00fcber die interessantesten und neuesten Nachrichten und Tipps, rund um das Thema &#8211; <a href=\"https:\/\/www.mariostark.com\/de\/immobilien\">Immobilien<\/a> ((Immobilien-) Vermittlung) &#8211; bei MARIO STARK, zu informieren. In diesem Jahr versuchen wir, uns mehr auf die visuellen Inhalte, wie Bilder und Videos, zu konzentrieren. Falls es hier etwas Neues zu berichten gibt, erf\u00e4hrst du es, auf unseren Seiten. F\u00fcr Feedback, Fragen und Anregungen sind wir immer, \u00fcber unsere Social Media Sites, f\u00fcr dich da. Auf unseren Webseiten findest du, im unteren Bereich, die verschiedenen Links zu unseren <em>Social Media<\/em> Seiten. Wir w\u00fcrden uns freuen, wenn du uns likest, kommentierst oder folgst!<\/p>\n<p><a href=\"#SocialMedia\">#SocialMedia<\/a> <a href=\"#Facebook\">#Facebook<\/a> <a href=\"#Twitter\">#Twitter<\/a> <a href=\"#Instagram\">#Instagram<\/a> <a href=\"#Google\">#Google<\/a> <a href=\"#MARIOSTARK\">#MARIOSTARK <\/a><\/p>\n<p>&nbsp;<\/p>\n<p>&nbsp;<\/p>\n<p>&nbsp;<\/p>\n<h5 style=\"text-align: center;\"><\/h5>\n<p>&nbsp;<\/p>\n<p>&nbsp;<\/p>\n<h6 style=\"text-align: center;\"><span style=\"color: #808080;\"><a style=\"color: #808080;\" href=\"https:\/\/www.facebook.com\/mariostarkofficial\">Facebook<\/a> \u00a0\u00a0 <a style=\"color: #808080;\" href=\"http:\/\/www.twitter.com\/mariostarkcom\">Twitter<\/a> \u00a0\u00a0 <a style=\"color: #808080;\" href=\"https:\/\/www.instagram.com\/mariostarkofficial\">Instagram<\/a>\u00a0\u00a0\u00a0 <a style=\"color: #808080;\" href=\"https:\/\/www.youtube.com\/c\/mariostarkofficial\">Youtube<\/a>\u00a0\u00a0\u00a0 <a style=\"color: #808080;\" href=\"http:\/\/www.pinterest.com\/mariostarkcom\">Pinterest<\/a><\/span><\/h6>\n<p>&nbsp;<\/p>\n<p>&nbsp;<\/p>","protected":false},"excerpt":{"rendered":"<p>Neue Datenschutzrichtline ab Mai 2018 May 2018 Ab dem 25. Mai 2018 gilt in der Europ\u00e4ischen Union eine neue EU-Datenschutz-Grundverordnung, kurz \u2192 DSGVO. Diese neue Verodnung dient dem Schutz Ihrer Privatsph\u00e4re und soll mehr Transparenz und Kontrolle, bei der Nutzung &hellip; <a href=\"https:\/\/www.mariostark.com\/fr\/blog\/\">Suite<\/a><\/p>\n","protected":false},"author":2,"featured_media":14266,"parent":0,"menu_order":0,"comment_status":"closed","ping_status":"closed","template":"template-midsize.php","meta":{"footnotes":""},"class_list":["post-10404","page","type-page","status-publish","has-post-thumbnail","hentry"],"_links":{"self":[{"href":"https:\/\/www.mariostark.com\/fr\/wp-json\/wp\/v2\/pages\/10404","targetHints":{"allow":["GET"]}}],"collection":[{"href":"https:\/\/www.mariostark.com\/fr\/wp-json\/wp\/v2\/pages"}],"about":[{"href":"https:\/\/www.mariostark.com\/fr\/wp-json\/wp\/v2\/types\/page"}],"author":[{"embeddable":true,"href":"https:\/\/www.mariostark.com\/fr\/wp-json\/wp\/v2\/users\/2"}],"replies":[{"embeddable":true,"href":"https:\/\/www.mariostark.com\/fr\/wp-json\/wp\/v2\/comments?post=10404"}],"version-history":[{"count":5,"href":"https:\/\/www.mariostark.com\/fr\/wp-json\/wp\/v2\/pages\/10404\/revisions"}],"predecessor-version":[{"id":14792,"href":"https:\/\/www.mariostark.com\/fr\/wp-json\/wp\/v2\/pages\/10404\/revisions\/14792"}],"wp:featuredmedia":[{"embeddable":true,"href":"https:\/\/www.mariostark.com\/fr\/wp-json\/wp\/v2\/media\/14266"}],"wp:attachment":[{"href":"https:\/\/www.mariostark.com\/fr\/wp-json\/wp\/v2\/media?parent=10404"}],"curies":[{"name":"wp","href":"https:\/\/api.w.org\/{rel}","templated":true}]}}