{"id":10307,"date":"2017-01-04T15:53:05","date_gmt":"2017-01-04T13:53:05","guid":{"rendered":"https:\/\/www.mariostark.com\/fr\/?page_id=10307"},"modified":"2019-04-13T13:09:55","modified_gmt":"2019-04-13T11:09:55","slug":"partenaires","status":"publish","type":"page","link":"https:\/\/www.mariostark.com\/fr\/partenaires\/","title":{"rendered":"Partenaires"},"content":{"rendered":"<h3>DEVENIR PARTENAIRE MARIO STARK!<\/h3>\n<p>&nbsp;<\/p>\n<p>Que vous soyez architecte, que vous vouliez g\u00e9n\u00e9rer de nouveaux ordres, que vous soyez un constructeur, que vous soyez \u00e0 la recherche d&rsquo;un support pour la distribution de vos maisons, ou que vous vouliez financer nos clients et partenaires, en tant que banque r\u00e9gionale ou suprar\u00e9gionale, avec des <a href=\"https:\/\/www.mariostark.com\/fr\/financement\/\">financements<\/a> <a href=\"https:\/\/www.mariostark.com\/fr\/immobilier\/\">immobiliers<\/a> ou des pr\u00eats \u00e0 la consommation.<\/p>\n<p>Devenez partenaire de notre r\u00e9seau et profitez de nos services et offres globales, r\u00e9gionaux, nationaux et internationaux. Nous serons heureux de vous conseiller, en cas de questions, sur notre programme de partenariat, en nous appelant au 49-38204-74160 ou par email \u00e0 <a href=\"mailto:partners@mariostark.com\">partners@mariostark.com<\/a>.<\/p>\n<p>&nbsp;<\/p>\n<h4>&gt; <a href=\"https:\/\/www.mariostark.com\/fr\/partenaires\/devenir-des-partenaires\/\"><em>Devenir un partenaire<\/em><\/a><\/h4>\n<p>&nbsp;<\/p>\n<p>&nbsp;<\/p>\n<p>&nbsp;<\/p>\n<p>&nbsp;<\/p>\n<h6 style=\"text-align: center;\"><span style=\"color: #808080;\"><a style=\"color: #808080;\" href=\"https:\/\/www.facebook.com\/mariostarkofficial\">Facebook<\/a> \u00a0\u00a0 <a style=\"color: #808080;\" href=\"http:\/\/www.twitter.com\/mariostarkcom\">Twitter<\/a> \u00a0\u00a0 <a style=\"color: #808080;\" href=\"https:\/\/www.instagram.com\/mariostarkofficial\">Instagram<\/a>\u00a0\u00a0\u00a0 <a style=\"color: #808080;\" href=\"https:\/\/www.youtube.com\/c\/mariostarkofficial\">Youtube<\/a>\u00a0\u00a0\u00a0 <a style=\"color: #808080;\" href=\"http:\/\/www.pinterest.com\/mariostarkcom\">Pinterest<\/a><\/span><\/h6>\n<p>&nbsp;<\/p>","protected":false},"excerpt":{"rendered":"<p>DEVENIR PARTENAIRE MARIO STARK! &nbsp; Que vous soyez architecte, que vous vouliez g\u00e9n\u00e9rer de nouveaux ordres, que vous soyez un constructeur, que vous soyez \u00e0 la recherche d&rsquo;un support pour la distribution de vos maisons, ou que vous vouliez financer &hellip; <a href=\"https:\/\/www.mariostark.com\/fr\/partenaires\/\">Suite<\/a><\/p>\n","protected":false},"author":2,"featured_media":0,"parent":0,"menu_order":0,"comment_status":"closed","ping_status":"closed","template":"template-midsize.php","meta":{"footnotes":""},"class_list":["post-10307","page","type-page","status-publish","hentry"],"_links":{"self":[{"href":"https:\/\/www.mariostark.com\/fr\/wp-json\/wp\/v2\/pages\/10307","targetHints":{"allow":["GET"]}}],"collection":[{"href":"https:\/\/www.mariostark.com\/fr\/wp-json\/wp\/v2\/pages"}],"about":[{"href":"https:\/\/www.mariostark.com\/fr\/wp-json\/wp\/v2\/types\/page"}],"author":[{"embeddable":true,"href":"https:\/\/www.mariostark.com\/fr\/wp-json\/wp\/v2\/users\/2"}],"replies":[{"embeddable":true,"href":"https:\/\/www.mariostark.com\/fr\/wp-json\/wp\/v2\/comments?post=10307"}],"version-history":[{"count":5,"href":"https:\/\/www.mariostark.com\/fr\/wp-json\/wp\/v2\/pages\/10307\/revisions"}],"predecessor-version":[{"id":14937,"href":"https:\/\/www.mariostark.com\/fr\/wp-json\/wp\/v2\/pages\/10307\/revisions\/14937"}],"wp:attachment":[{"href":"https:\/\/www.mariostark.com\/fr\/wp-json\/wp\/v2\/media?parent=10307"}],"curies":[{"name":"wp","href":"https:\/\/api.w.org\/{rel}","templated":true}]}}