{"id":9931,"date":"2016-12-19T15:29:06","date_gmt":"2016-12-19T13:29:06","guid":{"rendered":"https:\/\/www.mariostark.com\/?page_id=9931"},"modified":"2019-04-13T12:42:04","modified_gmt":"2019-04-13T10:42:04","slug":"immobilien-verkaufen","status":"publish","type":"page","link":"https:\/\/www.mariostark.com\/de\/immobilien\/immobilien-verkaufen\/","title":{"rendered":"Immobilien verkaufen"},"content":{"rendered":"<h3>WOLLEN SIE IHRE IMMOBILIE VERKAUFEN?<\/h3>\n<p>&nbsp;<\/p>\n<p>&nbsp;<\/p>\n<p><a href=\"https:\/\/www.mariostark.com\/de\/\">MARIO STARK<\/a> IMMOBILIEN ist, mit langj\u00e4hrigen Erfahrungen im Immobilienverkauf, ein zuverl\u00e4ssiger und kompetenter <a href=\"https:\/\/www.mariostark.com\/de\/partner\/\">Partner<\/a>, bei der Vermarktung von <a href=\"https:\/\/www.mariostark.com\/de\/immobilien\/immobilien-kaufen-verkaufen\/\">Immobilien<\/a>, <a href=\"https:\/\/www.mariostark.com\/de\/immobilien\/exklusive-immobilien\/\">Exklusiven Immobilien<\/a>, <a href=\"https:\/\/www.mariostark.com\/de\/immobilien\/premium-immobilien\/\">Premium Immobilien<\/a> &amp; <a href=\"https:\/\/www.mariostark.com\/de\/immobilien\/luxusimmobilien\/\">Luxusimmobilien<\/a>. Gerne unterst\u00fctzen wir Sie, bei dem Verkauf Ihres <a href=\"https:\/\/www.mariostark.com\/de\/immobilien\/haeuser\/\">Hauses<\/a>, Ihrer <a href=\"https:\/\/www.mariostark.com\/de\/immobilien\/villen\/\">Villa<\/a> oder Ihrer <a href=\"https:\/\/www.mariostark.com\/de\/immobilien\/wohnungen\/\">Wohnung<\/a>.<\/p>\n<p>&nbsp;<\/p>\n<h4>IHRE IMMOBILIE IM RICHTIGEN BLICK<\/h4>\n<p>Von der <a href=\"https:\/\/www.mariostark.com\/de\/immobilien\/immobilienbesichtigung\/\">Immobilienbesichtigung<\/a>, \u00fcber die richtige Belichtung und Bewertung, bis zur professionellen Pr\u00e4sentation Ihrer Immobilie &#8211; in unserem Netzwerk. Nutzen Sie unsere Leistungen &#8211; f\u00fcr den erfolgreichen Verkauf Ihrer Immobilie!<\/p>\n<p>&nbsp;<\/p>\n<h4>MARIO STARK IMMOBILIEN &#8211; IHR IMMOBILIENPARTNER!<\/h4>\n<p>Gerne beraten wir Sie, bei Fragen, zum Verkauf von <a href=\"https:\/\/www.mariostark.com\/de\/immobilien\/einfamilienhaeuser\/\">H\u00e4usern<\/a>, <a href=\"https:\/\/www.mariostark.com\/de\/immobilien\/eigentumswohnungen\/\">Wohnungen<\/a> &amp; <a href=\"https:\/\/www.mariostark.com\/de\/immobilien\/villen\/\">Villen<\/a>, unter Telefon Deutschland +49 (0) 38204 7416-0 oder senden Sie einfach, unser Formular &#8222;<em><a href=\"https:\/\/www.mariostark.com\/de\/immobilien\/immobilie-verkaufen\/\">Immobilie verkaufen<\/a>&#8222;,<\/em> an uns zur\u00fcck.<\/p>\n<p>&nbsp;<\/p>\n<p>&nbsp;<\/p>\n<h4>&gt; <a href=\"https:\/\/www.mariostark.com\/de\/kontakt\/\"><em>Kontakt<\/em><\/a><\/h4>\n<p>&nbsp;<\/p>\n<h4>&gt; <a href=\"https:\/\/www.mariostark.com\/de\/immobilien\/immobilie-verkaufen\/\"><em>Immobilie verkaufen<\/em><\/a><\/h4>\n<p>&nbsp;<\/p>\n<h4>&gt; <a href=\"https:\/\/www.mariostark.com\/de\/immobilien\/immobilienbewertung\/\"><em>Immobilienbewertung<\/em><\/a><\/h4>\n<p>&nbsp;<\/p>\n<p>Weitere Informationen auf <a href=\"https:\/\/www.mariostark.com\/de\/immobilien\"><strong>mariostark.com\/de\/immobilien<\/strong><\/a>.<\/p>\n<p>&nbsp;<\/p>\n<p>&nbsp;<\/p>\n<p>&nbsp;<\/p>\n<p>&nbsp;<\/p>\n<h4 style=\"text-align: center;\"><span style=\"color: #999999;\">Mehr.<\/span><\/h4>\n<h6 style=\"text-align: center;\"><span style=\"color: #808080;\"><a style=\"color: #808080;\" href=\"https:\/\/www.facebook.com\/mariostarkofficial\">Facebook<\/a> \u00a0\u00a0 <a style=\"color: #808080;\" href=\"http:\/\/www.twitter.com\/mariostarkcom\">Twitter<\/a> \u00a0\u00a0 <a style=\"color: #808080;\" href=\"https:\/\/www.instagram.com\/mariostarkofficial\">Instagram<\/a>\u00a0\u00a0\u00a0 <a style=\"color: #808080;\" href=\"https:\/\/www.youtube.com\/c\/mariostarkofficial\">Youtube<\/a>\u00a0\u00a0\u00a0 <a style=\"color: #808080;\" href=\"http:\/\/www.pinterest.com\/mariostarkcom\">Pinterest<\/a><\/span><\/h6>\n<p>&nbsp;<\/p>","protected":false},"excerpt":{"rendered":"<p>WOLLEN SIE IHRE IMMOBILIE VERKAUFEN? &nbsp; &nbsp; MARIO STARK IMMOBILIEN ist, mit langj\u00e4hrigen Erfahrungen im Immobilienverkauf, ein zuverl\u00e4ssiger und kompetenter Partner, bei der Vermarktung von Immobilien, Exklusiven Immobilien, Premium Immobilien &amp; Luxusimmobilien. Gerne unterst\u00fctzen wir Sie, bei dem Verkauf Ihres &hellip; <a href=\"https:\/\/www.mariostark.com\/de\/immobilien\/immobilien-verkaufen\/\">Weiterlesen<\/a><\/p>\n","protected":false},"author":2,"featured_media":0,"parent":41,"menu_order":0,"comment_status":"closed","ping_status":"closed","template":"template-midsize.php","meta":{"footnotes":""},"class_list":["post-9931","page","type-page","status-publish","hentry"],"_links":{"self":[{"href":"https:\/\/www.mariostark.com\/de\/wp-json\/wp\/v2\/pages\/9931","targetHints":{"allow":["GET"]}}],"collection":[{"href":"https:\/\/www.mariostark.com\/de\/wp-json\/wp\/v2\/pages"}],"about":[{"href":"https:\/\/www.mariostark.com\/de\/wp-json\/wp\/v2\/types\/page"}],"author":[{"embeddable":true,"href":"https:\/\/www.mariostark.com\/de\/wp-json\/wp\/v2\/users\/2"}],"replies":[{"embeddable":true,"href":"https:\/\/www.mariostark.com\/de\/wp-json\/wp\/v2\/comments?post=9931"}],"version-history":[{"count":5,"href":"https:\/\/www.mariostark.com\/de\/wp-json\/wp\/v2\/pages\/9931\/revisions"}],"predecessor-version":[{"id":14889,"href":"https:\/\/www.mariostark.com\/de\/wp-json\/wp\/v2\/pages\/9931\/revisions\/14889"}],"up":[{"embeddable":true,"href":"https:\/\/www.mariostark.com\/de\/wp-json\/wp\/v2\/pages\/41"}],"wp:attachment":[{"href":"https:\/\/www.mariostark.com\/de\/wp-json\/wp\/v2\/media?parent=9931"}],"curies":[{"name":"wp","href":"https:\/\/api.w.org\/{rel}","templated":true}]}}