{"id":9908,"date":"2016-12-18T23:01:14","date_gmt":"2016-12-18T21:01:14","guid":{"rendered":"https:\/\/www.mariostark.com\/?page_id=9908"},"modified":"2019-04-13T12:00:37","modified_gmt":"2019-04-13T10:00:37","slug":"exklusive-immobilien","status":"publish","type":"page","link":"https:\/\/www.mariostark.com\/de\/immobilien\/exklusive-immobilien\/","title":{"rendered":"Exklusive Immobilien kaufen &#038; verkaufen"},"content":{"rendered":"<h3>IMMOBILIENMAKLER F\u00dcR (EXKLUSIVE) IMMOBILIEN &#8211; VILLEN, H\u00c4USER &amp; WOHNUNGEN KAUFEN UND VERKAUFEN &#8211; MARIO STARK<\/h3>\n<p>&nbsp;<\/p>\n<p>&nbsp;<\/p>\n<p>Zu den <strong>Exklusiven Immobilien<\/strong> (<em>engl.<\/em>: exclusive real estate) z\u00e4hlen wir, beispielsweise, hochwertige <a href=\"https:\/\/www.mariostark.com\/de\/immobilien\/einfamilienhaeuser\/\">Einfamilienh\u00e4user<\/a> &amp; <a href=\"https:\/\/www.mariostark.com\/de\/immobilien\/eigentumswohnungen\/\">Eigentumswohnungen<\/a>, sowie, Villen &#8211; in guten bis sehr guten Wohnlagen. <a href=\"https:\/\/www.mariostark.com\/de\/unternehmen\/\">MARIO STARK<\/a> verkauft diese, zumeist begehrten <a href=\"https:\/\/www.mariostark.com\/de\/immobilien\/wohnimmobilien\/\">Wohnimmobilien<\/a>, unter anderem, in bevorzugten Wohngegenden von Gro\u00dfst\u00e4dten und Urlaubsregionen.<\/p>\n<p>&nbsp;<\/p>\n<h4>WOHNEN SIE EXKLUSIV!<\/h4>\n<p><em>Exklusive <a href=\"https:\/\/www.mariostark.com\/de\/immobilien\/immobilien-suchen\/\">Immobilien<\/a><\/em> bieten, neben einer zumeist hohen Lebensqualit\u00e4t f\u00fcr den Immobilienbesitzer, auch, den &#8222;besonderen Status&#8220; einer repr\u00e4sentativen Wohnimmobilie. Heute k\u00f6nnen Exklusive Immobilien wie, beispielsweise, noble <a href=\"https:\/\/www.mariostark.com\/de\/immobilien\/villen\/\"><em>Villen<\/em><\/a> oder Eigentumswohnungen, oft auch, eine gute Investition in die eigene finanzielle Zukunft, sein. Entscheidend hierf\u00fcr ist, in der Regel, die Lage der Immobilie. Exklusive Immobilien werden, im heutigen Immobilienmarkt, in verschiedenen <a href=\"https:\/\/www.mariostark.com\/de\/immobilien\/immobilienausstattungen\/\">Ausstattungen<\/a> und Gr\u00f6\u00dfen angeboten und sind, h\u00e4ufig, in bevorzugten Wohnlagen zu finden. Im Gegensatz zu, <a href=\"https:\/\/www.mariostark.com\/de\/immobilien\/luxusimmobilien\/\">Luxusimmobilien<\/a> in Toplagen, bieten &#8211; Exklusive Immobilien oder <a href=\"https:\/\/www.mariostark.com\/de\/immobilien\/premium-immobilien\/\">Premium Immobilien<\/a> &#8211; oft, eine h\u00f6here Flexibilit\u00e4t bei der Kaufpreisgestaltung. Exklusive <a href=\"https:\/\/www.mariostark.com\/de\/immobilien\/immobilien-anbieten\/\">Immobilien<\/a> werden, f\u00fcr unsere Kunden, bevorzugt vermittelt und verkauft.<\/p>\n<p>&nbsp;<\/p>\n<p>&nbsp;<\/p>\n<h3>EXKLUSIVE VILLEN, H\u00c4USER &amp; WOHNUNGEN ZUM KAUF &#8211; <a href=\"#EXKLUSIVE_IMMOBILIEN\">#EXKLUSIVE_IMMOBILIEN<\/a> BEI <span style=\"color: #333333;\"><a href=\"#MARIOSTARK\">#MARIOSTARK<\/a><\/span><\/h3>\n<p>&nbsp;<\/p>\n<h4>EXKLUSIVE IMMOBILIEN: KAUFEN UND VERKAUFEN!<\/h4>\n<p>Ihre kompetenten Immobilienpartner, f\u00fcr den Kauf und Verkauf von exklusiven <a href=\"https:\/\/www.mariostark.com\/de\/immobilien\/haeuser\/\">H\u00e4usern<\/a>, Villen &amp; <a href=\"https:\/\/www.mariostark.com\/de\/immobilien\/wohnungen\/\">Wohnungen<\/a> &#8211; <a href=\"https:\/\/www.mariostark.com\/de\/\">MARIO STARK<\/a>.<\/p>\n<p>&nbsp;<\/p>\n<h4>&gt; <a href=\"https:\/\/www.mariostark.com\/de\/kontakt\/\"><em>Kontakt<\/em><\/a><\/h4>\n<p>&nbsp;<\/p>\n<h4>&gt; <a href=\"https:\/\/www.mariostark.com\/de\/immobilien\/immobilien-verkaufen\/\"><em>Immobilien verkaufen<\/em><\/a><\/h4>\n<p>&nbsp;<\/p>\n<h4>&gt; <a href=\"https:\/\/www.mariostark.com\/de\/immobilien\/immobilienbewertung\/\"><em>Immobilienbewertung<\/em><\/a><\/h4>\n<p>&nbsp;<\/p>\n<p>Weitere Informationen auf <a href=\"https:\/\/www.mariostark.com\/de\/immobilien\"><strong>mariostark.com\/de\/immobilien<\/strong><\/a>.<\/p>\n<p>&nbsp;<\/p>\n<p>&nbsp;<\/p>\n<p>&nbsp;<\/p>\n<p>&nbsp;<\/p>\n<h4 style=\"text-align: center;\"><span style=\"color: #999999;\">Mehr.<\/span><\/h4>\n<h6 style=\"text-align: center;\"><span style=\"color: #808080;\"><a style=\"color: #808080;\" href=\"https:\/\/www.facebook.com\/mariostarkofficial\">Facebook<\/a> \u00a0\u00a0 <a style=\"color: #808080;\" href=\"http:\/\/www.twitter.com\/mariostarkcom\">Twitter<\/a> \u00a0\u00a0 <a style=\"color: #808080;\" href=\"https:\/\/www.instagram.com\/mariostarkofficial\">Instagram<\/a>\u00a0\u00a0\u00a0 <a style=\"color: #808080;\" href=\"https:\/\/www.youtube.com\/c\/mariostarkofficial\">Youtube<\/a>\u00a0\u00a0\u00a0 <a style=\"color: #808080;\" href=\"http:\/\/www.pinterest.com\/mariostarkcom\">Pinterest<\/a><\/span><\/h6>\n<p>&nbsp;<\/p>","protected":false},"excerpt":{"rendered":"<p>IMMOBILIENMAKLER F\u00dcR (EXKLUSIVE) IMMOBILIEN &#8211; VILLEN, H\u00c4USER &amp; WOHNUNGEN KAUFEN UND VERKAUFEN &#8211; MARIO STARK &nbsp; &nbsp; Zu den Exklusiven Immobilien (engl.: exclusive real estate) z\u00e4hlen wir, beispielsweise, hochwertige Einfamilienh\u00e4user &amp; Eigentumswohnungen, sowie, Villen &#8211; in guten bis sehr guten &hellip; <a href=\"https:\/\/www.mariostark.com\/de\/immobilien\/exklusive-immobilien\/\">Weiterlesen<\/a><\/p>\n","protected":false},"author":2,"featured_media":5370,"parent":41,"menu_order":0,"comment_status":"closed","ping_status":"closed","template":"template-midsize.php","meta":{"footnotes":""},"class_list":["post-9908","page","type-page","status-publish","has-post-thumbnail","hentry"],"_links":{"self":[{"href":"https:\/\/www.mariostark.com\/de\/wp-json\/wp\/v2\/pages\/9908","targetHints":{"allow":["GET"]}}],"collection":[{"href":"https:\/\/www.mariostark.com\/de\/wp-json\/wp\/v2\/pages"}],"about":[{"href":"https:\/\/www.mariostark.com\/de\/wp-json\/wp\/v2\/types\/page"}],"author":[{"embeddable":true,"href":"https:\/\/www.mariostark.com\/de\/wp-json\/wp\/v2\/users\/2"}],"replies":[{"embeddable":true,"href":"https:\/\/www.mariostark.com\/de\/wp-json\/wp\/v2\/comments?post=9908"}],"version-history":[{"count":5,"href":"https:\/\/www.mariostark.com\/de\/wp-json\/wp\/v2\/pages\/9908\/revisions"}],"predecessor-version":[{"id":14800,"href":"https:\/\/www.mariostark.com\/de\/wp-json\/wp\/v2\/pages\/9908\/revisions\/14800"}],"up":[{"embeddable":true,"href":"https:\/\/www.mariostark.com\/de\/wp-json\/wp\/v2\/pages\/41"}],"wp:featuredmedia":[{"embeddable":true,"href":"https:\/\/www.mariostark.com\/de\/wp-json\/wp\/v2\/media\/5370"}],"wp:attachment":[{"href":"https:\/\/www.mariostark.com\/de\/wp-json\/wp\/v2\/media?parent=9908"}],"curies":[{"name":"wp","href":"https:\/\/api.w.org\/{rel}","templated":true}]}}