{"id":9691,"date":"2016-12-09T15:54:44","date_gmt":"2016-12-09T13:54:44","guid":{"rendered":"https:\/\/www.mariostark.com\/?page_id=9691"},"modified":"2019-04-13T12:12:59","modified_gmt":"2019-04-13T10:12:59","slug":"landkreis-vorpommern-greifswald","status":"publish","type":"page","link":"https:\/\/www.mariostark.com\/de\/immobilien\/landkreis-vorpommern-greifswald\/","title":{"rendered":"Immobilien im Landkreis Vorpommern-Greifswald"},"content":{"rendered":"<h3>IMMOBILIEN IM LANDKREIS VORPOMMERN-GREIFSWALD &#8211; IMMOBILIEN, VILLEN, H\u00c4USER &amp; WOHNUNGEN ZUM KAUF &#8211; MARIO STARK<\/h3>\n<p>&nbsp;<\/p>\n<p>&nbsp;<\/p>\n<p>Der <strong>Landkreis Vorpommern-Greifswald<\/strong> ist ein Landkreis, im deutschen Bundesland <a href=\"https:\/\/www.mariostark.com\/de\/immobilien\/mecklenburg-vorpommern\/\">Mecklenburg-Vorpommern<\/a> (MV) und z\u00e4hlt, nach seiner Fl\u00e4che, zu den gr\u00f6\u00dften Landkreisen der <a href=\"https:\/\/www.mariostark.com\/de\/immobilien\/deutschland\/\">Bundesrepublik Deutschland<\/a>. Die Hansestadt Greifswald ist, die gr\u00f6\u00dfte Stadt und zugleich &#8211; Kreisstadt des Landkreises Vorpommern-Greifswald. Zum Kreisgebiet geh\u00f6rt auch, die zweitgr\u00f6\u00dfte deutsche Insel &#8211; Usedom. Bevorzugte Wohnlagen f\u00fcr <a href=\"https:\/\/www.mariostark.com\/de\/immobilien\/immobilien-kaufen-verkaufen\/\">Immobilien<\/a>\u00a0finden sich, beispielsweise, in der Hansestadt Greifswald, sowie, in den beliebten Ostseeb\u00e4dern der <a href=\"https:\/\/www.mariostark.com\/de\/immobilien\/usedom\/\"><em>Insel Usedom<\/em><\/a>.<\/p>\n<p>&nbsp;<\/p>\n<h4>GEOGRAFISCHE LAGE<\/h4>\n<p>Der Landkreis Vorpommern-Greifswald liegt, an der deutschen <a href=\"https:\/\/www.mariostark.com\/de\/immobilien\/ostsee\/\"><em>Ostseek\u00fcste<\/em><\/a>, im Osten des Bundeslandes Mecklenburg-Vorpommern. Der Landkreis Vorpommern-Greifswald grenzt, an den <a href=\"https:\/\/www.mariostark.com\/de\/immobilien\/landkreis-vorpommern-ruegen\/\">Landkreis Vorpommern-R\u00fcgen<\/a> und den <a href=\"https:\/\/www.mariostark.com\/de\/immobilien\/landkreis-mecklenburgische-seenplatte\/\">Landkreis Mecklenburgische Seenplatte<\/a> &#8211; in Mecklenburg-Vorpommern, sowie, an das <a href=\"https:\/\/www.mariostark.com\/de\/immobilien\/brandenburg\/\">Bundesland Brandenburg<\/a> &#8211; im S\u00fcden, und, das EU-Land Polen &#8211; im Osten. Die n\u00e4chstgelegene deutsche Metropole ist, die <a href=\"https:\/\/www.mariostark.com\/de\/immobilien\/berlin\/\">Bundeshauptstadt Berlin<\/a> &#8211; s\u00fcdlich des Landkreises Vorpommern-Greifswald.<\/p>\n<p>&nbsp;<\/p>\n<h4>LANDKREIS VORPOMMERN-GREIFSWALD<\/h4>\n<p>Der <em>Landkreis Vorpommern-Greifswald<\/em> ist ein, nach der Fl\u00e4che, recht gro\u00dfer und durch seine Lage an der Ostsee &#8211; auch landschaftlich reizvoller Landkreis. Mit der Insel Usedom liegt, eines der beliebtesten touristischen Reiseziele Deutschlands im Kreisgebiet. Der Tourismus hat daher, eine wichtige wirtschaftliche Bedeutung im Landkreis Vorpommern-Greifswald. Vor allem auf der Insel Usedom gibt es, ein breites und vielf\u00e4ltiges Gastronomie- und Hotellerieangebot. Die Hansestadt Greifswald ist, ein weiterer wichtiger Wirtschaftsstandort im Landkreis Vorpommern-Greifswald.<\/p>\n<p>&nbsp;<\/p>\n<h4>SEHENSWERTES<\/h4>\n<p>Neben den Hansest\u00e4dten Greifswald und Wolgast ist, vor allem, die beliebte <em>Insel Usedom<\/em> &#8211; mit Ihren langen breiten Sandstr\u00e4nden, sowie, den Kaiserb\u00e4dern Ahlbeck, Heringsdorf und Bansin &#8211; mit den ber\u00fchmten Seebr\u00fccken, sehr sehenswert.<\/p>\n<p>&nbsp;<\/p>\n<h4>ST\u00c4DTE &amp; GEMEINDEN<\/h4>\n<p>Wichtige St\u00e4dte des Landkreises Vorpommern-Greifswald sind, neben der Universit\u00e4tsstadt Greifswald, unter anderem auch, Pasewalk und Wolgast, sowie, Anklam und \u00dcckerm\u00fcnde. Zu den bekanntesten Gemeinden und St\u00e4dten im Landkreis Vorpommern-Greifswald geh\u00f6ren, beispielsweise, die Stadt Torgelow, die <a href=\"https:\/\/www.mariostark.com\/de\/immobilien\/heringsdorf\/\">Gemeinde Heringsdorf<\/a>, Ducherow, Spantekow, Neuenkirchen und L\u00f6cknitz, die St\u00e4dte &#8211; Penkun, Loitz und G\u00fctzkow, sowie, Lubmin, das <a href=\"https:\/\/www.mariostark.com\/de\/immobilien\/zinnowitz\/\">Ostseebad Zinnowitz<\/a> und die St\u00e4dte &#8211; Jarmen und Usedom.<\/p>\n<p>&nbsp;<\/p>\n<h4>VERKEHR<\/h4>\n<p>Eine bedeutende Stra\u00dfenverkehrsachse im Kreisgebiet ist, die Bundesautobahn A 20 (aus Richtung: <a href=\"https:\/\/www.mariostark.com\/de\/immobilien\/hamburg\/\">Hamburg<\/a> und <a href=\"https:\/\/www.mariostark.com\/de\/immobilien\/rostock\/\">Rostock<\/a>). Mehrere wichtige Bundesstra\u00dfen (<em>bspw.<\/em>: B 104, B 105 und B 109) verbinden den Landkreis Vorpommern-Greifswald mit den Nachbarkreisen, sowie, den deutschen Bundesl\u00e4ndern &#8211; Brandenburg und Berlin. Einer der wichtigsten Bahnverkehrsstandorte im Landkreis Vorpommern-Greifswald ist, die <em>Hansestadt Greifswald<\/em>.<\/p>\n<p>&nbsp;<\/p>\n<p>&nbsp;<\/p>\n<h3>WOHNEN IM LANDKREIS <a href=\"#VORPOMMERN_GREIFSWALD\">#VORPOMMERN_GREIFSWALD<\/a> &#8211; MARIO STARK IMMOBILIEN &#8211; <span style=\"color: #333333;\"><a href=\"#MARIOSTARK\">#MARIOSTARK<\/a><\/span><\/h3>\n<p>&nbsp;<\/p>\n<h4>VORPOMMERN-GREIFSWALD: IMMOBILIEN KAUFEN &amp; VERKAUFEN<\/h4>\n<p>Gerne beraten wir Sie, bei Fragen, zum Immobilienverkauf, einer Immobilienbewertung oder einer <a href=\"https:\/\/www.mariostark.com\/de\/immobilien\/immobilienbesichtigung\/\">Immobilienbesichtigung<\/a> von <a href=\"https:\/\/www.mariostark.com\/de\/immobilien\/einfamilienhaeuser\/\">Einfamilienh\u00e4usern<\/a> &amp; <a href=\"https:\/\/www.mariostark.com\/de\/immobilien\/ferienimmobilien\/\">Ferienimmobilien<\/a> im Landkreis Vorpommern-Greifswald.<\/p>\n<p>&nbsp;<\/p>\n<h4>&gt; <a href=\"https:\/\/www.mariostark.com\/de\/kontakt\/\"><em>Kontakt<\/em><\/a><\/h4>\n<p>&nbsp;<\/p>\n<h4>&gt; <a href=\"https:\/\/www.mariostark.com\/de\/immobilien\/immobilien-verkaufen\/\"><em>Immobilien verkaufen<\/em><\/a><\/h4>\n<p>&nbsp;<\/p>\n<h4>&gt; <a href=\"https:\/\/www.mariostark.com\/de\/immobilien\/immobilienbewertung\/\"><em>Immobilienbewertung<\/em><\/a><\/h4>\n<p>&nbsp;<\/p>\n<p>Weitere Informationen auf <a href=\"https:\/\/www.mariostark.com\/de\/immobilien\"><strong>mariostark.com\/de\/immobilien<\/strong><\/a>.<\/p>\n<p>&nbsp;<\/p>\n<p>&nbsp;<\/p>\n<p>&nbsp;<\/p>\n<p>&nbsp;<\/p>\n<h4 style=\"text-align: center;\"><span style=\"color: #999999;\">Mehr.<\/span><\/h4>\n<h6 style=\"text-align: center;\"><span style=\"color: #808080;\"><a style=\"color: #808080;\" href=\"https:\/\/www.facebook.com\/mariostarkofficial\">Facebook<\/a> \u00a0\u00a0 <a style=\"color: #808080;\" href=\"http:\/\/www.twitter.com\/mariostarkcom\">Twitter<\/a> \u00a0\u00a0 <a style=\"color: #808080;\" href=\"https:\/\/www.instagram.com\/mariostarkofficial\">Instagram<\/a>\u00a0\u00a0\u00a0 <a style=\"color: #808080;\" href=\"https:\/\/www.youtube.com\/c\/mariostarkofficial\">Youtube<\/a>\u00a0\u00a0\u00a0 <a style=\"color: #808080;\" href=\"http:\/\/www.pinterest.com\/mariostarkcom\">Pinterest<\/a><\/span><\/h6>\n<p>&nbsp;<\/p>","protected":false},"excerpt":{"rendered":"<p>IMMOBILIEN IM LANDKREIS VORPOMMERN-GREIFSWALD &#8211; IMMOBILIEN, VILLEN, H\u00c4USER &amp; WOHNUNGEN ZUM KAUF &#8211; MARIO STARK &nbsp; &nbsp; Der Landkreis Vorpommern-Greifswald ist ein Landkreis, im deutschen Bundesland Mecklenburg-Vorpommern (MV) und z\u00e4hlt, nach seiner Fl\u00e4che, zu den gr\u00f6\u00dften Landkreisen der Bundesrepublik Deutschland. &hellip; <a href=\"https:\/\/www.mariostark.com\/de\/immobilien\/landkreis-vorpommern-greifswald\/\">Weiterlesen<\/a><\/p>\n","protected":false},"author":2,"featured_media":0,"parent":41,"menu_order":0,"comment_status":"closed","ping_status":"closed","template":"template-midsize.php","meta":{"footnotes":""},"class_list":["post-9691","page","type-page","status-publish","hentry"],"_links":{"self":[{"href":"https:\/\/www.mariostark.com\/de\/wp-json\/wp\/v2\/pages\/9691","targetHints":{"allow":["GET"]}}],"collection":[{"href":"https:\/\/www.mariostark.com\/de\/wp-json\/wp\/v2\/pages"}],"about":[{"href":"https:\/\/www.mariostark.com\/de\/wp-json\/wp\/v2\/types\/page"}],"author":[{"embeddable":true,"href":"https:\/\/www.mariostark.com\/de\/wp-json\/wp\/v2\/users\/2"}],"replies":[{"embeddable":true,"href":"https:\/\/www.mariostark.com\/de\/wp-json\/wp\/v2\/comments?post=9691"}],"version-history":[{"count":6,"href":"https:\/\/www.mariostark.com\/de\/wp-json\/wp\/v2\/pages\/9691\/revisions"}],"predecessor-version":[{"id":14825,"href":"https:\/\/www.mariostark.com\/de\/wp-json\/wp\/v2\/pages\/9691\/revisions\/14825"}],"up":[{"embeddable":true,"href":"https:\/\/www.mariostark.com\/de\/wp-json\/wp\/v2\/pages\/41"}],"wp:attachment":[{"href":"https:\/\/www.mariostark.com\/de\/wp-json\/wp\/v2\/media?parent=9691"}],"curies":[{"name":"wp","href":"https:\/\/api.w.org\/{rel}","templated":true}]}}