{"id":9672,"date":"2016-12-08T19:09:38","date_gmt":"2016-12-08T17:09:38","guid":{"rendered":"https:\/\/www.mariostark.com\/?page_id=9672"},"modified":"2019-04-13T12:11:06","modified_gmt":"2019-04-13T10:11:06","slug":"landkreis-nordwestmecklenburg","status":"publish","type":"page","link":"https:\/\/www.mariostark.com\/de\/immobilien\/landkreis-nordwestmecklenburg\/","title":{"rendered":"Immobilien im Landkreis Nordwestmecklenburg"},"content":{"rendered":"<h3>IMMOBILIEN IM LANDKREIS NORDWESTMECKLENBURG &#8211; IMMOBILIEN, VILLEN, H\u00c4USER &amp; WOHNUNGEN ZUM KAUF &#8211; MARIO STARK<\/h3>\n<p>&nbsp;<\/p>\n<p>&nbsp;<\/p>\n<p>Der <strong>Landkreis Nordwestmecklenburg<\/strong> ist, ein Landkreis im Nordwesten &#8211; des deutschen Bundeslandes <a href=\"https:\/\/www.mariostark.com\/de\/immobilien\/mecklenburg-vorpommern\/\">Mecklenburg-Vorpommern<\/a> (<em>MV<\/em>). Die Hansestadt Wismar ist die, nach Einwohnern, gr\u00f6\u00dfte Stadt und zugleich, die Kreisstadt des Landkreises Nordwestmecklenburg. Zum Kreisgebiet des Landkreises Nordwestmecklenburg geh\u00f6rt auch, die bekannte Ostseeinsel Poel<em> &#8211; <\/em>als eine der gr\u00f6\u00dferen Inseln <a href=\"https:\/\/www.mariostark.com\/de\/immobilien\/deutschland\/\">Deutschlands<\/a>. Bevorzugte Lagen f\u00fcr Wohn- und <a href=\"https:\/\/www.mariostark.com\/de\/immobilien\/ferienimmobilien\/\">Ferienimmobilien<\/a> finden sich, unter anderem, in und um die Hansestadt Wismar, sowie, entlang der <a href=\"https:\/\/www.mariostark.com\/de\/immobilien\/ostsee\/\">Ostseek\u00fcste<\/a> und auf der beliebten <em>Insel Poel<\/em>.<\/p>\n<p>&nbsp;<\/p>\n<h4>GEOGRAFISCHE LAGE<\/h4>\n<p>Der <em>Landkreis Nordwestmecklenburg<\/em> liegt, an der deutschen Ostseek\u00fcste &#8211; im Nordwesten Mecklenburg-Vorpommerns. Der Landkreis Nordwestmecklenburg grenzt an, den <a href=\"https:\/\/www.mariostark.com\/de\/immobilien\/landkreis-rostock\/\">Landkreis Rostock<\/a> und den <a href=\"https:\/\/www.mariostark.com\/de\/immobilien\/landkreis-ludwigslust-parchim\/\">Landkreis Ludwigslust-Parchim<\/a> &#8211; in Mecklenburg-Vorpommern, sowie, an die Hansestadt L\u00fcbeck und den Kreis Herzogtum Lauenburg &#8211; in <a href=\"https:\/\/www.mariostark.com\/de\/immobilien\/schleswig-holstein\/\">Schleswig-Holstein<\/a>. Die n\u00e4chstgelegenen Gro\u00dfst\u00e4dte sind, die <a href=\"https:\/\/www.mariostark.com\/de\/immobilien\/rostock\/\">Hansestadt Rostock<\/a> im Osten, sowie, die Hansest\u00e4dte &#8211; <a href=\"https:\/\/www.mariostark.com\/de\/immobilien\/luebeck\/\">L\u00fcbeck<\/a> und <a href=\"https:\/\/www.mariostark.com\/de\/immobilien\/hamburg\/\">Hamburg<\/a>, im Westen des Landkreises Nordwestmecklenburg.<\/p>\n<p>&nbsp;<\/p>\n<h4>TOURISMUS &amp; SEHENSWERTES<\/h4>\n<p>Der Tourismus hat, eine wesentliche wirtschaftliche Bedeutung, im Landkreis Nordwestmecklenburg. Zu den beliebtesten Sehensw\u00fcrdigkeiten im Landkreis Nordwestmecklenburg z\u00e4hlen, neben der Hansestadt Wismar &#8211; mit den sch\u00f6nen historischen Bauwerken im Stadtkern, auch, das \u00fcberregional bekannte <em><a href=\"https:\/\/www.mariostark.com\/de\/immobilien\/schloesser-herrenhaeuser\/\">Schloss<\/a> Bothmer<\/em> &#8211; in der Stadt Kl\u00fctz. Sehenswert sind unter anderem auch, die vielen kleinen Orte entlang der sch\u00f6nen Ostseek\u00fcste, sowie, die sehr beliebte <em>Ostseeinsel Poel &#8211;<\/em> als eines der wichtigsten touristischen Reiseziele im Landkreis Nordwestmecklenburg.<\/p>\n<p>&nbsp;<\/p>\n<h4>ST\u00c4DTE UND GEMEINDEN<\/h4>\n<p>Gr\u00f6\u00dfere St\u00e4dte im Landkreis Nordwestmecklenburg sind, die <em>Hansestadt Wismar<\/em> und die Stadt Grevesm\u00fchlen. Weitere bekannte St\u00e4dte im Kreisgebiet sind, beispielsweise, Gadebusch und Neukloster, <em>Kl\u00fctz<\/em>, Rehna und Dassow, sowie, Sch\u00f6nberg und Warin. Zu den bekanntesten Gemeinden des Landkreises Nordwestmecklenburg geh\u00f6ren, unter anderem, Bad Kleinen, Bobitz und Boltenhagen, Dorf Mecklenburg, L\u00fctzow und Br\u00fcsewitz, G\u00e4gelow und Neuburg, sowie, L\u00fcdersdorf und Selmsdorf.<\/p>\n<p>&nbsp;<\/p>\n<h4>VERKEHRSSTRUKTUR<\/h4>\n<p>Durch den Landkreis Nordwestmecklenburg verlaufen, die wichtigen deutschen Bundesautobahnen &#8211; A 20 (Richtung: L\u00fcbeck und Rostock), sowie, die A 14 (Richtung: <a href=\"https:\/\/www.mariostark.com\/de\/immobilien\/schwerin\/\">Schwerin<\/a>). Mehrere Bundesstra\u00dfen verbinden den Landkreis Nordwestmecklenburg, mit der <em>Region Rostock<\/em> im Osten, sowie, dem angrenzenden Bundesland Schleswig-Holstein<em>. <\/em>Als<em> w<\/em>ichtige Verkehrsstandorte f\u00fcr den \u00fcberregionalen Bahnverkehr z\u00e4hlen &#8211; Bad Kleinen und <em>Wismar<\/em>.<\/p>\n<p>&nbsp;<\/p>\n<p>&nbsp;<\/p>\n<h3>WOHNEN IM LANDKREIS <a href=\"#NORDWESTMECKLENBURG\">#NORDWESTMECKLENBURG<\/a> &#8211; MARIO STARK IMMOBILIEN &#8211; <span style=\"color: #333333;\"><a href=\"#MARIOSTARK\">#MARIOSTARK<\/a><\/span><\/h3>\n<p>&nbsp;<\/p>\n<h4>LANDKREIS NORDWESTMECKLENBURG: IMMOBILIEN KAUFEN &amp; VERKAUFEN<\/h4>\n<p>Gerne beraten wir Sie, bei Fragen, zum Immobilienverkauf, einer Immobilienbewertung oder einer <a href=\"https:\/\/www.mariostark.com\/de\/immobilien\/immobilienbesichtigung\/\">Immobilienbesichtigung<\/a> von <a href=\"https:\/\/www.mariostark.com\/de\/immobilien\/einfamilienhaeuser\/\">Einfamilienh\u00e4usern<\/a> &amp; Ferienimmobilien im Landkreis Nordwestmecklenburg.<\/p>\n<p>&nbsp;<\/p>\n<h4>&gt; <a href=\"https:\/\/www.mariostark.com\/de\/kontakt\/\"><em>Kontakt<\/em><\/a><\/h4>\n<p>&nbsp;<\/p>\n<h4>&gt; <a href=\"https:\/\/www.mariostark.com\/de\/immobilien\/immobilien-verkaufen\/\"><em>Immobilien verkaufen<\/em><\/a><\/h4>\n<p>&nbsp;<\/p>\n<h4>&gt; <a href=\"https:\/\/www.mariostark.com\/de\/immobilien\/immobilienbewertung\/\"><em>Immobilienbewertung<\/em><\/a><\/h4>\n<p>&nbsp;<\/p>\n<p>Weitere Informationen auf <a href=\"https:\/\/www.mariostark.com\/de\/immobilien\"><strong>mariostark.com\/de\/immobilien<\/strong><\/a>.<\/p>\n<p>&nbsp;<\/p>\n<p>&nbsp;<\/p>\n<p>&nbsp;<\/p>\n<p>&nbsp;<\/p>\n<h4 style=\"text-align: center;\"><span style=\"color: #999999;\">Mehr.<\/span><\/h4>\n<h6 style=\"text-align: center;\"><span style=\"color: #808080;\"><a style=\"color: #808080;\" href=\"https:\/\/www.facebook.com\/mariostarkofficial\">Facebook<\/a> \u00a0\u00a0 <a style=\"color: #808080;\" href=\"http:\/\/www.twitter.com\/mariostarkcom\">Twitter<\/a> \u00a0\u00a0 <a style=\"color: #808080;\" href=\"https:\/\/www.instagram.com\/mariostarkofficial\">Instagram<\/a>\u00a0\u00a0\u00a0 <a style=\"color: #808080;\" href=\"https:\/\/www.youtube.com\/c\/mariostarkofficial\">Youtube<\/a>\u00a0\u00a0\u00a0 <a style=\"color: #808080;\" href=\"http:\/\/www.pinterest.com\/mariostarkcom\">Pinterest<\/a><\/span><\/h6>\n<p>&nbsp;<\/p>","protected":false},"excerpt":{"rendered":"<p>IMMOBILIEN IM LANDKREIS NORDWESTMECKLENBURG &#8211; IMMOBILIEN, VILLEN, H\u00c4USER &amp; WOHNUNGEN ZUM KAUF &#8211; MARIO STARK &nbsp; &nbsp; Der Landkreis Nordwestmecklenburg ist, ein Landkreis im Nordwesten &#8211; des deutschen Bundeslandes Mecklenburg-Vorpommern (MV). Die Hansestadt Wismar ist die, nach Einwohnern, gr\u00f6\u00dfte Stadt &hellip; <a href=\"https:\/\/www.mariostark.com\/de\/immobilien\/landkreis-nordwestmecklenburg\/\">Weiterlesen<\/a><\/p>\n","protected":false},"author":2,"featured_media":0,"parent":41,"menu_order":0,"comment_status":"closed","ping_status":"closed","template":"template-midsize.php","meta":{"footnotes":""},"class_list":["post-9672","page","type-page","status-publish","hentry"],"_links":{"self":[{"href":"https:\/\/www.mariostark.com\/de\/wp-json\/wp\/v2\/pages\/9672","targetHints":{"allow":["GET"]}}],"collection":[{"href":"https:\/\/www.mariostark.com\/de\/wp-json\/wp\/v2\/pages"}],"about":[{"href":"https:\/\/www.mariostark.com\/de\/wp-json\/wp\/v2\/types\/page"}],"author":[{"embeddable":true,"href":"https:\/\/www.mariostark.com\/de\/wp-json\/wp\/v2\/users\/2"}],"replies":[{"embeddable":true,"href":"https:\/\/www.mariostark.com\/de\/wp-json\/wp\/v2\/comments?post=9672"}],"version-history":[{"count":6,"href":"https:\/\/www.mariostark.com\/de\/wp-json\/wp\/v2\/pages\/9672\/revisions"}],"predecessor-version":[{"id":14822,"href":"https:\/\/www.mariostark.com\/de\/wp-json\/wp\/v2\/pages\/9672\/revisions\/14822"}],"up":[{"embeddable":true,"href":"https:\/\/www.mariostark.com\/de\/wp-json\/wp\/v2\/pages\/41"}],"wp:attachment":[{"href":"https:\/\/www.mariostark.com\/de\/wp-json\/wp\/v2\/media?parent=9672"}],"curies":[{"name":"wp","href":"https:\/\/api.w.org\/{rel}","templated":true}]}}