{"id":9650,"date":"2016-12-07T14:40:30","date_gmt":"2016-12-07T12:40:30","guid":{"rendered":"https:\/\/www.mariostark.com\/?page_id=9650"},"modified":"2019-04-13T12:09:29","modified_gmt":"2019-04-13T10:09:29","slug":"landkreis-ludwigslust-parchim","status":"publish","type":"page","link":"https:\/\/www.mariostark.com\/de\/immobilien\/landkreis-ludwigslust-parchim\/","title":{"rendered":"Immobilien im Landkreis Ludwigslust-Parchim"},"content":{"rendered":"<h3>IMMOBILIEN IM LANDKREIS LUDWIGSLUST-PARCHIM &#8211; IMMOBILIEN, VILLEN, H\u00c4USER &amp; WOHNUNGEN ZUM KAUF &#8211; MARIO STARK<\/h3>\n<p>&nbsp;<\/p>\n<p>&nbsp;<\/p>\n<p>Der <strong>Landkreis Ludwigslust-Parchim<\/strong> ist ein Landkreis, im deutschen Bundesland <a href=\"https:\/\/www.mariostark.com\/de\/immobilien\/mecklenburg-vorpommern\/\">Mecklenburg-Vorpommern<\/a> (<em>MV<\/em>). Der Landkreis Ludwigslust-Parchim ist, nach der Fl\u00e4che, einer der gr\u00f6\u00dften Landkreise <a href=\"https:\/\/www.mariostark.com\/de\/immobilien\/deutschland\/\">Deutschlands<\/a> und liegt, im S\u00fcdwesten des Bundeslandes Mecklenburg-Vorpommern. Die Mecklenburgische Stadt Parchim ist, Sitz der Verwaltungen des Landkreises. Begehrte Lagen f\u00fcr Wohn- und <a href=\"https:\/\/www.mariostark.com\/de\/immobilien\/ferienimmobilien\/\">Ferienimmobilien<\/a> im Landkreis Ludwigslust-Parchim finden sich, unter anderem, in der <em>Stadt Ludwigslust<\/em>, der Region um den Plauer See, sowie, im so genannten &#8222;Speckg\u00fcrtel&#8220; der angrenzenden Landeshauptstadt Mecklenburg-Vorpommerns &#8211; <a href=\"https:\/\/www.mariostark.com\/de\/immobilien\/schwerin\/\">Schwerin<\/a>.<\/p>\n<p>&nbsp;<\/p>\n<h4>LAGE<\/h4>\n<p>Der <em>Landkreis Ludwigslust-Parchim<\/em> liegt, im S\u00fcdwesten Mecklenburg-Vorpommerns und grenzt, an den <a href=\"https:\/\/www.mariostark.com\/de\/immobilien\/landkreis-rostock\/\">Landkreis Rostock<\/a>, den\u00a0<a href=\"https:\/\/www.mariostark.com\/de\/immobilien\/landkreis-mecklenburgische-seenplatte\/\">Landkreis Mecklenburgische Seenplatte<\/a>, den <a href=\"https:\/\/www.mariostark.com\/de\/immobilien\/landkreis-nordwestmecklenburg\/\">Landkreis Nordwestmecklenburg<\/a> und die <a href=\"https:\/\/www.mariostark.com\/de\/immobilien\/schwerin\/\">Landeshauptstadt Schwerin<\/a> &#8211; im Bundesland Mecklenburg-Vorpommern, sowie, an den Landkreis Prignitz &#8211; im <a href=\"https:\/\/www.mariostark.com\/de\/immobilien\/brandenburg\/\">Bundesland Brandenburg<\/a>, den Kreis Herzogtum Lauenburg &#8211; in <a href=\"https:\/\/www.mariostark.com\/de\/immobilien\/schleswig-holstein\/\">Schleswig-Holstein<\/a> und, die Landkreise L\u00fcneburg und L\u00fcchow-Dannenberg &#8211; im <a href=\"https:\/\/www.mariostark.com\/de\/immobilien\/niedersachsen\/\">Bundesland Niedersachsen<\/a>. Die n\u00e4chstgr\u00f6\u00dferen St\u00e4dte sind, neben der Landeshauptstadt Schwerin, die <a href=\"https:\/\/www.mariostark.com\/de\/immobilien\/rostock\/\">Hansestadt Rostock<\/a> im Norden, sowie, die Metropolen &#8211; <a href=\"https:\/\/www.mariostark.com\/de\/immobilien\/hamburg\/\">Hamburg<\/a> im Westen und <a href=\"https:\/\/www.mariostark.com\/de\/immobilien\/berlin\/\">Berlin<\/a>\u00a0im S\u00fcdosten, des Landkreises Ludwigslust-Parchim.<\/p>\n<p>&nbsp;<\/p>\n<h4>TOURISMUS IM LANDKREIS LUDWIGSLUST-PARCHIM<\/h4>\n<p>Der Tourismus hat eine gro\u00dfe wirtschaftliche Bedeutung, im Landkreis Ludwigslust-Parchim. Zahlreiche kleinere Pensionen, Hotels und <a href=\"https:\/\/www.mariostark.com\/de\/immobilien\/ferienwohnungen\/\"><em>Ferienwohnungen<\/em><\/a> sind, \u00fcber das Kreisgebiet verteilt. Zu den bekanntesten Regionen im Landkreis Ludwigslust-Parchim z\u00e4hlen, beispielsweise, die Sternberger Seenlandschaft oder die beliebte Urlaubsregion &#8211; um den <em>Plauer See<\/em>.<\/p>\n<p>&nbsp;<\/p>\n<h4>SEHENSWERTES<\/h4>\n<p>Zu den beliebtesten Sehensw\u00fcrdigkeiten im Landkreis Ludwigslust-Parchim z\u00e4hlt, sicher, das \u00fcberregional bekannte\u00a0<em><a href=\"https:\/\/www.mariostark.com\/de\/immobilien\/schloesser-herrenhaeuser\/\">Schloss<\/a> Ludwigslust<\/em> mit dem sch\u00f6nen Schlosspark. Sehenswert sind unter anderem auch, das Kloster in Dobbertin und die Region um den beliebten Plauer See. Die angrenzende Landeshauptstadt Schwerin ist, mit Ihren zahlreichen historischen Bauwerken und kulturellen Angeboten, ebenfalls sehr sehenswert!<\/p>\n<p>&nbsp;<\/p>\n<h4>ST\u00c4DTE &amp; GEMEINDEN<\/h4>\n<p>Die gr\u00f6\u00dferen St\u00e4dte im Landkreis Ludwigslust-Parchim sind, neben der <em>Kreisstadt Parchim &#8211;<\/em> Ludwigslust und Hagenow. Weitere wichtige St\u00e4dte des Landkreises sind, unter anderem, Boizenburg\/Elbe, Goldberg, D\u00f6mitz, Wittenburg und Neustadt-Glewe, sowie, Grabow, Br\u00fcel, L\u00fcbz und <em>Plau am See<\/em>. Bekannte Gemeinden und St\u00e4dte im Landkreis Ludwigslust-Parchim sind, beispielsweise, die Gemeinden in &#8211; Nostorf, Dobin am See und Banzkow, die St\u00e4dte &#8211; Crivitz und D\u00f6mitz, Wittenf\u00f6rden, sowie, Dobbertin und Zarrentin am Schaalsee.<\/p>\n<p>&nbsp;<\/p>\n<h4>VERKEHR<\/h4>\n<p>Durch den Landkreis Ludwigslust-Parchim verlaufen, die wichtigen deutschen Bundesautobahnen &#8211; A 24 (Berlin-Hamburg), sowie, die A 14 &#8211; in Richtung Schwerin und Wismar. Mehrere Bundesstra\u00dfen verbinden den Landkreis Ludwigslust-Parchim, mit der <em>Region Rostock<\/em> im Norden, den angrenzenden Bundesl\u00e4ndern &#8211; Niedersachsen, Schleswig-Holstein und Brandenburg, sowie, den gro\u00dfen Ballungsr\u00e4umen in Berlin und Hamburg.<\/p>\n<p>&nbsp;<\/p>\n<p>&nbsp;<\/p>\n<h3>WOHNEN IM LANDKREIS <a href=\"#LUDWIGSLUST_PARCHIM\">#LUDWIGSLUST_PARCHIM<\/a> &#8211; MARIO STARK IMMOBILIEN &#8211; <span style=\"color: #333333;\"><a href=\"#MARIOSTARK\">#MARIOSTARK<\/a><\/span><\/h3>\n<p>&nbsp;<\/p>\n<h4>LANDKREIS LUDWIGSLUST-PARCHIM: IMMOBILIEN KAUFEN &amp; VERKAUFEN<\/h4>\n<p>Gerne beraten wir Sie, bei Fragen, zum Immobilienverkauf, einer Immobilienbewertung oder einer <a href=\"https:\/\/www.mariostark.com\/de\/immobilien\/immobilienbesichtigung\/\">Immobilienbesichtigung<\/a> von <a href=\"https:\/\/www.mariostark.com\/de\/immobilien\/einfamilienhaeuser\/\">Einfamilienh\u00e4usern<\/a> &amp; Ferienimmobilien im Landkreis Ludwigslust-Parchim.<\/p>\n<p>&nbsp;<\/p>\n<h4>&gt; <a href=\"https:\/\/www.mariostark.com\/de\/kontakt\/\"><em>Kontakt<\/em><\/a><\/h4>\n<p>&nbsp;<\/p>\n<h4>&gt; <a href=\"https:\/\/www.mariostark.com\/de\/immobilien\/immobilien-verkaufen\/\"><em>Immobilien verkaufen<\/em><\/a><\/h4>\n<p>&nbsp;<\/p>\n<h4>&gt; <a href=\"https:\/\/www.mariostark.com\/de\/immobilien\/immobilienbewertung\/\"><em>Immobilienbewertung<\/em><\/a><\/h4>\n<p>&nbsp;<\/p>\n<p>Weitere Informationen auf <a href=\"https:\/\/www.mariostark.com\/de\/immobilien\"><strong>mariostark.com\/de\/immobilien<\/strong><\/a>.<\/p>\n<p>&nbsp;<\/p>\n<p>&nbsp;<\/p>\n<p>&nbsp;<\/p>\n<p>&nbsp;<\/p>\n<h4 style=\"text-align: center;\"><span style=\"color: #999999;\">Mehr.<\/span><\/h4>\n<h6 style=\"text-align: center;\"><span style=\"color: #808080;\"><a style=\"color: #808080;\" href=\"https:\/\/www.facebook.com\/mariostarkofficial\">Facebook<\/a> \u00a0\u00a0 <a style=\"color: #808080;\" href=\"http:\/\/www.twitter.com\/mariostarkcom\">Twitter<\/a> \u00a0\u00a0 <a style=\"color: #808080;\" href=\"https:\/\/www.instagram.com\/mariostarkofficial\">Instagram<\/a>\u00a0\u00a0\u00a0 <a style=\"color: #808080;\" href=\"https:\/\/www.youtube.com\/c\/mariostarkofficial\">Youtube<\/a>\u00a0\u00a0\u00a0 <a style=\"color: #808080;\" href=\"http:\/\/www.pinterest.com\/mariostarkcom\">Pinterest<\/a><\/span><\/h6>\n<p>&nbsp;<\/p>","protected":false},"excerpt":{"rendered":"<p>IMMOBILIEN IM LANDKREIS LUDWIGSLUST-PARCHIM &#8211; IMMOBILIEN, VILLEN, H\u00c4USER &amp; WOHNUNGEN ZUM KAUF &#8211; MARIO STARK &nbsp; &nbsp; Der Landkreis Ludwigslust-Parchim ist ein Landkreis, im deutschen Bundesland Mecklenburg-Vorpommern (MV). Der Landkreis Ludwigslust-Parchim ist, nach der Fl\u00e4che, einer der gr\u00f6\u00dften Landkreise Deutschlands &hellip; <a href=\"https:\/\/www.mariostark.com\/de\/immobilien\/landkreis-ludwigslust-parchim\/\">Weiterlesen<\/a><\/p>\n","protected":false},"author":2,"featured_media":0,"parent":41,"menu_order":0,"comment_status":"closed","ping_status":"closed","template":"template-midsize.php","meta":{"footnotes":""},"class_list":["post-9650","page","type-page","status-publish","hentry"],"_links":{"self":[{"href":"https:\/\/www.mariostark.com\/de\/wp-json\/wp\/v2\/pages\/9650","targetHints":{"allow":["GET"]}}],"collection":[{"href":"https:\/\/www.mariostark.com\/de\/wp-json\/wp\/v2\/pages"}],"about":[{"href":"https:\/\/www.mariostark.com\/de\/wp-json\/wp\/v2\/types\/page"}],"author":[{"embeddable":true,"href":"https:\/\/www.mariostark.com\/de\/wp-json\/wp\/v2\/users\/2"}],"replies":[{"embeddable":true,"href":"https:\/\/www.mariostark.com\/de\/wp-json\/wp\/v2\/comments?post=9650"}],"version-history":[{"count":5,"href":"https:\/\/www.mariostark.com\/de\/wp-json\/wp\/v2\/pages\/9650\/revisions"}],"predecessor-version":[{"id":14818,"href":"https:\/\/www.mariostark.com\/de\/wp-json\/wp\/v2\/pages\/9650\/revisions\/14818"}],"up":[{"embeddable":true,"href":"https:\/\/www.mariostark.com\/de\/wp-json\/wp\/v2\/pages\/41"}],"wp:attachment":[{"href":"https:\/\/www.mariostark.com\/de\/wp-json\/wp\/v2\/media?parent=9650"}],"curies":[{"name":"wp","href":"https:\/\/api.w.org\/{rel}","templated":true}]}}