{"id":9596,"date":"2016-12-04T16:17:27","date_gmt":"2016-12-04T14:17:27","guid":{"rendered":"https:\/\/www.mariostark.com\/?page_id=9596"},"modified":"2019-04-13T12:33:12","modified_gmt":"2019-04-13T10:33:12","slug":"schleswig-holstein","status":"publish","type":"page","link":"https:\/\/www.mariostark.com\/de\/immobilien\/schleswig-holstein\/","title":{"rendered":"Immobilien in Schleswig-Holstein"},"content":{"rendered":"<h3>IMMOBILIENMAKLER F\u00dcR SCHLESWIG-HOLSTEIN &#8211; IMMOBILIEN, H\u00c4USER, VILLEN &amp; WOHNUNGEN ZUM KAUF &#8211; MARIO STARK<\/h3>\n<p>&nbsp;<\/p>\n<p>&nbsp;<\/p>\n<p><strong>Schleswig-Holstein<\/strong> (<em>Abk.<\/em>: SH) ist, ein deutsches Bundesland und liegt &#8211; im Norden der <a href=\"https:\/\/www.mariostark.com\/de\/immobilien\/deutschland\/\">Bundesrepublik Deutschland<\/a>. Die Landeshauptstadt Kiel ist, mit Sitz des Landtages Schleswig-Holstein und der Landesregierung, das Politische Zentrum des Bundeslandes Schleswig-Holstein. Bevorzugte Wohnlagen finden sich, im Bundesland Schleswig-Holstein, vor allem in den beliebten Seeb\u00e4dern (entlang der sch\u00f6nen <a href=\"https:\/\/www.mariostark.com\/de\/immobilien\/ostsee\/\">Ostseek\u00fcste<\/a>), sowie, auf der bekannten Nordfriesischen <em>Insel Sylt<\/em> und den Gro\u00dfst\u00e4dten &#8211; Kiel und <a href=\"https:\/\/www.mariostark.com\/de\/immobilien\/luebeck\/\">L\u00fcbeck<\/a>.<\/p>\n<p>&nbsp;<\/p>\n<h4>LAGE<\/h4>\n<p>Schleswig-Holstein ist, das n\u00f6rdlichste Bundesland der Bundesrepublik Deutschland und liegt, zwischen der <em>Ostsee &#8211;<\/em> im Osten und der Nordsee &#8211; im Westen. Schleswig-Holstein grenzt, an die anderen deutschen Bundesl\u00e4nder &#8211; <a href=\"https:\/\/www.mariostark.com\/de\/immobilien\/hamburg\/\">Hamburg<\/a>, <a href=\"https:\/\/www.mariostark.com\/de\/immobilien\/mecklenburg-vorpommern\/\">Mecklenburg-Vorpommern<\/a> und <a href=\"https:\/\/www.mariostark.com\/de\/immobilien\/niedersachsen\/\">Niedersachsen<\/a>, sowie, im Norden &#8211; an das EU-Nachbarland D\u00e4nemark.<\/p>\n<p>&nbsp;<\/p>\n<h4>SCHLESWIG-HOLSTEIN<\/h4>\n<p><em>Schleswig-Holstein<\/em> ist (nach der Fl\u00e4che), eines der kleinsten deutschen Bundesl\u00e4nder. Zum Bundesland <em>Schleswig-Holstein<\/em> geh\u00f6ren auch, mehrere bekannte deutsche Inseln, wie beispielsweise, <em>Fehmarn<\/em> und Helgoland, oder, die beliebten <em>Nordfriesischen Inseln &#8211;<\/em> Sylt, Amrum und F\u00f6hr. Zu den bekanntesten Regionen Schleswig-Holsteins geh\u00f6ren, unter anderem, Nordfriesland, die Holsteinische Schweiz, Ostholstein, das Herzogtum Lauenburg, oder, die Schleswigsche Geest. Die Gro\u00dfst\u00e4dte des Bundeslandes Schleswig-Holstein &#8211; die <em>Landeshauptstadt Kiel<\/em> und die Hansestadt L\u00fcbeck &#8211; gelten als wichtige gesellschaftliche, wirtschaftliche und kulturelle Zentren im Land. Zu den bekanntesten regelm\u00e4\u00dfigen Veranstaltungen in Schleswig-Holstein z\u00e4hlen, beispielsweise, die \u00fcber die Landesgrenzen hinaus bekannte &#8222;Kieler Woche&#8220;, die Travem\u00fcnder Woche, oder auch, das ber\u00fchmte Schleswig-Holstein Musik Festival.<\/p>\n<p>&nbsp;<\/p>\n<h4>ST\u00c4DTE &amp; LANDKREISE<\/h4>\n<p>Zu den gr\u00f6\u00dferen St\u00e4dten Schleswig-Holsteins geh\u00f6ren, neben der Landeshauptstadt Kiel, unter anderem auch, die <em>Hansestadt L\u00fcbeck<\/em>, Flensburg und Neum\u00fcnster. Weitere bekannte Schleswig-Holsteinische St\u00e4dte sind, unter anderem, Pl\u00f6n, Norderstedt, Husum, Elmshorn und Itzehoe, sowie, Pinneberg und Rendsburg. Bekannte Landkreise in Schleswig-Holstein sind, beispielsweise, der Kreis Nordfriesland, der Kreis Pinneberg, der Kreis Ostholstein, oder, die Kreise &#8211; Segeberg und Schleswig-Flensburg.<\/p>\n<p>&nbsp;<\/p>\n<h4>TOURISMUS IN SCHLESWIG-HOLSTEIN<\/h4>\n<p>Das Bundesland Schleswig-Holstein geh\u00f6rt, zu den beliebtesten Urlaubsregionen Deutschlands. Daher ist der Tourismus, auch ein bedeutender Wirtschaftszweig des Landes. Besonders die beliebten <em>Ostseeb\u00e4der<\/em> an der Schleswig-Holsteinischen Ostseek\u00fcste (wie: Timmendorfer Strand), oder auch, die prominente Nordfriesische Insel &#8211; Sylt &#8211; ziehen jedes Jahr, viele regionale und \u00fcberregionale G\u00e4ste an.<\/p>\n<p>&nbsp;<\/p>\n<h4>INFRASTRUKTUR<\/h4>\n<p>Mit dem <em>Nord-Ostsee-Kanal<\/em> verl\u00e4uft, einer der meist befahrenen Kan\u00e4le der Welt durch das deutsche Bundesland Schleswig-Holstein und ist so, eine der wichtigsten internationalen Schifffahrtsstra\u00dfen. Wichtige Verkehrsstandorte des Landes sind, beispielsweise, die Bahnh\u00f6fe in Kiel, L\u00fcbeck und auch <em><a href=\"https:\/\/www.mariostark.com\/de\/immobilien\/westerland\/\">Westerland auf Sylt<\/a> &#8211;<\/em> die das Land Schleswig-Holstein &#8211; mit der Metropole Hamburg und damit auch, vielen innerdeutschen St\u00e4dten, verbinden. Mehrere wichtige deutsche Bundesautobahnen, wie die A 1 (von Hamburg nach L\u00fcbeck), die A 7 (in Richtung Flensburg), die A 20 (in Richtung der <a href=\"https:\/\/www.mariostark.com\/de\/immobilien\/rostock\/\">Hansestadt Rostock<\/a>), oder, die bekannte A 24 (von Hamburg nach <a href=\"https:\/\/www.mariostark.com\/de\/immobilien\/berlin\/\">Berlin<\/a>) verlaufen, durch das Landesgebiet Schleswig-Holsteins. Zus\u00e4tzlich erschlie\u00dft eine Vielzahl von Bundesstra\u00dfen, das Land <em>Schleswig-Holstein<\/em>.<\/p>\n<p>&nbsp;<\/p>\n<h4>IMMOBILIEN IN SCHLESWIG-HOLSTEIN<\/h4>\n<p>In Schleswig-Holstein gibt es, mehrere Regionen, die f\u00fcr exklusive Wohnlagen bekannt sind. Allen voran ist dies, die beliebte <a href=\"https:\/\/www.mariostark.com\/de\/immobilien\/sylt\/\"><em>Urlaubsinsel Sylt<\/em><\/a> &#8211; die auch \u00fcberregional &#8211; als besonders begehrte und auch teure Wohnlage f\u00fcr <a href=\"https:\/\/www.mariostark.com\/de\/immobilien\/immobilien-kaufen-verkaufen\/\">Immobilien<\/a>, wie <a href=\"https:\/\/www.mariostark.com\/de\/immobilien\/haeuser\/\">H\u00e4user<\/a>, <a href=\"https:\/\/www.mariostark.com\/de\/immobilien\/villen\/\"><em>Villen<\/em><\/a> und <a href=\"https:\/\/www.mariostark.com\/de\/immobilien\/wohnungen\/\">Wohnungen<\/a>, gilt. Auch die bekannten Ostseeb\u00e4der Schleswig-Holsteins, wie beispielsweise, der <a href=\"https:\/\/www.mariostark.com\/de\/immobilien\/timmendorfer-strand\/\">Timmendorfer Strand<\/a> &#8211; z\u00e4hlen zu den bevorzugten Immobilienstandorten im Land.<\/p>\n<p>&nbsp;<\/p>\n<p>&nbsp;<\/p>\n<h3>WOHNEN IN\u00a0<a href=\"#SCHLESWIG_HOLSTEIN\">#SCHLESWIG_HOLSTEIN<\/a>\u00a0&#8211; MARIO STARK IMMOBILIEN &#8211; <span style=\"color: #333333;\"><a href=\"#MARIOSTARK\">#MARIOSTARK<\/a><\/span><\/h3>\n<p>&nbsp;<\/p>\n<h4>SCHLESWIG-HOLSTEIN: IMMOBILIEN KAUFEN &amp; VERKAUFEN<\/h4>\n<p>Gerne beraten wir Sie, bei Fragen, zum Immobilienverkauf, einer Immobilienbewertung oder der <a href=\"https:\/\/www.mariostark.com\/de\/immobilien\/immobilienbesichtigung\/\">Immobilienbesichtigung<\/a> von <a href=\"https:\/\/www.mariostark.com\/de\/immobilien\/einfamilienhaeuser\/\">Einfamilienh\u00e4usern<\/a>, <a href=\"https:\/\/www.mariostark.com\/de\/immobilien\/villen\/\">Villen<\/a> &amp; <a href=\"https:\/\/www.mariostark.com\/de\/immobilien\/eigentumswohnungen\/\">Eigentumswohnungen<\/a> im Bundesland <em>Schleswig-Holstein<\/em>.<\/p>\n<p>&nbsp;<\/p>\n<h4>&gt; <a href=\"https:\/\/www.mariostark.com\/de\/kontakt\/\"><em>Kontakt<\/em><\/a><\/h4>\n<p>&nbsp;<\/p>\n<h4>&gt; <a href=\"https:\/\/www.mariostark.com\/de\/immobilien\/immobilien-verkaufen\/\"><em>Immobilien verkaufen<\/em><\/a><\/h4>\n<p>&nbsp;<\/p>\n<h4>&gt; <a href=\"https:\/\/www.mariostark.com\/de\/immobilien\/immobilienbewertung\/\"><em>Immobilienbewertung<\/em><\/a><\/h4>\n<p>&nbsp;<\/p>\n<p>Weitere Informationen auf <a href=\"https:\/\/www.mariostark.com\/de\/immobilien\"><strong>mariostark.com\/de\/immobilien<\/strong><\/a>.<\/p>\n<p>&nbsp;<\/p>\n<p>&nbsp;<\/p>\n<p>&nbsp;<\/p>\n<p>&nbsp;<\/p>\n<h4 style=\"text-align: center;\"><span style=\"color: #999999;\">Mehr.<\/span><\/h4>\n<h6 style=\"text-align: center;\"><span style=\"color: #808080;\"><a style=\"color: #808080;\" href=\"https:\/\/www.facebook.com\/mariostarkofficial\">Facebook<\/a> \u00a0\u00a0 <a style=\"color: #808080;\" href=\"http:\/\/www.twitter.com\/mariostarkcom\">Twitter<\/a> \u00a0\u00a0 <a style=\"color: #808080;\" href=\"https:\/\/www.instagram.com\/mariostarkofficial\">Instagram<\/a>\u00a0\u00a0\u00a0 <a style=\"color: #808080;\" href=\"https:\/\/www.youtube.com\/c\/mariostarkofficial\">Youtube<\/a>\u00a0\u00a0\u00a0 <a style=\"color: #808080;\" href=\"http:\/\/www.pinterest.com\/mariostarkcom\">Pinterest<\/a><\/span><\/h6>\n<p>&nbsp;<\/p>","protected":false},"excerpt":{"rendered":"<p>IMMOBILIENMAKLER F\u00dcR SCHLESWIG-HOLSTEIN &#8211; IMMOBILIEN, H\u00c4USER, VILLEN &amp; WOHNUNGEN ZUM KAUF &#8211; MARIO STARK &nbsp; &nbsp; Schleswig-Holstein (Abk.: SH) ist, ein deutsches Bundesland und liegt &#8211; im Norden der Bundesrepublik Deutschland. Die Landeshauptstadt Kiel ist, mit Sitz des Landtages Schleswig-Holstein &hellip; <a href=\"https:\/\/www.mariostark.com\/de\/immobilien\/schleswig-holstein\/\">Weiterlesen<\/a><\/p>\n","protected":false},"author":2,"featured_media":0,"parent":41,"menu_order":0,"comment_status":"closed","ping_status":"closed","template":"template-midsize.php","meta":{"footnotes":""},"class_list":["post-9596","page","type-page","status-publish","hentry"],"_links":{"self":[{"href":"https:\/\/www.mariostark.com\/de\/wp-json\/wp\/v2\/pages\/9596","targetHints":{"allow":["GET"]}}],"collection":[{"href":"https:\/\/www.mariostark.com\/de\/wp-json\/wp\/v2\/pages"}],"about":[{"href":"https:\/\/www.mariostark.com\/de\/wp-json\/wp\/v2\/types\/page"}],"author":[{"embeddable":true,"href":"https:\/\/www.mariostark.com\/de\/wp-json\/wp\/v2\/users\/2"}],"replies":[{"embeddable":true,"href":"https:\/\/www.mariostark.com\/de\/wp-json\/wp\/v2\/comments?post=9596"}],"version-history":[{"count":6,"href":"https:\/\/www.mariostark.com\/de\/wp-json\/wp\/v2\/pages\/9596\/revisions"}],"predecessor-version":[{"id":14874,"href":"https:\/\/www.mariostark.com\/de\/wp-json\/wp\/v2\/pages\/9596\/revisions\/14874"}],"up":[{"embeddable":true,"href":"https:\/\/www.mariostark.com\/de\/wp-json\/wp\/v2\/pages\/41"}],"wp:attachment":[{"href":"https:\/\/www.mariostark.com\/de\/wp-json\/wp\/v2\/media?parent=9596"}],"curies":[{"name":"wp","href":"https:\/\/api.w.org\/{rel}","templated":true}]}}