{"id":9584,"date":"2016-12-03T16:57:50","date_gmt":"2016-12-03T14:57:50","guid":{"rendered":"https:\/\/www.mariostark.com\/?page_id=9584"},"modified":"2019-04-13T12:18:50","modified_gmt":"2019-04-13T10:18:50","slug":"bremen","status":"publish","type":"page","link":"https:\/\/www.mariostark.com\/de\/immobilien\/bremen\/","title":{"rendered":"Immobilien in Bremen"},"content":{"rendered":"<h3>IMMOBILIENMAKLER F\u00dcR BREMEN &amp; UMGEBUNG &#8211; IMMOBILIEN, H\u00c4USER, VILLEN &amp; WOHNUNGEN ZUM KAUF &#8211; MARIO STARK<\/h3>\n<p>&nbsp;<\/p>\n<p>&nbsp;<\/p>\n<p>Die <strong>Freie Hansestadt Bremen<\/strong> (<em>Abk.<\/em>: HB) ist, eine deutsche Stadt und zugleich, ein Bundesland der <a href=\"https:\/\/www.mariostark.com\/de\/immobilien\/deutschland\/\">Bundesrepublik Deutschland<\/a>. Zum Stadtstaat Bremen geh\u00f6rt auch, die n\u00f6rdlich gelegene Stadt Bremerhaven.<\/p>\n<p>&nbsp;<\/p>\n<h4>LAGE<\/h4>\n<p>Bremen liegt am Fluss <em>Weser<\/em>, im Norden der Bundesrepublik Deutschland (DE). Die Freie Hansestadt Bremen wird geografisch, ganz, vom deutschen <a href=\"https:\/\/www.mariostark.com\/de\/immobilien\/niedersachsen\/\">Bundesland Niedersachsen<\/a> umgeben. Angrenzende Landkreise und St\u00e4dte sind, unter anderem, der Landkreis Osterholz, die Landkreise &#8211; Verden und Diepholz, sowie, im Westen &#8211; die <em>Stadt Delmenhorst<\/em>. Die angrenzenden Kommunen geh\u00f6ren, teilweise, zum so genannten <em>&#8222;Bremer Speckg\u00fcrtel&#8220;<\/em>.<\/p>\n<p>&nbsp;<\/p>\n<h4>FREIE HANSESTADT BREMEN<\/h4>\n<p>Die <em>Freie Hansestadt Bremen<\/em> ist, eine der gr\u00f6\u00dften St\u00e4dte Norddeutschlands. Mit Ihren zahlreichen Sehensw\u00fcrdigkeiten und kulturellen Einrichtungen ist, die Stadt Bremen, ein sehr beliebtes Reiseziel vieler regionaler und \u00fcberregionaler G\u00e4ste. Der Tourismus ist daher, neben den industriellen Unternehmen in der Stadt, ein wichtiger Wirtschaftszweig im Land Bremen. Im Bremer Stadtgebiet gibt es, au\u00dferdem, viele beliebte Parkanlagen, wie beispielsweise, die Bremer Wallanlagen oder, die Pauliner Marsch in Bremen-Mitte, den B\u00fcrgerpark in Bremen-Ost, den Waller Park in Bremen-West, oder, den Knoops Park in Bremen-Nord.<\/p>\n<p>&nbsp;<\/p>\n<h4>KUNST + KULTUR<\/h4>\n<p>Zu den bekanntesten kulturellen Einrichtungen Bremens geh\u00f6ren, beispielsweise, das Theater Bremen &#8211; das mit mehreren Spielst\u00e4tten im Stadtgebiet (<em>Bsp.<\/em>: dem Theater am Bremer Goetheplatz) sehr beliebt ist. Weitere kulturelle Attraktionen in der Stadt Bremen sind, unter anderem, das \u00fcber die Landesgrenzen hinaus bekannte <em>\u00dcberseemuseum<\/em>\u00a0oder die Kunsthalle Bremen, sowie, das Dom Museum und der <em>Bleikeller<\/em> &#8211; im <em>Bremer Dom<\/em> am Marktplatz.<\/p>\n<p>&nbsp;<\/p>\n<h4>BREMER SEHENSW\u00dcRDIGKEITEN<\/h4>\n<p>Besonders bekannt, sind die historischen Bauwerke und Denkm\u00e4ler um den beliebten Bremer Marktplatz. Dazu geh\u00f6ren, unter anderem, der <em>Roland<\/em> und die weltweit ber\u00fchmten &#8222;<em>Bremer Stadtmusikanten&#8220; &#8211;<\/em> als Wahrzeichen der Stadt Bremen, sowie, das sch\u00f6ne Bremer Rathaus und der beeindruckende Bremer Dom. Sehenswert sind auch, das bekannte &#8222;Schnoorviertel&#8220; in der <em>Bremer Altstadt,<\/em> oder, die beliebte Uferpromenade am <em>Weserufer<\/em>.<\/p>\n<p>&nbsp;<\/p>\n<h4>INFRASTRUKTUR UND VERKEHR<\/h4>\n<p>Der Bremer Hauptbahnhof ist, ein wichtiger Verkehrsstandort der Stadt und verbindet Bremen, mit vielen innerdeutschen St\u00e4dten und Metropolen, wie beispielsweise, der <a href=\"https:\/\/www.mariostark.com\/de\/immobilien\/hamburg\/\">Hansestadt Hamburg<\/a>, <a href=\"https:\/\/www.mariostark.com\/de\/immobilien\/muenchen\/\">M\u00fcnchen<\/a>, <a href=\"https:\/\/www.mariostark.com\/de\/immobilien\/koeln\/\">K\u00f6ln<\/a> und <a href=\"https:\/\/www.mariostark.com\/de\/immobilien\/leipzig\/\">Leipzig<\/a>, sowie, <a href=\"https:\/\/www.mariostark.com\/de\/immobilien\/hannover\/\">Hannover<\/a> und dem Nordrhein-Westf\u00e4lischen Ruhrgebiet. Mehrere deutsche Bundesautobahnen (<em>z.B.<\/em>: die A 1, die A 27 und die A 270) f\u00fchren durch, oder, am Bremer Stadtgebiet vorbei. Auch mehrere wichtige Bundesstra\u00dfen durchqueren, die Stadt Bremen. Der Flughafen Bremen ist, au\u00dferdem, ein wichtiger Verkehrsstandort im nationalen und internationalen Luftverkehr.<\/p>\n<p>&nbsp;<\/p>\n<p>&nbsp;<\/p>\n<h3>WOHNEN IN <a href=\"#BREMEN\">#BREMEN<\/a>\u00a0UND UMGEBUNG &#8211; MARIO STARK IMMOBILIEN &#8211; <span style=\"color: #333333;\"><a href=\"#MARIOSTARK\">#MARIOSTARK<\/a><\/span><\/h3>\n<p>&nbsp;<\/p>\n<h4>BREMEN: IMMOBILIEN KAUFEN &amp; VERKAUFEN<\/h4>\n<p>Gerne beraten wir Sie, bei Fragen, zum Immobilienverkauf, einer Immobilienbewertung oder der <a href=\"https:\/\/www.mariostark.com\/de\/immobilien\/immobilienbesichtigung\/\">Immobilienbesichtigung<\/a> von <a href=\"https:\/\/www.mariostark.com\/de\/immobilien\/einfamilienhaeuser\/\">Einfamilienh\u00e4usern<\/a>, <a href=\"https:\/\/www.mariostark.com\/de\/immobilien\/villen\/\">Villen<\/a> und <a href=\"https:\/\/www.mariostark.com\/de\/immobilien\/eigentumswohnungen\/\">Eigentumswohnungen<\/a> in <em>Bremen<\/em>.<\/p>\n<p>&nbsp;<\/p>\n<h4>&gt; <a href=\"https:\/\/www.mariostark.com\/de\/kontakt\/\"><em>Kontakt<\/em><\/a><\/h4>\n<p>&nbsp;<\/p>\n<h4>&gt; <a href=\"https:\/\/www.mariostark.com\/de\/immobilien\/immobilien-verkaufen\/\"><em>Immobilien verkaufen<\/em><\/a><\/h4>\n<p>&nbsp;<\/p>\n<h4>&gt; <a href=\"https:\/\/www.mariostark.com\/de\/immobilien\/immobilienbewertung\/\"><em>Immobilienbewertung<\/em><\/a><\/h4>\n<p>&nbsp;<\/p>\n<p>Weitere Informationen auf <a href=\"https:\/\/www.mariostark.com\/de\/immobilien\"><strong>mariostark.com\/de\/immobilien<\/strong><\/a>.<\/p>\n<p>&nbsp;<\/p>\n<p>&nbsp;<\/p>\n<p>&nbsp;<\/p>\n<p>&nbsp;<\/p>\n<h4 style=\"text-align: center;\"><span style=\"color: #999999;\">Mehr.<\/span><\/h4>\n<h6 style=\"text-align: center;\"><span style=\"color: #808080;\"><a style=\"color: #808080;\" href=\"https:\/\/www.facebook.com\/mariostarkofficial\">Facebook<\/a> \u00a0\u00a0 <a style=\"color: #808080;\" href=\"http:\/\/www.twitter.com\/mariostarkcom\">Twitter<\/a> \u00a0\u00a0 <a style=\"color: #808080;\" href=\"https:\/\/www.instagram.com\/mariostarkofficial\">Instagram<\/a>\u00a0\u00a0\u00a0 <a style=\"color: #808080;\" href=\"https:\/\/www.youtube.com\/c\/mariostarkofficial\">Youtube<\/a>\u00a0\u00a0\u00a0 <a style=\"color: #808080;\" href=\"http:\/\/www.pinterest.com\/mariostarkcom\">Pinterest<\/a><\/span><\/h6>\n<p>&nbsp;<\/p>","protected":false},"excerpt":{"rendered":"<p>IMMOBILIENMAKLER F\u00dcR BREMEN &amp; UMGEBUNG &#8211; IMMOBILIEN, H\u00c4USER, VILLEN &amp; WOHNUNGEN ZUM KAUF &#8211; MARIO STARK &nbsp; &nbsp; Die Freie Hansestadt Bremen (Abk.: HB) ist, eine deutsche Stadt und zugleich, ein Bundesland der Bundesrepublik Deutschland. Zum Stadtstaat Bremen geh\u00f6rt auch, &hellip; <a href=\"https:\/\/www.mariostark.com\/de\/immobilien\/bremen\/\">Weiterlesen<\/a><\/p>\n","protected":false},"author":2,"featured_media":0,"parent":41,"menu_order":0,"comment_status":"closed","ping_status":"closed","template":"template-midsize.php","meta":{"footnotes":""},"class_list":["post-9584","page","type-page","status-publish","hentry"],"_links":{"self":[{"href":"https:\/\/www.mariostark.com\/de\/wp-json\/wp\/v2\/pages\/9584","targetHints":{"allow":["GET"]}}],"collection":[{"href":"https:\/\/www.mariostark.com\/de\/wp-json\/wp\/v2\/pages"}],"about":[{"href":"https:\/\/www.mariostark.com\/de\/wp-json\/wp\/v2\/types\/page"}],"author":[{"embeddable":true,"href":"https:\/\/www.mariostark.com\/de\/wp-json\/wp\/v2\/users\/2"}],"replies":[{"embeddable":true,"href":"https:\/\/www.mariostark.com\/de\/wp-json\/wp\/v2\/comments?post=9584"}],"version-history":[{"count":6,"href":"https:\/\/www.mariostark.com\/de\/wp-json\/wp\/v2\/pages\/9584\/revisions"}],"predecessor-version":[{"id":14840,"href":"https:\/\/www.mariostark.com\/de\/wp-json\/wp\/v2\/pages\/9584\/revisions\/14840"}],"up":[{"embeddable":true,"href":"https:\/\/www.mariostark.com\/de\/wp-json\/wp\/v2\/pages\/41"}],"wp:attachment":[{"href":"https:\/\/www.mariostark.com\/de\/wp-json\/wp\/v2\/media?parent=9584"}],"curies":[{"name":"wp","href":"https:\/\/api.w.org\/{rel}","templated":true}]}}