{"id":9554,"date":"2016-12-01T14:57:48","date_gmt":"2016-12-01T12:57:48","guid":{"rendered":"https:\/\/www.mariostark.com\/?page_id=9554"},"modified":"2019-04-13T12:29:45","modified_gmt":"2019-04-13T10:29:45","slug":"nordrhein-westfalen","status":"publish","type":"page","link":"https:\/\/www.mariostark.com\/de\/immobilien\/nordrhein-westfalen\/","title":{"rendered":"Immobilien in Nordrhein-Westfalen"},"content":{"rendered":"<h3>IMMOBILIENMAKLER F\u00dcR NORDRHEIN-WESTFALEN &#8211; IMMOBILIEN, H\u00c4USER, VILLEN &amp; WOHNUNGEN ZUM KAUF UND VERKAUF &#8211; MARIO STARK<\/h3>\n<p>&nbsp;<\/p>\n<p>&nbsp;<\/p>\n<p><strong>Nordrhein-Westfalen<\/strong> (Abk.: <em>NW\/ NRW<\/em>) ist, ein deutsches Bundesland und liegt &#8211; im Westen der <a href=\"https:\/\/www.mariostark.com\/de\/immobilien\/deutschland\/\">Bundesrepublik Deutschland<\/a>. Die <a href=\"https:\/\/www.mariostark.com\/de\/immobilien\/duesseldorf\/\">Landeshauptstadt D\u00fcsseldorf<\/a> ist, mit dem Sitz des Landtages Nordrhein-Westfalen, das Politische Zentrum des Bundeslandes und au\u00dferdem, neben der nach Einwohnern gr\u00f6\u00dften Stadt in Nordrhein-Westfalen &#8211; K\u00f6ln, ein Kulturelles und Wirtschaftliches Zentrum in Nordrhein-Westfalen. Begehrte Wohnlagen f\u00fcr <a href=\"https:\/\/www.mariostark.com\/de\/immobilien\/immobilien-kaufen-verkaufen\/\">Immobilien<\/a> in Nordrhein-Westfalen finden sich, beispielsweise, in und um die Gro\u00dfst\u00e4dte &#8211; D\u00fcsseldorf und <a href=\"https:\/\/www.mariostark.com\/de\/immobilien\/koeln\/\">K\u00f6ln<\/a>.<\/p>\n<p>&nbsp;<\/p>\n<h4>LAGE<\/h4>\n<p>Das Bundesland Nordrhein-Westfalen liegt, im Westen Deutschlands und grenzt, an die anderen deutschen Bundesl\u00e4nder &#8211; <a href=\"https:\/\/www.mariostark.com\/de\/immobilien\/hessen\/\">Hessen<\/a>, <a href=\"https:\/\/www.mariostark.com\/de\/immobilien\/niedersachsen\/\">Niedersachsen<\/a> und <a href=\"https:\/\/www.mariostark.com\/de\/immobilien\/rheinland-pfalz\/\">Rheinland-Pfalz<\/a>, sowie, an die EU-L\u00e4nder &#8211; Belgien und Niederlande.<\/p>\n<p>&nbsp;<\/p>\n<h4>NORDRHEIN-WESTFALEN<\/h4>\n<p><em>Nordrhein-Westfalen<\/em> ist, das nach Einwohnern, gr\u00f6\u00dfte deutsche Bundesland. Mit der &#8222;<em>Rhein-Rhur Region&#8220;<\/em> liegt, einer der gr\u00f6\u00dften und am dichtesten besiedelten Ballungsr\u00e4ume Europas, in Nordrhein-Westfalen. Als Nordrhein-Westf\u00e4lische Landesteile gelten &#8211; das Rheinland, <em>Westfalen<\/em> und Lippe. Zu den bekanntesten Gew\u00e4ssern Nordrhein-Westfalens geh\u00f6ren, neben dem wichtigen Rhein &#8211; als gr\u00f6\u00dftem Fluss in Nordrhein-Westfalen, auch, die Ems, die Weser, Lippe und Ruhr. Bekanntere Landschaftsregionen in Nordrhein-Westfalen sind, beispielweise, das <em>Bergische Land<\/em> und das Sauerland, sowie, die Eifel und das Weserbergland.<\/p>\n<p>&nbsp;<\/p>\n<h4>ST\u00c4DTE &amp; LANDKREISE IN NORDRHEIN-WESTFALEN<\/h4>\n<p>Das Bundesland <em>Nordrhein-Westfalen<\/em> ist, in mehrere Regierungsbezirke, wie beispielsweise, K\u00f6ln, D\u00fcsseldorf und <em>M\u00fcnster<\/em>, unterteilt. Zu den gr\u00f6\u00dften St\u00e4dten Nordrhein-Westfalens z\u00e4hlen, neben der Landeshauptstadt D\u00fcsseldorf und der Metropole <em>K\u00f6ln<\/em>, auch, Dortmund, Duisburg und Essen. Weitere wichtige St\u00e4dte in Nordrhein-Westfalen sind, unter anderem, Bochum und Bielefeld, <em>Aachen<\/em> und Bonn, Krefeld und M\u00f6nchengladbach, M\u00fchlheim an der Rhur und Oberhausen, sowie, Solingen, Leverkusen, Gelsenkirchen und <em>M\u00fcnster<\/em>. Zu den bekanntesten Landkreisen Nordrhein-Westfalens geh\u00f6ren, beispielsweise, der Hochsauerlandkreis und der M\u00e4rkische Kreis, der <em>Rhein-Kreis Neuss<\/em>, sowie, der Oberbergische Kreis und der Rhein-Sieg-Kreis.<\/p>\n<p>&nbsp;<\/p>\n<h4>TOURISMUS IN NRW<\/h4>\n<p>Die zahlreichen, zum Teil, historischen Sehensw\u00fcrdigkeiten und die vielen beliebten Nordrhein-Westf\u00e4lischen Landschaftsregionen, wie beispielsweise, der Teutoburger Wald, das Sauerland, oder auch, die St\u00e4dte K\u00f6ln und D\u00fcsseldorf, ziehen jedes Jahr, viele nationale und internationale G\u00e4ste in das deutsche Bundesland Nordrhein-Westfalen.<\/p>\n<p>&nbsp;<\/p>\n<h4>SEHENSW\u00dcRDIGKEITEN<\/h4>\n<p>Zu den bedeutendsten Sehensw\u00fcrdigkeiten Nordrhein-Westfalens z\u00e4hlt, vor allem, der ber\u00fchmte <em>K\u00f6lner Dom &#8211;<\/em> als eines der beliebtesten touristischen Highlights in Deutschland. Weitere touristische Attraktionen in Nordrhein-Westfalen sind, beispielsweise, der Aachener Dom, das Barockschloss Nordkirchen, oder auch, das beliebte <a href=\"https:\/\/www.mariostark.com\/de\/immobilien\/schloesser-herrenhaeuser\/\">Schloss<\/a> Augustusburg. Sehenswert sind ebenfalls, der &#8222;<em>D\u00fcsseldorfer Medienhafen&#8220; &#8211;<\/em> als ein Beispiel Moderner Architektur, oder, die beliebten Karnevalsumz\u00fcge &#8211; in D\u00fcsseldorf und K\u00f6ln.<\/p>\n<p>&nbsp;<\/p>\n<h4>KUNST + KULTUR<\/h4>\n<p>Die St\u00e4dte <em>D\u00fcsseldorf<\/em> und K\u00f6ln gelten, als bedeutende Zentren der Kunst- und Kulturszene, in Nordrhein-Westfalen. Zahlreiche kulturelle Einrichtungen, wie beispielsweise, die <em>Kunsthalle D\u00fcsseldorf<\/em> oder die Tonhalle D\u00fcsseldorf, das D\u00fcsseldorfer Schauspielhaus, oder, das Schauspiel K\u00f6ln und die Oper K\u00f6ln, befinden sich in den beiden beliebten Nordrhein-Westf\u00e4lischen Metropolen.<\/p>\n<p>&nbsp;<\/p>\n<h4>INFRASTRUKTUR UND VERKEHR<\/h4>\n<p>Nordrhein-Westfalen besitzt, eines der dichtesten Bahn- und Stra\u00dfenverkehrsnetze in Europa. Wichtige Verkehrsstandorte Nordrhein-Westfalens sind, beispielsweise, die Hauptbahnh\u00f6fe in K\u00f6ln und D\u00fcsseldorf, mit vielen innerdeutschen und internationalen Bahnverbindungen. Die gr\u00f6\u00dften Flugh\u00e4fen Nordrhein-Westfalens &#8211; der Flughafen D\u00fcsseldorf und der Flughafen K\u00f6ln-Bonn &#8211; sind wichtige Ziele, im internationalen Flugverkehr. Als bedeutendste Binnenschifffahrtsstra\u00dfe in Nordrhein-Westfalen gilt, der Rhein.<\/p>\n<p>&nbsp;<\/p>\n<h4>IMMOBILIEN IN NORDRHEIN-WESTFALEN<\/h4>\n<p>In <em>Nordrhein-Westfalen<\/em> gibt es, zahlreiche begehrte Wohnlagen. Besonders in den Metropolen &#8211; K\u00f6ln und D\u00fcsseldorf &#8211; erreichen die Immobilienpreise, f\u00fcr den Kauf von <a href=\"https:\/\/www.mariostark.com\/de\/immobilien\/haeuser\/\">H\u00e4usern<\/a>, <a href=\"https:\/\/www.mariostark.com\/de\/immobilien\/villen\/\"><em>Villen<\/em><\/a> und <a href=\"https:\/\/www.mariostark.com\/de\/immobilien\/wohnungen\/\">Wohnungen<\/a>, ein gehobenes Niveau.<\/p>\n<p>&nbsp;<\/p>\n<p>&nbsp;<\/p>\n<h3>WOHNEN IN <a href=\"#NORDRHEIN_WESTFALEN\">#NORDRHEIN_WESTFALEN<\/a> &#8211; MARIO STARK IMMOBILIEN &#8211; <span style=\"color: #333333;\"><a href=\"#MARIOSTARK\">#MARIOSTARK<\/a><\/span><\/h3>\n<p>&nbsp;<\/p>\n<h4>NORDRHEIN-WESTFALEN: IMMOBILIEN KAUFEN &amp; VERKAUFEN<\/h4>\n<p>Gerne beraten wir Sie, bei Fragen, zum Immobilienverkauf, einer Immobilienbewertung oder der <a href=\"https:\/\/www.mariostark.com\/de\/immobilien\/immobilienbesichtigung\/\">Immobilienbesichtigung<\/a> von <a href=\"https:\/\/www.mariostark.com\/de\/immobilien\/einfamilienhaeuser\/\">Einfamilienh\u00e4usern<\/a>, <a href=\"https:\/\/www.mariostark.com\/de\/immobilien\/villen\/\">Villen<\/a> &amp; <a href=\"https:\/\/www.mariostark.com\/de\/immobilien\/eigentumswohnungen\/\">Eigentumswohnungen<\/a> im Bundesland <em>Nordrhein-Westfalen<\/em>.<\/p>\n<p>&nbsp;<\/p>\n<h4>&gt; <a href=\"https:\/\/www.mariostark.com\/de\/kontakt\/\"><em>Kontakt<\/em><\/a><\/h4>\n<p>&nbsp;<\/p>\n<h4>&gt; <a href=\"https:\/\/www.mariostark.com\/de\/immobilien\/immobilien-verkaufen\/\"><em>Immobilien verkaufen<\/em><\/a><\/h4>\n<p>&nbsp;<\/p>\n<h4>&gt; <a href=\"https:\/\/www.mariostark.com\/de\/immobilien\/immobilienbewertung\/\"><em>Immobilienbewertung<\/em><\/a><\/h4>\n<p>&nbsp;<\/p>\n<p>Weitere Informationen auf <a href=\"https:\/\/www.mariostark.com\/de\/immobilien\"><strong>mariostark.com\/de\/immobilien<\/strong><\/a>.<\/p>\n<p>&nbsp;<\/p>\n<p>&nbsp;<\/p>\n<p>&nbsp;<\/p>\n<p>&nbsp;<\/p>\n<h4 style=\"text-align: center;\"><span style=\"color: #999999;\">Mehr.<\/span><\/h4>\n<h6 style=\"text-align: center;\"><span style=\"color: #808080;\"><a style=\"color: #808080;\" href=\"https:\/\/www.facebook.com\/mariostarkofficial\">Facebook<\/a> \u00a0\u00a0 <a style=\"color: #808080;\" href=\"http:\/\/www.twitter.com\/mariostarkcom\">Twitter<\/a> \u00a0\u00a0 <a style=\"color: #808080;\" href=\"https:\/\/www.instagram.com\/mariostarkofficial\">Instagram<\/a>\u00a0\u00a0\u00a0 <a style=\"color: #808080;\" href=\"https:\/\/www.youtube.com\/c\/mariostarkofficial\">Youtube<\/a>\u00a0\u00a0\u00a0 <a style=\"color: #808080;\" href=\"http:\/\/www.pinterest.com\/mariostarkcom\">Pinterest<\/a><\/span><\/h6>\n<p>&nbsp;<\/p>","protected":false},"excerpt":{"rendered":"<p>IMMOBILIENMAKLER F\u00dcR NORDRHEIN-WESTFALEN &#8211; IMMOBILIEN, H\u00c4USER, VILLEN &amp; WOHNUNGEN ZUM KAUF UND VERKAUF &#8211; MARIO STARK &nbsp; &nbsp; Nordrhein-Westfalen (Abk.: NW\/ NRW) ist, ein deutsches Bundesland und liegt &#8211; im Westen der Bundesrepublik Deutschland. Die Landeshauptstadt D\u00fcsseldorf ist, mit dem &hellip; <a href=\"https:\/\/www.mariostark.com\/de\/immobilien\/nordrhein-westfalen\/\">Weiterlesen<\/a><\/p>\n","protected":false},"author":2,"featured_media":0,"parent":41,"menu_order":0,"comment_status":"closed","ping_status":"closed","template":"template-midsize.php","meta":{"footnotes":""},"class_list":["post-9554","page","type-page","status-publish","hentry"],"_links":{"self":[{"href":"https:\/\/www.mariostark.com\/de\/wp-json\/wp\/v2\/pages\/9554","targetHints":{"allow":["GET"]}}],"collection":[{"href":"https:\/\/www.mariostark.com\/de\/wp-json\/wp\/v2\/pages"}],"about":[{"href":"https:\/\/www.mariostark.com\/de\/wp-json\/wp\/v2\/types\/page"}],"author":[{"embeddable":true,"href":"https:\/\/www.mariostark.com\/de\/wp-json\/wp\/v2\/users\/2"}],"replies":[{"embeddable":true,"href":"https:\/\/www.mariostark.com\/de\/wp-json\/wp\/v2\/comments?post=9554"}],"version-history":[{"count":6,"href":"https:\/\/www.mariostark.com\/de\/wp-json\/wp\/v2\/pages\/9554\/revisions"}],"predecessor-version":[{"id":14867,"href":"https:\/\/www.mariostark.com\/de\/wp-json\/wp\/v2\/pages\/9554\/revisions\/14867"}],"up":[{"embeddable":true,"href":"https:\/\/www.mariostark.com\/de\/wp-json\/wp\/v2\/pages\/41"}],"wp:attachment":[{"href":"https:\/\/www.mariostark.com\/de\/wp-json\/wp\/v2\/media?parent=9554"}],"curies":[{"name":"wp","href":"https:\/\/api.w.org\/{rel}","templated":true}]}}