{"id":9545,"date":"2016-11-30T16:39:55","date_gmt":"2016-11-30T14:39:55","guid":{"rendered":"https:\/\/www.mariostark.com\/?page_id=9545"},"modified":"2019-04-13T12:14:08","modified_gmt":"2019-04-13T10:14:08","slug":"saarland","status":"publish","type":"page","link":"https:\/\/www.mariostark.com\/de\/immobilien\/saarland\/","title":{"rendered":"Immobilien im Saarland"},"content":{"rendered":"<h3>IMMOBILIENMAKLER F\u00dcR DAS SAARLAND &#8211; IMMOBILIEN, VILLEN, H\u00c4USER &amp; WOHNUNGEN ZUM KAUF &#8211; MARIO STARK<\/h3>\n<p>&nbsp;<\/p>\n<p>&nbsp;<\/p>\n<p>Das <strong>Saarland<\/strong> (Abk\u00fcrzung: <em>SL<\/em>) ist, ein deutsches Bundesland und liegt, im S\u00fcdwesten Deutschlands. Die Landeshauptstadt Saarbr\u00fccken ist auch, die gr\u00f6\u00dfte Stadt, des nach der Fl\u00e4che, kleinsten Bundeslandes der <a href=\"https:\/\/www.mariostark.com\/de\/immobilien\/deutschland\/\">Bundesrepublik Deutschland<\/a>. Besonders die Landeshauptstadt Saarbr\u00fccken bietet gute Lagen, f\u00fcr den Kauf von <em>Wohneigentum<\/em> im Saarland.<\/p>\n<p>&nbsp;<\/p>\n<h4>LAGE<\/h4>\n<p>Das <em>Saarland<\/em> liegt im S\u00fcdwesten der Bundesrepublik Deutschland und grenzt, an das deutsche Bundesland <a href=\"https:\/\/www.mariostark.com\/de\/immobilien\/rheinland-pfalz\/\">Rheinland-Pfalz<\/a>, sowie, an die EU-L\u00e4nder &#8211; Frankreich und Luxemburg.<\/p>\n<p>&nbsp;<\/p>\n<h4>DAS SAARLAND<\/h4>\n<p>Das Saarland geh\u00f6rt, zu den waldreichsten Bundesl\u00e4ndern Deutschlands. Zu den wichtigsten Gew\u00e4ssern im Saarland geh\u00f6ren, unter anderem, die <em>Saar<\/em>, die Mosel und die Blies. Bekannte Saarl\u00e4ndische Landschaftsregionen sind, beispielsweise, der &#8222;<em>Schwarzw\u00e4lder Hochwald&#8220;<\/em>, Saargau und Bliesgau, das Sankt Wendeler Land, sowie, das K\u00f6llertal und das Ostertal.<\/p>\n<p>&nbsp;<\/p>\n<h4>ST\u00c4DTE &amp; LANDKREISE<\/h4>\n<p>Zu den gr\u00f6\u00dften St\u00e4dten des Saarlandes geh\u00f6ren, neben der <em>Landeshauptstadt Saarbr\u00fccken<\/em>, unter anderem auch &#8211; Neunkirchen, V\u00f6lklingen und Homburg, <em>Saarlouis<\/em>, Merzig und Sankt Ingbert, sowie, Sankt Wendel und Dillingen\/ Saar. Zu den bekanntesten Landkreisen des Saarlandes z\u00e4hlen, beispielsweise, die Landkreise &#8211; Neunkirchen und Merzig-Wadern, der Landkreis Saarlouis, der Saar-Pfalz-Kreis, sowie, der Landkreis Sankt Wendel.<\/p>\n<p>&nbsp;<\/p>\n<h4>VERKEHRS-INFRASTRUKTUR<\/h4>\n<p>Das Saarland besitzt, ein besonders gutes Bahnverkehrsnetz. Wichtigster Standort f\u00fcr den Bahnverkehr im Land ist, der Hauptbahnhof Saarbr\u00fccken, von dem aus, viele innerdeutsche und auch internationale Ziele, wie beispielsweise &#8211; Paris, Salzburg, <a href=\"https:\/\/www.mariostark.com\/de\/immobilien\/muenchen\/\">M\u00fcnchen<\/a>, <a href=\"https:\/\/www.mariostark.com\/de\/immobilien\/stuttgart\/\">Stuttgart<\/a>, <a href=\"https:\/\/www.mariostark.com\/de\/immobilien\/bremen\/\">Bremen<\/a> und <a href=\"https:\/\/www.mariostark.com\/de\/immobilien\/hamburg\/\">Hamburg<\/a>, sowie,\u00a0<a href=\"https:\/\/www.mariostark.com\/de\/immobilien\/dresden\/\">Dresden<\/a> und <a href=\"https:\/\/www.mariostark.com\/de\/immobilien\/frankfurt-am-main\/\">Frankfurt am Main<\/a>, erreichbar sind. Mehrere deutsche Bundesautobahnen (bspw.: die A 1, die A 6 oder die \u00a0A 8) verbinden das Saarland, mit anderen deutschen Bundesl\u00e4ndern. Zus\u00e4tzlich erschlie\u00dft eine Vielzahl von Bundesstra\u00dfen, wie beispielsweise, die B 40, die B 41 oder die B 405, das Saarl\u00e4ndische Landesgebiet. Gr\u00f6\u00dfter Flughafen des Saarlandes ist, der Internationale Flughafen Saarbr\u00fccken.<\/p>\n<p>&nbsp;<\/p>\n<h4>IMMOBILIEN IM SAARLAND<\/h4>\n<p>Im Saarland besteht heute, ein recht hoher Anteil an Einwohnern mit <em>Grundbesitz<\/em> bzw. Grundeigentum. Besonders die beliebte Landeshauptstadt Saarbr\u00fccken gilt, als eine der begehrten Wohnlagen, f\u00fcr <a href=\"https:\/\/www.mariostark.com\/de\/immobilien\/haeuser\/\">H\u00e4user<\/a> und <a href=\"https:\/\/www.mariostark.com\/de\/immobilien\/wohnungen\/\">Wohnungen<\/a>\u00a0im <em>Saarland<\/em>.<\/p>\n<p>&nbsp;<\/p>\n<p>&nbsp;<\/p>\n<h3>WOHNEN IM\u00a0<a href=\"#SAARLAND\">#SAARLAND<\/a> &#8211; MARIO STARK IMMOBILIEN &#8211; <span style=\"color: #333333;\"><a href=\"#MARIOSTARK\">#MARIOSTARK<\/a><\/span><\/h3>\n<p>&nbsp;<\/p>\n<h4>SAARLAND: IMMOBILIEN KAUFEN UND VERKAUFEN<\/h4>\n<p>Gerne beraten wir Sie, bei Fragen, zum Immobilienverkauf, einer Immobilienbewertung oder der <a href=\"https:\/\/www.mariostark.com\/de\/immobilien\/immobilienbesichtigung\/\">Immobilienbesichtigung<\/a> von <a href=\"https:\/\/www.mariostark.com\/de\/immobilien\/einfamilienhaeuser\/\">Einfamilienh\u00e4usern<\/a>, <a href=\"https:\/\/www.mariostark.com\/de\/immobilien\/villen\/\">Villen<\/a> und <a href=\"https:\/\/www.mariostark.com\/de\/immobilien\/eigentumswohnungen\/\">Eigentumswohnungen<\/a> im Saarland.<\/p>\n<p>&nbsp;<\/p>\n<h4>&gt; <a href=\"https:\/\/www.mariostark.com\/de\/kontakt\/\"><em>Kontakt<\/em><\/a><\/h4>\n<p>&nbsp;<\/p>\n<h4>&gt; <a href=\"https:\/\/www.mariostark.com\/de\/immobilien\/immobilien-verkaufen\/\"><em>Immobilien verkaufen<\/em><\/a><\/h4>\n<p>&nbsp;<\/p>\n<h4>&gt; <a href=\"https:\/\/www.mariostark.com\/de\/immobilien\/immobilienbewertung\/\"><em>Immobilienbewertung<\/em><\/a><\/h4>\n<p>&nbsp;<\/p>\n<p>Weitere Informationen auf <a href=\"https:\/\/www.mariostark.com\/de\/immobilien\"><strong>mariostark.com\/de\/immobilien<\/strong><\/a>.<\/p>\n<p>&nbsp;<\/p>\n<p>&nbsp;<\/p>\n<p>&nbsp;<\/p>\n<p>&nbsp;<\/p>\n<h4 style=\"text-align: center;\"><span style=\"color: #999999;\">Mehr.<\/span><\/h4>\n<h6 style=\"text-align: center;\"><span style=\"color: #808080;\"><a style=\"color: #808080;\" href=\"https:\/\/www.facebook.com\/mariostarkofficial\">Facebook<\/a> \u00a0\u00a0 <a style=\"color: #808080;\" href=\"http:\/\/www.twitter.com\/mariostarkcom\">Twitter<\/a> \u00a0\u00a0 <a style=\"color: #808080;\" href=\"https:\/\/www.instagram.com\/mariostarkofficial\">Instagram<\/a>\u00a0\u00a0\u00a0 <a style=\"color: #808080;\" href=\"https:\/\/www.youtube.com\/c\/mariostarkofficial\">Youtube<\/a>\u00a0\u00a0\u00a0 <a style=\"color: #808080;\" href=\"http:\/\/www.pinterest.com\/mariostarkcom\">Pinterest<\/a><\/span><\/h6>\n<p>&nbsp;<\/p>","protected":false},"excerpt":{"rendered":"<p>IMMOBILIENMAKLER F\u00dcR DAS SAARLAND &#8211; IMMOBILIEN, VILLEN, H\u00c4USER &amp; WOHNUNGEN ZUM KAUF &#8211; MARIO STARK &nbsp; &nbsp; Das Saarland (Abk\u00fcrzung: SL) ist, ein deutsches Bundesland und liegt, im S\u00fcdwesten Deutschlands. Die Landeshauptstadt Saarbr\u00fccken ist auch, die gr\u00f6\u00dfte Stadt, des nach &hellip; <a href=\"https:\/\/www.mariostark.com\/de\/immobilien\/saarland\/\">Weiterlesen<\/a><\/p>\n","protected":false},"author":2,"featured_media":0,"parent":41,"menu_order":0,"comment_status":"closed","ping_status":"closed","template":"template-midsize.php","meta":{"footnotes":""},"class_list":["post-9545","page","type-page","status-publish","hentry"],"_links":{"self":[{"href":"https:\/\/www.mariostark.com\/de\/wp-json\/wp\/v2\/pages\/9545","targetHints":{"allow":["GET"]}}],"collection":[{"href":"https:\/\/www.mariostark.com\/de\/wp-json\/wp\/v2\/pages"}],"about":[{"href":"https:\/\/www.mariostark.com\/de\/wp-json\/wp\/v2\/types\/page"}],"author":[{"embeddable":true,"href":"https:\/\/www.mariostark.com\/de\/wp-json\/wp\/v2\/users\/2"}],"replies":[{"embeddable":true,"href":"https:\/\/www.mariostark.com\/de\/wp-json\/wp\/v2\/comments?post=9545"}],"version-history":[{"count":6,"href":"https:\/\/www.mariostark.com\/de\/wp-json\/wp\/v2\/pages\/9545\/revisions"}],"predecessor-version":[{"id":14828,"href":"https:\/\/www.mariostark.com\/de\/wp-json\/wp\/v2\/pages\/9545\/revisions\/14828"}],"up":[{"embeddable":true,"href":"https:\/\/www.mariostark.com\/de\/wp-json\/wp\/v2\/pages\/41"}],"wp:attachment":[{"href":"https:\/\/www.mariostark.com\/de\/wp-json\/wp\/v2\/media?parent=9545"}],"curies":[{"name":"wp","href":"https:\/\/api.w.org\/{rel}","templated":true}]}}