{"id":9535,"date":"2016-11-29T20:04:42","date_gmt":"2016-11-29T18:04:42","guid":{"rendered":"https:\/\/www.mariostark.com\/?page_id=9535"},"modified":"2019-04-13T12:31:27","modified_gmt":"2019-04-13T10:31:27","slug":"rheinland-pfalz","status":"publish","type":"page","link":"https:\/\/www.mariostark.com\/de\/immobilien\/rheinland-pfalz\/","title":{"rendered":"Immobilien in Rheinland-Pfalz"},"content":{"rendered":"<h3>IMMOBILIENMAKLER F\u00dcR RHEINLAND-PFALZ &#8211; IMMOBILIEN, H\u00c4USER, VILLEN &amp; WOHNUNGEN ZUM KAUF &#8211; MARIO STARK<\/h3>\n<p>&nbsp;<\/p>\n<p>&nbsp;<\/p>\n<p><strong>Rheinland-Pfalz<\/strong> (Abk\u00fcrzung: <em>RP<\/em>) ist, ein deutsches Bundesland und liegt im S\u00fcdwesten &#8211; der <a href=\"https:\/\/www.mariostark.com\/de\/immobilien\/deutschland\/\">Bundesrepublik Deutschland<\/a>. Die Landeshauptstadt Mainz ist, die nach Einwohnern, gr\u00f6\u00dfte Stadt und mit Sitz, des Landtages Rheinland-Pfalz, auch, das Politische Zentrum des Bundeslandes Rheinland-Pfalz.. Bevorzugte Wohnlagen finden sich, beispielsweise, in und um die Landeshauptstadt Mainz.<\/p>\n<p>&nbsp;<\/p>\n<h4>LAGE<\/h4>\n<p>Rheinland-Pfalz liegt, im S\u00fcdwesten Deutschlands und grenzt, an die anderen deutschen Bundesl\u00e4nder &#8211; <a href=\"https:\/\/www.mariostark.com\/de\/immobilien\/hessen\/\">Hessen<\/a>, <a href=\"https:\/\/www.mariostark.com\/de\/immobilien\/baden-wuerttemberg\/\">Baden-W\u00fcrttemberg<\/a>, <a href=\"https:\/\/www.mariostark.com\/de\/immobilien\/nordrhein-westfalen\/\">Nordrhein-Westfalen<\/a> und das <a href=\"https:\/\/www.mariostark.com\/de\/immobilien\/saarland\/\">Saarland<\/a>, sowie, an die EU-L\u00e4nder &#8211; Belgien, Frankreich und Luxemburg.<\/p>\n<p>&nbsp;<\/p>\n<h4>RHEINLAND-PFALZ<\/h4>\n<p><em>Rheinland-Pfalz<\/em> ist, ein landschaftlich sehr reizvolles und zudem sehr waldreiches deutsches Bundesland. Zahlreiche Burgen, Schl\u00f6sser und historische Kulturst\u00e4tten, ziehen jedes Jahr, viele nationale und internationale Touristen in das Land Rheinland-Pfalz. Besonders bekannt sind, die Rheinland-Pf\u00e4lzischen Weinanbaugebiete &#8211; <em>Mosel<\/em>, Pfalz und Rhein &#8211; die zu den gr\u00f6\u00dften und wichtigsten Weinanbaugebieten Deutschlands geh\u00f6ren. Zu den bekanntesten Landschaftsregionen in Rheinland-Pfalz geh\u00f6ren, unter anderem, die <em>Eifel<\/em>, die Pfalz und der Hunsr\u00fcck, sowie, Teile des Taunus und der beliebte Westerwald.<\/p>\n<p>&nbsp;<\/p>\n<h4>ST\u00c4DTE &amp; LANDKREISE<\/h4>\n<p>Zu den gr\u00f6\u00dften St\u00e4dten in Rheinland-Pfalz z\u00e4hlen, neben der <em>Landeshauptstadt Mainz<\/em>, auch, Ludwigshafen am Rhein, Kaiserslautern, Trier und Koblenz. Weitere bekannte mittelgro\u00dfe St\u00e4dte in Rheinland-Pfalz sind, beispielsweise, Worms und Neustadt an der Weinstra\u00dfe, Speyer und Neuwied, <em>Idar-Oberstein,<\/em> Ingelheim am Rhein, sowie, Andernach und Bingen am Rhein. Bekanntere Rheinland-Pf\u00e4lzische Landkreise sind, beispielsweise, die Landkreise &#8211; Kreuznach und Kaiserslautern, der Eifelkreis Bitburg-Pr\u00fcm, der Landkreis Mainz-Bingen und der Rhein-Pfalz-Kreis, sowie, die Landkreise &#8211; Neuwied und <em>S\u00fcdliche Weinstra\u00dfe<\/em>.<\/p>\n<p>&nbsp;<\/p>\n<h4>TOURISMUS IN RHEINLAND-PFALZ<\/h4>\n<p>Der Tourismus ist, ein wichtiger Wirtschaftszweig im Bundesland Rheinland-Pfalz. Besonders bekannt und beliebt sind &#8211; die Mittelrhein-Region, die Region entlang der Mosel, die Eifel und die Pfalz, sowie, der Hunsr\u00fcck und die <em>Region Rheinhessen &#8211;<\/em> mit den vielen touristischen Attraktionen der Landeshauptstadt Mainz. Diese Rheinland-Pf\u00e4lzischen Regionen gelten, auch, als attraktive und beliebte Reiseziele f\u00fcr regionale und \u00fcberregionale Tagesg\u00e4ste, Wellnessurlauber, Wanderer und St\u00e4dtereisende.<\/p>\n<p>&nbsp;<\/p>\n<h4>SCHL\u00d6SSER &amp; BURGEN IN RHEINLAND-PFALZ<\/h4>\n<p>Das Bundesland <em>Rheinland-Pfalz<\/em> ist reich, an historischen <a href=\"https:\/\/www.mariostark.com\/de\/immobilien\/schloesser-herrenhaeuser\/\">Schl\u00f6ssern<\/a> und Burgen. Vor allem entlang der Mosel und der Mittelrheinregion, sowie, in gr\u00f6\u00dferen Rheinland-Pf\u00e4lzischen St\u00e4dten, wie beispielsweise, Mainz und <em>Trier<\/em>, gibt es zahlreiche Burganlagen und pr\u00e4chtige historische Schlossbauwerke. Zu den bedeutendsten Burgen in Rheinland-Pfalz z\u00e4hlen, beispielsweise, die beliebte Marksburg, die besonders sch\u00f6ne <em>Burg Eltz<\/em>, die Reichsburg Cochem und die Burg Pfalzgrafenstein. Bedeutende Rheinland-Pf\u00e4lzische Schl\u00f6sser sind, unter anderem, das bekannte Schloss Stolzenfels, das pr\u00e4chtige Schloss B\u00fcrresheim, das Alzeyer Schloss, sowie, die Kurf\u00fcrstlichen Schl\u00f6sser in Mainz und Koblenz.<\/p>\n<p>&nbsp;<\/p>\n<h4>SEHENSWERTES<\/h4>\n<p>Neben den vielen sch\u00f6nen Schl\u00f6ssern und Burgen gibt es, im Bundesland Rheinland-Pfalz, zahlreiche weitere Sehensw\u00fcrdigkeiten wie, unter anderem, die <em>Mainzer Zitadelle<\/em> oder, den beeindruckenden <em>Mainzer Dom<\/em>, sowie, den Speyerer Dom und den Wormser Dom. Die Rheinland-Pf\u00e4lzischen Landesmuseen (in: Trier, Koblenz und Mainz) sind, ebenfalls sehr sehenswert. Auch die ber\u00fchmte lange &#8222;<em>Weinstra\u00dfe&#8220;<\/em> in der Pfalz geh\u00f6rt, zu den touristischen Attraktionen des deutschen Bundeslandes <em>Rheinland-Pfalz<\/em>.<\/p>\n<p>&nbsp;<\/p>\n<h4>VERKEHRSSTRUKTUR<\/h4>\n<p>Viele wichtige deutsche Bundesautobahnen (bspw<em>.<\/em>: die A 3, die A 6, die A 8 und die A 60) verbinden Rheinland-Pfalz, mit anderen deutschen Bundesl\u00e4ndern. Zu den wichtigsten Bahnverkehrsstandorten in Rheinland-Pfalz z\u00e4hlen, unter anderem, die Hauptbahnh\u00f6fe in Mainz, Trier und Koblenz, sowie, in Ludwigshafen, Kaiserslautern und <em>Neustadt an der Weinstra\u00dfe<\/em>. Der Fluss Rhein ist, eine der bedeutendsten Wasserstra\u00dfen f\u00fcr den Binnenschiffsverkehr in Rheinland-Pfalz.<\/p>\n<p>&nbsp;<\/p>\n<p>&nbsp;<\/p>\n<h3>WOHNEN IN <a href=\"#RHEINLAND_PFALZ\">#RHEINLAND_PFALZ<\/a> &#8211; MARIO STARK IMMOBILIEN &#8211; <span style=\"color: #333333;\"><a href=\"#MARIOSTARK\">#MARIOSTARK<\/a><\/span><\/h3>\n<p>&nbsp;<\/p>\n<h4>RHEINLAND-PFALZ: IMMOBILIEN KAUFEN UND VERKAUFEN<\/h4>\n<p>Gerne beraten wir Sie, bei Fragen, zum Immobilienverkauf, einer Immobilienbewertung oder der <a href=\"https:\/\/www.mariostark.com\/de\/immobilien\/immobilienbesichtigung\/\">Immobilienbesichtigung<\/a> von <a href=\"https:\/\/www.mariostark.com\/de\/immobilien\/einfamilienhaeuser\/\">Einfamilienh\u00e4usern<\/a>, <a href=\"https:\/\/www.mariostark.com\/de\/immobilien\/villen\/\">Villen<\/a> &amp; <a href=\"https:\/\/www.mariostark.com\/de\/immobilien\/eigentumswohnungen\/\">Eigentumswohnungen<\/a> im Bundesland Rheinland-Pfalz.<\/p>\n<p>&nbsp;<\/p>\n<h4>&gt; <a href=\"https:\/\/www.mariostark.com\/de\/kontakt\/\"><em>Kontakt<\/em><\/a><\/h4>\n<p>&nbsp;<\/p>\n<h4>&gt; <a href=\"https:\/\/www.mariostark.com\/de\/immobilien\/immobilien-verkaufen\/\"><em>Immobilien verkaufen<\/em><\/a><\/h4>\n<p>&nbsp;<\/p>\n<h4>&gt; <a href=\"https:\/\/www.mariostark.com\/de\/immobilien\/immobilienbewertung\/\"><em>Immobilienbewertung<\/em><\/a><\/h4>\n<p>&nbsp;<\/p>\n<p>Weitere Informationen auf <a href=\"https:\/\/www.mariostark.com\/de\/immobilien\"><strong>mariostark.com\/de\/immobilien<\/strong><\/a>.<\/p>\n<p>&nbsp;<\/p>\n<p>&nbsp;<\/p>\n<p>&nbsp;<\/p>\n<p>&nbsp;<\/p>\n<h4 style=\"text-align: center;\"><span style=\"color: #999999;\">Mehr.<\/span><\/h4>\n<h6 style=\"text-align: center;\"><span style=\"color: #808080;\"><a style=\"color: #808080;\" href=\"https:\/\/www.facebook.com\/mariostarkofficial\">Facebook<\/a> \u00a0\u00a0 <a style=\"color: #808080;\" href=\"http:\/\/www.twitter.com\/mariostarkcom\">Twitter<\/a> \u00a0\u00a0 <a style=\"color: #808080;\" href=\"https:\/\/www.instagram.com\/mariostarkofficial\">Instagram<\/a>\u00a0\u00a0\u00a0 <a style=\"color: #808080;\" href=\"https:\/\/www.youtube.com\/c\/mariostarkofficial\">Youtube<\/a>\u00a0\u00a0\u00a0 <a style=\"color: #808080;\" href=\"http:\/\/www.pinterest.com\/mariostarkcom\">Pinterest<\/a><\/span><\/h6>\n<p>&nbsp;<\/p>","protected":false},"excerpt":{"rendered":"<p>IMMOBILIENMAKLER F\u00dcR RHEINLAND-PFALZ &#8211; IMMOBILIEN, H\u00c4USER, VILLEN &amp; WOHNUNGEN ZUM KAUF &#8211; MARIO STARK &nbsp; &nbsp; Rheinland-Pfalz (Abk\u00fcrzung: RP) ist, ein deutsches Bundesland und liegt im S\u00fcdwesten &#8211; der Bundesrepublik Deutschland. Die Landeshauptstadt Mainz ist, die nach Einwohnern, gr\u00f6\u00dfte Stadt &hellip; <a href=\"https:\/\/www.mariostark.com\/de\/immobilien\/rheinland-pfalz\/\">Weiterlesen<\/a><\/p>\n","protected":false},"author":2,"featured_media":0,"parent":41,"menu_order":0,"comment_status":"closed","ping_status":"closed","template":"template-midsize.php","meta":{"footnotes":""},"class_list":["post-9535","page","type-page","status-publish","hentry"],"_links":{"self":[{"href":"https:\/\/www.mariostark.com\/de\/wp-json\/wp\/v2\/pages\/9535","targetHints":{"allow":["GET"]}}],"collection":[{"href":"https:\/\/www.mariostark.com\/de\/wp-json\/wp\/v2\/pages"}],"about":[{"href":"https:\/\/www.mariostark.com\/de\/wp-json\/wp\/v2\/types\/page"}],"author":[{"embeddable":true,"href":"https:\/\/www.mariostark.com\/de\/wp-json\/wp\/v2\/users\/2"}],"replies":[{"embeddable":true,"href":"https:\/\/www.mariostark.com\/de\/wp-json\/wp\/v2\/comments?post=9535"}],"version-history":[{"count":6,"href":"https:\/\/www.mariostark.com\/de\/wp-json\/wp\/v2\/pages\/9535\/revisions"}],"predecessor-version":[{"id":14870,"href":"https:\/\/www.mariostark.com\/de\/wp-json\/wp\/v2\/pages\/9535\/revisions\/14870"}],"up":[{"embeddable":true,"href":"https:\/\/www.mariostark.com\/de\/wp-json\/wp\/v2\/pages\/41"}],"wp:attachment":[{"href":"https:\/\/www.mariostark.com\/de\/wp-json\/wp\/v2\/media?parent=9535"}],"curies":[{"name":"wp","href":"https:\/\/api.w.org\/{rel}","templated":true}]}}