{"id":9453,"date":"2016-11-24T16:03:46","date_gmt":"2016-11-24T14:03:46","guid":{"rendered":"https:\/\/www.mariostark.com\/?page_id=9453"},"modified":"2019-04-13T12:32:19","modified_gmt":"2019-04-13T10:32:19","slug":"sachsen","status":"publish","type":"page","link":"https:\/\/www.mariostark.com\/de\/immobilien\/sachsen\/","title":{"rendered":"Immobilien in Sachsen"},"content":{"rendered":"<h3>IMMOBILIENMAKLER F\u00dcR SACHSEN &#8211; IMMOBILIEN, H\u00c4USER, VILLEN &amp; WOHNUNGEN ZUM KAUF UND VERKAUF &#8211; MARIO STARK<\/h3>\n<p>&nbsp;<\/p>\n<p>&nbsp;<\/p>\n<p>Der <strong>Freistaat Sachsen<\/strong> (<em>SN<\/em>) ist, ein deutsches Bundesland und liegt &#8211; im Osten der <a href=\"https:\/\/www.mariostark.com\/de\/immobilien\/deutschland\/\">Bundesrepublik Deutschland<\/a>. Das Politische Zentrum des Freistaates Sachsen ist, die <a href=\"https:\/\/www.mariostark.com\/de\/immobilien\/dresden\/\">Landeshauptstadt Dresden<\/a>. Die s\u00e4chsischen Gro\u00dfst\u00e4dte &#8211; Leipzig und Dresden &#8211; geh\u00f6ren, zu den bevorzugten Lagen, f\u00fcr den Kauf von &#8222;<em>Wohneigentum&#8220;<\/em> im Freistaat Sachsen.<\/p>\n<p>&nbsp;<\/p>\n<h4>GEOGRAFISCHE LAGE<\/h4>\n<p><em>Sachsen<\/em> liegt, im Osten der Bundesrepublik Deutschland und geh\u00f6rt, mit dem <a href=\"https:\/\/www.mariostark.com\/de\/immobilien\/thueringen\/\">Freistaat Th\u00fcringen<\/a> und dem <a href=\"https:\/\/www.mariostark.com\/de\/immobilien\/sachsen-anhalt\/\">Bundesland Sachsen-Anhalt<\/a>, zur <em>Region Mitteldeutschland<\/em>. Der Freistaat Sachsen grenzt, an die anderen deutschen Bundesl\u00e4nder &#8211; Th\u00fcringen, Sachsen-Anhalt, <a href=\"https:\/\/www.mariostark.com\/de\/immobilien\/bayern\/\">Bayern<\/a> und <a href=\"https:\/\/www.mariostark.com\/de\/immobilien\/brandenburg\/\">Brandenburg<\/a>, sowie, an die EU-L\u00e4nder &#8211; Polen und Tschechien.<\/p>\n<p>&nbsp;<\/p>\n<h4>ST\u00c4DTE &amp; LANDKREISE IN SACHSEN<\/h4>\n<p>Gr\u00f6\u00dfere St\u00e4dte in Sachsen sind, neben der Landeshauptstadt Dresden, auch, <a href=\"https:\/\/www.mariostark.com\/de\/immobilien\/leipzig\/\">Leipzig<\/a> und Chemnitz. Weitere wichtige S\u00e4chsische St\u00e4dte sind, beispielsweise, Plauen, Zwickau, G\u00f6rlitz, Freiberg und Bautzen, Radebeul bei Dresden und Markkleeberg bei Leipzig, sowie, die St\u00e4dte &#8211; Freital, Pirna, Riesa und <em>Mei\u00dfen<\/em>. Zu den bekanntesten Landkreisen Sachsens geh\u00f6ren, unter anderem, der Landkreis Bautzen, der <em>Landkreis Leipzig<\/em> und der Landkreis Mei\u00dfen, der Erzgebirgskreis, der Vogtlandkreis, sowie, die Landkreise &#8211; Mittelsachsen und Nordsachsen.<\/p>\n<p>&nbsp;<\/p>\n<h4>WIRTSCHAFT IN SACHSEN<\/h4>\n<p>Insbesondere die Ballungsr\u00e4ume um die St\u00e4dte &#8211; Dresden und Leipzig-Halle &#8211; sind, die wirtschaftlich st\u00e4rksten Regionen Sachsens. Weitere bedeutende Wirtschaftsstandorte in Sachsen sind, beispielsweise, die Region Chemnitz-Zwickau, sowie, die St\u00e4dte &#8211; Plauen, Bautzen, G\u00f6rlitz und Freiberg.<\/p>\n<p>&nbsp;<\/p>\n<h4>TOURISMUS<\/h4>\n<p>Auch im Freistaat Sachsen spielt der Tourismus, eine wichtige wirtschaftliche Rolle. Zu den bekanntesten touristischen Landschaftsregionen Sachsens geh\u00f6ren, unter anderem, das <em>Erzgebirge<\/em>, die S\u00e4chsische Schweiz, das Vogtland und die Oberlausitz. F\u00fcr den nationalen und internationalen St\u00e4dtetourismus sind vor allem, die beliebten s\u00e4chsischen St\u00e4dte, Dresden und Leipzig, bekannt. Die vielen historischen Stadtzentren, die sch\u00f6nen S\u00e4chsischen Schl\u00f6sser &amp; Burgen, sowie, das vielf\u00e4ltige kulturelle Angebot, machen den Freistaat Sachsen, zu einem der beliebtesten deutschen Reiseziele im nationalen und internationalen Tourismus.<\/p>\n<p>&nbsp;<\/p>\n<h4>SEHENSW\u00dcRDIGKEITEN<\/h4>\n<p>In Sachsen befinden sich, zahlreiche bedeutende kulturhistorische Bauwerke aus verschiedenen Epochen. Neben so bekannten <a href=\"https:\/\/www.mariostark.com\/de\/immobilien\/schloesser-herrenhaeuser\/\">Schl\u00f6ssern<\/a> und Burgen, wie dem Residenzschlo\u00df in Dresden, oder, den Schl\u00f6ssern Moritzburg und Pillnitz, sowie, der beliebten Albrechtsburg in Mei\u00dfen, gibt es besonders in der Region Dresden &#8211; zahlreiche weitere historische Kulturst\u00e4tten wie, die weltber\u00fchmte &#8222;<em>Semperoper&#8220;<\/em>, den Zwinger oder das Gr\u00fcne Gew\u00f6lbe.<\/p>\n<p>&nbsp;<\/p>\n<h4>VERKEHR<\/h4>\n<p>Der Freistaat Sachsen hat, eines der dichtesten Bahnverkehrsnetze Deutschlands. Mehrere wichtige Bundesautobahnen (wie die A 4) verbinden den Freistaat Sachsen, mit anderen deutschen Bundesl\u00e4ndern. Der gr\u00f6\u00dfte Flughafen Sachsens ist, der Internationale Flughafen Leipzig-Halle &#8211; im gleichnamigem Ballungsraum.<\/p>\n<p>&nbsp;<\/p>\n<p>&nbsp;<\/p>\n<h3>WOHNEN IM FREISTAAT <a href=\"#SACHSEN\">#SACHSEN<\/a> &#8211; MARIO STARK IMMOBILIEN &#8211; <span style=\"color: #333333;\"><a href=\"#MARIOSTARK\">#MARIOSTARK<\/a><\/span><\/h3>\n<p>&nbsp;<\/p>\n<h4>SACHSEN: IMMOBILIEN KAUFEN UND VERKAUFEN<\/h4>\n<p>Gerne beraten wir Sie, bei Fragen, zum Immobilienverkauf, einer Immobilienbewertung oder einer <a href=\"https:\/\/www.mariostark.com\/de\/immobilien\/immobilienbesichtigung\/\">Immobilienbesichtigung<\/a> von <a href=\"https:\/\/www.mariostark.com\/de\/immobilien\/einfamilienhaeuser\/\">Einfamilienh\u00e4usern<\/a>, <a href=\"https:\/\/www.mariostark.com\/de\/immobilien\/villen\/\">Villen<\/a> &amp; <a href=\"https:\/\/www.mariostark.com\/de\/immobilien\/eigentumswohnungen\/\">Eigentumswohnungen<\/a> im Freistaat Sachsen.<\/p>\n<p>&nbsp;<\/p>\n<h4>&gt; <a href=\"https:\/\/www.mariostark.com\/de\/kontakt\/\"><em>Kontakt<\/em><\/a><\/h4>\n<p>&nbsp;<\/p>\n<h4>&gt; <a href=\"https:\/\/www.mariostark.com\/de\/immobilien\/immobilien-verkaufen\/\"><em>Immobilien verkaufen<\/em><\/a><\/h4>\n<p>&nbsp;<\/p>\n<h4>&gt; <a href=\"https:\/\/www.mariostark.com\/de\/immobilien\/immobilienbewertung\/\"><em>Immobilienbewertung<\/em><\/a><\/h4>\n<p>&nbsp;<\/p>\n<p>Weitere Informationen auf <a href=\"https:\/\/www.mariostark.com\/de\/immobilien\"><strong>mariostark.com\/de\/immobilien<\/strong><\/a>.<\/p>\n<p>&nbsp;<\/p>\n<p>&nbsp;<\/p>\n<p>&nbsp;<\/p>\n<p>&nbsp;<\/p>\n<h4 style=\"text-align: center;\"><span style=\"color: #999999;\">Mehr.<\/span><\/h4>\n<h6 style=\"text-align: center;\"><span style=\"color: #808080;\"><a style=\"color: #808080;\" href=\"https:\/\/www.facebook.com\/mariostarkofficial\">Facebook<\/a> \u00a0\u00a0 <a style=\"color: #808080;\" href=\"http:\/\/www.twitter.com\/mariostarkcom\">Twitter<\/a> \u00a0\u00a0 <a style=\"color: #808080;\" href=\"https:\/\/www.instagram.com\/mariostarkofficial\">Instagram<\/a>\u00a0\u00a0\u00a0 <a style=\"color: #808080;\" href=\"https:\/\/www.youtube.com\/c\/mariostarkofficial\">Youtube<\/a>\u00a0\u00a0\u00a0 <a style=\"color: #808080;\" href=\"http:\/\/www.pinterest.com\/mariostarkcom\">Pinterest<\/a><\/span><\/h6>\n<p>&nbsp;<\/p>","protected":false},"excerpt":{"rendered":"<p>IMMOBILIENMAKLER F\u00dcR SACHSEN &#8211; IMMOBILIEN, H\u00c4USER, VILLEN &amp; WOHNUNGEN ZUM KAUF UND VERKAUF &#8211; MARIO STARK &nbsp; &nbsp; Der Freistaat Sachsen (SN) ist, ein deutsches Bundesland und liegt &#8211; im Osten der Bundesrepublik Deutschland. Das Politische Zentrum des Freistaates Sachsen &hellip; <a href=\"https:\/\/www.mariostark.com\/de\/immobilien\/sachsen\/\">Weiterlesen<\/a><\/p>\n","protected":false},"author":2,"featured_media":0,"parent":41,"menu_order":0,"comment_status":"closed","ping_status":"closed","template":"template-midsize.php","meta":{"footnotes":""},"class_list":["post-9453","page","type-page","status-publish","hentry"],"_links":{"self":[{"href":"https:\/\/www.mariostark.com\/de\/wp-json\/wp\/v2\/pages\/9453","targetHints":{"allow":["GET"]}}],"collection":[{"href":"https:\/\/www.mariostark.com\/de\/wp-json\/wp\/v2\/pages"}],"about":[{"href":"https:\/\/www.mariostark.com\/de\/wp-json\/wp\/v2\/types\/page"}],"author":[{"embeddable":true,"href":"https:\/\/www.mariostark.com\/de\/wp-json\/wp\/v2\/users\/2"}],"replies":[{"embeddable":true,"href":"https:\/\/www.mariostark.com\/de\/wp-json\/wp\/v2\/comments?post=9453"}],"version-history":[{"count":6,"href":"https:\/\/www.mariostark.com\/de\/wp-json\/wp\/v2\/pages\/9453\/revisions"}],"predecessor-version":[{"id":14872,"href":"https:\/\/www.mariostark.com\/de\/wp-json\/wp\/v2\/pages\/9453\/revisions\/14872"}],"up":[{"embeddable":true,"href":"https:\/\/www.mariostark.com\/de\/wp-json\/wp\/v2\/pages\/41"}],"wp:attachment":[{"href":"https:\/\/www.mariostark.com\/de\/wp-json\/wp\/v2\/media?parent=9453"}],"curies":[{"name":"wp","href":"https:\/\/api.w.org\/{rel}","templated":true}]}}