{"id":9442,"date":"2016-11-23T16:35:38","date_gmt":"2016-11-23T14:35:38","guid":{"rendered":"https:\/\/www.mariostark.com\/?page_id=9442"},"modified":"2019-04-13T12:35:17","modified_gmt":"2019-04-13T10:35:17","slug":"thueringen","status":"publish","type":"page","link":"https:\/\/www.mariostark.com\/de\/immobilien\/thueringen\/","title":{"rendered":"Immobilien in Th\u00fcringen"},"content":{"rendered":"<h3>IMMOBILIENMAKLER F\u00dcR TH\u00dcRINGEN &#8211; IMMOBILIEN, H\u00c4USER, VILLEN &amp; WOHNUNGEN ZUM KAUF &#8211; MARIO STARK<\/h3>\n<p>&nbsp;<\/p>\n<p>&nbsp;<\/p>\n<p>Der <strong>Freistaat Th\u00fcringen<\/strong> (Abk.: <em>TH<\/em>) ist, ein deutsches Bundesland und liegt, in der geografischen Mitte &#8211; der <a href=\"https:\/\/www.mariostark.com\/de\/immobilien\/deutschland\/\">Bundesrepublik Deutschland<\/a>. Die gr\u00f6\u00dfte Stadt des Freistaates Th\u00fcringen ist, die Landeshauptstadt Erfurt. Der Freistaat Th\u00fcringen geh\u00f6rt, mit dem Freistaat Sachsen und dem Bundesland Sachsen-Anhalt, zur Region <em>Mitteldeutschland<\/em>. Bevorzugte Wohnlagen finden sich, beispielsweise, in den beliebten Th\u00fcringer St\u00e4dten &#8211; Erfurt, Jena und Weimar.<\/p>\n<p>&nbsp;<\/p>\n<h4>LAGE<\/h4>\n<p>Th\u00fcringen ist (nach der Fl\u00e4che), eines der kleineren deutschen Bundesl\u00e4nder und liegt, inmitten der Bundesrepublik Deutschland. Der Freistaat Th\u00fcringen grenzt, an die anderen deutschen Bundesl\u00e4nder &#8211; <a href=\"https:\/\/www.mariostark.com\/de\/immobilien\/sachsen-anhalt\/\">Sachsen-Anhalt<\/a>, <a href=\"https:\/\/www.mariostark.com\/de\/immobilien\/hessen\/\">Hessen<\/a> und <a href=\"https:\/\/www.mariostark.com\/de\/immobilien\/niedersachsen\/\">Niedersachsen<\/a>, sowie, an den <a href=\"https:\/\/www.mariostark.com\/de\/immobilien\/bayern\/\">Freistaat Bayern<\/a> und den <a href=\"https:\/\/www.mariostark.com\/de\/immobilien\/sachsen\/\">Freistaat Sachsen<\/a>.<\/p>\n<p>&nbsp;<\/p>\n<h4>FREISTAAT TH\u00dcRINGEN<\/h4>\n<p><em>Th\u00fcringen<\/em> geh\u00f6rt, zu den waldreichen Bundesl\u00e4ndern in Deutschland. Die bekanntesten Landschaftsregionen Th\u00fcringens sind, unter anderem, der beliebte Harz, die Goldene Aue und das Eichsfeld, sowie, das Th\u00fcringer Becken und der beliebte &#8222;Th\u00fcringer Wald&#8220;. Zu den bedeutendsten Fl\u00fcssen in Th\u00fcringen geh\u00f6ren, beispielsweise, die Saale und die Werra.<\/p>\n<p>&nbsp;<\/p>\n<h4>ST\u00c4DTE &amp; LANDKREISE<\/h4>\n<p>Zu den gr\u00f6\u00dferen St\u00e4dten im Freistaat Th\u00fcringen geh\u00f6ren (neben der <em>Landeshauptstadt Erfurt<\/em>), die Universit\u00e4tsstadt Jena, sowie, Gera und das ber\u00fchmte Weimar. Weitere wichtige St\u00e4dte Th\u00fcringens sind, unter anderem, Nordhausen, Eisenach und M\u00fchlhausen, Meiningen und Suhl, sowie, <em>Gotha<\/em> und Arnstadt. Zu den bekannten Landkreisen Th\u00fcringens z\u00e4hlen, beispielsweise, der Landkreis Gotha, der Landkreis Greiz und der Ilm-Kreis, sowie, der Landkreis Sonneberg und der Wartburgkreis.<\/p>\n<p>&nbsp;<\/p>\n<h4>WIRTSCHAFT IN TH\u00dcRINGEN<\/h4>\n<p>Wirtschaftlich starke Regionen Th\u00fcringens sind, beispielsweise, die Regionen um &#8211; Erfurt, <em>Jena<\/em> und Weimar, sowie, die Regionen um &#8211; Eisenach, Nordhausen und dem Eichsfeld. Mehrere b\u00f6rsennotierte Unternehmen haben Ihren Sitz, im <em>Freistaat Th\u00fcringen<\/em>.<\/p>\n<p>&nbsp;<\/p>\n<h4>TOURISMUS<\/h4>\n<p>Der Tourismus ist, ein bedeutender Wirtschaftsfaktor in Th\u00fcringen. Zu den bekanntesten Urlaubs- und Freizeitregionen geh\u00f6ren sicher, <em>der Harz &#8211;<\/em> im Norden des Freistaates, der beliebte Th\u00fcringer Wald &#8211; mit seinem langen Wanderweg &#8222;<em>Rennsteig&#8220;<\/em>, oder auch, die <em>Landeshauptstadt Erfurt<\/em> und die Regionen um &#8211; Weimar und Eisenach. Au\u00dferdem ist der Ort <em>Oberhof,<\/em> besonders, f\u00fcr den Th\u00fcringer Wintersport bekannt.<\/p>\n<p>&nbsp;<\/p>\n<h4>TH\u00dcRINGER SEHENSW\u00dcRDIGKEITEN<\/h4>\n<p>Der Freistaat Th\u00fcringen besitzt, eine Vielzahl von international bekannten, kulturhistorischen Bauwerken, Kulturst\u00e4tten, Schl\u00f6ssern und Burgen. Besonders bekannt sind hierbei, die bedeutenden historischen Kulturst\u00e4tten Weimars, die <em>Wartburg<\/em> &#8211; bei Eisenach, und, der beeindruckende <em>Erfurter Dom<\/em> &#8211; als gr\u00f6\u00dfte Kirche Th\u00fcringens.<\/p>\n<p>&nbsp;<\/p>\n<h4>DAS SCH\u00d6NE WEIMAR<\/h4>\n<p>Die Stadt Weimar gilt, als ein kulturelles Zentrum im Freistaat Th\u00fcringen. <em>Goethes<\/em> &amp; <em>Schillers<\/em> Wohnh\u00e4user in Weimar, sowie, das ber\u00fchmte <em>Weimarer Stadtschloss<\/em> sind, ebendso sehenswert, wie der Park an der Ilm, oder, das sch\u00f6ne Schloss Belvedere &#8211; im Umfeld der Stadt. Auch das <em>Bauhaus-Museum<\/em> &#8211; in der Weimarer Innenstadt, oder, das Goethe Nationalmuseum und das Deutsche Nationaltheater sind, bekannte touristische und kulturelle Attraktionen in <em>Weimar<\/em>.<\/p>\n<p>&nbsp;<\/p>\n<h4>SCHL\u00d6SSER &amp; BURGEN<\/h4>\n<p>Zu den bekanntesten Th\u00fcringer <a href=\"https:\/\/www.mariostark.com\/de\/immobilien\/schloesser-herrenhaeuser\/\"><em>Schl\u00f6ssern<\/em><\/a> geh\u00f6ren, beispielsweise, das sch\u00f6ne Weimarer Stadtschloss, das Schloss Altenburg, das Schloss Belvedere und das Gothaer Schloss, sowie, das Schloss Friedenstein und das Schloss Altenstein. Sehenswert sind aber auch, die Schl\u00f6sser in &#8211; Rudolstadt und Sondershausen, sowie, das bekannte Schlo\u00df Wilhelmsburg &#8211; in Schmalkalden. Die \u00fcberregional bekannteste Burg Th\u00fcringens ist nat\u00fcrlich, die &#8222;Wartburg&#8220; bei Eisenach.<\/p>\n<p>&nbsp;<\/p>\n<h4>ARCHITEKTUR IN TH\u00dcRINGEN<\/h4>\n<p>In Th\u00fcringen gibt es, neben dem bekanntem &#8211; <em>Weimarer Bauhausstil &#8211;<\/em> auch, zahlreiche historische Bauwerke aus verschiedenen Epochen. Besonders erw\u00e4hnenswert sind hier, die ber\u00fchmte <em>Wartburg<\/em> (im romanischen Stil), der gotische &#8211; Erfurter Dom, oder, die barocken Residenzschl\u00f6sser &#8211; im Freistaat Th\u00fcringen. Heute findet man aber auch &#8211; <em>Moderne Architektur<\/em> &#8211; aus Glas und Stahl.<\/p>\n<p>&nbsp;<\/p>\n<h4>INFRASTRUKTUR + VERKEHR<\/h4>\n<p>Durch den Freistaat Th\u00fcringen verlaufen, mehrere wichtige Bundesautobahnen. Dies sind, unter anderem, die A 9 (von <a href=\"https:\/\/www.mariostark.com\/de\/immobilien\/berlin\/\">Berlin<\/a> nach <a href=\"https:\/\/www.mariostark.com\/de\/immobilien\/muenchen\/\">M\u00fcnchen<\/a>), die A 38 (von <a href=\"https:\/\/www.mariostark.com\/de\/immobilien\/leipzig\/\">Leipzig<\/a> in Richtung Kassel), die A 71 (von Erfurt in die Richtung Halle (Saale)), sowie, die A 73 (in Richtung N\u00fcrnberg). Weitere Bahnverbindungen in viele innerdeutsche Gro\u00dfst\u00e4dte und Metropolen, wie &#8211; Berlin, M\u00fcnchen, N\u00fcrnberg, <a href=\"https:\/\/www.mariostark.com\/de\/immobilien\/frankfurt-am-main\/\">Frankfurt am Main<\/a>, oder auch, nach Leipzig und <a href=\"https:\/\/www.mariostark.com\/de\/immobilien\/dresden\/\">Dresden<\/a> &#8211; unterstreichen die gute Verkehrsinfrastruktur Th\u00fcringens. Der gr\u00f6\u00dfte Flughafen im Freistaat Th\u00fcringen ist, der Flughafen in <em>Erfurt<\/em>.<\/p>\n<p>&nbsp;<\/p>\n<p>&nbsp;<\/p>\n<h3>WOHNEN IN <a href=\"#TH\u00dcRINGEN\">#TH\u00dcRINGEN<\/a> &#8211; MARIO STARK IMMOBILIEN &#8211; <span style=\"color: #333333;\"><a href=\"#MARIOSTARK\">#MARIOSTARK<\/a><\/span><\/h3>\n<p>&nbsp;<\/p>\n<h4>TH\u00dcRINGEN: IMMOBILIEN KAUFEN UND VERKAUFEN<\/h4>\n<p>Gerne beraten wir Sie, bei Fragen, zum Immobilienverkauf, einer Immobilienbewertung oder der <a href=\"https:\/\/www.mariostark.com\/de\/immobilien\/immobilienbesichtigung\/\">Immobilienbesichtigung<\/a> von <a href=\"https:\/\/www.mariostark.com\/de\/immobilien\/einfamilienhaeuser\/\">Einfamilienh\u00e4usern<\/a>, <a href=\"https:\/\/www.mariostark.com\/de\/immobilien\/villen\/\">Villen<\/a> &amp; <a href=\"https:\/\/www.mariostark.com\/de\/immobilien\/eigentumswohnungen\/\">Eigentumswohnungen<\/a> im Freistaat Th\u00fcringen.<\/p>\n<p>&nbsp;<\/p>\n<h4>&gt; <a href=\"https:\/\/www.mariostark.com\/de\/kontakt\/\"><em>Kontakt<\/em><\/a><\/h4>\n<p>&nbsp;<\/p>\n<h4>&gt; <a href=\"https:\/\/www.mariostark.com\/de\/immobilien\/immobilien-verkaufen\/\"><em>Immobilien verkaufen<\/em><\/a><\/h4>\n<p>&nbsp;<\/p>\n<h4>&gt; <a href=\"https:\/\/www.mariostark.com\/de\/immobilien\/immobilienbewertung\/\"><em>Immobilienbewertung<\/em><\/a><\/h4>\n<p>&nbsp;<\/p>\n<p>Weitere Informationen auf <a href=\"https:\/\/www.mariostark.com\/de\/immobilien\"><strong>mariostark.com\/de\/immobilien<\/strong><\/a>.<\/p>\n<p>&nbsp;<\/p>\n<p>&nbsp;<\/p>\n<p>&nbsp;<\/p>\n<p>&nbsp;<\/p>\n<h4 style=\"text-align: center;\"><span style=\"color: #999999;\">Mehr.<\/span><\/h4>\n<h6 style=\"text-align: center;\"><span style=\"color: #808080;\"><a style=\"color: #808080;\" href=\"https:\/\/www.facebook.com\/mariostarkofficial\">Facebook<\/a> \u00a0\u00a0 <a style=\"color: #808080;\" href=\"http:\/\/www.twitter.com\/mariostarkcom\">Twitter<\/a> \u00a0\u00a0 <a style=\"color: #808080;\" href=\"https:\/\/www.instagram.com\/mariostarkofficial\">Instagram<\/a>\u00a0\u00a0\u00a0 <a style=\"color: #808080;\" href=\"https:\/\/www.youtube.com\/c\/mariostarkofficial\">Youtube<\/a>\u00a0\u00a0\u00a0 <a style=\"color: #808080;\" href=\"http:\/\/www.pinterest.com\/mariostarkcom\">Pinterest<\/a><\/span><\/h6>\n<p>&nbsp;<\/p>","protected":false},"excerpt":{"rendered":"<p>IMMOBILIENMAKLER F\u00dcR TH\u00dcRINGEN &#8211; IMMOBILIEN, H\u00c4USER, VILLEN &amp; WOHNUNGEN ZUM KAUF &#8211; MARIO STARK &nbsp; &nbsp; Der Freistaat Th\u00fcringen (Abk.: TH) ist, ein deutsches Bundesland und liegt, in der geografischen Mitte &#8211; der Bundesrepublik Deutschland. Die gr\u00f6\u00dfte Stadt des Freistaates &hellip; <a href=\"https:\/\/www.mariostark.com\/de\/immobilien\/thueringen\/\">Weiterlesen<\/a><\/p>\n","protected":false},"author":2,"featured_media":0,"parent":41,"menu_order":0,"comment_status":"closed","ping_status":"closed","template":"template-midsize.php","meta":{"footnotes":""},"class_list":["post-9442","page","type-page","status-publish","hentry"],"_links":{"self":[{"href":"https:\/\/www.mariostark.com\/de\/wp-json\/wp\/v2\/pages\/9442","targetHints":{"allow":["GET"]}}],"collection":[{"href":"https:\/\/www.mariostark.com\/de\/wp-json\/wp\/v2\/pages"}],"about":[{"href":"https:\/\/www.mariostark.com\/de\/wp-json\/wp\/v2\/types\/page"}],"author":[{"embeddable":true,"href":"https:\/\/www.mariostark.com\/de\/wp-json\/wp\/v2\/users\/2"}],"replies":[{"embeddable":true,"href":"https:\/\/www.mariostark.com\/de\/wp-json\/wp\/v2\/comments?post=9442"}],"version-history":[{"count":6,"href":"https:\/\/www.mariostark.com\/de\/wp-json\/wp\/v2\/pages\/9442\/revisions"}],"predecessor-version":[{"id":14879,"href":"https:\/\/www.mariostark.com\/de\/wp-json\/wp\/v2\/pages\/9442\/revisions\/14879"}],"up":[{"embeddable":true,"href":"https:\/\/www.mariostark.com\/de\/wp-json\/wp\/v2\/pages\/41"}],"wp:attachment":[{"href":"https:\/\/www.mariostark.com\/de\/wp-json\/wp\/v2\/media?parent=9442"}],"curies":[{"name":"wp","href":"https:\/\/api.w.org\/{rel}","templated":true}]}}