{"id":9420,"date":"2016-11-21T07:45:13","date_gmt":"2016-11-21T05:45:13","guid":{"rendered":"https:\/\/www.mariostark.com\/?page_id=9420"},"modified":"2019-04-13T12:18:23","modified_gmt":"2019-04-13T10:18:23","slug":"brandenburg","status":"publish","type":"page","link":"https:\/\/www.mariostark.com\/de\/immobilien\/brandenburg\/","title":{"rendered":"Immobilien in Brandenburg"},"content":{"rendered":"<h3>IMMOBILIENMAKLER F\u00dcR BRANDENBURG &#8211; IMMOBILIEN, H\u00c4USER, VILLEN &amp; WOHNUNGEN ZUM KAUF UND VERKAUF &#8211; MARIO STARK<\/h3>\n<p>&nbsp;<\/p>\n<p>&nbsp;<\/p>\n<p><strong>Brandenburg<\/strong> (Abk\u00fcrzung:<em> BB<\/em>) ist, ein deutsches Bundesland und liegt, im Osten der <a href=\"https:\/\/www.mariostark.com\/de\/immobilien\/deutschland\/\">Bundesrepublik Deutschland<\/a>. Die Stadt Potsdam ist, die Landeshauptstadt und die (nach Einwohnern) gr\u00f6\u00dfte Stadt Brandenburgs. Zudem ist Potsdam das Politische, und auch, wichtiges wirtschaftliches Zentrum im Bundesland Brandenburg. Begehrte Wohnlagen im Land Brandenburg, finden sich vor allem, in und um die <a href=\"https:\/\/www.mariostark.com\/de\/immobilien\/potsdam\/\">Landeshauptstadt Potsdam<\/a>, sowie, im so genannten &#8222;Speckg\u00fcrtel&#8220; der deutschen <em>Bundeshauptstadt Berlin<\/em>.<\/p>\n<p>&nbsp;<\/p>\n<h4>GEOGRAFISCHE LAGE<\/h4>\n<p>Das Bundesland Brandenburg liegt, im Osten Deutschlands. Brandenburg grenzt, an die anderen deutschen Bundesl\u00e4nder &#8211;\u00a0<a href=\"https:\/\/www.mariostark.com\/de\/immobilien\/mecklenburg-vorpommern\/\">Mecklenburg-Vorpommern<\/a>, <a href=\"https:\/\/www.mariostark.com\/de\/immobilien\/sachsen-anhalt\/\">Sachsen-Anhalt<\/a>, Berlin, <a href=\"https:\/\/www.mariostark.com\/de\/immobilien\/niedersachsen\/\">Niedersachsen<\/a> und <a href=\"https:\/\/www.mariostark.com\/de\/immobilien\/sachsen\/\">Sachsen<\/a>, sowie, im Osten &#8211; an das EU-Land Polen.<\/p>\n<p>&nbsp;<\/p>\n<h4>BUNDESLAND BRANDENBURG<\/h4>\n<p><em>Brandenburg<\/em> ist, ein eher d\u00fcnn besiedeltes, landschaftlich reizvolles Bundesland, das das <em>Land Berlin<\/em> und somit, die <a href=\"https:\/\/www.mariostark.com\/de\/immobilien\/berlin\/\">Bundeshauptstadt Berlin<\/a>, vollst\u00e4ndig umschlie\u00dft. Zusammen mit der deutschen Bundeshauptstadt Berlin bildet, das Bundesland Brandenburg, den gro\u00dfen Ballungsraum &#8211; <em>Berlin-Brandenburg<\/em>. Brandenburg ist, nach der Fl\u00e4che, eines der gr\u00f6\u00dften deutschen Bundesl\u00e4nder und mit seinen zahllosen Seen und W\u00e4ldern, auch, eines der Gew\u00e4sserreichsten Bundesl\u00e4nder Deutschlands.<\/p>\n<p>&nbsp;<\/p>\n<h4>FL\u00dcSSE UND SEEN<\/h4>\n<p>Gro\u00dfe Fl\u00fcsse wie, <em>die Elbe<\/em> im Westen, sowie, die Oder und Nei\u00dfe im Osten, verlaufen nur an den Landesgrenzen Brandenburgs. Zu den gr\u00f6\u00dften Binnenfl\u00fcssen Brandenburgs geh\u00f6ren, unter anderem, die Havel und <em>die Spree<\/em>. Weitere Fl\u00fcsse im Landesgebiet sind, beispielsweise, die Dosse, die Ucker und die Nuthe, sowie, die Dahme und die Schwarze Elster. Zu den bekanntesten Seen Brandenburgs geh\u00f6ren, unter anderem, der gro\u00dfe Schwielochsee, der Senftenberger See, der beliebte Scharm\u00fctzelsee, sowie, der Ruppiner See und der Werbellinsee. Die Seen Brandenburgs liegen oft, auch, inmitten der vielen Brandenburger Naturparks.<\/p>\n<p>&nbsp;<\/p>\n<h4>ST\u00c4DTE &amp; LANDKREISE IN BRANDENBURG<\/h4>\n<p>Zu den gr\u00f6\u00dften St\u00e4dten Brandenburgs geh\u00f6ren, neben der Landeshauptstadt Potsdam, auch die St\u00e4dte &#8211;\u00a0<em>Cottbus<\/em>, Brandenburg an der Havel und Frankfurt\/Oder. Weitere mittelgro\u00dfe Brandenburger St\u00e4dte sind, unter anderem, Oranienburg, Falkensee und\u00a0<em>Eberswalde<\/em>, sowie, Bernau und K\u00f6nigs Wusterhausen. Zu den bekanntesten Landkreisen Brandenburgs geh\u00f6ren, neben den Landkreisen &#8211; Barnim, Havelland, M\u00e4rkisch-Oderland und Oberhavel, auch, die Landkreise &#8211; Oder-Spree, <em>Potsdam-Mittelmark<\/em> und Teltow-Fl\u00e4ming.<\/p>\n<p>&nbsp;<\/p>\n<h4>WIRTSCHAFT IN BRANDENBURG<\/h4>\n<p>Der Landkreis Potsdam-Mittelmark gilt, mit der Landeshauptstadt Potsdam, als ein wichtiges wirtschaftliches Zentrum und bekannter Medienstandort Brandenburgs, mit Sitz, vieler bedeutender Unternehmen. Weitere wichtige Wirtschaftsstandorte in Brandenburg sind, beispielsweise die Regionen um &#8211; Hennigsdorf, Eisenh\u00fcttenstadt, Brandenburg an der Havel und Dahlewitz, sowie, Schwedt\/Oder und Ludwigsfelde.<\/p>\n<p>&nbsp;<\/p>\n<h4>TOURISMUS<\/h4>\n<p>Der Tourismus ist, ein bedeutender Wirtschaftsfaktor Brandenburgs. Zahlreiche touristische Attraktionen, in und um die Landeshauptstadt Potsdam, beeindruckende Schl\u00f6sser, Kirchen und historische Stadtzentren, sowie, die vielen Naturparks in der reizvollen Wald- und Seenreichen Landschaft, ziehen regelm\u00e4\u00dfig viele G\u00e4ste in die sch\u00f6nen Regionen des Bundeslandes Brandenburg.<\/p>\n<p>&nbsp;<\/p>\n<h4>BRANDENBURGER SEHENSW\u00dcRDIGKEITEN<\/h4>\n<p>In <em>Brandenburg<\/em> gibt es, viele pr\u00e4chtige und repr\u00e4sentative <a href=\"https:\/\/www.mariostark.com\/de\/immobilien\/schloesser-herrenhaeuser\/\">Schl\u00f6sser<\/a> &amp; Burgen. Zu den bekanntesten und sicher auch sch\u00f6nsten z\u00e4hlen &#8211; das <em>Schloss Sanssouci<\/em> in Potsdam, das Schloss Boitzenburg (mit seinem beeindruckendem Schlosspark), das Wasserschloss in Rheinsberg, das Schloss Sacrow, sowie, das Schloss Neuhardenberg oder, das Barockschloss Meseberg &#8211; das auch, als offizieller Tagungsort der deutschen Bundesregierung genutzt wird. Sehenswert sind aber auch, der beliebte <em>Spreewald<\/em>\u00a0&#8211; im S\u00fcden Brandenburgs, oder, der bekannte Filmstandort Potsdam-Babelsberg.<\/p>\n<p>&nbsp;<\/p>\n<h4>KULTURELLE VERANSTALTUNGEN<\/h4>\n<p>Zu den gr\u00f6\u00dften und beliebtesten kulturellen Veranstaltungen im Land Brandenburg geh\u00f6ren, beispielsweise, das Baumbl\u00fctenfest in der ber\u00fchmten Obstanbauregion &#8211; Werder, die bekannte &#8222;Potsdamer Schl\u00f6ssernacht&#8220; &#8211; um das Schloss Sanssouci, sowie, das Havelfest in Brandenburg an der Havel oder, das allj\u00e4hrliche Internationale Filmfest &#8211; in Potsdam.<\/p>\n<p>&nbsp;<\/p>\n<h4>INFRASTRUKTUR + VERKEHR<\/h4>\n<p>Eine der wichtigsten Verkehrsachsen in Brandenburg ist, die Bundesautobahn A 10 &#8211; der so genannte &#8222;<em>Berliner Ring&#8220; &#8211;<\/em>\u00a0der die deutsche Bundeshauptstadt Berlin umschlie\u00dft und, mit seinen zahlreichen Abfahrten und Gewerbegebieten im Umfeld, ein bedeutender wirtschaftlicher und verkehrstechnischer Standort im Ballungsraum Berlin-Brandenburg ist. Der gr\u00f6\u00dfte und wichtigste Flughafen Brandenburgs ist, der Internationale Flughafen Berlin-Sch\u00f6nefeld (s\u00fcdlich, der Bundeshauptstadt Berlin). Zahlreiche weitere Bundesautobahnen f\u00fchren vom Berliner Ring, in alle Himmelsrichtungen. Dazu geh\u00f6ren, beispielsweise, die A 2 (Richtung Magdeburg, <a href=\"https:\/\/www.mariostark.com\/de\/immobilien\/hannover\/\">Hannover<\/a> und Dortmund), die A 9 (Richtung <a href=\"https:\/\/www.mariostark.com\/de\/immobilien\/leipzig\/\">Leipzig<\/a>, N\u00fcrnberg und <a href=\"https:\/\/www.mariostark.com\/de\/immobilien\/muenchen\/\">M\u00fcnchen<\/a>), die A 12 (Richtung Frankfurt\/Oder), sowie, die A 13 (Richtung <a href=\"https:\/\/www.mariostark.com\/de\/immobilien\/dresden\/\">Dresden<\/a>), die A 15 (Richtung Cottbus) oder, die A 19 (Richtung\u00a0<a href=\"https:\/\/www.mariostark.com\/de\/immobilien\/rostock\/\">Hansestadt Rostock<\/a>) oder die A 24 (Richtung\u00a0<a href=\"https:\/\/www.mariostark.com\/de\/immobilien\/hamburg\/\">Hansestadt Hamburg<\/a>).<\/p>\n<p>&nbsp;<\/p>\n<p>&nbsp;<\/p>\n<h3>WOHNEN IN\u00a0<a href=\"#BRANDENBURG\">#BRANDENBURG<\/a> &#8211; MARIO STARK IMMOBILIEN &#8211; <span style=\"color: #333333;\"><a href=\"#MARIOSTARK\">#MARIOSTARK<\/a><\/span><\/h3>\n<p>&nbsp;<\/p>\n<h4>BRANDENBURG: IMMOBILIEN KAUFEN UND VERKAUFEN<\/h4>\n<p>Gerne beraten wir Sie, bei Fragen, zum Immobilienverkauf, einer Immobilienbewertung oder einer <a href=\"https:\/\/www.mariostark.com\/de\/immobilien\/immobilienbesichtigung\/\">Immobilienbesichtigung<\/a> von <a href=\"https:\/\/www.mariostark.com\/de\/immobilien\/einfamilienhaeuser\/\">Einfamilienh\u00e4usern<\/a>, <a href=\"https:\/\/www.mariostark.com\/de\/immobilien\/villen\/\">Villen<\/a> &amp; <a href=\"https:\/\/www.mariostark.com\/de\/immobilien\/eigentumswohnungen\/\">Eigentumswohnungen<\/a> im Bundesland Brandenburg.<\/p>\n<p>&nbsp;<\/p>\n<h4>&gt; <a href=\"https:\/\/www.mariostark.com\/de\/kontakt\/\"><em>Kontakt<\/em><\/a><\/h4>\n<p>&nbsp;<\/p>\n<h4>&gt; <a href=\"https:\/\/www.mariostark.com\/de\/immobilien\/immobilien-verkaufen\/\"><em>Immobilien verkaufen<\/em><\/a><\/h4>\n<p>&nbsp;<\/p>\n<h4>&gt; <a href=\"https:\/\/www.mariostark.com\/de\/immobilien\/immobilienbewertung\/\"><em>Immobilienbewertung<\/em><\/a><\/h4>\n<p>&nbsp;<\/p>\n<p>Weitere Informationen auf <a href=\"https:\/\/www.mariostark.com\/de\/immobilien\"><strong>mariostark.com\/de\/immobilien<\/strong><\/a>.<\/p>\n<p>&nbsp;<\/p>\n<p>&nbsp;<\/p>\n<p>&nbsp;<\/p>\n<p>&nbsp;<\/p>\n<h4 style=\"text-align: center;\"><span style=\"color: #999999;\">Mehr.<\/span><\/h4>\n<h6 style=\"text-align: center;\"><span style=\"color: #808080;\"><a style=\"color: #808080;\" href=\"https:\/\/www.facebook.com\/mariostarkofficial\">Facebook<\/a> \u00a0\u00a0 <a style=\"color: #808080;\" href=\"http:\/\/www.twitter.com\/mariostarkcom\">Twitter<\/a> \u00a0\u00a0 <a style=\"color: #808080;\" href=\"https:\/\/www.instagram.com\/mariostarkofficial\">Instagram<\/a>\u00a0\u00a0\u00a0 <a style=\"color: #808080;\" href=\"https:\/\/www.youtube.com\/c\/mariostarkofficial\">Youtube<\/a>\u00a0\u00a0\u00a0 <a style=\"color: #808080;\" href=\"http:\/\/www.pinterest.com\/mariostarkcom\">Pinterest<\/a><\/span><\/h6>\n<p>&nbsp;<\/p>","protected":false},"excerpt":{"rendered":"<p>IMMOBILIENMAKLER F\u00dcR BRANDENBURG &#8211; IMMOBILIEN, H\u00c4USER, VILLEN &amp; WOHNUNGEN ZUM KAUF UND VERKAUF &#8211; MARIO STARK &nbsp; &nbsp; Brandenburg (Abk\u00fcrzung: BB) ist, ein deutsches Bundesland und liegt, im Osten der Bundesrepublik Deutschland. Die Stadt Potsdam ist, die Landeshauptstadt und die &hellip; <a href=\"https:\/\/www.mariostark.com\/de\/immobilien\/brandenburg\/\">Weiterlesen<\/a><\/p>\n","protected":false},"author":2,"featured_media":0,"parent":41,"menu_order":0,"comment_status":"closed","ping_status":"closed","template":"template-midsize.php","meta":{"footnotes":""},"class_list":["post-9420","page","type-page","status-publish","hentry"],"_links":{"self":[{"href":"https:\/\/www.mariostark.com\/de\/wp-json\/wp\/v2\/pages\/9420","targetHints":{"allow":["GET"]}}],"collection":[{"href":"https:\/\/www.mariostark.com\/de\/wp-json\/wp\/v2\/pages"}],"about":[{"href":"https:\/\/www.mariostark.com\/de\/wp-json\/wp\/v2\/types\/page"}],"author":[{"embeddable":true,"href":"https:\/\/www.mariostark.com\/de\/wp-json\/wp\/v2\/users\/2"}],"replies":[{"embeddable":true,"href":"https:\/\/www.mariostark.com\/de\/wp-json\/wp\/v2\/comments?post=9420"}],"version-history":[{"count":5,"href":"https:\/\/www.mariostark.com\/de\/wp-json\/wp\/v2\/pages\/9420\/revisions"}],"predecessor-version":[{"id":14839,"href":"https:\/\/www.mariostark.com\/de\/wp-json\/wp\/v2\/pages\/9420\/revisions\/14839"}],"up":[{"embeddable":true,"href":"https:\/\/www.mariostark.com\/de\/wp-json\/wp\/v2\/pages\/41"}],"wp:attachment":[{"href":"https:\/\/www.mariostark.com\/de\/wp-json\/wp\/v2\/media?parent=9420"}],"curies":[{"name":"wp","href":"https:\/\/api.w.org\/{rel}","templated":true}]}}