{"id":9368,"date":"2016-11-18T14:25:32","date_gmt":"2016-11-18T12:25:32","guid":{"rendered":"https:\/\/www.mariostark.com\/?page_id=9368"},"modified":"2019-04-13T12:30:09","modified_gmt":"2019-04-13T10:30:09","slug":"oberbayern","status":"publish","type":"page","link":"https:\/\/www.mariostark.com\/de\/immobilien\/oberbayern\/","title":{"rendered":"Immobilien in Oberbayern"},"content":{"rendered":"<h3>IMMOBILIEN IN OBERBAYERN &#8211; IMMOBILIEN, VILLEN, H\u00c4USER &amp; WOHNUNGEN KAUFEN UND VERKAUFEN &#8211; MARIO STARK<\/h3>\n<p>&nbsp;<\/p>\n<p>&nbsp;<\/p>\n<p><strong>Oberbayern<\/strong> ist, ein Bezirk im <a href=\"https:\/\/www.mariostark.com\/de\/immobilien\/bayern\/\">Freistaat Bayern<\/a> (<em>engl.<\/em>: Bavaria) und liegt &#8211; im S\u00fcden <a href=\"https:\/\/www.mariostark.com\/de\/immobilien\/deutschland\/\">Deutschlands<\/a>. In Oberbayern gibt es, zahlreiche begehrte und exklusive Wohngegenden, beispielsweise, in der bayrischen Landeshauptstadt M\u00fcnchen oder, den beliebten bayrischen Landkreisen &#8211; M\u00fcnchen, Starnberg und Miesbach.<\/p>\n<p>&nbsp;<\/p>\n<h4>OBERBAYERN<\/h4>\n<p><em>Oberbayern<\/em> geh\u00f6rt, zu den Einkommensst\u00e4rksten Regionen Deutschlands und weist eine (im Vergleich), \u00fcberdurchschnittliche Kaufkraft seiner Einwohner auf. Oberbayern geh\u00f6rt, auch, zu den beliebtesten Urlaubsregionen in Deutschland und Europa. Der Tourismus ist, daher, von gro\u00dfer wirtschaftlicher Bedeutung im Bezirk Oberbayern. Zahlreiche bekannte Sehensw\u00fcrdigkeiten, wie, historische <a href=\"https:\/\/www.mariostark.com\/de\/immobilien\/schloesser-herrenhaeuser\/\">Schl\u00f6sser<\/a> und Bauwerke, sowie, die \u00e4u\u00dferst reizvolle Naturlandschaft, ziehen regelm\u00e4\u00dfig viele nationale und internationale Touristen, sowie auch, regionale und \u00fcberregionale Tagesg\u00e4ste, in die beliebte Urlaubsregion <em>Oberbayern<\/em>.<\/p>\n<p>&nbsp;<\/p>\n<h4>LANDKREISE &amp; ST\u00c4DTE<\/h4>\n<p>Mit der bayrischen <a href=\"https:\/\/www.mariostark.com\/de\/immobilien\/muenchen\/\">Landeshauptstadt M\u00fcnchen<\/a>, sowie, den St\u00e4dten Ingolstadt und Rosenheim, liegen mehrere gro\u00dfe St\u00e4dte im Bezirksgebiet Oberbayerns. Zu den bekanntesten Landkreisen im Bezirk Oberbayern geh\u00f6ren, unter anderem, die Landkreise &#8211; <a href=\"https:\/\/www.mariostark.com\/de\/immobilien\/landkreis-starnberg\/\">Starnberg<\/a>, <a href=\"https:\/\/www.mariostark.com\/de\/immobilien\/landkreis-muenchen\/\">M\u00fcnchen<\/a>, <a href=\"https:\/\/www.mariostark.com\/de\/immobilien\/landkreis-fuerstenfeldbruck\/\">F\u00fcrstenfeldbruck<\/a>, <a href=\"https:\/\/www.mariostark.com\/de\/immobilien\/landkreis-dachau\/\">Dachau<\/a>, sowie, <a href=\"https:\/\/www.mariostark.com\/de\/immobilien\/landkreis-ebersberg\/\">Ebersberg<\/a> und <a href=\"https:\/\/www.mariostark.com\/de\/immobilien\/landkreis-miesbach\/\"><em>Miesbach<\/em><\/a>.<\/p>\n<p>&nbsp;<\/p>\n<h4>INFRASTRUKTUR<\/h4>\n<p>Viele wichtige deutsche Bundesstra\u00dfen, Bundesautobahnen und Bahnverbindungen, sowie, der Flughafen M\u00fcnchen, zeichnen die hervorragende verkehrstechnische Infrastruktur in Oberbayern aus.<\/p>\n<p>&nbsp;<\/p>\n<p>&nbsp;<\/p>\n<h3>IMMOBILIENMAKLER F\u00dcR <a href=\"#OBERBAYERN\">#OBERBAYERN<\/a> &#8211; MARIO STARK IMMOBILIEN &#8211; <span style=\"color: #333333;\"><a href=\"#MARIOSTARK\">#MARIOSTARK<\/a><\/span><\/h3>\n<p>&nbsp;<\/p>\n<h4>OBERBAYERN: IMMOBILIEN KAUFEN &amp; VERKAUFEN<\/h4>\n<p>Gerne beraten wir Sie, bei Fragen, zum Immobilienverkauf, einer Immobilienbewertung oder der <a href=\"https:\/\/www.mariostark.com\/de\/immobilien\/immobilienbesichtigung\/\">Immobilienbesichtigung<\/a> von <a href=\"https:\/\/www.mariostark.com\/de\/immobilien\/haeuser\/\">H\u00e4usern<\/a>, <a href=\"https:\/\/www.mariostark.com\/de\/immobilien\/villen\/\">Villen<\/a> und <a href=\"https:\/\/www.mariostark.com\/de\/immobilien\/eigentumswohnungen\/\">Eigentumswohnungen<\/a> in <em>Oberbayern<\/em>.<\/p>\n<p>&nbsp;<\/p>\n<h4>&gt; <a href=\"https:\/\/www.mariostark.com\/de\/kontakt\/\"><em>Kontakt<\/em><\/a><\/h4>\n<p>&nbsp;<\/p>\n<h4>&gt; <a href=\"https:\/\/www.mariostark.com\/de\/immobilien\/immobilien-verkaufen\/\"><em>Immobilien verkaufen<\/em><\/a><\/h4>\n<p>&nbsp;<\/p>\n<h4>&gt; <a href=\"https:\/\/www.mariostark.com\/de\/immobilien\/immobilienbewertung\/\"><em>Immobilienbewertung<\/em><\/a><\/h4>\n<p>&nbsp;<\/p>\n<p>Weitere Informationen auf <a href=\"https:\/\/www.mariostark.com\/de\/immobilien\"><strong>mariostark.com\/de\/immobilien<\/strong><\/a>.<\/p>\n<p>&nbsp;<\/p>\n<p>&nbsp;<\/p>\n<p>&nbsp;<\/p>\n<p>&nbsp;<\/p>\n<h4 style=\"text-align: center;\"><span style=\"color: #999999;\">Mehr.<\/span><\/h4>\n<h6 style=\"text-align: center;\"><span style=\"color: #808080;\"><a style=\"color: #808080;\" href=\"https:\/\/www.facebook.com\/mariostarkofficial\">Facebook<\/a> \u00a0\u00a0 <a style=\"color: #808080;\" href=\"http:\/\/www.twitter.com\/mariostarkcom\">Twitter<\/a> \u00a0\u00a0 <a style=\"color: #808080;\" href=\"https:\/\/www.instagram.com\/mariostarkofficial\">Instagram<\/a>\u00a0\u00a0\u00a0 <a style=\"color: #808080;\" href=\"https:\/\/www.youtube.com\/c\/mariostarkofficial\">Youtube<\/a>\u00a0\u00a0\u00a0 <a style=\"color: #808080;\" href=\"http:\/\/www.pinterest.com\/mariostarkcom\">Pinterest<\/a><\/span><\/h6>\n<p>&nbsp;<\/p>","protected":false},"excerpt":{"rendered":"<p>IMMOBILIEN IN OBERBAYERN &#8211; IMMOBILIEN, VILLEN, H\u00c4USER &amp; WOHNUNGEN KAUFEN UND VERKAUFEN &#8211; MARIO STARK &nbsp; &nbsp; Oberbayern ist, ein Bezirk im Freistaat Bayern (engl.: Bavaria) und liegt &#8211; im S\u00fcden Deutschlands. In Oberbayern gibt es, zahlreiche begehrte und exklusive &hellip; <a href=\"https:\/\/www.mariostark.com\/de\/immobilien\/oberbayern\/\">Weiterlesen<\/a><\/p>\n","protected":false},"author":2,"featured_media":0,"parent":41,"menu_order":0,"comment_status":"closed","ping_status":"closed","template":"template-midsize.php","meta":{"footnotes":""},"class_list":["post-9368","page","type-page","status-publish","hentry"],"_links":{"self":[{"href":"https:\/\/www.mariostark.com\/de\/wp-json\/wp\/v2\/pages\/9368","targetHints":{"allow":["GET"]}}],"collection":[{"href":"https:\/\/www.mariostark.com\/de\/wp-json\/wp\/v2\/pages"}],"about":[{"href":"https:\/\/www.mariostark.com\/de\/wp-json\/wp\/v2\/types\/page"}],"author":[{"embeddable":true,"href":"https:\/\/www.mariostark.com\/de\/wp-json\/wp\/v2\/users\/2"}],"replies":[{"embeddable":true,"href":"https:\/\/www.mariostark.com\/de\/wp-json\/wp\/v2\/comments?post=9368"}],"version-history":[{"count":6,"href":"https:\/\/www.mariostark.com\/de\/wp-json\/wp\/v2\/pages\/9368\/revisions"}],"predecessor-version":[{"id":14868,"href":"https:\/\/www.mariostark.com\/de\/wp-json\/wp\/v2\/pages\/9368\/revisions\/14868"}],"up":[{"embeddable":true,"href":"https:\/\/www.mariostark.com\/de\/wp-json\/wp\/v2\/pages\/41"}],"wp:attachment":[{"href":"https:\/\/www.mariostark.com\/de\/wp-json\/wp\/v2\/media?parent=9368"}],"curies":[{"name":"wp","href":"https:\/\/api.w.org\/{rel}","templated":true}]}}