{"id":9365,"date":"2016-11-18T14:22:36","date_gmt":"2016-11-18T12:22:36","guid":{"rendered":"https:\/\/www.mariostark.com\/?page_id=9365"},"modified":"2019-04-13T12:08:38","modified_gmt":"2019-04-13T10:08:38","slug":"landkreis-ebersberg","status":"publish","type":"page","link":"https:\/\/www.mariostark.com\/de\/immobilien\/landkreis-ebersberg\/","title":{"rendered":"Immobilien im Landkreis Ebersberg"},"content":{"rendered":"<h3>IMMOBILIEN IM LANDKREIS EBERSBERG &#8211; IMMOBILIEN, VILLEN, H\u00c4USER &amp; WOHNUNGEN ZUM KAUF &#8211; MARIO STARK<\/h3>\n<p>&nbsp;<\/p>\n<p>&nbsp;<\/p>\n<p>Der <strong>Landkreis Ebersberg<\/strong> liegt, in der Region M\u00fcnchen, im <a href=\"https:\/\/www.mariostark.com\/de\/immobilien\/bayern\/\">Freistaat Bayern<\/a> (<em>BY<\/em>). Verwaltungssitz im Landkreis ist &#8211; die Stadt Ebersberg. Der bayrische Landkreis Ebersberg geh\u00f6rt, zu den bevorzugten Lagen, f\u00fcr den Kauf von <a href=\"https:\/\/www.mariostark.com\/de\/immobilien\/immobilien-kaufen-verkaufen\/\">Immobilien<\/a> wie, <a href=\"https:\/\/www.mariostark.com\/de\/immobilien\/einfamilienhaeuser\/\">Einfamilienh\u00e4usern<\/a>, <a href=\"https:\/\/www.mariostark.com\/de\/immobilien\/villen\/\">Villen<\/a> und <a href=\"https:\/\/www.mariostark.com\/de\/immobilien\/eigentumswohnungen\/\">Eigentumswohnungen<\/a> im <em>Raum M\u00fcnchen<\/em>.<\/p>\n<p>&nbsp;<\/p>\n<h4>LANDKREIS EBERSBERG<\/h4>\n<p>Der <em>Landkreis Ebersberg<\/em> liegt, \u00f6stlich der bayrischen <a href=\"https:\/\/www.mariostark.com\/de\/immobilien\/muenchen\/\">Landeshauptstadt M\u00fcnchen<\/a> und grenzt, an die anderen bayrischen Landkreise, Rosenheim, Erding und <a href=\"https:\/\/www.mariostark.com\/de\/immobilien\/landkreis-muenchen\/\">M\u00fcnchen<\/a>, sowie, an das M\u00fcnchner Stadtgebiet. Der Landkreis Ebersberg ist, einer der am dichtesten besiedelten Landkreise Bayerns, wobei, ein leichtes &#8222;Nord-S\u00fcd Gef\u00e4lle&#8220; zu beobachten ist. Zum Landkreis Ebersberg geh\u00f6ren, unter anderem, die St\u00e4dte Ebersberg und Grafing bei M\u00fcnchen, sowie, die M\u00e4rkte &#8211; Kirchseeon und Schwaben. Bekanntere Gemeinden des Landkreises Ebersberg sind, beispielsweise, Anzing, Pliening und Poing, sowie, Vaterstetten und Zorneding.<\/p>\n<p>&nbsp;<\/p>\n<h4>INFRASTRUKTUR<\/h4>\n<p>Aufgrund der geografischen N\u00e4he zur bayrischen Landeshauptstadt M\u00fcnchen hat der Landkreis Ebersberg, eine sehr gute Anbindung an die wirtschaftliche und verkehrstechnische Infrastruktur M\u00fcnchens, wie beispielsweise, den Anschlu\u00df an das M\u00fcnchner S-Bahnnetz.<\/p>\n<p>&nbsp;<\/p>\n<p>&nbsp;<\/p>\n<h3>IMMOBILIENMAKLER F\u00dcR <a href=\"#EBERSBERG\">#EBERSBERG<\/a> &#8211; MARIO STARK IMMOBILIEN &#8211; <span style=\"color: #333333;\"><a href=\"#MARIOSTARK\">#MARIOSTARK<\/a><\/span><\/h3>\n<p>&nbsp;<\/p>\n<h4>LANDKREIS EBERSBERG: IMMOBILIEN KAUFEN UND VERKAUFEN<\/h4>\n<p>Gerne beraten wir Sie, bei Fragen, zum Immobilienverkauf, einer Immobilienbewertung oder einer <a href=\"https:\/\/www.mariostark.com\/de\/immobilien\/immobilienbesichtigung\/\">Immobilienbesichtigung<\/a> von <a href=\"https:\/\/www.mariostark.com\/de\/immobilien\/haeuser\/\">H\u00e4usern<\/a>, Villen &amp; <a href=\"https:\/\/www.mariostark.com\/de\/immobilien\/wohnungen\/\">Wohnungen<\/a> im bayrischen Landkreis Ebersberg.<\/p>\n<p>&nbsp;<\/p>\n<h4>&gt; <a href=\"https:\/\/www.mariostark.com\/de\/kontakt\/\"><em>Kontakt<\/em><\/a><\/h4>\n<p>&nbsp;<\/p>\n<h4>&gt; <a href=\"https:\/\/www.mariostark.com\/de\/immobilien\/immobilien-verkaufen\/\"><em>Immobilien verkaufen<\/em><\/a><\/h4>\n<p>&nbsp;<\/p>\n<h4>&gt; <a href=\"https:\/\/www.mariostark.com\/de\/immobilien\/immobilienbewertung\/\"><em>Immobilienbewertung<\/em><\/a><\/h4>\n<p>&nbsp;<\/p>\n<p>Weitere Informationen auf <a href=\"https:\/\/www.mariostark.com\/de\/immobilien\"><strong>mariostark.com\/de\/immobilien<\/strong><\/a>.<\/p>\n<p>&nbsp;<\/p>\n<p>&nbsp;<\/p>\n<p>&nbsp;<\/p>\n<p>&nbsp;<\/p>\n<h4 style=\"text-align: center;\"><span style=\"color: #999999;\">Mehr.<\/span><\/h4>\n<h6 style=\"text-align: center;\"><span style=\"color: #808080;\"><a style=\"color: #808080;\" href=\"https:\/\/www.facebook.com\/mariostarkofficial\">Facebook<\/a> \u00a0\u00a0 <a style=\"color: #808080;\" href=\"http:\/\/www.twitter.com\/mariostarkcom\">Twitter<\/a> \u00a0\u00a0 <a style=\"color: #808080;\" href=\"https:\/\/www.instagram.com\/mariostarkofficial\">Instagram<\/a>\u00a0\u00a0\u00a0 <a style=\"color: #808080;\" href=\"https:\/\/www.youtube.com\/c\/mariostarkofficial\">Youtube<\/a>\u00a0\u00a0\u00a0 <a style=\"color: #808080;\" href=\"http:\/\/www.pinterest.com\/mariostarkcom\">Pinterest<\/a><\/span><\/h6>\n<p>&nbsp;<\/p>","protected":false},"excerpt":{"rendered":"<p>IMMOBILIEN IM LANDKREIS EBERSBERG &#8211; IMMOBILIEN, VILLEN, H\u00c4USER &amp; WOHNUNGEN ZUM KAUF &#8211; MARIO STARK &nbsp; &nbsp; Der Landkreis Ebersberg liegt, in der Region M\u00fcnchen, im Freistaat Bayern (BY). Verwaltungssitz im Landkreis ist &#8211; die Stadt Ebersberg. Der bayrische Landkreis &hellip; <a href=\"https:\/\/www.mariostark.com\/de\/immobilien\/landkreis-ebersberg\/\">Weiterlesen<\/a><\/p>\n","protected":false},"author":2,"featured_media":0,"parent":41,"menu_order":0,"comment_status":"closed","ping_status":"closed","template":"template-midsize.php","meta":{"footnotes":""},"class_list":["post-9365","page","type-page","status-publish","hentry"],"_links":{"self":[{"href":"https:\/\/www.mariostark.com\/de\/wp-json\/wp\/v2\/pages\/9365","targetHints":{"allow":["GET"]}}],"collection":[{"href":"https:\/\/www.mariostark.com\/de\/wp-json\/wp\/v2\/pages"}],"about":[{"href":"https:\/\/www.mariostark.com\/de\/wp-json\/wp\/v2\/types\/page"}],"author":[{"embeddable":true,"href":"https:\/\/www.mariostark.com\/de\/wp-json\/wp\/v2\/users\/2"}],"replies":[{"embeddable":true,"href":"https:\/\/www.mariostark.com\/de\/wp-json\/wp\/v2\/comments?post=9365"}],"version-history":[{"count":6,"href":"https:\/\/www.mariostark.com\/de\/wp-json\/wp\/v2\/pages\/9365\/revisions"}],"predecessor-version":[{"id":14816,"href":"https:\/\/www.mariostark.com\/de\/wp-json\/wp\/v2\/pages\/9365\/revisions\/14816"}],"up":[{"embeddable":true,"href":"https:\/\/www.mariostark.com\/de\/wp-json\/wp\/v2\/pages\/41"}],"wp:attachment":[{"href":"https:\/\/www.mariostark.com\/de\/wp-json\/wp\/v2\/media?parent=9365"}],"curies":[{"name":"wp","href":"https:\/\/api.w.org\/{rel}","templated":true}]}}