{"id":9362,"date":"2016-11-18T14:23:15","date_gmt":"2016-11-18T12:23:15","guid":{"rendered":"https:\/\/www.mariostark.com\/?page_id=9362"},"modified":"2019-04-13T12:08:16","modified_gmt":"2019-04-13T10:08:16","slug":"landkreis-dachau","status":"publish","type":"page","link":"https:\/\/www.mariostark.com\/de\/immobilien\/landkreis-dachau\/","title":{"rendered":"Immobilien im Landkreis Dachau"},"content":{"rendered":"<h3>IMMOBILIEN IM LANDKREIS DACHAU &#8211; IMMOBILIEN, VILLEN, H\u00c4USER &amp; WOHNUNGEN ZUM KAUF &#8211; MARIO STARK<\/h3>\n<p>&nbsp;<\/p>\n<p>&nbsp;<\/p>\n<p>Der <strong>Landkreis Dachau<\/strong> liegt, in der Region M\u00fcnchen, im <a href=\"https:\/\/www.mariostark.com\/de\/immobilien\/bayern\/\">Freistaat Bayern<\/a> (BY) &#8211; n\u00f6rdlich der bayrischen <a href=\"https:\/\/www.mariostark.com\/de\/immobilien\/muenchen\/\">Landeshauptstadt M\u00fcnchen<\/a>. Der Landkreis Dachau geh\u00f6rt, zu den bevorzugten Lagen, f\u00fcr den Kauf von <a href=\"https:\/\/www.mariostark.com\/de\/immobilien\/immobilien-kaufen-verkaufen\/\">Immobilien<\/a> wie, <a href=\"https:\/\/www.mariostark.com\/de\/immobilien\/einfamilienhaeuser\/\">Einfamilienh\u00e4usern<\/a>, <a href=\"https:\/\/www.mariostark.com\/de\/immobilien\/villen\/\">Villen<\/a> und <a href=\"https:\/\/www.mariostark.com\/de\/immobilien\/eigentumswohnungen\/\">Eigentumswohnungen<\/a> im <em>M\u00fcnchner Raum<\/em>.<\/p>\n<p>&nbsp;<\/p>\n<h4>LANDKREIS DACHAU<\/h4>\n<p>Die Gro\u00dfe Kreisstadt Dachau ist, Verwaltungssitz und gleichzeitig, die gr\u00f6\u00dfte Stadt des Landkreises Dachau. Der Landkreis Dachau grenzt, unter anderem, an die Landeshauptstadt M\u00fcnchen, sowie, die anderen bayrischen Landkreise: <a href=\"https:\/\/www.mariostark.com\/de\/immobilien\/landkreis-muenchen\/\">M\u00fcnchen<\/a>, <a href=\"https:\/\/www.mariostark.com\/de\/immobilien\/landkreis-fuerstenfeldbruck\/\">F\u00fcrstenfeldbruck<\/a> und Freising. Zu den bekannten Gemeinden des Landkreises Dachau geh\u00f6ren, beispielsweise, Haimhausen, Bergkirchen, Herbertshausen und Karlsfeld, sowie, Schwabhausen und Odelzhausen.<\/p>\n<p>&nbsp;<\/p>\n<h4>INFRASTRUKTUR + VERKEHR<\/h4>\n<p>Durch die geografische N\u00e4he zur Landeshauptstadt M\u00fcnchen kann der <em>Landkreis Dachau<\/em>, von der sehr guten wirtschaftlichen und verkehrstechnischen Infrastruktur M\u00fcnchens, mit vielen Stra\u00dfen und Bahnverbindungen in die Metropole, profitieren. Mit der wichtigen Bundesautobahn A 8 hat der Landkreis Dachau, auch, eine Anbindung an das bundesweite Autobahnnetz.<\/p>\n<p>&nbsp;<\/p>\n<p>&nbsp;<\/p>\n<h3>IMMOBILIENMAKLER F\u00dcR <a href=\"#DACHAU\">#DACHAU<\/a> &#8211; MARIO STARK IMMOBILIEN &#8211; <span style=\"color: #333333;\"><a href=\"#MARIOSTARK\">#MARIOSTARK<\/a><\/span><\/h3>\n<p>&nbsp;<\/p>\n<h4>LANDKREIS DACHAU: IMMOBILIEN KAUFEN UND VERKAUFEN<\/h4>\n<p>Gerne beraten wir Sie, bei Fragen, zum Immobilienverkauf, einer Immobilienbewertung oder einer <a href=\"https:\/\/www.mariostark.com\/de\/immobilien\/immobilienbesichtigung\/\">Immobilienbesichtigung<\/a> von <a href=\"https:\/\/www.mariostark.com\/de\/immobilien\/haeuser\/\">H\u00e4usern<\/a>, Villen und <a href=\"https:\/\/www.mariostark.com\/de\/immobilien\/wohnungen\/\">Wohnungen<\/a> im bayrischen Landkreis Dachau.<\/p>\n<p>&nbsp;<\/p>\n<h4>&gt; <a href=\"https:\/\/www.mariostark.com\/de\/kontakt\/\"><em>Kontakt<\/em><\/a><\/h4>\n<p>&nbsp;<\/p>\n<h4>&gt; <a href=\"https:\/\/www.mariostark.com\/de\/immobilien\/immobilien-verkaufen\/\"><em>Immobilien verkaufen<\/em><\/a><\/h4>\n<p>&nbsp;<\/p>\n<h4>&gt; <a href=\"https:\/\/www.mariostark.com\/de\/immobilien\/immobilienbewertung\/\"><em>Immobilienbewertung<\/em><\/a><\/h4>\n<p>&nbsp;<\/p>\n<p>Weitere Informationen auf <a href=\"https:\/\/www.mariostark.com\/de\/immobilien\"><strong>mariostark.com\/de\/immobilien<\/strong><\/a>.<\/p>\n<p>&nbsp;<\/p>\n<p>&nbsp;<\/p>\n<p>&nbsp;<\/p>\n<p>&nbsp;<\/p>\n<h4 style=\"text-align: center;\"><span style=\"color: #999999;\">Mehr.<\/span><\/h4>\n<h6 style=\"text-align: center;\"><span style=\"color: #808080;\"><a style=\"color: #808080;\" href=\"https:\/\/www.facebook.com\/mariostarkofficial\">Facebook<\/a> \u00a0\u00a0 <a style=\"color: #808080;\" href=\"http:\/\/www.twitter.com\/mariostarkcom\">Twitter<\/a> \u00a0\u00a0 <a style=\"color: #808080;\" href=\"https:\/\/www.instagram.com\/mariostarkofficial\">Instagram<\/a>\u00a0\u00a0\u00a0 <a style=\"color: #808080;\" href=\"https:\/\/www.youtube.com\/c\/mariostarkofficial\">Youtube<\/a>\u00a0\u00a0\u00a0 <a style=\"color: #808080;\" href=\"http:\/\/www.pinterest.com\/mariostarkcom\">Pinterest<\/a><\/span><\/h6>\n<p>&nbsp;<\/p>","protected":false},"excerpt":{"rendered":"<p>IMMOBILIEN IM LANDKREIS DACHAU &#8211; IMMOBILIEN, VILLEN, H\u00c4USER &amp; WOHNUNGEN ZUM KAUF &#8211; MARIO STARK &nbsp; &nbsp; Der Landkreis Dachau liegt, in der Region M\u00fcnchen, im Freistaat Bayern (BY) &#8211; n\u00f6rdlich der bayrischen Landeshauptstadt M\u00fcnchen. Der Landkreis Dachau geh\u00f6rt, zu &hellip; <a href=\"https:\/\/www.mariostark.com\/de\/immobilien\/landkreis-dachau\/\">Weiterlesen<\/a><\/p>\n","protected":false},"author":2,"featured_media":0,"parent":41,"menu_order":0,"comment_status":"closed","ping_status":"closed","template":"template-midsize.php","meta":{"footnotes":""},"class_list":["post-9362","page","type-page","status-publish","hentry"],"_links":{"self":[{"href":"https:\/\/www.mariostark.com\/de\/wp-json\/wp\/v2\/pages\/9362","targetHints":{"allow":["GET"]}}],"collection":[{"href":"https:\/\/www.mariostark.com\/de\/wp-json\/wp\/v2\/pages"}],"about":[{"href":"https:\/\/www.mariostark.com\/de\/wp-json\/wp\/v2\/types\/page"}],"author":[{"embeddable":true,"href":"https:\/\/www.mariostark.com\/de\/wp-json\/wp\/v2\/users\/2"}],"replies":[{"embeddable":true,"href":"https:\/\/www.mariostark.com\/de\/wp-json\/wp\/v2\/comments?post=9362"}],"version-history":[{"count":6,"href":"https:\/\/www.mariostark.com\/de\/wp-json\/wp\/v2\/pages\/9362\/revisions"}],"predecessor-version":[{"id":14815,"href":"https:\/\/www.mariostark.com\/de\/wp-json\/wp\/v2\/pages\/9362\/revisions\/14815"}],"up":[{"embeddable":true,"href":"https:\/\/www.mariostark.com\/de\/wp-json\/wp\/v2\/pages\/41"}],"wp:attachment":[{"href":"https:\/\/www.mariostark.com\/de\/wp-json\/wp\/v2\/media?parent=9362"}],"curies":[{"name":"wp","href":"https:\/\/api.w.org\/{rel}","templated":true}]}}