{"id":9357,"date":"2016-11-18T14:24:51","date_gmt":"2016-11-18T12:24:51","guid":{"rendered":"https:\/\/www.mariostark.com\/?page_id=9357"},"modified":"2019-04-13T12:09:00","modified_gmt":"2019-04-13T10:09:00","slug":"landkreis-fuerstenfeldbruck","status":"publish","type":"page","link":"https:\/\/www.mariostark.com\/de\/immobilien\/landkreis-fuerstenfeldbruck\/","title":{"rendered":"Immobilien im Landkreis F\u00fcrstenfeldbruck"},"content":{"rendered":"<h3>IMMOBILIEN IM LANDKREIS F\u00dcRSTENFELDBRUCK &#8211; IMMOBILIEN, VILLEN, H\u00c4USER &amp; WOHNUNGEN ZUM KAUF &#8211; MARIO STARK<\/h3>\n<p>&nbsp;<\/p>\n<p>&nbsp;<\/p>\n<p>Der <strong>Landkreis F\u00fcrstenfeldbruck<\/strong> liegt, im <a href=\"https:\/\/www.mariostark.com\/de\/immobilien\/bayern\/\">Freistaat Bayern<\/a> &#8211; westlich der Landeshauptstadt M\u00fcnchen. Der Landkreis F\u00fcrstenfeldbruck geh\u00f6rt, zu den &#8222;<em>bevorzugten Lagen&#8220;<\/em>, f\u00fcr den Kauf von <a href=\"https:\/\/www.mariostark.com\/de\/immobilien\/immobilien-kaufen-verkaufen\/\">Immobilien<\/a> wie, <a href=\"https:\/\/www.mariostark.com\/de\/immobilien\/einfamilienhaeuser\/\">Einfamilienh\u00e4usern<\/a>, <a href=\"https:\/\/www.mariostark.com\/de\/immobilien\/villen\/\">Villen<\/a> und <a href=\"https:\/\/www.mariostark.com\/de\/immobilien\/eigentumswohnungen\/\">Eigentumswohnungen<\/a> im M\u00fcnchner Raum.<\/p>\n<p>&nbsp;<\/p>\n<h4>LANDKREIS F\u00dcRSTENFELDBRUCK<\/h4>\n<p>Neben der <em>Stadt F\u00fcrstenfeldbruck<\/em> als, Sitz der Verwaltung, gibt es mit, Germering, Olching und Puchheim, mehrere mittelgro\u00dfe bis kleine St\u00e4dte im bayrischen Landkreis F\u00fcrstenfeldbruck. Der Landkreis F\u00fcrstenfeldbruck grenzt, unter anderem, an die Landeshauptstadt M\u00fcnchen, sowie, an die anderen bayrischen Landkreise &#8211; <a href=\"https:\/\/www.mariostark.com\/de\/immobilien\/landkreis-dachau\/\">Dachau<\/a>, <a href=\"https:\/\/www.mariostark.com\/de\/immobilien\/landkreis-muenchen\/\">M\u00fcnchen<\/a> und <a href=\"https:\/\/www.mariostark.com\/de\/immobilien\/landkreis-starnberg\/\">Starnberg<\/a>. Den Osten des Landkreises F\u00fcrstenfeldbruck pr\u00e4gt, ein eher st\u00e4dtischer Charakter &#8211; mit M\u00fcnchner Vororten und vielen Gewerbeansiedlungen, w\u00e4hrend im Westen des Landkreises F\u00fcrstenfeldbruck &#8211; eher landwirtschaftiche Fl\u00e4chen dominieren. Zu den bekannten Gemeinden des Landkreises F\u00fcrstenfeldbruck z\u00e4hlen, beispielsweise, <em>Alling<\/em>, Maisach und Sch\u00f6ngeising, sowie, Eichenau und Emmering.<\/p>\n<p>&nbsp;<\/p>\n<h4>INFRASTRUKTUR<\/h4>\n<p>Durch die geografische N\u00e4he zur <a href=\"https:\/\/www.mariostark.com\/de\/immobilien\/muenchen\/\">Landeshauptstadt M\u00fcnchen<\/a> kann der Landkreis F\u00fcrstenfeldbruck, von der hervorragenden wirtschaftlichen und verkehrstechnischen Infrastruktur M\u00fcnchens, profitieren. \u00dcber die bekannte Bundesautobahn A 8 ist der bayrische Landkreis F\u00fcrstenfeldbruck, auch, an das bundesweite Autobahnnetz <a href=\"https:\/\/www.mariostark.com\/de\/immobilien\/deutschland\/\">Deutschlands<\/a> angeschlossen.<\/p>\n<p>&nbsp;<\/p>\n<p>&nbsp;<\/p>\n<h3>IMMOBILIENMAKLER F\u00dcR <a href=\"#F\u00dcRSTENFELDBRUCK\">#F\u00dcRSTENFELDBRUCK<\/a> &#8211; MARIO STARK IMMOBILIEN &#8211; <span style=\"color: #333333;\"><a href=\"#MARIOSTARK\">#MARIOSTARK<\/a><\/span><\/h3>\n<p>&nbsp;<\/p>\n<h4>LANDKREIS F\u00dcRSTENFELDBRUCK: IMMOBILIEN KAUFEN &amp; VERKAUFEN<\/h4>\n<p>Gerne beraten wir Sie, bei Fragen, zum Immobilienverkauf, einer Immobilienbewertung oder einer <a href=\"https:\/\/www.mariostark.com\/de\/immobilien\/immobilienbesichtigung\/\">Immobilienbesichtigung<\/a> von <a href=\"https:\/\/www.mariostark.com\/de\/immobilien\/haeuser\/\">H\u00e4usern<\/a>, Villen und <a href=\"https:\/\/www.mariostark.com\/de\/immobilien\/wohnungen\/\">Wohnungen<\/a> im Landkreis F\u00fcrstenfeldbruck.<\/p>\n<p>&nbsp;<\/p>\n<h4>&gt; <a href=\"https:\/\/www.mariostark.com\/de\/kontakt\/\"><em>Kontakt<\/em><\/a><\/h4>\n<p>&nbsp;<\/p>\n<h4>&gt; <a href=\"https:\/\/www.mariostark.com\/de\/immobilien\/immobilien-verkaufen\/\"><em>Immobilien verkaufen<\/em><\/a><\/h4>\n<p>&nbsp;<\/p>\n<h4>&gt; <a href=\"https:\/\/www.mariostark.com\/de\/immobilien\/immobilienbewertung\/\"><em>Immobilienbewertung<\/em><\/a><\/h4>\n<p>&nbsp;<\/p>\n<p>Weitere Informationen auf <a href=\"https:\/\/www.mariostark.com\/de\/immobilien\"><strong>mariostark.com\/de\/immobilien<\/strong><\/a>.<\/p>\n<p>&nbsp;<\/p>\n<p>&nbsp;<\/p>\n<p>&nbsp;<\/p>\n<p>&nbsp;<\/p>\n<h4 style=\"text-align: center;\"><span style=\"color: #999999;\">Mehr.<\/span><\/h4>\n<h6 style=\"text-align: center;\"><span style=\"color: #808080;\"><a style=\"color: #808080;\" href=\"https:\/\/www.facebook.com\/mariostarkofficial\">Facebook<\/a> \u00a0\u00a0 <a style=\"color: #808080;\" href=\"http:\/\/www.twitter.com\/mariostarkcom\">Twitter<\/a> \u00a0\u00a0 <a style=\"color: #808080;\" href=\"https:\/\/www.instagram.com\/mariostarkofficial\">Instagram<\/a>\u00a0\u00a0\u00a0 <a style=\"color: #808080;\" href=\"https:\/\/www.youtube.com\/c\/mariostarkofficial\">Youtube<\/a>\u00a0\u00a0\u00a0 <a style=\"color: #808080;\" href=\"http:\/\/www.pinterest.com\/mariostarkcom\">Pinterest<\/a><\/span><\/h6>\n<p>&nbsp;<\/p>","protected":false},"excerpt":{"rendered":"<p>IMMOBILIEN IM LANDKREIS F\u00dcRSTENFELDBRUCK &#8211; IMMOBILIEN, VILLEN, H\u00c4USER &amp; WOHNUNGEN ZUM KAUF &#8211; MARIO STARK &nbsp; &nbsp; Der Landkreis F\u00fcrstenfeldbruck liegt, im Freistaat Bayern &#8211; westlich der Landeshauptstadt M\u00fcnchen. Der Landkreis F\u00fcrstenfeldbruck geh\u00f6rt, zu den &#8222;bevorzugten Lagen&#8220;, f\u00fcr den Kauf &hellip; <a href=\"https:\/\/www.mariostark.com\/de\/immobilien\/landkreis-fuerstenfeldbruck\/\">Weiterlesen<\/a><\/p>\n","protected":false},"author":2,"featured_media":0,"parent":41,"menu_order":0,"comment_status":"closed","ping_status":"closed","template":"template-midsize.php","meta":{"footnotes":""},"class_list":["post-9357","page","type-page","status-publish","hentry"],"_links":{"self":[{"href":"https:\/\/www.mariostark.com\/de\/wp-json\/wp\/v2\/pages\/9357","targetHints":{"allow":["GET"]}}],"collection":[{"href":"https:\/\/www.mariostark.com\/de\/wp-json\/wp\/v2\/pages"}],"about":[{"href":"https:\/\/www.mariostark.com\/de\/wp-json\/wp\/v2\/types\/page"}],"author":[{"embeddable":true,"href":"https:\/\/www.mariostark.com\/de\/wp-json\/wp\/v2\/users\/2"}],"replies":[{"embeddable":true,"href":"https:\/\/www.mariostark.com\/de\/wp-json\/wp\/v2\/comments?post=9357"}],"version-history":[{"count":6,"href":"https:\/\/www.mariostark.com\/de\/wp-json\/wp\/v2\/pages\/9357\/revisions"}],"predecessor-version":[{"id":14817,"href":"https:\/\/www.mariostark.com\/de\/wp-json\/wp\/v2\/pages\/9357\/revisions\/14817"}],"up":[{"embeddable":true,"href":"https:\/\/www.mariostark.com\/de\/wp-json\/wp\/v2\/pages\/41"}],"wp:attachment":[{"href":"https:\/\/www.mariostark.com\/de\/wp-json\/wp\/v2\/media?parent=9357"}],"curies":[{"name":"wp","href":"https:\/\/api.w.org\/{rel}","templated":true}]}}