{"id":9349,"date":"2016-11-18T14:21:52","date_gmt":"2016-11-18T12:21:52","guid":{"rendered":"https:\/\/www.mariostark.com\/?page_id=9349"},"modified":"2019-04-13T12:10:43","modified_gmt":"2019-04-13T10:10:43","slug":"landkreis-muenchen","status":"publish","type":"page","link":"https:\/\/www.mariostark.com\/de\/immobilien\/landkreis-muenchen\/","title":{"rendered":"Immobilien im Landkreis M\u00fcnchen"},"content":{"rendered":"<h3>IMMOBILIEN IM LANDKREIS M\u00dcNCHEN &#8211; IMMOBILIEN, VILLEN, H\u00c4USER &amp; WOHNUNGEN ZUM KAUF &#8211; MARIO STARK<\/h3>\n<p>&nbsp;<\/p>\n<p>&nbsp;<\/p>\n<p>Der <strong>Landkreis M\u00fcnchen<\/strong> liegt inmitten, des <a href=\"https:\/\/www.mariostark.com\/de\/immobilien\/bayern\/\">Freistaates Bayern<\/a> (engl.: <em>Bavaria<\/em>) und umschlie\u00dft, die bayrische <a href=\"https:\/\/www.mariostark.com\/de\/immobilien\/muenchen\/\">Landeshauptstadt M\u00fcnchen<\/a> zu einem gro\u00dfen Teil. Der Landkreis M\u00fcnchen ist, der nach Einwohnern, am dichtesten besiedelte Landkreis im deutschen Bundesland Bayern und grenzt, an viele weitere bayrischen Landkreise wie, unter anderem, <a href=\"https:\/\/www.mariostark.com\/de\/immobilien\/landkreis-ebersberg\/\">Ebersberg<\/a>, <a href=\"https:\/\/www.mariostark.com\/de\/immobilien\/landkreis-miesbach\/\">Miesbach<\/a>, <a href=\"https:\/\/www.mariostark.com\/de\/immobilien\/landkreis-starnberg\/\">Starnberg<\/a>, <a href=\"https:\/\/www.mariostark.com\/de\/immobilien\/landkreis-dachau\/\">Dachau<\/a> und <a href=\"https:\/\/www.mariostark.com\/de\/immobilien\/landkreis-fuerstenfeldbruck\/\">F\u00fcrstenfeldbruck<\/a>. Der Landkreis M\u00fcnchen geh\u00f6rt, zu den &#8222;begehrten Lagen&#8220; f\u00fcr den Kauf von <a href=\"https:\/\/www.mariostark.com\/de\/immobilien\/immobilien-kaufen-verkaufen\/\">Immobilien<\/a> wie &#8211; Einfamilienh\u00e4usern, Villen und <a href=\"https:\/\/www.mariostark.com\/de\/immobilien\/eigentumswohnungen\/\">Eigentumswohnungen<\/a> im <em>M\u00fcnchner Raum<\/em>.<\/p>\n<p>&nbsp;<\/p>\n<h4>LANDKREIS M\u00dcNCHEN<\/h4>\n<p>Zu den bekanntesten Kommunen im <em>Landkreis M\u00fcnchen<\/em> z\u00e4hlen, beispielsweise, <em>Unterschlei\u00dfheim<\/em> &#8211; als gr\u00f6\u00dfte Stadt im Landkreis M\u00fcnchen, oder, die Gemeinde Unterf\u00f6hring &#8211; als ein bekannter deutscher Medienstandort. Auch die Gemeinden &#8211; Planegg, <em>Pullach im Isartal<\/em>, Ismaning und Martinsried z\u00e4hlen, zu den wirtschaftlich bedeutenden Standorten im bayrischen Landkreis M\u00fcnchen. Durch die geografische N\u00e4he zur Landeshauptstadt M\u00fcnchen kann der Landkreis M\u00fcnchen, auch, von der hervorragenden wirtschaftlichen und verkehrstechnischen Infrastruktur in der Region M\u00fcnchen, profitieren.<\/p>\n<p>&nbsp;<\/p>\n<h4>ST\u00c4DTE &amp; GEMEINDEN<\/h4>\n<p>Die beiden gro\u00dfen St\u00e4dte im Landkreis M\u00fcnchen sind &#8211; Unterschlei\u00dfheim und Garching bei M\u00fcnchen. Zu den vielen bekannten Gemeinden des Landkreises M\u00fcnchen z\u00e4hlen, beispielsweise, der noble M\u00fcnchner &#8222;<em><a href=\"https:\/\/www.mariostark.com\/de\/immobilien\/gruenwald\/\">Villenvorort Gr\u00fcnwald<\/a><a href=\"https:\/\/www.mariostark.com\/immobilien\/gruenwald\/\">&#8222;<\/a><\/em>, Pullach im Isartal, Oberschlei\u00dfheim und Unterf\u00f6hring, sowie, Gr\u00e4felfing und Neuried.<\/p>\n<p>&nbsp;<\/p>\n<h4>IMMOBILIEN IM LANDKREIS M\u00dcNCHEN<\/h4>\n<p>Einige Gemeinden im Landkreis M\u00fcnchen geh\u00f6ren (bspw<em>.<\/em>: Gr\u00fcnwald &amp; Pullach im Isartal) &#8211; zu den bevorzugten Wohnlagen im M\u00fcnchner Raum. Dem entsprechend werden hier, \u00fcberdurchschnittlich hohe Kaufpreise f\u00fcr <a href=\"https:\/\/www.mariostark.com\/de\/immobilien\/luxusimmobilien\/\">Immobilien<\/a> wie, Eigentumswohnungen, <a href=\"https:\/\/www.mariostark.com\/de\/immobilien\/einfamilienhaeuser\/\">Einfamilienh\u00e4usern<\/a> und <a href=\"https:\/\/www.mariostark.com\/de\/immobilien\/villen\/\">Villen<\/a>, verzeichnet. \u00c4hnliche Immobilienkaufpreise findet man, beispielsweise, in der beliebten Region um den <em>Starnberger See<\/em>.<\/p>\n<p>&nbsp;<\/p>\n<p>&nbsp;<\/p>\n<h3>WOHNEN IM LANDKREIS <a href=\"#M\u00dcNCHEN\">#M\u00dcNCHEN<\/a> &#8211; MARIO STARK IMMOBILIEN &#8211; <span style=\"color: #333333;\"><a href=\"#MARIOSTARK\">#MARIOSTARK<\/a><\/span><\/h3>\n<p>&nbsp;<\/p>\n<h4>LANDKREIS M\u00dcNCHEN: IMMOBILIEN KAUFEN &amp; VERKAUFEN<\/h4>\n<p>Gerne beraten wir Sie, bei Fragen, zum Immobilienverkauf, einer Immobilienbewertung oder der <a href=\"https:\/\/www.mariostark.com\/de\/immobilien\/immobilienbesichtigung\/\">Immobilienbesichtigung<\/a> von <a href=\"https:\/\/www.mariostark.com\/de\/immobilien\/haeuser\/\">H\u00e4usern<\/a>, Villen &amp; <a href=\"https:\/\/www.mariostark.com\/de\/immobilien\/wohnungen\/\">Wohnungen<\/a> im <em>Landkreis M\u00fcnchen<\/em>.<\/p>\n<p>&nbsp;<\/p>\n<h4>&gt; <a href=\"https:\/\/www.mariostark.com\/de\/kontakt\/\"><em>Kontakt<\/em><\/a><\/h4>\n<p>&nbsp;<\/p>\n<h4>&gt; <a href=\"https:\/\/www.mariostark.com\/de\/immobilien\/immobilien-verkaufen\/\"><em>Immobilien verkaufen<\/em><\/a><\/h4>\n<p>&nbsp;<\/p>\n<h4>&gt; <a href=\"https:\/\/www.mariostark.com\/de\/immobilien\/immobilienbewertung\/\"><em>Immobilienbewertung<\/em><\/a><\/h4>\n<p>&nbsp;<\/p>\n<p>Weitere Informationen auf <a href=\"https:\/\/www.mariostark.com\/de\/immobilien\"><strong>mariostark.com\/de\/immobilien<\/strong><\/a>.<\/p>\n<p>&nbsp;<\/p>\n<p>&nbsp;<\/p>\n<p>&nbsp;<\/p>\n<p>&nbsp;<\/p>\n<h4 style=\"text-align: center;\"><span style=\"color: #999999;\">Mehr.<\/span><\/h4>\n<h6 style=\"text-align: center;\"><span style=\"color: #808080;\"><a style=\"color: #808080;\" href=\"https:\/\/www.facebook.com\/mariostarkofficial\">Facebook<\/a> \u00a0\u00a0 <a style=\"color: #808080;\" href=\"http:\/\/www.twitter.com\/mariostarkcom\">Twitter<\/a> \u00a0\u00a0 <a style=\"color: #808080;\" href=\"https:\/\/www.instagram.com\/mariostarkofficial\">Instagram<\/a>\u00a0\u00a0\u00a0 <a style=\"color: #808080;\" href=\"https:\/\/www.youtube.com\/c\/mariostarkofficial\">Youtube<\/a>\u00a0\u00a0\u00a0 <a style=\"color: #808080;\" href=\"http:\/\/www.pinterest.com\/mariostarkcom\">Pinterest<\/a><\/span><\/h6>\n<p>&nbsp;<\/p>","protected":false},"excerpt":{"rendered":"<p>IMMOBILIEN IM LANDKREIS M\u00dcNCHEN &#8211; IMMOBILIEN, VILLEN, H\u00c4USER &amp; WOHNUNGEN ZUM KAUF &#8211; MARIO STARK &nbsp; &nbsp; Der Landkreis M\u00fcnchen liegt inmitten, des Freistaates Bayern (engl.: Bavaria) und umschlie\u00dft, die bayrische Landeshauptstadt M\u00fcnchen zu einem gro\u00dfen Teil. Der Landkreis M\u00fcnchen &hellip; <a href=\"https:\/\/www.mariostark.com\/de\/immobilien\/landkreis-muenchen\/\">Weiterlesen<\/a><\/p>\n","protected":false},"author":2,"featured_media":0,"parent":41,"menu_order":0,"comment_status":"closed","ping_status":"closed","template":"template-midsize.php","meta":{"footnotes":""},"class_list":["post-9349","page","type-page","status-publish","hentry"],"_links":{"self":[{"href":"https:\/\/www.mariostark.com\/de\/wp-json\/wp\/v2\/pages\/9349","targetHints":{"allow":["GET"]}}],"collection":[{"href":"https:\/\/www.mariostark.com\/de\/wp-json\/wp\/v2\/pages"}],"about":[{"href":"https:\/\/www.mariostark.com\/de\/wp-json\/wp\/v2\/types\/page"}],"author":[{"embeddable":true,"href":"https:\/\/www.mariostark.com\/de\/wp-json\/wp\/v2\/users\/2"}],"replies":[{"embeddable":true,"href":"https:\/\/www.mariostark.com\/de\/wp-json\/wp\/v2\/comments?post=9349"}],"version-history":[{"count":6,"href":"https:\/\/www.mariostark.com\/de\/wp-json\/wp\/v2\/pages\/9349\/revisions"}],"predecessor-version":[{"id":14821,"href":"https:\/\/www.mariostark.com\/de\/wp-json\/wp\/v2\/pages\/9349\/revisions\/14821"}],"up":[{"embeddable":true,"href":"https:\/\/www.mariostark.com\/de\/wp-json\/wp\/v2\/pages\/41"}],"wp:attachment":[{"href":"https:\/\/www.mariostark.com\/de\/wp-json\/wp\/v2\/media?parent=9349"}],"curies":[{"name":"wp","href":"https:\/\/api.w.org\/{rel}","templated":true}]}}