{"id":9336,"date":"2016-11-16T16:11:35","date_gmt":"2016-11-16T14:11:35","guid":{"rendered":"https:\/\/www.mariostark.com\/?page_id=9336"},"modified":"2019-04-13T12:34:51","modified_gmt":"2019-04-13T10:34:51","slug":"stuttgart","status":"publish","type":"page","link":"https:\/\/www.mariostark.com\/de\/immobilien\/stuttgart\/","title":{"rendered":"Immobilien in Stuttgart"},"content":{"rendered":"<h3>IMMOBILIENMAKLER F\u00dcR STUTTGART &amp; UMGEBUNG &#8211; IMMOBILIEN, VILLEN, H\u00c4USER &amp; WOHNUNGEN ZUM KAUF &#8211; MARIO STARK<\/h3>\n<p>&nbsp;<\/p>\n<p>&nbsp;<\/p>\n<p><strong>Stuttgart<\/strong> ist, die Landeshauptstadt und zugleich, gr\u00f6\u00dfte Stadt &#8211; des deutschen Bundeslandes Baden-W\u00fcrttemberg (Abk.: <em>BW<\/em>). Stuttgart ist, au\u00dferdem, eine der gr\u00f6\u00dften St\u00e4dte <a href=\"https:\/\/www.mariostark.com\/de\/immobilien\/deutschland\/\">Deutschlands<\/a>. Die Stadt Stuttgart ist, das Politische &amp; Wirtschaftliche Zentrum des Bundeslandes <a href=\"https:\/\/www.mariostark.com\/de\/immobilien\/baden-wuerttemberg\/\">Baden-W\u00fcrttemberg<\/a>. Stuttgart z\u00e4hlt, zu den begehrtesten <em>Wohnlagen<\/em>, im Bundesland Baden-W\u00fcrttemberg.<\/p>\n<p>&nbsp;<\/p>\n<h4>LAGE<\/h4>\n<p>Stuttgart liegt, am Fluss Neckar, im Zentrum des Bundeslandes Baden-W\u00fcrttemberg. Die Stadt Stuttgart grenzt, an die Baden-W\u00fcrttembergischen Landkreise &#8211; Esslingen, B\u00f6blingen, Ludwigsburg und Rems-Murr-Kreis. Zu den angrenzenden St\u00e4dten und Gemeinden geh\u00f6ren, unter anderem, Filderstadt, Esslingen am Neckar, Sindelfingen, Leonberg und Gerlingen.<\/p>\n<p>&nbsp;<\/p>\n<h4>STUTTGART<\/h4>\n<p><em>Stuttgart<\/em> ist das Zentrum, einer der wirtschaftlich st\u00e4rksten Regionen Deutschlands. Stuttgart ist ebenfalls, Sitz der Landesregierung und des Landtages von Baden-W\u00fcrttemberg. Au\u00dferdem ist die Stadt (nach der Finanzmetropole &#8211; <a href=\"https:\/\/www.mariostark.com\/de\/immobilien\/frankfurt-am-main\/\">Frankfurt am Main<\/a>) einer der wichtigsten Finanzpl\u00e4tze Deutschlands. Die Stadtgebiet Stuttgarts ist, in verschiedene Stadtbezirke und Stadtteile wie, unter anderem, Zuffenhausen, Vaihingen, Untert\u00fcrkheim oder Botnang, unterteilt. Die bekannte <em>Stuttgarter Stiftskirche<\/em> (im Zentrum der Stadt) gilt, als eines der Wahrzeichen Stuttgarts. Auch der hohe Stuttgarter Fernsehturm, im Stadtbezirk Degerloch, ist ein Wahrzeichen der Stadt. Zu den beliebtesten Einkaufsstra\u00dfen im Zentrum geh\u00f6rt, beispielsweise, die Stuttgarter <em>K\u00f6nigstra\u00dfe<\/em>.<\/p>\n<p>&nbsp;<\/p>\n<h4>KUNST UND KULTUR<\/h4>\n<p>Zu den zahlreichen kulturellen Einrichtungen Stuttgarts geh\u00f6ren, unter anderem, das Staatstheater Stuttgart &#8211; mit dem Opernhaus und dem Schauspielhaus &#8211; im bekannten &#8222;<em>Stuttgarter Schlossgarten&#8220;<\/em>. Auch das Kunstmuseum am Schlossplatz, die Neue Staatsgalerie, oder, das Landesmuseum im Alten Schloss, geh\u00f6ren zu den kulturellen Attraktionen in der Landeshauptstadt Stuttgart.<\/p>\n<p>&nbsp;<\/p>\n<h4>SEHENSW\u00dcRDIGKEITEN<\/h4>\n<p>Zu den Sehensw\u00fcrdigkeiten <em>Stuttgarts<\/em> z\u00e4hlen, neben den vielen kulturellen Einrichtungen, Museen und Schl\u00f6ssern, auch, der Alte Schlossgarten<em> &#8211;<\/em> im Stuttgarter Zentrum, oder, der Zoologische Garten &#8222;<em>Wilhelma&#8220; &#8211;<\/em> als einer der artenreichsten deutschen Zoos. Sehenswert ist auch, der beliebte Wei\u00dfenburgpark &#8211; im Stuttgarter S\u00fcden.<\/p>\n<p>&nbsp;<\/p>\n<h4>STUTTGARTER SCHL\u00d6SSER<\/h4>\n<p>Im Stuttgarter Stadtgebiet gibt es, mehrere sch\u00f6ne historische <a href=\"https:\/\/www.mariostark.com\/de\/immobilien\/schloesser-herrenhaeuser\/\">Schl\u00f6sser<\/a> wie, das Neue und das Alte Schloss am Stuttgarter Schlossplatz, das Schloss Hohenheim, oder auch, das <em>Schloss Rosenstein<\/em> &#8211; mit dem bekannten Rosensteinpark &#8211; als einem der sch\u00f6nsten und gr\u00f6\u00dften Landschaftsparks S\u00fcddeutschlands.<\/p>\n<p>&nbsp;<\/p>\n<h4>VERANSTALTUNGEN<\/h4>\n<p>Zu den bekanntesten regelm\u00e4\u00dfigen Veranstaltungen in Stuttgart geh\u00f6ren, beispielsweise, die &#8222;Lange Nacht der Museen&#8220; und das Stuttgarter Fr\u00fchlingsfest (im Fr\u00fchjahr), das Stuttgarter Weindorf (im Sommer), die Stuttgartnacht, oder, der beliebte Stuttgarter Weihnachtsmarkt &#8211; im Zentrum.<\/p>\n<p>&nbsp;<\/p>\n<h4>VERKEHR<\/h4>\n<p>Der Stuttgarter Hauptbahnhof gilt, als ein wichtiges Bahnverkehrszentrum im S\u00fcden Deutschlands. Von hier aus werden, viele innerdeutsche und auch europ\u00e4ische Bahnverbindungen (bspw<em>.<\/em>: nach <a href=\"https:\/\/www.mariostark.com\/de\/immobilien\/hamburg\/\">Hamburg<\/a>, <a href=\"https:\/\/www.mariostark.com\/de\/immobilien\/berlin\/\">Berlin<\/a>, Frankfurt am Main, <a href=\"https:\/\/www.mariostark.com\/de\/immobilien\/duesseldorf\/\">D\u00fcsseldorf<\/a>, <a href=\"https:\/\/www.mariostark.com\/de\/immobilien\/muenchen\/\">M\u00fcnchen<\/a>, Paris, Wien oder Z\u00fcrich), angeboten. \u00dcber die bekannte deutsche Bundesautobahn A 8 ist Stuttgart, auch, an das bundesweite Autobahnnetz angeschlossen. Der Flughafen Stuttgart ist, der gr\u00f6\u00dfte Flughafen Baden-W\u00fcrttembergs.<\/p>\n<p>&nbsp;<\/p>\n<h4>IMMOBILIENPREISE<\/h4>\n<p>Die Immobilienpreise f\u00fcr den Kauf von &#8211; Eigentumswohnungen, <a href=\"https:\/\/www.mariostark.com\/de\/immobilien\/einfamilienhaeuser\/\">Einfamilienh\u00e4usern<\/a> und <a href=\"https:\/\/www.mariostark.com\/de\/immobilien\/villen\/\"><em>Villen<\/em><\/a> &#8211; erreichen, in den begehrten Stuttgarter Wohnlagen, ein gehobenes Niveau.<\/p>\n<p>&nbsp;<\/p>\n<p>&nbsp;<\/p>\n<h3>WOHNEN IN <a href=\"#STUTTGART\">#STUTTGART<\/a> UND UMGEBUNG &#8211; MARIO STARK IMMOBILIEN &#8211; <span style=\"color: #333333;\"><a href=\"#MARIOSTARK\">#MARIOSTARK<\/a><\/span><\/h3>\n<p>&nbsp;<\/p>\n<h4>STUTTGART: IMMOBILIEN KAUFEN UND VERKAUFEN<\/h4>\n<p>Gerne beraten wir Sie, bei Fragen, zum Immobilienverkauf, einer Immobilienbewertung oder einer <a href=\"https:\/\/www.mariostark.com\/de\/immobilien\/immobilienbesichtigung\/\">Immobilienbesichtigung<\/a> von Einfamilienh\u00e4usern, <a href=\"https:\/\/www.mariostark.com\/de\/immobilien\/villen\/\">Villen<\/a> &amp; <a href=\"https:\/\/www.mariostark.com\/de\/immobilien\/eigentumswohnungen\/\">Eigentumswohnungen<\/a> in Stuttgart.<\/p>\n<p>&nbsp;<\/p>\n<h4>&gt; <a href=\"https:\/\/www.mariostark.com\/de\/kontakt\/\"><em>Kontakt<\/em><\/a><\/h4>\n<p>&nbsp;<\/p>\n<h4>&gt; <a href=\"https:\/\/www.mariostark.com\/de\/immobilien\/immobilien-verkaufen\/\"><em>Immobilien verkaufen<\/em><\/a><\/h4>\n<p>&nbsp;<\/p>\n<h4>&gt; <a href=\"https:\/\/www.mariostark.com\/de\/immobilien\/immobilienbewertung\/\"><em>Immobilienbewertung<\/em><\/a><\/h4>\n<p>&nbsp;<\/p>\n<p>Weitere Informationen auf <a href=\"https:\/\/www.mariostark.com\/de\/immobilien\"><strong>mariostark.com\/de\/immobilien<\/strong><\/a>.<\/p>\n<p>&nbsp;<\/p>\n<p>&nbsp;<\/p>\n<p>&nbsp;<\/p>\n<p>&nbsp;<\/p>\n<h4 style=\"text-align: center;\"><span style=\"color: #999999;\">Mehr.<\/span><\/h4>\n<h6 style=\"text-align: center;\"><span style=\"color: #808080;\"><a style=\"color: #808080;\" href=\"https:\/\/www.facebook.com\/mariostarkofficial\">Facebook<\/a> \u00a0\u00a0 <a style=\"color: #808080;\" href=\"http:\/\/www.twitter.com\/mariostarkcom\">Twitter<\/a> \u00a0\u00a0 <a style=\"color: #808080;\" href=\"https:\/\/www.instagram.com\/mariostarkofficial\">Instagram<\/a>\u00a0\u00a0\u00a0 <a style=\"color: #808080;\" href=\"https:\/\/www.youtube.com\/c\/mariostarkofficial\">Youtube<\/a>\u00a0\u00a0\u00a0 <a style=\"color: #808080;\" href=\"http:\/\/www.pinterest.com\/mariostarkcom\">Pinterest<\/a><\/span><\/h6>\n<p>&nbsp;<\/p>","protected":false},"excerpt":{"rendered":"<p>IMMOBILIENMAKLER F\u00dcR STUTTGART &amp; UMGEBUNG &#8211; IMMOBILIEN, VILLEN, H\u00c4USER &amp; WOHNUNGEN ZUM KAUF &#8211; MARIO STARK &nbsp; &nbsp; Stuttgart ist, die Landeshauptstadt und zugleich, gr\u00f6\u00dfte Stadt &#8211; des deutschen Bundeslandes Baden-W\u00fcrttemberg (Abk.: BW). Stuttgart ist, au\u00dferdem, eine der gr\u00f6\u00dften St\u00e4dte &hellip; <a href=\"https:\/\/www.mariostark.com\/de\/immobilien\/stuttgart\/\">Weiterlesen<\/a><\/p>\n","protected":false},"author":2,"featured_media":0,"parent":41,"menu_order":0,"comment_status":"closed","ping_status":"closed","template":"template-midsize.php","meta":{"footnotes":""},"class_list":["post-9336","page","type-page","status-publish","hentry"],"_links":{"self":[{"href":"https:\/\/www.mariostark.com\/de\/wp-json\/wp\/v2\/pages\/9336","targetHints":{"allow":["GET"]}}],"collection":[{"href":"https:\/\/www.mariostark.com\/de\/wp-json\/wp\/v2\/pages"}],"about":[{"href":"https:\/\/www.mariostark.com\/de\/wp-json\/wp\/v2\/types\/page"}],"author":[{"embeddable":true,"href":"https:\/\/www.mariostark.com\/de\/wp-json\/wp\/v2\/users\/2"}],"replies":[{"embeddable":true,"href":"https:\/\/www.mariostark.com\/de\/wp-json\/wp\/v2\/comments?post=9336"}],"version-history":[{"count":6,"href":"https:\/\/www.mariostark.com\/de\/wp-json\/wp\/v2\/pages\/9336\/revisions"}],"predecessor-version":[{"id":14878,"href":"https:\/\/www.mariostark.com\/de\/wp-json\/wp\/v2\/pages\/9336\/revisions\/14878"}],"up":[{"embeddable":true,"href":"https:\/\/www.mariostark.com\/de\/wp-json\/wp\/v2\/pages\/41"}],"wp:attachment":[{"href":"https:\/\/www.mariostark.com\/de\/wp-json\/wp\/v2\/media?parent=9336"}],"curies":[{"name":"wp","href":"https:\/\/api.w.org\/{rel}","templated":true}]}}