{"id":9089,"date":"2016-11-10T15:41:39","date_gmt":"2016-11-10T13:41:39","guid":{"rendered":"https:\/\/www.mariostark.com\/?page_id=9089"},"modified":"2019-04-13T12:43:56","modified_gmt":"2019-04-13T10:43:56","slug":"immobilienbewertung","status":"publish","type":"page","link":"https:\/\/www.mariostark.com\/de\/immobilien\/immobilienbewertung\/","title":{"rendered":"Immobilienbewertung"},"content":{"rendered":"<h3>IMMOBILIENBEWERTUNGEN F\u00dcR H\u00c4USER, VILLEN &amp; WOHNUNGEN &#8211; MARIO STARK<\/h3>\n<p>&nbsp;<\/p>\n<p>&nbsp;<\/p>\n<p>Die <strong>Immobilienbewertung<\/strong> (<em>engl.<\/em>: real estate valuation) ist, ein allgemeines, durch Rechtsvorschriften geregeltes Wertermittlungsverfahren f\u00fcr Immobilien, bei dem ein Sachverst\u00e4ndiger oder auch <a href=\"https:\/\/www.mariostark.com\/de\/immobilienmakler\/\">Immobilienmakler<\/a>, mit Hilfe bautechnischer und betriebswirtschaftlicher Immobilien- und Immobilienmarktkenntnissen, den Verkehrswert bzw. Marktwert einer Immobilie, ermittelt. Dies sind, in der Regel, unbebaute und bebaute <a href=\"https:\/\/www.mariostark.com\/de\/immobilien\/grundstuecke\/\">Grundst\u00fccke <\/a>wie, <a href=\"https:\/\/www.mariostark.com\/de\/immobilien\/einfamilienhaeuser\/\">Einfamilienh\u00e4user<\/a>, <a href=\"https:\/\/www.mariostark.com\/de\/immobilien\/mehrfamilienhaeuser\/\">Mehrfamilienh\u00e4user<\/a> oder auch, <a href=\"https:\/\/www.mariostark.com\/de\/immobilien\/eigentumswohnungen\/\">Eigentumswohnungen<\/a>. Zur Ermittlung des Marktwertes einer <a href=\"https:\/\/www.mariostark.com\/de\/immobilien\/immobilien-kaufen-verkaufen\/\">Immobilie<\/a> werden, verschiedene Wertermittlungsverfahren, angewendet.<\/p>\n<p>&nbsp;<\/p>\n<h4>DAS VERGLEICHSWERTVERFAHREN<\/h4>\n<p>Bei dem <em>Vergleichswertverfahren<\/em> werden, die Kaufpreise von Immobilien herangezogen, die von der Art, Gr\u00f6\u00dfe und Wert mit der, zu bewertenden Immobilie, \u00fcbereinstimmen. Diese werden, im allgemeinen, als <em>Vergleichsgrundst\u00fccke<\/em> bezeichnet. Das Vergleichswertverfahren kommt, vor allem, bei der Bewertung von unbebauten Grundst\u00fccken oder Eigentumswohnungen zur Anwendung, vorrausgesetzt, das gen\u00fcgend Vergleichsgrundst\u00fccke zur Bewertung der Immobilie, herangezogen werden k\u00f6nnen.<\/p>\n<p>&nbsp;<\/p>\n<h4>DAS ERTRAGSWERTVERFAHREN<\/h4>\n<p>Bei dem <em>Ertragswertverfahren<\/em> wird, der entsprechende Geb\u00e4udewert, auf Grund des Ertrages einer Immobilie, getrennt vom Bodenwert, ermittelt. Der jeweilige <em>Bodenwert<\/em> wird, haupts\u00e4chlich, \u00fcber das Vergleichswertverfahren bestimmt. Das Ertragswertverfahren wird, in der Regel, bei Immobilieninvestitionen oder beim Immobilienkauf zu Vermietungszwecken, angewendet. Dies k\u00f6nnen, vor allem, Mehrfamilienh\u00e4user, Gewerbeobjekte oder auch <a href=\"https:\/\/www.mariostark.com\/de\/immobilien\/ferienimmobilien\/\">Ferienimmobilien<\/a>, sein.<\/p>\n<p>&nbsp;<\/p>\n<h4>DAS SACHWERTVERFAHREN<\/h4>\n<p>Bei dem <em>Sachwertverfahren<\/em> wird, der Wert einer Immobilie, mit allen dazu geh\u00f6rigen Einrichtungen und Anlagen, getrennt vom Bodenwert, nach den <em>Normalherstellungskosten<\/em>, ermittelt. Auch bei diesem Wertermittlungsverfahren wird, der Bodenwert, mit dem Vergleichswertverfahren bestimmt. Das Sachwertverfahren wird, in der Regel, bei eigengenutzten Immobilien angewendet. Dies sind h\u00e4upts\u00e4chlich, selbstgenutzte Einfamilienh\u00e4user. Der Sachwert einer Immobilie kann, bei diesem Wertermittlungsverfahren, durch markt\u00fcbliche Sachwertfaktoren, zus\u00e4tzlich bereinigt werden.<\/p>\n<p>&nbsp;<\/p>\n<h4>DIE IMMOBILIENBEWERTUNG<\/h4>\n<p>Eine Immobilienbewertung kann, zu verschiedenen Zwecken, durchgef\u00fchrt werden. In der Regel wird, eine Immobilienbewertung, zu Verkaufszwecken, zu Beleihungszwecken, bei Bilanzierungen und Zwangsversteigerungen, sowie, bei Scheidungs- oder Erbrechtsstreitigkeiten, durchgef\u00fchrt.<\/p>\n<p>&nbsp;<\/p>\n<h4>DER IMMOBILIENBEWERTER<\/h4>\n<p><em>Immobilienbewertungen<\/em> werden, beispielsweise, von entsprechend qualifizierten Immobiliensachverst\u00e4ndigen, oder, Immobilienmaklern mit umfassenden Immobilien- und Immobilienmarktkenntnissen, durchgef\u00fchrt.<\/p>\n<p>&nbsp;<\/p>\n<p>&nbsp;<\/p>\n<h3>IMMOBILIENBEWERTUNG F\u00dcR IHRE IMMOBILIE &#8211; MARIO STARK IMMOBILIEN &#8211; <span style=\"color: #333333;\"><a href=\"#MARIOSTARK\">#MARIOSTARK<\/a><\/span><\/h3>\n<p>&nbsp;<\/p>\n<h4>IMMOBILIENBEWERTUNG: IMMOBILIE(N) BEWERTEN LASSEN<\/h4>\n<p>Gerne beraten wir Sie, bei Fragen, zum Immobilienverkauf oder einer Immobilienbewertung von <a href=\"https:\/\/www.mariostark.com\/de\/immobilien\/haeuser\/\">H\u00e4usern<\/a>, <a href=\"https:\/\/www.mariostark.com\/de\/immobilien\/wohnungen\/\">Wohnungen<\/a> &amp; Grundst\u00fccken.<\/p>\n<p>&nbsp;<\/p>\n<h4>&gt; <a href=\"https:\/\/www.mariostark.com\/de\/kontakt\/\"><em>Kontakt<\/em><\/a><\/h4>\n<p>&nbsp;<\/p>\n<h4>&gt; <a href=\"https:\/\/www.mariostark.com\/de\/immobilien\/immobilien-bewerten-lassen\/\"><em>Immobilien bewerten lassen<\/em><\/a><\/h4>\n<p>&nbsp;<\/p>\n<h4>&gt; <a href=\"https:\/\/www.mariostark.com\/de\/immobilien\/immobilien-verkaufen\/\"><em>Immobilien verkaufen<\/em><\/a><\/h4>\n<p>&nbsp;<\/p>\n<p>Weitere Informationen auf <a href=\"https:\/\/www.mariostark.com\/de\/immobilien\/\"><strong>mariostark.com\/de\/immobilien<\/strong><\/a>.<\/p>\n<p>&nbsp;<\/p>\n<p>&nbsp;<\/p>\n<p>&nbsp;<\/p>\n<p>&nbsp;<\/p>\n<h4 style=\"text-align: center;\"><span style=\"color: #999999;\">Mehr.<\/span><\/h4>\n<h6 style=\"text-align: center;\"><span style=\"color: #808080;\"><a style=\"color: #808080;\" href=\"https:\/\/www.facebook.com\/mariostarkofficial\">Facebook<\/a> \u00a0\u00a0 <a style=\"color: #808080;\" href=\"http:\/\/www.twitter.com\/mariostarkcom\">Twitter<\/a> \u00a0\u00a0 <a style=\"color: #808080;\" href=\"https:\/\/www.instagram.com\/mariostarkofficial\">Instagram<\/a>\u00a0\u00a0\u00a0 <a style=\"color: #808080;\" href=\"https:\/\/www.youtube.com\/c\/mariostarkofficial\">Youtube<\/a>\u00a0\u00a0\u00a0 <a style=\"color: #808080;\" href=\"http:\/\/www.pinterest.com\/mariostarkcom\">Pinterest<\/a><\/span><\/h6>\n<p>&nbsp;<\/p>","protected":false},"excerpt":{"rendered":"<p>IMMOBILIENBEWERTUNGEN F\u00dcR H\u00c4USER, VILLEN &amp; WOHNUNGEN &#8211; MARIO STARK &nbsp; &nbsp; Die Immobilienbewertung (engl.: real estate valuation) ist, ein allgemeines, durch Rechtsvorschriften geregeltes Wertermittlungsverfahren f\u00fcr Immobilien, bei dem ein Sachverst\u00e4ndiger oder auch Immobilienmakler, mit Hilfe bautechnischer und betriebswirtschaftlicher Immobilien- und &hellip; <a href=\"https:\/\/www.mariostark.com\/de\/immobilien\/immobilienbewertung\/\">Weiterlesen<\/a><\/p>\n","protected":false},"author":2,"featured_media":0,"parent":41,"menu_order":0,"comment_status":"closed","ping_status":"closed","template":"template-midsize.php","meta":{"footnotes":""},"class_list":["post-9089","page","type-page","status-publish","hentry"],"_links":{"self":[{"href":"https:\/\/www.mariostark.com\/de\/wp-json\/wp\/v2\/pages\/9089","targetHints":{"allow":["GET"]}}],"collection":[{"href":"https:\/\/www.mariostark.com\/de\/wp-json\/wp\/v2\/pages"}],"about":[{"href":"https:\/\/www.mariostark.com\/de\/wp-json\/wp\/v2\/types\/page"}],"author":[{"embeddable":true,"href":"https:\/\/www.mariostark.com\/de\/wp-json\/wp\/v2\/users\/2"}],"replies":[{"embeddable":true,"href":"https:\/\/www.mariostark.com\/de\/wp-json\/wp\/v2\/comments?post=9089"}],"version-history":[{"count":6,"href":"https:\/\/www.mariostark.com\/de\/wp-json\/wp\/v2\/pages\/9089\/revisions"}],"predecessor-version":[{"id":14892,"href":"https:\/\/www.mariostark.com\/de\/wp-json\/wp\/v2\/pages\/9089\/revisions\/14892"}],"up":[{"embeddable":true,"href":"https:\/\/www.mariostark.com\/de\/wp-json\/wp\/v2\/pages\/41"}],"wp:attachment":[{"href":"https:\/\/www.mariostark.com\/de\/wp-json\/wp\/v2\/media?parent=9089"}],"curies":[{"name":"wp","href":"https:\/\/api.w.org\/{rel}","templated":true}]}}