{"id":9079,"date":"2016-11-10T19:06:54","date_gmt":"2016-11-10T17:06:54","guid":{"rendered":"https:\/\/www.mariostark.com\/?page_id=9079"},"modified":"2019-04-13T12:55:54","modified_gmt":"2019-04-13T10:55:54","slug":"maklervertrag","status":"publish","type":"page","link":"https:\/\/www.mariostark.com\/de\/maklervertrag\/","title":{"rendered":"Maklervertrag"},"content":{"rendered":"<h3>MAKLERVERTRAG &amp; MAKLERAUFTRAG F\u00dcR DEN VERKAUF VON IMMOBILIEN, H\u00c4USERN, VILLEN &amp; WOHNUNGEN &#8211; MARIO STARK<\/h3>\n<p>&nbsp;<\/p>\n<p>&nbsp;<\/p>\n<p>Ein <strong>Maklervertrag<\/strong> (<em>&#8222;<\/em>Maklerauftrag&#8220;) ist, ein privatrechtlicher Vertrag, bei dem sich der jeweilige Auftraggeber, bei Nachweis der Gelegenheit zum Abschlu\u00df bzw. Abschlu\u00df eines Kaufvertrages, zu einer Provisionszahlung bzw. Verg\u00fctung, an den jeweiligen Makler, verpflichtet.<\/p>\n<p>&nbsp;<\/p>\n<h4>DER MAKLERVERTRAG<\/h4>\n<p>Der <em>Maklervertrag<\/em> wird, in der Regel, zwischen einem Unternehmer (&#8222;Immobilienmakler&#8220;) und einem Verbraucher, geschlossen. Der Makler ist dabei, im allgemeinen, nicht zur T\u00e4tigkeit verpflichtet. Erbringt der Makler den Nachweis oder die Vermittlung eines Kaufvertrages entsteht, der im Maklervertrag festgeschriebene Provisionsanspruch, wenn der Abschluss des Kaufvertrages durch die Maklert\u00e4tigkeit, zustande gekommen ist. Der Maklervertrag gilt allgemein, als eigener Vertragstyp und kann, beispielsweise, schriftlich oder m\u00fcndlich, geschlossen werden. Man unterscheidet hierbei, verschiedene Arten von Maklerauftr\u00e4gen.<\/p>\n<p>&nbsp;<\/p>\n<h4>EINFACHER MAKLERAUFTRAG<\/h4>\n<p>Bei einem <em>einfachen Maklerauftrag<\/em> ist, der Makler, nicht zur T\u00e4tigkeit verpflichtet. Ein Provisionsanspruch des Maklers besteht, nur bei Abschlu\u00df eines Kaufvertrages.<\/p>\n<p>&nbsp;<\/p>\n<h4>DER ALLEINAUFTRAG<\/h4>\n<p>Bei dem <em>Alleinauftrag<\/em>, verzichtet der Auftraggeber darauf, weitere Makler zu beauftragen. Daf\u00fcr verpflichtet sich der Makler, zur T\u00e4tigkeit, f\u00fcr den Auftraggeber. Der Auftraggeber hat, bei diesem Vertragstyp das Recht, seine Immobilie, selbst zu verkaufen. Verkauft der Auftraggeber sein Objekt trotzdem, \u00fcber einen anderen Makler, so schuldet er dem Makler, die vorher vereinbarte Provision, als ob, der Makler das Objekt selbst verkauft h\u00e4tte. Der Alleinauftrag wird (in der Regel), \u00fcber eine feste Vertragslaufzeit geschlossen.<\/p>\n<p>&nbsp;<\/p>\n<h4>DER &#8222;QUALIFIZIERTE ALLEINAUFTRAG&#8220;<\/h4>\n<p>Der <em>qualifizierte Alleinauftrag<\/em> ist, ein spezifischer und individuell vereinbarter Vertrag, zwischen dem Auftraggeber und dem Makler. Hierbei verpflichtet sich, der Auftraggeber in aller Regel, das Objekt nur \u00fcber den Makler zu ver\u00e4u\u00dfern, auch wenn, er selbst die Gelegenheit dazu h\u00e4tte.<\/p>\n<p>&nbsp;<\/p>\n<h4>DER MAKLER<\/h4>\n<p>Ein <a href=\"https:\/\/www.mariostark.com\/de\/immobilienmakler\/\"><em>Makler<\/em><\/a>\u00a0(\u2192 <a href=\"https:\/\/www.mariostark.com\/de\/immobilien\/wissen\/\">Immobilienmakler<\/a>) wird h\u00e4ufig, f\u00fcr beide Vertragsparteien, also, f\u00fcr K\u00e4ufer und Verk\u00e4ufer, t\u00e4tig, solange nichts gegenteiliges im Maklervertrag, vereinbart wurde. Der Makler mu\u00df, im Maklervertrag, \u00fcber seine Maklergeb\u00fchren aufkl\u00e4ren, insbesondere dar\u00fcber, wer diese Maklergeb\u00fchr im Erfolgsfall, zu entrichten hat. Desweiteren mu\u00df der Makler, den Auftraggeber, \u00fcber die Widerrufsbelehrung und seine Identit\u00e4t als Makler, aufkl\u00e4ren.<\/p>\n<p>&nbsp;<\/p>\n<h4>ZUSTANDEKOMMEN &amp; K\u00dcNDIGUNG EINES MAKLERVERTRAGES<\/h4>\n<p>Oft kommt ein Maklervertrag, auch durch, das zur Verf\u00fcgung stellen eines sog. &#8222;<em>Expos\u00e9s&#8220;<\/em> mit detaillierten Objektangaben und der Angabe der Maklerprovision, zustande. Falls nichts anderes vereinbart wurde, kann ein Maklervertrag, mit einer K\u00fcndigungsfrist von meistens 4 Wochen, jederzeit gek\u00fcndigt werden. Kommt aber ein Kaufvertrag, mit einem vom Makler w\u00e4hrend der Vertragslaufzeit nachgewiesenen K\u00e4ufer, erst nach der K\u00fcndigung zustande, bleibt der Provisionsanspruch des Maklers bestehen.<\/p>\n<p>&nbsp;<\/p>\n<p>&nbsp;<\/p>\n<h3>IHRE IMMOBILIENMAKLER &#8211; MARIO STARK IMMOBILIEN &#8211; <span style=\"color: #333333;\"><a href=\"#MARIOSTARK\">#MARIOSTARK<\/a><\/span><\/h3>\n<p>&nbsp;<\/p>\n<h4>MAKLERVERTRAG: MAKLERAUFTRAG VEREINBAREN!<\/h4>\n<p>Gerne beraten wir Sie, bei Fragen, zum Immobilienverkauf, einer Immobilienbewertung oder einer <a href=\"https:\/\/www.mariostark.com\/de\/immobilien\/immobilienbesichtigung\/\">Immobilienbesichtigung<\/a> von <a href=\"https:\/\/www.mariostark.com\/de\/immobilien\/haeuser\/\">H\u00e4usern<\/a>, <a href=\"https:\/\/www.mariostark.com\/de\/immobilien\/wohnungen\/\">Wohnungen<\/a> &amp; <a href=\"https:\/\/www.mariostark.com\/de\/immobilien\/grundstuecke\/\">Grundst\u00fccken<\/a>.<\/p>\n<p>&nbsp;<\/p>\n<h4>&gt; <a href=\"https:\/\/www.mariostark.com\/de\/kontakt\/\"><em>Kontakt<\/em><\/a><\/h4>\n<p>&nbsp;<\/p>\n<h4>&gt; <a href=\"https:\/\/www.mariostark.com\/de\/immobilien\/immobilien-verkaufen\/\"><em>Immobilien verkaufen<\/em><\/a><\/h4>\n<p>&nbsp;<\/p>\n<h4>&gt; <a href=\"https:\/\/www.mariostark.com\/de\/immobilien\/immobilienbewertung\/\"><em>Immobilienbewertung<\/em><\/a><\/h4>\n<p>&nbsp;<\/p>\n<p>Weitere Informationen auf <a href=\"https:\/\/www.mariostark.com\/de\/immobilien\"><strong>mariostark.com\/de\/immobilien<\/strong><\/a>.<\/p>\n<p>&nbsp;<\/p>\n<p>&nbsp;<\/p>\n<p>&nbsp;<\/p>\n<p>&nbsp;<\/p>\n<h4 style=\"text-align: center;\"><span style=\"color: #999999;\">Mehr.<\/span><\/h4>\n<h6 style=\"text-align: center;\"><span style=\"color: #808080;\"><a style=\"color: #808080;\" href=\"https:\/\/www.facebook.com\/mariostarkofficial\">Facebook<\/a> \u00a0\u00a0 <a style=\"color: #808080;\" href=\"http:\/\/www.twitter.com\/mariostarkcom\">Twitter<\/a> \u00a0\u00a0 <a style=\"color: #808080;\" href=\"https:\/\/www.instagram.com\/mariostarkofficial\">Instagram<\/a>\u00a0\u00a0\u00a0 <a style=\"color: #808080;\" href=\"https:\/\/www.youtube.com\/c\/mariostarkofficial\">Youtube<\/a>\u00a0\u00a0\u00a0 <a style=\"color: #808080;\" href=\"http:\/\/www.pinterest.com\/mariostarkcom\">Pinterest<\/a><\/span><\/h6>\n<p>&nbsp;<\/p>","protected":false},"excerpt":{"rendered":"<p>MAKLERVERTRAG &amp; MAKLERAUFTRAG F\u00dcR DEN VERKAUF VON IMMOBILIEN, H\u00c4USERN, VILLEN &amp; WOHNUNGEN &#8211; MARIO STARK &nbsp; &nbsp; Ein Maklervertrag (&#8222;Maklerauftrag&#8220;) ist, ein privatrechtlicher Vertrag, bei dem sich der jeweilige Auftraggeber, bei Nachweis der Gelegenheit zum Abschlu\u00df bzw. Abschlu\u00df eines Kaufvertrages, &hellip; <a href=\"https:\/\/www.mariostark.com\/de\/maklervertrag\/\">Weiterlesen<\/a><\/p>\n","protected":false},"author":2,"featured_media":0,"parent":0,"menu_order":0,"comment_status":"closed","ping_status":"closed","template":"template-midsize.php","meta":{"footnotes":""},"class_list":["post-9079","page","type-page","status-publish","hentry"],"_links":{"self":[{"href":"https:\/\/www.mariostark.com\/de\/wp-json\/wp\/v2\/pages\/9079","targetHints":{"allow":["GET"]}}],"collection":[{"href":"https:\/\/www.mariostark.com\/de\/wp-json\/wp\/v2\/pages"}],"about":[{"href":"https:\/\/www.mariostark.com\/de\/wp-json\/wp\/v2\/types\/page"}],"author":[{"embeddable":true,"href":"https:\/\/www.mariostark.com\/de\/wp-json\/wp\/v2\/users\/2"}],"replies":[{"embeddable":true,"href":"https:\/\/www.mariostark.com\/de\/wp-json\/wp\/v2\/comments?post=9079"}],"version-history":[{"count":5,"href":"https:\/\/www.mariostark.com\/de\/wp-json\/wp\/v2\/pages\/9079\/revisions"}],"predecessor-version":[{"id":14909,"href":"https:\/\/www.mariostark.com\/de\/wp-json\/wp\/v2\/pages\/9079\/revisions\/14909"}],"wp:attachment":[{"href":"https:\/\/www.mariostark.com\/de\/wp-json\/wp\/v2\/media?parent=9079"}],"curies":[{"name":"wp","href":"https:\/\/api.w.org\/{rel}","templated":true}]}}