{"id":8177,"date":"2016-11-10T10:30:04","date_gmt":"2016-11-10T08:30:04","guid":{"rendered":"https:\/\/www.mariostark.com\/?page_id=8177"},"modified":"2019-04-13T12:05:21","modified_gmt":"2019-04-13T10:05:21","slug":"cap-ferrat","status":"publish","type":"page","link":"https:\/\/www.mariostark.com\/de\/immobilien\/cap-ferrat\/","title":{"rendered":"Immobilien auf Cap Ferrat"},"content":{"rendered":"<h3>IMMOBILIENMAKLER F\u00dcR DIE HALBINSEL CAP FERRAT &#8211; IMMOBILIEN, VILLEN &amp; H\u00c4USER ZUM KAUF UND VERKAUF &#8211; MARIO STARK<\/h3>\n<p>&nbsp;<\/p>\n<p>&nbsp;<\/p>\n<p>Das <strong>Cap Ferrat<\/strong> (&#8222;Cap Ferrat&#8220;) ist, eine exklusive Halbinsel an der ber\u00fchmten C\u00f4te d\u2019Azur und liegt, zwischen der franz\u00f6sischen Stadt Nizza und dem F\u00fcrstentum<em> Monaco<\/em>. Cap Ferrat geh\u00f6rt, mit seinen zahlreichen gro\u00dfen, zum Teil bewaldeten und park\u00e4hnlichen Anwesen, sowie den vielen exklusiven Villen, zu den nobelsten und teuersten Wohngegenden Europas.<\/p>\n<p>&nbsp;<\/p>\n<h4>LAGE<\/h4>\n<p><em>Cap Ferrat<\/em> liegt, direkt an der franz\u00f6sischen Mittelmeerk\u00fcste, der so genannten &#8222;<em>C\u00f4te d\u2019Azur&#8220;<\/em> und geh\u00f6rt, zur Gemeinde Saint-Jean-Cap-Ferrat, in der Region Provence-Alpes-C\u00f4te d\u2019Azur. Cap Ferrat grenzt, an das ebenfalls beliebte Villefranche-sur-Mer.<\/p>\n<p>&nbsp;<\/p>\n<h4>SEHENSWERTES AM CAP FERRAT<\/h4>\n<p>Das Cap Ferrat ist, ein sehr beliebtes Ausflugsziel f\u00fcr Tagesg\u00e4ste der Region, sowie f\u00fcr nationale und internationale Touristen. Eines der vornehmsten Grand Hotels der C\u00f4te d\u2019Azur, beherbergt am Cap Ferrat, viele internationale prominente G\u00e4ste. Sehenswert sind auch, die sch\u00f6nen kleinen Buchten auf Cap Ferrat, wie beispielsweise, der \u00e4u\u00dferst beliebte <em>Paloma Beach<\/em>. Eine der ber\u00fchmtesten und zugleich, eine der sch\u00f6nsten touristischen Attraktionen auf dem Cap Ferrat, ist die beeindruckende Villa &#8222;Ephrussi de Rothschild&#8220;, die heute, als Museum genutzt wird und inmitten, einer der sch\u00f6nsten Parkanlagen Frankreichs liegt. Ein beliebter Rundweg um die ganze Halbinsel f\u00fchrt die Besucher, zu den sch\u00f6nsten Buchten und Aussichtspunkten, am Cap Ferrat.<\/p>\n<p>&nbsp;<\/p>\n<h4>IMMOBILIENPREISE AM CAP FERRAT<\/h4>\n<p>Die Immobilienpreise am <em>Cap Ferrat<\/em>, f\u00fcr den Kauf von <a href=\"https:\/\/www.mariostark.com\/de\/immobilien\/villen\/\">Villen<\/a> und Anwesen, geh\u00f6ren zu den h\u00f6chsten der Welt. \u00c4hnliche Immobilienpreise kann man, beispielsweise, in den so genannten <em>Hamptons<\/em>, auf der Insel Long Island vor New York City, verzeichnen.<\/p>\n<p>&nbsp;<\/p>\n<p>&nbsp;<\/p>\n<h3>IMMOBILIEN AM <a href=\"#CAP_FERRAT\">#CAP_FERRAT<\/a> &#8211; MARIO STARK INTERNATIONAL &#8211; <span style=\"color: #333333;\"><a href=\"#MARIOSTARK\">#MARIOSTARK<\/a><\/span><\/h3>\n<p>&nbsp;<\/p>\n<h4>CAP FERRAT: IMMOBILIEN KAUFEN &amp; VERKAUFEN<\/h4>\n<p>Gerne beraten wir Sie, bei Fragen, zum Immobilienverkauf, einer Immobilienbewertung oder einer <a href=\"https:\/\/www.mariostark.com\/de\/immobilien\/immobilienbesichtigung\/\">Immobilienbesichtigung<\/a> auf der Halbinsel <em>Cap Ferrat<\/em>.<\/p>\n<p>&nbsp;<\/p>\n<h4>&gt; <a href=\"https:\/\/www.mariostark.com\/de\/kontakt\/\"><em>Kontakt<\/em><\/a><\/h4>\n<p>&nbsp;<\/p>\n<h4>&gt; <a href=\"https:\/\/www.mariostark.com\/de\/immobilien\/immobilien-verkaufen\/\"><em>Immobilien verkaufen<\/em><\/a><\/h4>\n<p>&nbsp;<\/p>\n<h4>&gt; <a href=\"https:\/\/www.mariostark.com\/de\/immobilien\/immobilienbewertung\/\"><em>Immobilienbewertung<\/em><\/a><\/h4>\n<p>&nbsp;<\/p>\n<p>Weitere Informationen auf <a href=\"https:\/\/www.mariostark.com\/de\/immobilien\"><strong>mariostark.com\/de\/immobilien<\/strong><\/a>.<\/p>\n<p>&nbsp;<\/p>\n<p>&nbsp;<\/p>\n<p>&nbsp;<\/p>\n<p>&nbsp;<\/p>\n<h4 style=\"text-align: center;\"><span style=\"color: #999999;\">Mehr.<\/span><\/h4>\n<h6 style=\"text-align: center;\"><span style=\"color: #808080;\"><a style=\"color: #808080;\" href=\"https:\/\/www.facebook.com\/mariostarkofficial\">Facebook<\/a> \u00a0\u00a0 <a style=\"color: #808080;\" href=\"http:\/\/www.twitter.com\/mariostarkcom\">Twitter<\/a> \u00a0\u00a0 <a style=\"color: #808080;\" href=\"https:\/\/www.instagram.com\/mariostarkofficial\">Instagram<\/a>\u00a0\u00a0\u00a0 <a style=\"color: #808080;\" href=\"https:\/\/www.youtube.com\/c\/mariostarkofficial\">Youtube<\/a>\u00a0\u00a0\u00a0 <a style=\"color: #808080;\" href=\"http:\/\/www.pinterest.com\/mariostarkcom\">Pinterest<\/a><\/span><\/h6>\n<p>&nbsp;<\/p>","protected":false},"excerpt":{"rendered":"<p>IMMOBILIENMAKLER F\u00dcR DIE HALBINSEL CAP FERRAT &#8211; IMMOBILIEN, VILLEN &amp; H\u00c4USER ZUM KAUF UND VERKAUF &#8211; MARIO STARK &nbsp; &nbsp; Das Cap Ferrat (&#8222;Cap Ferrat&#8220;) ist, eine exklusive Halbinsel an der ber\u00fchmten C\u00f4te d\u2019Azur und liegt, zwischen der franz\u00f6sischen Stadt &hellip; <a href=\"https:\/\/www.mariostark.com\/de\/immobilien\/cap-ferrat\/\">Weiterlesen<\/a><\/p>\n","protected":false},"author":2,"featured_media":0,"parent":41,"menu_order":0,"comment_status":"closed","ping_status":"closed","template":"template-midsize.php","meta":{"footnotes":""},"class_list":["post-8177","page","type-page","status-publish","hentry"],"_links":{"self":[{"href":"https:\/\/www.mariostark.com\/de\/wp-json\/wp\/v2\/pages\/8177","targetHints":{"allow":["GET"]}}],"collection":[{"href":"https:\/\/www.mariostark.com\/de\/wp-json\/wp\/v2\/pages"}],"about":[{"href":"https:\/\/www.mariostark.com\/de\/wp-json\/wp\/v2\/types\/page"}],"author":[{"embeddable":true,"href":"https:\/\/www.mariostark.com\/de\/wp-json\/wp\/v2\/users\/2"}],"replies":[{"embeddable":true,"href":"https:\/\/www.mariostark.com\/de\/wp-json\/wp\/v2\/comments?post=8177"}],"version-history":[{"count":6,"href":"https:\/\/www.mariostark.com\/de\/wp-json\/wp\/v2\/pages\/8177\/revisions"}],"predecessor-version":[{"id":14808,"href":"https:\/\/www.mariostark.com\/de\/wp-json\/wp\/v2\/pages\/8177\/revisions\/14808"}],"up":[{"embeddable":true,"href":"https:\/\/www.mariostark.com\/de\/wp-json\/wp\/v2\/pages\/41"}],"wp:attachment":[{"href":"https:\/\/www.mariostark.com\/de\/wp-json\/wp\/v2\/media?parent=8177"}],"curies":[{"name":"wp","href":"https:\/\/api.w.org\/{rel}","templated":true}]}}