{"id":7933,"date":"2016-10-27T10:47:08","date_gmt":"2016-10-27T08:47:08","guid":{"rendered":"https:\/\/www.mariostark.com\/?page_id=7933"},"modified":"2019-04-13T12:25:40","modified_gmt":"2019-04-13T10:25:40","slug":"kronberg-im-taunus","status":"publish","type":"page","link":"https:\/\/www.mariostark.com\/de\/immobilien\/kronberg-im-taunus\/","title":{"rendered":"Immobilien in Kronberg im Taunus"},"content":{"rendered":"<h3>IMMOBILIENMAKLER F\u00dcR KRONBERG IM TAUNUS &amp; UMGEBUNG &#8211; IMMOBILIEN, VILLEN, H\u00c4USER &amp; WOHNUNGEN ZUM KAUF &#8211; MARIO STARK<\/h3>\n<p>&nbsp;<\/p>\n<p>&nbsp;<\/p>\n<p>Die Stadt<strong> Kronberg im Taunus<\/strong> (&#8222;Kronberg&#8220;) ist, ein bekannter Kurort im hessischen <a href=\"https:\/\/www.mariostark.com\/de\/immobilien\/hochtaunuskreis\/\">Hochtaunuskreis<\/a> und liegt, wie die Nachbarst\u00e4dte &#8211; <a href=\"https:\/\/www.mariostark.com\/de\/immobilien\/koenigstein-im-taunus\/\">K\u00f6nigstein im Taunus<\/a> und Oberursel (Taunus)<em> &#8211;<\/em> inmitten der Rhein-Main Region, um die Metropole <a href=\"https:\/\/www.mariostark.com\/de\/immobilien\/frankfurt-am-main\/\">Frankfurt am Main<\/a>, im deutschen <a href=\"https:\/\/www.mariostark.com\/de\/immobilien\/hessen\/\">Bundesland Hessen<\/a>. Die Stadt Kronberg im Taunus geh\u00f6rt, zu den begehrtesten und nobelsten Wohnlagen f\u00fcr <a href=\"https:\/\/www.mariostark.com\/de\/immobilien\/immobilien-anbieten\/\">Immobilien<\/a> (&#8222;Immobilien&#8220;) &#8211; in <a href=\"https:\/\/www.mariostark.com\/de\/immobilien\/deutschland\/\">Deutschland<\/a>.<\/p>\n<p>&nbsp;<\/p>\n<h4>STADT KRONBERG IM TAUNUS<\/h4>\n<p>Die Stadt Kronberg im Taunus liegt, inmitten der landschaftlich sehr reizvollen und waldreichen Region, um den Taunus. Sehenswert sind, neben der sch\u00f6nen historischen Altsstadt mit der &#8222;<em>Burg Kronberg&#8220;<\/em>, auch Bauwerke wie, der Hellhof, die Kronberger Stadtkirche St. Johann, das <a href=\"https:\/\/www.mariostark.com\/de\/immobilien\/schloesser-herrenhaeuser\/\">Schloss<\/a> Friedrichshof, sowie, der Victoriapark und der Quellenpark Kronthal. Zahlreiche kulturelle Veranstaltungen, M\u00e4rkte und Feste, in und um die Kronberger Altstadt, ziehen jedes Jahr viele regionale und \u00fcberregionale Besucher in die Stadt. Neben Kronberg ist, das Stadtgebiet auch noch in die Stadtteile &#8211; Sch\u00f6nberg und Oberh\u00f6chstadt, unterteilt. Kronberg im Taunus ist, heute auch, Sitz mehrerer international t\u00e4tiger Unternehmen. Mit der Anbindung an das Frankfurter S-Bahnnetz ist, das Stadtgebiet der Finanzmetropole Frankfurt am Main, gut zu erreichen.<\/p>\n<p>&nbsp;<\/p>\n<h4>IMMOBILIEN IN KRONBERG IM TAUNUS<\/h4>\n<p><em>Kronberg im Taunus<\/em> gilt, als eine der wohlhabendsten St\u00e4dte Deutschlands und ist, f\u00fcr seine begehrten und exklusiven Wohnlagen bekannt, die oft auch, bevorzugter Wohnsitz &#8211; wohlhabender Familien aus dem Frankfurter Raum sind. Die Immobilienpreise f\u00fcr den Kauf von <a href=\"https:\/\/www.mariostark.com\/de\/immobilien\/einfamilienhaeuser\/\">Einfamilienh\u00e4usern<\/a> oder <a href=\"https:\/\/www.mariostark.com\/de\/immobilien\/villen\/\">Villen<\/a> erreichen, in Kronberg im Taunus, ein gehobenes Niveau.<\/p>\n<p>&nbsp;<\/p>\n<p>&nbsp;<\/p>\n<h3>WOHNEN IN <a href=\"#KRONBERG_IM_TAUNUS\">#KRONBERG_IM_TAUNUS<\/a> &#8211; MARIO STARK IMMOBILIEN &#8211; <span style=\"color: #333333;\"><a href=\"#MARIOSTARK\">#MARIOSTARK<\/a><\/span><\/h3>\n<p>&nbsp;<\/p>\n<h4>KRONBERG IM TAUNUS: IMMOBILIEN KAUFEN &amp; VERKAUFEN<\/h4>\n<p>Gerne beraten wir Sie, bei Fragen, zum Immobilienverkauf, einer Immobilienbewertung oder der <a href=\"https:\/\/www.mariostark.com\/de\/immobilien\/immobilienbesichtigung\/\">Immobilienbesichtigung<\/a> von <a href=\"https:\/\/www.mariostark.com\/de\/immobilien\/haeuser\/\">H\u00e4usern<\/a> und <a href=\"https:\/\/www.mariostark.com\/de\/immobilien\/villen\/\">Villen<\/a> in <em>Kronberg im Taunus<\/em>.<\/p>\n<p>&nbsp;<\/p>\n<h4>&gt; <a href=\"https:\/\/www.mariostark.com\/de\/kontakt\/\"><em>Kontakt<\/em><\/a><\/h4>\n<p>&nbsp;<\/p>\n<h4>&gt; <a href=\"https:\/\/www.mariostark.com\/de\/immobilien\/immobilien-verkaufen\/\"><em>Immobilien verkaufen<\/em><\/a><\/h4>\n<p>&nbsp;<\/p>\n<h4>&gt; <a href=\"https:\/\/www.mariostark.com\/de\/immobilien\/immobilienbewertung\/\"><em>Immobilienbewertung<\/em><\/a><\/h4>\n<p>&nbsp;<\/p>\n<p>Weitere Informationen auf <a href=\"https:\/\/www.mariostark.com\/de\/immobilien\"><strong>mariostark.com\/de\/immobilien<\/strong><\/a>.<\/p>\n<p>&nbsp;<\/p>\n<p>&nbsp;<\/p>\n<p>&nbsp;<\/p>\n<p>&nbsp;<\/p>\n<h4 style=\"text-align: center;\"><span style=\"color: #999999;\">Mehr.<\/span><\/h4>\n<h6 style=\"text-align: center;\"><span style=\"color: #808080;\"><a style=\"color: #808080;\" href=\"https:\/\/www.facebook.com\/mariostarkofficial\">Facebook<\/a> \u00a0\u00a0 <a style=\"color: #808080;\" href=\"http:\/\/www.twitter.com\/mariostarkcom\">Twitter<\/a> \u00a0\u00a0 <a style=\"color: #808080;\" href=\"https:\/\/www.instagram.com\/mariostarkofficial\">Instagram<\/a>\u00a0\u00a0\u00a0 <a style=\"color: #808080;\" href=\"https:\/\/www.youtube.com\/c\/mariostarkofficial\">Youtube<\/a>\u00a0\u00a0\u00a0 <a style=\"color: #808080;\" href=\"http:\/\/www.pinterest.com\/mariostarkcom\">Pinterest<\/a><\/span><\/h6>\n<p>&nbsp;<\/p>","protected":false},"excerpt":{"rendered":"<p>IMMOBILIENMAKLER F\u00dcR KRONBERG IM TAUNUS &amp; UMGEBUNG &#8211; IMMOBILIEN, VILLEN, H\u00c4USER &amp; WOHNUNGEN ZUM KAUF &#8211; MARIO STARK &nbsp; &nbsp; Die Stadt Kronberg im Taunus (&#8222;Kronberg&#8220;) ist, ein bekannter Kurort im hessischen Hochtaunuskreis und liegt, wie die Nachbarst\u00e4dte &#8211; K\u00f6nigstein &hellip; <a href=\"https:\/\/www.mariostark.com\/de\/immobilien\/kronberg-im-taunus\/\">Weiterlesen<\/a><\/p>\n","protected":false},"author":2,"featured_media":0,"parent":41,"menu_order":0,"comment_status":"closed","ping_status":"closed","template":"template-midsize.php","meta":{"footnotes":""},"class_list":["post-7933","page","type-page","status-publish","hentry"],"_links":{"self":[{"href":"https:\/\/www.mariostark.com\/de\/wp-json\/wp\/v2\/pages\/7933","targetHints":{"allow":["GET"]}}],"collection":[{"href":"https:\/\/www.mariostark.com\/de\/wp-json\/wp\/v2\/pages"}],"about":[{"href":"https:\/\/www.mariostark.com\/de\/wp-json\/wp\/v2\/types\/page"}],"author":[{"embeddable":true,"href":"https:\/\/www.mariostark.com\/de\/wp-json\/wp\/v2\/users\/2"}],"replies":[{"embeddable":true,"href":"https:\/\/www.mariostark.com\/de\/wp-json\/wp\/v2\/comments?post=7933"}],"version-history":[{"count":6,"href":"https:\/\/www.mariostark.com\/de\/wp-json\/wp\/v2\/pages\/7933\/revisions"}],"predecessor-version":[{"id":14857,"href":"https:\/\/www.mariostark.com\/de\/wp-json\/wp\/v2\/pages\/7933\/revisions\/14857"}],"up":[{"embeddable":true,"href":"https:\/\/www.mariostark.com\/de\/wp-json\/wp\/v2\/pages\/41"}],"wp:attachment":[{"href":"https:\/\/www.mariostark.com\/de\/wp-json\/wp\/v2\/media?parent=7933"}],"curies":[{"name":"wp","href":"https:\/\/api.w.org\/{rel}","templated":true}]}}