{"id":7926,"date":"2016-10-27T10:36:47","date_gmt":"2016-10-27T08:36:47","guid":{"rendered":"https:\/\/www.mariostark.com\/?page_id=7926"},"modified":"2019-04-13T12:25:17","modified_gmt":"2019-04-13T10:25:17","slug":"koenigstein-im-taunus","status":"publish","type":"page","link":"https:\/\/www.mariostark.com\/de\/immobilien\/koenigstein-im-taunus\/","title":{"rendered":"Immobilien in K\u00f6nigstein im Taunus"},"content":{"rendered":"<h3>IMMOBILIENMAKLER F\u00dcR K\u00d6NIGSTEIN IM TAUNUS UND UMGEBUNG &#8211; IMMOBILIEN, VILLEN, H\u00c4USER &amp; WOHNUNGEN ZUM KAUF &#8211; MARIO STARK<\/h3>\n<p>&nbsp;<\/p>\n<p>&nbsp;<\/p>\n<p><strong>K\u00f6nigstein im Taunus<\/strong> (&#8222;K\u00f6nigstein&#8220;) ist, ein bekannter Kurort im hessischen <a href=\"https:\/\/www.mariostark.com\/de\/immobilien\/hochtaunuskreis\/\">Hochtaunuskreis<\/a> und liegt, inmitten der wirtschaftlich starken &#8222;Rhein-Main Region&#8220;, um die Finanzmetropole <a href=\"https:\/\/www.mariostark.com\/de\/immobilien\/frankfurt-am-main\/\">Frankfurt am Main<\/a>, im deutschen <a href=\"https:\/\/www.mariostark.com\/de\/immobilien\/hessen\/\">Bundesland Hessen<\/a>. K\u00f6nigstein im Taunus geh\u00f6rt, zu den begehrtesten und exklusivsten Wohnlagen f\u00fcr <a href=\"https:\/\/www.mariostark.com\/de\/immobilien\/immobilien-anbieten\/\">Immobilien<\/a> (&#8222;Immobilien&#8220;) &#8211; in der <a href=\"https:\/\/www.mariostark.com\/de\/immobilien\/deutschland\/\">Bundesrepublik Deutschland<\/a>.<\/p>\n<p>&nbsp;<\/p>\n<h4>IMMOBILIEN IN K\u00d6NIGSTEIN IM TAUNUS<\/h4>\n<p>Besonders bekannt ist, K\u00f6nigstein im Taunus, wegen der begehrten und teuren Wohnlagen im Frankfurter Raum, wie auch, in den St\u00e4dten &#8211; <a href=\"https:\/\/www.mariostark.com\/de\/immobilien\/bad-homburg\/\">Bad Homburg vor der H\u00f6he<\/a>, <a href=\"https:\/\/www.mariostark.com\/de\/immobilien\/kronberg-im-taunus\/\">Kronberg im Taunus<\/a> und <em>Oberursel (Taunus)<\/em>. K\u00f6nigstein am Taunus geh\u00f6rt, damit, zu den wohlhabendsten und nobelsten Wohngegenden Deutschlands. Hier wohnen bevorzugt, in Frankfurt am Main t\u00e4tige Pendler, wie auch, wohlhabende Familien aus dem Frankfurter Raum. Die Immobilienpreise f\u00fcr den Kauf von <a href=\"https:\/\/www.mariostark.com\/de\/immobilien\/einfamilienhaeuser\/\">Einfamilienh\u00e4usern<\/a>, <a href=\"https:\/\/www.mariostark.com\/de\/immobilien\/villen\/\">Villen<\/a> oder <a href=\"https:\/\/www.mariostark.com\/de\/immobilien\/eigentumswohnungen\/\">Eigentumswohnungen<\/a> erreichen, in K\u00f6nigstein im Taunus, ein entsprechend hohes Niveau.<\/p>\n<p>&nbsp;<\/p>\n<h4>DER KURORT K\u00d6NIGSTEIN<\/h4>\n<p>Als anerkanntem Kurort gibt es, in K\u00f6nigstein im Taunus, auch, einen beliebten Kurpark (samt Kurhaus). Eine Attraktion in K\u00f6nigstein ist, das allj\u00e4hrliche <em>Burgfest &#8211;<\/em> das auf dem Wahrzeichen der Stadt &#8211; der &#8222;<em>Burgruine K\u00f6nigstein&#8220;<\/em>, stattfindet. Sehenswert sind in K\u00f6nigstein, au\u00dfer der bekannten Burgruine K\u00f6nigstein, auch, die sch\u00f6ne historische Altstadt mit dem Alten Rathaus, in dem sich heute, das Burg- und Stadtmuseum K\u00f6nigstein befindet. Zum Stadtgebiet von <em>K\u00f6nigstein im Taunus<\/em> geh\u00f6ren, auch, die Stadtteile &#8211; Mammolshain, Schneidhain und <em>Falkenstein<\/em>.<\/p>\n<p>&nbsp;<\/p>\n<h4>INFRASTRUKTUR<\/h4>\n<p>Die Stadt<em> K\u00f6nigstein im Taunus<\/em> verf\u00fcgt, \u00fcber eine gute verkehrstechnische Anbindung in den Frankfurter Raum. \u00dcber Bundesstra\u00dfen und Bundesautobahnen im Umfeld der Stadt K\u00f6nigstein, sowie, einiger Bahn- und Busverbindungen, erreicht man die deutsche Metropole Frankfurt am Main, oder auch, den Internationalen Flughafen Frankfurt.<\/p>\n<p>&nbsp;<\/p>\n<p>&nbsp;<\/p>\n<h3>WOHNEN IN <a href=\"#K\u00d6NIGSTEIN_IM_TAUNUS\">#K\u00d6NIGSTEIN_IM_TAUNUS<\/a> &#8211; MARIO STARK IMMOBILIEN &#8211; <span style=\"color: #333333;\"><a href=\"#MARIOSTARK\">#MARIOSTARK<\/a><\/span><\/h3>\n<p>&nbsp;<\/p>\n<h4>K\u00d6NIGSTEIN IM TAUNUS: IMMOBILIEN KAUFEN &amp; VERKAUFEN<\/h4>\n<p>Gerne beraten wir Sie, bei Fragen, zum Immobilienverkauf, einer Immobilienbewertung oder der <a href=\"https:\/\/www.mariostark.com\/de\/immobilien\/immobilienbesichtigung\/\">Immobilienbesichtigung<\/a> von <a href=\"https:\/\/www.mariostark.com\/de\/immobilien\/haeuser\/\">H\u00e4usern<\/a> &amp; <a href=\"https:\/\/www.mariostark.com\/de\/immobilien\/villen\/\">Villen<\/a> in <em>K\u00f6nigstein im Taunus<\/em>.<\/p>\n<p>&nbsp;<\/p>\n<h4>&gt; <a href=\"https:\/\/www.mariostark.com\/de\/kontakt\/\"><em>Kontakt<\/em><\/a><\/h4>\n<p>&nbsp;<\/p>\n<h4>&gt; <a href=\"https:\/\/www.mariostark.com\/de\/immobilien\/immobilien-verkaufen\/\"><em>Immobilien verkaufen<\/em><\/a><\/h4>\n<p>&nbsp;<\/p>\n<h4>&gt; <a href=\"https:\/\/www.mariostark.com\/de\/immobilien\/immobilienbewertung\/\"><em>Immobilienbewertung<\/em><\/a><\/h4>\n<p>&nbsp;<\/p>\n<p>Weitere Informationen auf <a href=\"https:\/\/www.mariostark.com\/de\/immobilien\"><strong>mariostark.com\/de\/immobilien<\/strong><\/a>.<\/p>\n<p>&nbsp;<\/p>\n<p>&nbsp;<\/p>\n<p>&nbsp;<\/p>\n<p>&nbsp;<\/p>\n<h4 style=\"text-align: center;\"><span style=\"color: #999999;\">Mehr.<\/span><\/h4>\n<h6 style=\"text-align: center;\"><span style=\"color: #808080;\"><a style=\"color: #808080;\" href=\"https:\/\/www.facebook.com\/mariostarkofficial\">Facebook<\/a> \u00a0\u00a0 <a style=\"color: #808080;\" href=\"http:\/\/www.twitter.com\/mariostarkcom\">Twitter<\/a> \u00a0\u00a0 <a style=\"color: #808080;\" href=\"https:\/\/www.instagram.com\/mariostarkofficial\">Instagram<\/a>\u00a0\u00a0\u00a0 <a style=\"color: #808080;\" href=\"https:\/\/www.youtube.com\/c\/mariostarkofficial\">Youtube<\/a>\u00a0\u00a0\u00a0 <a style=\"color: #808080;\" href=\"http:\/\/www.pinterest.com\/mariostarkcom\">Pinterest<\/a><\/span><\/h6>\n<p>&nbsp;<\/p>","protected":false},"excerpt":{"rendered":"<p>IMMOBILIENMAKLER F\u00dcR K\u00d6NIGSTEIN IM TAUNUS UND UMGEBUNG &#8211; IMMOBILIEN, VILLEN, H\u00c4USER &amp; WOHNUNGEN ZUM KAUF &#8211; MARIO STARK &nbsp; &nbsp; K\u00f6nigstein im Taunus (&#8222;K\u00f6nigstein&#8220;) ist, ein bekannter Kurort im hessischen Hochtaunuskreis und liegt, inmitten der wirtschaftlich starken &#8222;Rhein-Main Region&#8220;, um &hellip; <a href=\"https:\/\/www.mariostark.com\/de\/immobilien\/koenigstein-im-taunus\/\">Weiterlesen<\/a><\/p>\n","protected":false},"author":2,"featured_media":0,"parent":41,"menu_order":0,"comment_status":"closed","ping_status":"closed","template":"template-midsize.php","meta":{"footnotes":""},"class_list":["post-7926","page","type-page","status-publish","hentry"],"_links":{"self":[{"href":"https:\/\/www.mariostark.com\/de\/wp-json\/wp\/v2\/pages\/7926","targetHints":{"allow":["GET"]}}],"collection":[{"href":"https:\/\/www.mariostark.com\/de\/wp-json\/wp\/v2\/pages"}],"about":[{"href":"https:\/\/www.mariostark.com\/de\/wp-json\/wp\/v2\/types\/page"}],"author":[{"embeddable":true,"href":"https:\/\/www.mariostark.com\/de\/wp-json\/wp\/v2\/users\/2"}],"replies":[{"embeddable":true,"href":"https:\/\/www.mariostark.com\/de\/wp-json\/wp\/v2\/comments?post=7926"}],"version-history":[{"count":6,"href":"https:\/\/www.mariostark.com\/de\/wp-json\/wp\/v2\/pages\/7926\/revisions"}],"predecessor-version":[{"id":14856,"href":"https:\/\/www.mariostark.com\/de\/wp-json\/wp\/v2\/pages\/7926\/revisions\/14856"}],"up":[{"embeddable":true,"href":"https:\/\/www.mariostark.com\/de\/wp-json\/wp\/v2\/pages\/41"}],"wp:attachment":[{"href":"https:\/\/www.mariostark.com\/de\/wp-json\/wp\/v2\/media?parent=7926"}],"curies":[{"name":"wp","href":"https:\/\/api.w.org\/{rel}","templated":true}]}}