{"id":7773,"date":"2016-10-25T14:29:04","date_gmt":"2016-10-25T12:29:04","guid":{"rendered":"https:\/\/www.mariostark.com\/?page_id=7773"},"modified":"2019-04-13T12:10:20","modified_gmt":"2019-04-13T10:10:20","slug":"landkreis-miesbach","status":"publish","type":"page","link":"https:\/\/www.mariostark.com\/de\/immobilien\/landkreis-miesbach\/","title":{"rendered":"Immobilien im Landkreis Miesbach"},"content":{"rendered":"<h3>IMMOBILIEN IM LANDKREIS MIESBACH &#8211; IMMOBILIEN, VILLEN, H\u00c4USER &amp; WOHNUNGEN KAUFEN UND VERKAUFEN &#8211; MARIO STARK<\/h3>\n<p>&nbsp;<\/p>\n<p>&nbsp;<\/p>\n<p>Der <strong>Landkreis Miesbach<\/strong> liegt im S\u00fcden, des <a href=\"https:\/\/www.mariostark.com\/de\/immobilien\/bayern\/\">Freistaates Bayern<\/a> (<em>engl.<\/em>: Bavaria) und ist, \u00fcber die bayrischen Landesgrenzen hinaus bekannt, f\u00fcr seine reizvollen Landschaften und die zahlreichen touristischen Ziele, wie beispielsweise, dem beliebten <em>Tegernsee<\/em>. Der Landkreis Miesbach geh\u00f6rt, zu den begehrtesten Lagen, f\u00fcr den Kauf von <a href=\"https:\/\/www.mariostark.com\/de\/immobilien\/wohnimmobilien\/\">Wohnimmobilien<\/a> wie &#8211; Einfamilienh\u00e4usern, Villen und <a href=\"https:\/\/www.mariostark.com\/de\/immobilien\/eigentumswohnungen\/\">Eigentumswohnungen<\/a> &#8211; im Freistaat Bayern.<\/p>\n<p>&nbsp;<\/p>\n<h4>LANDKREIS MIESBACH<\/h4>\n<p>Der <em>Landkreis Miesbach<\/em> grenzt, an die anderen bayrischen Landkreise &#8211; <a href=\"https:\/\/www.mariostark.com\/de\/immobilien\/landkreis-muenchen\/\">M\u00fcnchen<\/a>, Rosenheim und Bad T\u00f6lz-Wolfratshausen. Im S\u00fcden grenzt der bayrische Landkreis Miesbach, schon, an das EU-Land \u00d6sterreich. Neben dem beliebten Tegernsee gibt es, beispielsweise, mit dem bekannten Schliersee und dem Spitzingsee, noch weitere sch\u00f6ne Seen im Landkreis Miesbach. Der Tourismus ist, von wesentlicher wirtschaftlicher Bedeutung im Landkreis Miesbach, besonders, um den Tegernsee<em> &#8211;<\/em> als eines der gr\u00f6\u00dften touristischen Attraktionen im Landkreis Miesbach. Die Gastronomie- und Hotellerieangebote sind hier, entsprechend vielf\u00e4ltig. Auch viele regionale und \u00fcberregionale Tagesg\u00e4ste besuchen die beliebten Regionen, im Landkreis Miesbach, regelm\u00e4\u00dfig. \u00dcber die bekannte deutsche Bundesautobahn A 8 hat der Landkreis Miesbach, gute Anbindungen an &#8211; die Stadt Salzburg (\u00d6sterreich) und die bayrische <a href=\"https:\/\/www.mariostark.com\/de\/immobilien\/muenchen\/\">Landeshauptstadt M\u00fcnchen<\/a>. Die St\u00e4dte im Landkreis sind: <em>Miesbach<\/em> und Tegernsee. Zu den bekanntesten Gemeinden des Landkreises Miesbach geh\u00f6ren, unter anderem, Bad Wiessee, Gmund am Tegernsee, Otterfing und Rottach-Egern, sowie, die M\u00e4rkte &#8211; Holzkirchen und <em>Schliersee<\/em>.<\/p>\n<p>&nbsp;<\/p>\n<h4>IMMOBILIEN IM LANDKREIS MIESBACH<\/h4>\n<p>Der Landkreis Miesbach ist bekannt, f\u00fcr seine begehrten und teuren Wohnlagen. Besonders am beliebten<em> Tegernsee<\/em> gibt es viele exklusive und begehrte <a href=\"https:\/\/www.mariostark.com\/de\/immobilien\/immobilien-kaufen-verkaufen\/\">Immobilien<\/a>, wie <a href=\"https:\/\/www.mariostark.com\/de\/immobilien\/villen\/\"><em>Villen<\/em><\/a> oder gr\u00f6\u00dfere <a href=\"https:\/\/www.mariostark.com\/de\/immobilien\/einfamilienhaeuser\/\">Einfamilienh\u00e4user<\/a>. Die Immobilienpreise im Landkreis Miesbach geh\u00f6ren, zu den h\u00f6chsten in ganz <a href=\"https:\/\/www.mariostark.com\/de\/immobilien\/deutschland\/\">Deutschland<\/a>. Vergleichbare Immobilienpreise findet man, beispielsweise, in der Region um den <em>Starnberger See &#8211;<\/em> im bayrischen <a href=\"https:\/\/www.mariostark.com\/de\/immobilien\/landkreis-starnberg\/\">Landkreis Starnberg<\/a>.<\/p>\n<p>&nbsp;<\/p>\n<p>&nbsp;<\/p>\n<h3>WOHNEN AM <a href=\"#TEGERNSEE\">#TEGERNSEE<\/a> &#8211; MARIO STARK IMMOBILIEN &#8211; <span style=\"color: #333333;\"><a href=\"#MARIOSTARK\">#MARIOSTARK<\/a><\/span><\/h3>\n<p>&nbsp;<\/p>\n<h4>LANDKREIS MIESBACH: IMMOBILIEN KAUFEN &amp; VERKAUFEN<\/h4>\n<p>Gerne beraten wir Sie, bei Fragen, zum Immobilienverkauf, einer Immobilienbewertung oder der <a href=\"https:\/\/www.mariostark.com\/de\/immobilien\/immobilienbesichtigung\/\">Immobilienbesichtigung<\/a> von <a href=\"https:\/\/www.mariostark.com\/de\/immobilien\/haeuser\/\">H\u00e4usern<\/a>, Villen und <a href=\"https:\/\/www.mariostark.com\/de\/immobilien\/wohnungen\/\">Wohnungen<\/a> im bayrischen <em>Landkreis Miesbach<\/em>.<\/p>\n<p>&nbsp;<\/p>\n<h4>&gt; <a href=\"https:\/\/www.mariostark.com\/de\/kontakt\/\"><em>Kontakt<\/em><\/a><\/h4>\n<p>&nbsp;<\/p>\n<h4>&gt; <a href=\"https:\/\/www.mariostark.com\/de\/immobilien\/immobilien-verkaufen\/\"><em>Immobilien verkaufen<\/em><\/a><\/h4>\n<p>&nbsp;<\/p>\n<h4>&gt; <a href=\"https:\/\/www.mariostark.com\/de\/immobilien\/immobilienbewertung\/\"><em>Immobilienbewertung<\/em><\/a><\/h4>\n<p>&nbsp;<\/p>\n<p>Weitere Informationen auf <a href=\"https:\/\/www.mariostark.com\/de\/immobilien\"><strong>mariostark.com\/de\/immobilien<\/strong><\/a>.<\/p>\n<p>&nbsp;<\/p>\n<p>&nbsp;<\/p>\n<p>&nbsp;<\/p>\n<p>&nbsp;<\/p>\n<h4 style=\"text-align: center;\"><span style=\"color: #999999;\">Mehr.<\/span><\/h4>\n<h6 style=\"text-align: center;\"><span style=\"color: #808080;\"><a style=\"color: #808080;\" href=\"https:\/\/www.facebook.com\/mariostarkofficial\">Facebook<\/a> \u00a0\u00a0 <a style=\"color: #808080;\" href=\"http:\/\/www.twitter.com\/mariostarkcom\">Twitter<\/a> \u00a0\u00a0 <a style=\"color: #808080;\" href=\"https:\/\/www.instagram.com\/mariostarkofficial\">Instagram<\/a>\u00a0\u00a0\u00a0 <a style=\"color: #808080;\" href=\"https:\/\/www.youtube.com\/c\/mariostarkofficial\">Youtube<\/a>\u00a0\u00a0\u00a0 <a style=\"color: #808080;\" href=\"http:\/\/www.pinterest.com\/mariostarkcom\">Pinterest<\/a><\/span><\/h6>\n<p>&nbsp;<\/p>","protected":false},"excerpt":{"rendered":"<p>IMMOBILIEN IM LANDKREIS MIESBACH &#8211; IMMOBILIEN, VILLEN, H\u00c4USER &amp; WOHNUNGEN KAUFEN UND VERKAUFEN &#8211; MARIO STARK &nbsp; &nbsp; Der Landkreis Miesbach liegt im S\u00fcden, des Freistaates Bayern (engl.: Bavaria) und ist, \u00fcber die bayrischen Landesgrenzen hinaus bekannt, f\u00fcr seine reizvollen &hellip; <a href=\"https:\/\/www.mariostark.com\/de\/immobilien\/landkreis-miesbach\/\">Weiterlesen<\/a><\/p>\n","protected":false},"author":2,"featured_media":0,"parent":41,"menu_order":0,"comment_status":"closed","ping_status":"closed","template":"template-midsize.php","meta":{"footnotes":""},"class_list":["post-7773","page","type-page","status-publish","hentry"],"_links":{"self":[{"href":"https:\/\/www.mariostark.com\/de\/wp-json\/wp\/v2\/pages\/7773","targetHints":{"allow":["GET"]}}],"collection":[{"href":"https:\/\/www.mariostark.com\/de\/wp-json\/wp\/v2\/pages"}],"about":[{"href":"https:\/\/www.mariostark.com\/de\/wp-json\/wp\/v2\/types\/page"}],"author":[{"embeddable":true,"href":"https:\/\/www.mariostark.com\/de\/wp-json\/wp\/v2\/users\/2"}],"replies":[{"embeddable":true,"href":"https:\/\/www.mariostark.com\/de\/wp-json\/wp\/v2\/comments?post=7773"}],"version-history":[{"count":6,"href":"https:\/\/www.mariostark.com\/de\/wp-json\/wp\/v2\/pages\/7773\/revisions"}],"predecessor-version":[{"id":14820,"href":"https:\/\/www.mariostark.com\/de\/wp-json\/wp\/v2\/pages\/7773\/revisions\/14820"}],"up":[{"embeddable":true,"href":"https:\/\/www.mariostark.com\/de\/wp-json\/wp\/v2\/pages\/41"}],"wp:attachment":[{"href":"https:\/\/www.mariostark.com\/de\/wp-json\/wp\/v2\/media?parent=7773"}],"curies":[{"name":"wp","href":"https:\/\/api.w.org\/{rel}","templated":true}]}}