{"id":7767,"date":"2016-10-26T11:31:50","date_gmt":"2016-10-26T09:31:50","guid":{"rendered":"https:\/\/www.mariostark.com\/?page_id=7767"},"modified":"2019-04-13T12:15:13","modified_gmt":"2019-04-13T10:15:13","slug":"bad-homburg","status":"publish","type":"page","link":"https:\/\/www.mariostark.com\/de\/immobilien\/bad-homburg\/","title":{"rendered":"Immobilien in Bad Homburg"},"content":{"rendered":"<h3>IMMOBILIENMAKLER F\u00dcR BAD HOMBURG &amp; UMGEBUNG &#8211; IMMOBILIEN, VILLEN, H\u00c4USER &amp; WOHNUNGEN KAUFEN UND VERKAUFEN &#8211; MARIO STARK<\/h3>\n<p>&nbsp;<\/p>\n<p>&nbsp;<\/p>\n<p>Die Stadt<strong> Bad Homburg vor der H\u00f6he<\/strong> ist, ein \u00fcber die Landesgrenzen hinaus bekannter hessischer Kurort und gleichzeitig, die Kreisstadt des bekannten <a href=\"https:\/\/www.mariostark.com\/de\/immobilien\/hochtaunuskreis\/\">Hochtaunuskreises<\/a>\u00a0&#8211;\u00a0im deutschen <a href=\"https:\/\/www.mariostark.com\/de\/immobilien\/hessen\/\">Bundesland Hessen<\/a>\u00a0(<em>HE<\/em>). Bad Homburg vor der H\u00f6he grenzt, an die deutsche Finanzmetropole <a href=\"https:\/\/www.mariostark.com\/de\/immobilien\/frankfurt-am-main\/\">Frankfurt am Main<\/a> und liegt damit, inmitten der wirtschaftlich starken &#8222;Rhein-Main Region&#8220;. Bad Homburg vor der H\u00f6he gilt allgemein, als Stadt &#8211; mit einer hohen Lebensqualit\u00e4t. Die Stadt Bad Homburg vor der H\u00f6he ist bekannt, als eine der begehrtesten und exklusivsten Wohnlagen in der Region Frankfurt.<\/p>\n<p>&nbsp;<\/p>\n<h4>BAD HOMBURG VOR DER H\u00d6HE<\/h4>\n<p>Besonders bekannt ist,\u00a0<em>Bad Homburg vor der H\u00f6he<\/em>, f\u00fcr seine ber\u00fchmte Spielbank, sowie, die exklusiven Villenviertel &#8211; in den besonders begehrten und teuren Wohnlagen der Stadt. Hier wohnen, zum Teil, viele in Frankfurt am Main t\u00e4tige (zumeist gut verdienende) Pendler, oder, wohlhabende Frankfurter Familien. Damit geh\u00f6rt, die Stadt Bad Homburg vor der H\u00f6he, neben den St\u00e4dten &#8211;\u00a0<a href=\"https:\/\/www.mariostark.com\/de\/immobilien\/koenigstein-im-taunus\/\"><em>K\u00f6nigstein im Taunus<\/em><\/a> und <em><a href=\"https:\/\/www.mariostark.com\/de\/immobilien\/kronberg-im-taunus\/\">Kronberg im Taunus<\/a>\u00a0&#8211;<\/em>\u00a0zu den wohlhabendsten und exklusivsten Regionen des Hochtaunuskreises, sowie, der gesamten Region Frankfurt am Main. Auch einige wichtige national und international t\u00e4tige Unternehmen, haben einen Sitz in Bad Homburg. Bad Homburg vor der H\u00f6he grenzt, unter anderem, an die St\u00e4dte &#8211; Friedrichsdorf, Rosbach und Frankfurt am Main. Zum Stadtgebiet Bad Homburgs geh\u00f6ren, neben der sch\u00f6nen Innenstadt, auch Ortsteile wie, Gonzenheim und Ober-Eschbach. Sehenswert ist neben der bekannten Bad Homburger Spielbank, auch, das <em>Schloss Bad Homburg<\/em>\u00a0&#8211; mit dem sch\u00f6nen Schlosspark. Die Kurg\u00e4ste der Stadt sch\u00e4tzen seit je her, die zahlreichen renommierten Kurkliniken in Bad Homburg. Auch viele regionale und \u00fcberregionale Tagesg\u00e4ste besuchen, den beliebten Kurort Bad Homburg regelm\u00e4\u00dfig.<\/p>\n<p>&nbsp;<\/p>\n<h4>IMMOBILIENPREISE IN BAD HOMBURG VOR DER H\u00d6HE<\/h4>\n<p>Die Immobilienpreise f\u00fcr hochwertige <a href=\"https:\/\/www.mariostark.com\/de\/immobilien\/immobilien-kaufen-verkaufen\/\">Immobilien<\/a> wie, <a href=\"https:\/\/www.mariostark.com\/de\/immobilien\/villen\/\">Villen<\/a>, <a href=\"https:\/\/www.mariostark.com\/de\/immobilien\/einfamilienhaeuser\/\">Einfamilienh\u00e4user<\/a>\u00a0und\u00a0<a href=\"https:\/\/www.mariostark.com\/de\/immobilien\/eigentumswohnungen\/\">Eigentumswohnungen<\/a>, erreichen in Bad Homburg vor der H\u00f6he, ein gehobenes Niveau und z\u00e4hlen, zu den teuersten in ganz <a href=\"https:\/\/www.mariostark.com\/de\/immobilien\/deutschland\/\">Deutschland<\/a>. Vergleichbare Immobilienkaufpreise kann man auch, in den &#8222;begehrten Wohnlagen&#8220; der Metropolen &#8211;\u00a0<a href=\"https:\/\/www.mariostark.com\/de\/immobilien\/hamburg\/\">Hamburg<\/a> und <a href=\"https:\/\/www.mariostark.com\/de\/immobilien\/muenchen\/\">M\u00fcnchen<\/a>\u00a0&#8211;\u00a0verzeichnen.<\/p>\n<p>&nbsp;<\/p>\n<p>&nbsp;<\/p>\n<h3>WOHNEN IN <a href=\"#BAD_HOMBURG\">#BAD_HOMBURG<\/a> VOR DER H\u00d6HE &#8211; MARIO STARK IMMOBILIEN &#8211; <span style=\"color: #333333;\"><a href=\"#MARIOSTARK\">#MARIOSTARK<\/a><\/span><\/h3>\n<p>&nbsp;<\/p>\n<h4>BAD HOMBURG VOR DER H\u00d6HE: IMMOBILIEN KAUFEN &amp; VERKAUFEN<\/h4>\n<p>Gerne beraten wir Sie, bei Fragen, zum Immobilienverkauf, einer Immobilienbewertung oder einer <a href=\"https:\/\/www.mariostark.com\/de\/immobilien\/immobilienbesichtigung\/\">Immobilienbesichtigung<\/a> von <a href=\"https:\/\/www.mariostark.com\/de\/immobilien\/haeuser\/\">H\u00e4usern<\/a>, <a href=\"https:\/\/www.mariostark.com\/de\/immobilien\/villen\/\">Villen<\/a> &amp; <a href=\"https:\/\/www.mariostark.com\/de\/immobilien\/wohnungen\/\">Wohnungen<\/a> in <em>Bad Homburg vor der H\u00f6he<\/em>.<\/p>\n<p>&nbsp;<\/p>\n<h4>&gt; <a href=\"https:\/\/www.mariostark.com\/de\/kontakt\/\"><em>Kontakt<\/em><\/a><\/h4>\n<p>&nbsp;<\/p>\n<h4>&gt; <a href=\"https:\/\/www.mariostark.com\/de\/immobilien\/immobilien-verkaufen\/\"><em>Immobilien verkaufen<\/em><\/a><\/h4>\n<p>&nbsp;<\/p>\n<h4>&gt; <a href=\"https:\/\/www.mariostark.com\/de\/immobilien\/immobilienbewertung\/\"><em>Immobilienbewertung<\/em><\/a><\/h4>\n<p>&nbsp;<\/p>\n<p>Weitere Informationen auf <a href=\"https:\/\/www.mariostark.com\/de\/immobilien\"><strong>mariostark.com\/de\/immobilien<\/strong><\/a>.<\/p>\n<p>&nbsp;<\/p>\n<p>&nbsp;<\/p>\n<p>&nbsp;<\/p>\n<p>&nbsp;<\/p>\n<h4 style=\"text-align: center;\"><span style=\"color: #999999;\">Mehr.<\/span><\/h4>\n<h6 style=\"text-align: center;\"><span style=\"color: #808080;\"><a style=\"color: #808080;\" href=\"https:\/\/www.facebook.com\/mariostarkofficial\">Facebook<\/a> \u00a0\u00a0 <a style=\"color: #808080;\" href=\"http:\/\/www.twitter.com\/mariostarkcom\">Twitter<\/a> \u00a0\u00a0 <a style=\"color: #808080;\" href=\"https:\/\/www.instagram.com\/mariostarkofficial\">Instagram<\/a>\u00a0\u00a0\u00a0 <a style=\"color: #808080;\" href=\"https:\/\/www.youtube.com\/c\/mariostarkofficial\">Youtube<\/a>\u00a0\u00a0\u00a0 <a style=\"color: #808080;\" href=\"http:\/\/www.pinterest.com\/mariostarkcom\">Pinterest<\/a><\/span><\/h6>\n<p>&nbsp;<\/p>","protected":false},"excerpt":{"rendered":"<p>IMMOBILIENMAKLER F\u00dcR BAD HOMBURG &amp; UMGEBUNG &#8211; IMMOBILIEN, VILLEN, H\u00c4USER &amp; WOHNUNGEN KAUFEN UND VERKAUFEN &#8211; MARIO STARK &nbsp; &nbsp; Die Stadt Bad Homburg vor der H\u00f6he ist, ein \u00fcber die Landesgrenzen hinaus bekannter hessischer Kurort und gleichzeitig, die Kreisstadt &hellip; <a href=\"https:\/\/www.mariostark.com\/de\/immobilien\/bad-homburg\/\">Weiterlesen<\/a><\/p>\n","protected":false},"author":2,"featured_media":0,"parent":41,"menu_order":0,"comment_status":"closed","ping_status":"closed","template":"template-midsize.php","meta":{"footnotes":""},"class_list":["post-7767","page","type-page","status-publish","hentry"],"_links":{"self":[{"href":"https:\/\/www.mariostark.com\/de\/wp-json\/wp\/v2\/pages\/7767","targetHints":{"allow":["GET"]}}],"collection":[{"href":"https:\/\/www.mariostark.com\/de\/wp-json\/wp\/v2\/pages"}],"about":[{"href":"https:\/\/www.mariostark.com\/de\/wp-json\/wp\/v2\/types\/page"}],"author":[{"embeddable":true,"href":"https:\/\/www.mariostark.com\/de\/wp-json\/wp\/v2\/users\/2"}],"replies":[{"embeddable":true,"href":"https:\/\/www.mariostark.com\/de\/wp-json\/wp\/v2\/comments?post=7767"}],"version-history":[{"count":6,"href":"https:\/\/www.mariostark.com\/de\/wp-json\/wp\/v2\/pages\/7767\/revisions"}],"predecessor-version":[{"id":14831,"href":"https:\/\/www.mariostark.com\/de\/wp-json\/wp\/v2\/pages\/7767\/revisions\/14831"}],"up":[{"embeddable":true,"href":"https:\/\/www.mariostark.com\/de\/wp-json\/wp\/v2\/pages\/41"}],"wp:attachment":[{"href":"https:\/\/www.mariostark.com\/de\/wp-json\/wp\/v2\/media?parent=7767"}],"curies":[{"name":"wp","href":"https:\/\/api.w.org\/{rel}","templated":true}]}}