{"id":7756,"date":"2016-10-26T12:03:18","date_gmt":"2016-10-26T10:03:18","guid":{"rendered":"https:\/\/www.mariostark.com\/?page_id=7756"},"modified":"2019-04-13T12:06:14","modified_gmt":"2019-04-13T10:06:14","slug":"mallorca","status":"publish","type":"page","link":"https:\/\/www.mariostark.com\/de\/immobilien\/mallorca\/","title":{"rendered":"Immobilien auf Mallorca"},"content":{"rendered":"<h3>IMMOBILIENMAKLER F\u00dcR DIE INSEL MALLORCA &#8211; IMMOBILIEN, VILLEN, FINCAS, H\u00c4USER &amp; WOHNUNGEN ZUM KAUF &#8211; MARIO STARK<\/h3>\n<p>&nbsp;<\/p>\n<p>&nbsp;<\/p>\n<p>Die<strong> Insel Mallorca<\/strong> (&#8222;Mallorca&#8220;) ist, die gr\u00f6\u00dfte Insel, der zu Spanien geh\u00f6renden <em>Balearen<\/em> und liegt, im westlichen Teil des Mittelmeeres. Auch die Hauptstadt der drei Balearen-Inseln &#8211; Mallorca, <em>Ibiza<\/em> und Menorca &#8211; Palma de Mallorca, befindet sich, auf der Insel Mallorca. Die Insel Mallorca geh\u00f6rt, zu den begehrtesten Lagen f\u00fcr Wohn- und <a href=\"https:\/\/www.mariostark.com\/de\/immobilien\/ferienimmobilien\/\">Ferienimmobilien<\/a> (&#8222;Immobilien&#8220;) &#8211; in Europa.<\/p>\n<p>&nbsp;<\/p>\n<h4>MALLORCA<\/h4>\n<p>Die Insel<em> Mallorca<\/em> ist, in verschiedene Landschaftszonen wie, beispielsweise, Palma, Migjorn und Llevant, unterteilt. Llevant ist dabei, die nord\u00f6stlichste Region Mallorcas und hat mit dem Hauptort <em>Manacor<\/em>, sowie den beliebten K\u00fcstenorten <em>Cala Rajada<\/em>, Cala Millor und Cales de Mallorca, viele sehenswerte, touristische Urlaubsziele. In Llevant ist, wie auch in fast allen Regionen Mallorcas, der Tourismus von wesentlicher wirtschaftlicher Bedeutung. Im S\u00fcdwesten Mallorcas befindet sich, die beliebte Region Palma, mit der sch\u00f6nen historischen Hauptstadt &#8211; &#8222;<em>Palma de Mallorca&#8220; &#8211;<\/em> als politisches und wirtschaftliches Zentrum der Insel Mallorca. Fast die H\u00e4lfte aller Einwohner Mallorcas, wohnen hier. Weitere bekannte Orte auf der Insel Mallorca sind, beispielsweise, Andratx, Manacor, Inca, Selva oder <em>Cala Millor,<\/em> Marratxi und Cala Rajada. Viele exklusive Yachth\u00e4fen, wie beispielsweise, in Can Picafort, Cala d\u00b4Or, Palma oder &#8222;<em>Port d\u00b4Andratx&#8220;<\/em>, befinden sich auf der Insel Mallorca. Das Angebot an Gastronomie- und Hotellerie auf Mallorca ist dabei, sehr gro\u00df und vielf\u00e4ltig. Die Insel Mallorca ist, besonders bei deutschen und englischen Touristen und Einwanderern, sehr beliebt.<\/p>\n<p>&nbsp;<\/p>\n<h4>IMMOBILIEN AUF MALLORCA<\/h4>\n<p>Viele Deutsche haben heute, einen Haupt- oder Zweitwohnsitz auf der Insel Mallorca, weshalb mittlerweile die Immobilienpreise f\u00fcr Fincas, <a href=\"https:\/\/www.mariostark.com\/de\/immobilien\/villen\/\">Villen<\/a> oder <a href=\"https:\/\/www.mariostark.com\/de\/immobilien\/eigentumswohnungen\/\">Eigentumswohnungen<\/a>, besonders in begehrten Wohnlagen Mallorcas, wie Andratx oder Capdepera, ein hohes Niveau erreicht haben.<\/p>\n<p>&nbsp;<\/p>\n<h4>SEHENSW\u00dcRDIGKEITEN<\/h4>\n<p>Zu den vielen Sehensw\u00fcrdigkeiten Mallorcas geh\u00f6ren, beispielsweise, die beeindruckende Kathedrale von Palma, das Museo de Mallorca, das Schloss von Bellver oder die H\u00f6hlen von Porto Cristo, sowie, die zahlreichen historischen Kl\u00f6ster, Kirchen und Museen der Insel. Sehenswert sind auch, der sch\u00f6ne Strand von Formentor, der Hafen von Cala Figuera oder die vielen sch\u00f6nen Naturparks, auf der Insel Mallorca.<\/p>\n<p>&nbsp;<\/p>\n<h4>FREIZEIT + URLAUB<\/h4>\n<p>Neben zahlreichen exklusiven Golfclubs und mehreren gro\u00dfen Tenniszentren, bietet Mallorca, beste Vorraussetzungen f\u00fcr vielf\u00e4ltigen Wassersport, sowie, Kletter- und Radsport. Dies macht die Insel Mallorca, zu einer der attraktivsten Ferienregionen Europas.<\/p>\n<p>&nbsp;<\/p>\n<p>&nbsp;<\/p>\n<h3>WOHNEN AUF <a href=\"#MALLORCA\">#MALLORCA<\/a> UND <a href=\"#IBIZA\">#IBIZA<\/a> &#8211; MARIO STARK REAL ESTATE &#8211; <span style=\"color: #333333;\"><a href=\"#MARIOSTARK\">#MARIOSTARK<\/a><\/span><\/h3>\n<p>&nbsp;<\/p>\n<h4>MALLORCA: IMMOBILIEN KAUFEN &amp; VERKAUFEN<\/h4>\n<p>Gerne beraten wir Sie, bei Fragen, zum Immobilienverkauf, einer Immobilienbewertung oder der <a href=\"https:\/\/www.mariostark.com\/de\/immobilien\/immobilienbesichtigung\/\">Immobilienbesichtigung<\/a> von Villen, Fincas &amp; Eigentumswohnungen auf der Insel Mallorca.<\/p>\n<p>&nbsp;<\/p>\n<h4>&gt; <a href=\"https:\/\/www.mariostark.com\/de\/kontakt\/\"><em>Kontakt<\/em><\/a><\/h4>\n<p>&nbsp;<\/p>\n<h4>&gt; <a href=\"https:\/\/www.mariostark.com\/de\/immobilien\/immobilien-verkaufen\/\"><em>Immobilien verkaufen<\/em><\/a><\/h4>\n<p>&nbsp;<\/p>\n<h4>&gt; <a href=\"https:\/\/www.mariostark.com\/de\/immobilien\/immobilienbewertung\/\"><em>Immobilienbewertung<\/em><\/a><\/h4>\n<p>&nbsp;<\/p>\n<p>Weitere Informationen auf <a href=\"https:\/\/www.mariostark.com\/de\/immobilien\"><strong>mariostark.com\/de\/immobilien<\/strong><\/a>.<\/p>\n<p>&nbsp;<\/p>\n<p>&nbsp;<\/p>\n<p>&nbsp;<\/p>\n<p>&nbsp;<\/p>\n<h4 style=\"text-align: center;\"><span style=\"color: #999999;\">Mehr.<\/span><\/h4>\n<h6 style=\"text-align: center;\"><span style=\"color: #808080;\"><a style=\"color: #808080;\" href=\"https:\/\/www.facebook.com\/mariostarkofficial\">Facebook<\/a> \u00a0\u00a0 <a style=\"color: #808080;\" href=\"http:\/\/www.twitter.com\/mariostarkcom\">Twitter<\/a> \u00a0\u00a0 <a style=\"color: #808080;\" href=\"https:\/\/www.instagram.com\/mariostarkofficial\">Instagram<\/a>\u00a0\u00a0\u00a0 <a style=\"color: #808080;\" href=\"https:\/\/www.youtube.com\/c\/mariostarkofficial\">Youtube<\/a>\u00a0\u00a0\u00a0 <a style=\"color: #808080;\" href=\"http:\/\/www.pinterest.com\/mariostarkcom\">Pinterest<\/a><\/span><\/h6>\n<p>&nbsp;<\/p>","protected":false},"excerpt":{"rendered":"<p>IMMOBILIENMAKLER F\u00dcR DIE INSEL MALLORCA &#8211; IMMOBILIEN, VILLEN, FINCAS, H\u00c4USER &amp; WOHNUNGEN ZUM KAUF &#8211; MARIO STARK &nbsp; &nbsp; Die Insel Mallorca (&#8222;Mallorca&#8220;) ist, die gr\u00f6\u00dfte Insel, der zu Spanien geh\u00f6renden Balearen und liegt, im westlichen Teil des Mittelmeeres. Auch &hellip; <a href=\"https:\/\/www.mariostark.com\/de\/immobilien\/mallorca\/\">Weiterlesen<\/a><\/p>\n","protected":false},"author":2,"featured_media":5343,"parent":41,"menu_order":0,"comment_status":"closed","ping_status":"closed","template":"template-midsize.php","meta":{"footnotes":""},"class_list":["post-7756","page","type-page","status-publish","has-post-thumbnail","hentry"],"_links":{"self":[{"href":"https:\/\/www.mariostark.com\/de\/wp-json\/wp\/v2\/pages\/7756","targetHints":{"allow":["GET"]}}],"collection":[{"href":"https:\/\/www.mariostark.com\/de\/wp-json\/wp\/v2\/pages"}],"about":[{"href":"https:\/\/www.mariostark.com\/de\/wp-json\/wp\/v2\/types\/page"}],"author":[{"embeddable":true,"href":"https:\/\/www.mariostark.com\/de\/wp-json\/wp\/v2\/users\/2"}],"replies":[{"embeddable":true,"href":"https:\/\/www.mariostark.com\/de\/wp-json\/wp\/v2\/comments?post=7756"}],"version-history":[{"count":6,"href":"https:\/\/www.mariostark.com\/de\/wp-json\/wp\/v2\/pages\/7756\/revisions"}],"predecessor-version":[{"id":14810,"href":"https:\/\/www.mariostark.com\/de\/wp-json\/wp\/v2\/pages\/7756\/revisions\/14810"}],"up":[{"embeddable":true,"href":"https:\/\/www.mariostark.com\/de\/wp-json\/wp\/v2\/pages\/41"}],"wp:featuredmedia":[{"embeddable":true,"href":"https:\/\/www.mariostark.com\/de\/wp-json\/wp\/v2\/media\/5343"}],"wp:attachment":[{"href":"https:\/\/www.mariostark.com\/de\/wp-json\/wp\/v2\/media?parent=7756"}],"curies":[{"name":"wp","href":"https:\/\/api.w.org\/{rel}","templated":true}]}}