{"id":7745,"date":"2016-10-26T11:48:17","date_gmt":"2016-10-26T09:48:17","guid":{"rendered":"https:\/\/www.mariostark.com\/?page_id=7745"},"modified":"2019-04-13T12:22:22","modified_gmt":"2019-04-13T10:22:22","slug":"hamburg-blankenese","status":"publish","type":"page","link":"https:\/\/www.mariostark.com\/de\/immobilien\/hamburg-blankenese\/","title":{"rendered":"Immobilien in Hamburg-Blankenese"},"content":{"rendered":"<h3>IMMOBILIENMAKLER F\u00dcR HAMBURG-BLANKENESE &amp; UMGEBUNG (ELBVORORTE) &#8211; IMMOBILIEN, VILLEN, H\u00c4USER &amp; WOHNUNGEN KAUFEN UND VERKAUFEN &#8211; MARIO STARK<\/h3>\n<p>&nbsp;<\/p>\n<p>&nbsp;<\/p>\n<p><strong>Blankenese<\/strong> ist, ein Stadtteil der <a href=\"https:\/\/www.mariostark.com\/de\/immobilien\/hamburg\/\">Freien und Hansestadt Hamburg<\/a> (HH) und liegt, in den westlichen <em>Elbvororten <\/em>Hamburgs &#8211; an der Unterelbe. Blankenese grenzt, an die anderen Hamburger Stadtteile: <em>Nienstedten<\/em>, Rissen, Iserbrook und S\u00fclldorf. Der Stadtteil Hamburg-Blankenese geh\u00f6rt, zu den begehrtesten und exklusivsten Wohnlagen &#8211; der Hansestadt Hamburg.<\/p>\n<p>&nbsp;<\/p>\n<h4>IMMOBILIEN IN HAMBURG-BLANKENESE<\/h4>\n<p><em>Blankenese<\/em> gilt allgemein, als nobler <em>Villenvorort<\/em> Hamburgs und liegt, zum Teil, an einer recht steilen Hanglage, wie man es, im beliebten <em>Treppenviertel<\/em> um den S\u00fcllberg sehen kann. Blankenese geh\u00f6rt heute, zu den wohlhabendsten und exklusivsten Stadtteilen Hamburgs. Die Immobilienpreise f\u00fcr den Kauf von <a href=\"https:\/\/www.mariostark.com\/de\/immobilien\/wohnimmobilien\/\"><em>Wohnimmobilien<\/em><\/a> wie, <a href=\"https:\/\/www.mariostark.com\/de\/immobilien\/einfamilienhaeuser\/\">Einfamilienh\u00e4user<\/a> oder <a href=\"https:\/\/www.mariostark.com\/de\/immobilien\/villen\/\">Villen<\/a>, erreichen hier, aufgrund der besonders attraktiven Lage, ein recht hohes Niveau.<\/p>\n<p>&nbsp;<\/p>\n<h4>SEHENSWERTES<\/h4>\n<p>Sehenswert sind, beispielsweise, die sch\u00f6nen Parkanlagen in Blankenese, in denen bis heute, die pr\u00e4chtigen Villen und Herrenh\u00e4user, Hamburger Kaufleute stehen. Beispiele hierf\u00fcr finden sich, unter anderem, in der bekannten <em>Hamburger Elbchaussee<\/em>, die in Blankenese endet, sowie, der K\u00f6sterbergstra\u00dfe oder der Blankeneser Landstra\u00dfe. Im ber\u00fchmten &#8222;<em>Blankeneser Treppenviertel&#8220;<\/em> findet man, aber auch kleinere, zum Teil historische, Backstein- und Fachwerkh\u00e4user. Bekannte \u00f6ffentliche Parkanlagen in Blankenese sind, beispielsweise, der Schinckels Park, der Hessepark oder der Baurspark. Sehenswert sind aber auch &#8211; der R\u00f6mische Garten oder, der Waldpark Falkenstein im Westen Blankeneses.<\/p>\n<p>&nbsp;<\/p>\n<h4>VERKEHR<\/h4>\n<p>\u00dcber den Bahnhof Hamburg-Blankenese und die Hamburger S-Bahn, hat der Stadtteil eine Anbindung, an das gesamte Hamburger Stadtgebiet und das regionale Umfeld. Desweiteren hat man, \u00fcber die bekannte Hamburger Elbchaussee oder die Osdorfer Landstra\u00dfe, auch eine gute Anbindung, an das Hamburger Stadtzentrum.<\/p>\n<p>&nbsp;<\/p>\n<p>&nbsp;<\/p>\n<h3>WOHNEN IN <a href=\"#BLANKENESE\">#BLANKENESE<\/a> UND UMGEBUNG &#8211; MARIO STARK IMMOBILIEN &#8211; <span style=\"color: #333333;\"><a href=\"#MARIOSTARK\">#MARIOSTARK<\/a><\/span><\/h3>\n<p>&nbsp;<\/p>\n<h4>HAMBURG-BLANKENESE: IMMOBILIEN KAUFEN &amp; VERKAUFEN<\/h4>\n<p>Gerne beraten wir Sie, bei Fragen, zum Immobilienverkauf, einer Immobilienbewertung oder einer <a href=\"https:\/\/www.mariostark.com\/de\/immobilien\/immobilienbesichtigung\/\">Immobilienbesichtigung<\/a> von <a href=\"https:\/\/www.mariostark.com\/de\/immobilien\/haeuser\/\">H\u00e4usern<\/a>, <a href=\"https:\/\/www.mariostark.com\/de\/immobilien\/villen\/\">Villen<\/a> &amp; <a href=\"https:\/\/www.mariostark.com\/de\/immobilien\/eigentumswohnungen\/\">Eigentumswohnungen<\/a> in <em>Hamburg-Blankenese<\/em>.<\/p>\n<p>&nbsp;<\/p>\n<h4>&gt; <a href=\"https:\/\/www.mariostark.com\/de\/kontakt\/\"><em>Kontakt<\/em><\/a><\/h4>\n<p>&nbsp;<\/p>\n<h4>&gt; <a href=\"https:\/\/www.mariostark.com\/de\/immobilien\/immobilien-verkaufen\/\"><em>Immobilien verkaufen<\/em><\/a><\/h4>\n<p>&nbsp;<\/p>\n<h4>&gt; <a href=\"https:\/\/www.mariostark.com\/de\/immobilien\/immobilienbewertung\/\"><em>Immobilienbewertung<\/em><\/a><\/h4>\n<p>&nbsp;<\/p>\n<p>Weitere Informationen auf <a href=\"https:\/\/www.mariostark.com\/de\/immobilien\"><strong>mariostark.com\/de\/immobilien<\/strong><\/a>.<\/p>\n<p>&nbsp;<\/p>\n<p>&nbsp;<\/p>\n<p>&nbsp;<\/p>\n<p>&nbsp;<\/p>\n<h4 style=\"text-align: center;\"><span style=\"color: #999999;\">Mehr.<\/span><\/h4>\n<h6 style=\"text-align: center;\"><span style=\"color: #808080;\"><a style=\"color: #808080;\" href=\"https:\/\/www.facebook.com\/mariostarkofficial\">Facebook<\/a> \u00a0\u00a0 <a style=\"color: #808080;\" href=\"http:\/\/www.twitter.com\/mariostarkcom\">Twitter<\/a> \u00a0\u00a0 <a style=\"color: #808080;\" href=\"https:\/\/www.instagram.com\/mariostarkofficial\">Instagram<\/a>\u00a0\u00a0\u00a0 <a style=\"color: #808080;\" href=\"https:\/\/www.youtube.com\/c\/mariostarkofficial\">Youtube<\/a>\u00a0\u00a0\u00a0 <a style=\"color: #808080;\" href=\"http:\/\/www.pinterest.com\/mariostarkcom\">Pinterest<\/a><\/span><\/h6>\n<p>&nbsp;<\/p>","protected":false},"excerpt":{"rendered":"<p>IMMOBILIENMAKLER F\u00dcR HAMBURG-BLANKENESE &amp; UMGEBUNG (ELBVORORTE) &#8211; IMMOBILIEN, VILLEN, H\u00c4USER &amp; WOHNUNGEN KAUFEN UND VERKAUFEN &#8211; MARIO STARK &nbsp; &nbsp; Blankenese ist, ein Stadtteil der Freien und Hansestadt Hamburg (HH) und liegt, in den westlichen Elbvororten Hamburgs &#8211; an der &hellip; <a href=\"https:\/\/www.mariostark.com\/de\/immobilien\/hamburg-blankenese\/\">Weiterlesen<\/a><\/p>\n","protected":false},"author":2,"featured_media":0,"parent":41,"menu_order":0,"comment_status":"closed","ping_status":"closed","template":"template-midsize.php","meta":{"footnotes":""},"class_list":["post-7745","page","type-page","status-publish","hentry"],"_links":{"self":[{"href":"https:\/\/www.mariostark.com\/de\/wp-json\/wp\/v2\/pages\/7745","targetHints":{"allow":["GET"]}}],"collection":[{"href":"https:\/\/www.mariostark.com\/de\/wp-json\/wp\/v2\/pages"}],"about":[{"href":"https:\/\/www.mariostark.com\/de\/wp-json\/wp\/v2\/types\/page"}],"author":[{"embeddable":true,"href":"https:\/\/www.mariostark.com\/de\/wp-json\/wp\/v2\/users\/2"}],"replies":[{"embeddable":true,"href":"https:\/\/www.mariostark.com\/de\/wp-json\/wp\/v2\/comments?post=7745"}],"version-history":[{"count":5,"href":"https:\/\/www.mariostark.com\/de\/wp-json\/wp\/v2\/pages\/7745\/revisions"}],"predecessor-version":[{"id":14849,"href":"https:\/\/www.mariostark.com\/de\/wp-json\/wp\/v2\/pages\/7745\/revisions\/14849"}],"up":[{"embeddable":true,"href":"https:\/\/www.mariostark.com\/de\/wp-json\/wp\/v2\/pages\/41"}],"wp:attachment":[{"href":"https:\/\/www.mariostark.com\/de\/wp-json\/wp\/v2\/media?parent=7745"}],"curies":[{"name":"wp","href":"https:\/\/api.w.org\/{rel}","templated":true}]}}