{"id":7738,"date":"2016-10-25T14:07:53","date_gmt":"2016-10-25T12:07:53","guid":{"rendered":"https:\/\/www.mariostark.com\/?page_id=7738"},"modified":"2019-04-13T12:21:32","modified_gmt":"2019-04-13T10:21:32","slug":"gruenwald","status":"publish","type":"page","link":"https:\/\/www.mariostark.com\/de\/immobilien\/gruenwald\/","title":{"rendered":"Immobilien in Gr\u00fcnwald"},"content":{"rendered":"<h3>IMMOBILIENMAKLER F\u00dcR GR\u00dcNWALD &amp; UMGEBUNG &#8211; IMMOBILIEN, VILLEN, H\u00c4USER UND WOHNUNGEN KAUFEN &amp; VERKAUFEN &#8211; MARIO STARK<\/h3>\n<p>&nbsp;<\/p>\n<p>&nbsp;<\/p>\n<p>Die Gemeinde<strong> Gr\u00fcnwald<\/strong> geh\u00f6rt, zum <a href=\"https:\/\/www.mariostark.com\/de\/immobilien\/landkreis-muenchen\/\">Landkreis M\u00fcnchen<\/a> und liegt, s\u00fcdlich der bayrischen <a href=\"https:\/\/www.mariostark.com\/de\/immobilien\/muenchen\/\">Landeshauptstadt M\u00fcnchen<\/a>. Als anerkannter Erholungsort ist, die Gemeinde Gr\u00fcnwald, eines der bekanntesten und beliebtesten Ausflugsziele um die Landeshauptstadt M\u00fcnchen. Die Gemeinde Gr\u00fcnwald geh\u00f6rt, zu den begehrtesten und exklusivsten Wohnlagen im M\u00fcnchner Raum.<\/p>\n<p>&nbsp;<\/p>\n<h4>GR\u00dcNWALD<\/h4>\n<p><em>Gr\u00fcnwald<\/em> gilt allgemein, als eine der wohlhabendsten und bekanntesten Gemeinden <a href=\"https:\/\/www.mariostark.com\/de\/immobilien\/deutschland\/\">Deutschlands<\/a> und wurde &#8211; und wird &#8211; als nobler M\u00fcnchner Vorort, von zahlreichen bekannten Prominenten bewohnt. Zur Gemeinde geh\u00f6ren, neben dem Hauptort Gr\u00fcnwald, auch mehrere Gemeindeteile (bspw.: <em>Geiselgasteig)<\/em>. Die Gemeinde Gr\u00fcnwald grenzt, unter anderem, an die Landeshauptstadt M\u00fcnchen und die Nachbargemeinde <em>Pullach im Isartal,<\/em> die man auch \u00fcber die bekannte &#8222;<em>Gr\u00fcnwalder Isarbr\u00fccke&#8220;,<\/em> erreichen kann. Die bis heute genutzte <em>Burg Gr\u00fcnwald<\/em> gilt &#8211; als ein Wahrzeichen der bayrischen Gemeinde Gr\u00fcnwald. Der beliebte M\u00fcnchner Villenvorort Gr\u00fcnwald ist auch, ein bekannter Medienstandort und Sitz, mehrerer gr\u00f6\u00dferer Aktiengesellschaften. Die Gemeinde Gr\u00fcnwald z\u00e4hlt daher, nicht nur wirtschaftlich, zu den attraktivsten Gemeinden des <a href=\"https:\/\/www.mariostark.com\/de\/immobilien\/bayern\/\">Freistaates Bayern<\/a> (engl. <em>Bavaria<\/em>). Die Gemeinde Gr\u00fcnwald ist auch, mit der M\u00fcnchner Stra\u00dfenbahn zu erreichen und hat daher, eine gute verkehrstechnische Anbindung an das Zentrum der Metropole M\u00fcnchen.<\/p>\n<p>&nbsp;<\/p>\n<h4>IMMOBILIENPREISE IN M\u00dcNCHEN-GR\u00dcNWALD<\/h4>\n<p>Die Immobilienpreise in der Gemeinde Gr\u00fcnwald, f\u00fcr den Kauf von <a href=\"https:\/\/www.mariostark.com\/de\/immobilien\/einfamilienhaeuser\/\">Einfamilienh\u00e4usern<\/a> und <a href=\"https:\/\/www.mariostark.com\/de\/immobilien\/villen\/\">Villen<\/a>, erreichen aufgrund der begehrten Wohnlage im M\u00fcnchner Raum, ein \u00fcberdurchschnittlich hohes Niveau. \u00c4hnliche Immobilienpreise kann man heute, in der Region um den <em>Starnberger See<\/em>, oder, im bayrischen <a href=\"https:\/\/www.mariostark.com\/de\/immobilien\/landkreis-miesbach\/\">Landkreis Miesbach<\/a> beobachten.<\/p>\n<p>&nbsp;<\/p>\n<p>&nbsp;<\/p>\n<h3>WOHNEN IN <a href=\"#GR\u00dcNWALD\">#GR\u00dcNWALD<\/a> UND UMGEBUNG &#8211; MARIO STARK IMMOBILIEN &#8211; <span style=\"color: #333333;\"><a href=\"#MARIOSTARK\">#MARIOSTARK<\/a><\/span><\/h3>\n<p>&nbsp;<\/p>\n<h4>M\u00dcNCHEN-GR\u00dcNWALD: IMMOBILIEN KAUFEN &amp; VERKAUFEN<\/h4>\n<p>Gerne beraten wir Sie, bei Fragen, zum Immobilienverkauf, einer Immobilienbewertung oder der <a href=\"https:\/\/www.mariostark.com\/de\/immobilien\/immobilienbesichtigung\/\">Immobilienbesichtigung<\/a> von <a href=\"https:\/\/www.mariostark.com\/de\/immobilien\/haeuser\/\">H\u00e4usern<\/a>, <a href=\"https:\/\/www.mariostark.com\/de\/immobilien\/villen\/\">Villen<\/a> und <a href=\"https:\/\/www.mariostark.com\/de\/immobilien\/wohnungen\/\">Wohnungen<\/a> in der Gemeinde <em>Gr\u00fcnwald<\/em>.<\/p>\n<p>&nbsp;<\/p>\n<h4>&gt; <a href=\"https:\/\/www.mariostark.com\/de\/kontakt\/\"><em>Kontakt<\/em><\/a><\/h4>\n<p>&nbsp;<\/p>\n<h4>&gt; <a href=\"https:\/\/www.mariostark.com\/de\/immobilien\/immobilien-verkaufen\/\"><em>Immobilien verkaufen<\/em><\/a><\/h4>\n<p>&nbsp;<\/p>\n<h4>&gt; <a href=\"https:\/\/www.mariostark.com\/de\/immobilien\/immobilienbewertung\/\"><em>Immobilienbewertung<\/em><\/a><\/h4>\n<p>&nbsp;<\/p>\n<p>Weitere Informationen auf <a href=\"https:\/\/www.mariostark.com\/de\/immobilien\"><strong>mariostark.com\/de\/immobilien<\/strong><\/a>.<\/p>\n<p>&nbsp;<\/p>\n<p>&nbsp;<\/p>\n<p>&nbsp;<\/p>\n<p>&nbsp;<\/p>\n<h4 style=\"text-align: center;\"><span style=\"color: #999999;\">Mehr.<\/span><\/h4>\n<h6 style=\"text-align: center;\"><span style=\"color: #808080;\"><a style=\"color: #808080;\" href=\"https:\/\/www.facebook.com\/mariostarkofficial\">Facebook<\/a> \u00a0\u00a0 <a style=\"color: #808080;\" href=\"http:\/\/www.twitter.com\/mariostarkcom\">Twitter<\/a> \u00a0\u00a0 <a style=\"color: #808080;\" href=\"https:\/\/www.instagram.com\/mariostarkofficial\">Instagram<\/a>\u00a0\u00a0\u00a0 <a style=\"color: #808080;\" href=\"https:\/\/www.youtube.com\/c\/mariostarkofficial\">Youtube<\/a>\u00a0\u00a0\u00a0 <a style=\"color: #808080;\" href=\"http:\/\/www.pinterest.com\/mariostarkcom\">Pinterest<\/a><\/span><\/h6>\n<p>&nbsp;<\/p>","protected":false},"excerpt":{"rendered":"<p>IMMOBILIENMAKLER F\u00dcR GR\u00dcNWALD &amp; UMGEBUNG &#8211; IMMOBILIEN, VILLEN, H\u00c4USER UND WOHNUNGEN KAUFEN &amp; VERKAUFEN &#8211; MARIO STARK &nbsp; &nbsp; Die Gemeinde Gr\u00fcnwald geh\u00f6rt, zum Landkreis M\u00fcnchen und liegt, s\u00fcdlich der bayrischen Landeshauptstadt M\u00fcnchen. Als anerkannter Erholungsort ist, die Gemeinde Gr\u00fcnwald, &hellip; <a href=\"https:\/\/www.mariostark.com\/de\/immobilien\/gruenwald\/\">Weiterlesen<\/a><\/p>\n","protected":false},"author":2,"featured_media":0,"parent":41,"menu_order":0,"comment_status":"closed","ping_status":"closed","template":"template-midsize.php","meta":{"footnotes":""},"class_list":["post-7738","page","type-page","status-publish","hentry"],"_links":{"self":[{"href":"https:\/\/www.mariostark.com\/de\/wp-json\/wp\/v2\/pages\/7738","targetHints":{"allow":["GET"]}}],"collection":[{"href":"https:\/\/www.mariostark.com\/de\/wp-json\/wp\/v2\/pages"}],"about":[{"href":"https:\/\/www.mariostark.com\/de\/wp-json\/wp\/v2\/types\/page"}],"author":[{"embeddable":true,"href":"https:\/\/www.mariostark.com\/de\/wp-json\/wp\/v2\/users\/2"}],"replies":[{"embeddable":true,"href":"https:\/\/www.mariostark.com\/de\/wp-json\/wp\/v2\/comments?post=7738"}],"version-history":[{"count":5,"href":"https:\/\/www.mariostark.com\/de\/wp-json\/wp\/v2\/pages\/7738\/revisions"}],"predecessor-version":[{"id":14847,"href":"https:\/\/www.mariostark.com\/de\/wp-json\/wp\/v2\/pages\/7738\/revisions\/14847"}],"up":[{"embeddable":true,"href":"https:\/\/www.mariostark.com\/de\/wp-json\/wp\/v2\/pages\/41"}],"wp:attachment":[{"href":"https:\/\/www.mariostark.com\/de\/wp-json\/wp\/v2\/media?parent=7738"}],"curies":[{"name":"wp","href":"https:\/\/api.w.org\/{rel}","templated":true}]}}