{"id":7705,"date":"2016-10-23T08:39:44","date_gmt":"2016-10-23T06:39:44","guid":{"rendered":"https:\/\/www.mariostark.com\/?page_id=7705"},"modified":"2019-04-13T12:20:21","modified_gmt":"2019-04-13T10:20:21","slug":"frankfurt-am-main","status":"publish","type":"page","link":"https:\/\/www.mariostark.com\/de\/immobilien\/frankfurt-am-main\/","title":{"rendered":"Immobilien in Frankfurt am Main"},"content":{"rendered":"<h3>IMMOBILIENMAKLER F\u00dcR FRANKFURT AM MAIN &amp; UMGEBUNG &#8211; IMMOBILIEN, VILLEN, H\u00c4USER &amp; WOHNUNGEN KAUFEN UND VERKAUFEN &#8211; MARIO STARK<\/h3>\n<p>&nbsp;<\/p>\n<p>&nbsp;<\/p>\n<p><strong>Frankfurt am Main<\/strong> ist, die gr\u00f6\u00dfte Stadt des deutschen Bundeslandes <a href=\"https:\/\/www.mariostark.com\/de\/immobilien\/hessen\/\">Hessen<\/a> (<em>Abk.<\/em>: HE) und, das wirtschaftliche Zentrum in der &#8222;<em>Rhein-Main Region&#8220;<\/em>. Frankfurt am Main ist, au\u00dferdem, der wichtigste Finanzplatz <a href=\"https:\/\/www.mariostark.com\/de\/immobilien\/deutschland\/\">Deutschlands<\/a> und Sitz &#8211; vieler gro\u00dfer nationaler und internationaler Banken (<em>z.B.<\/em>: der Europ\u00e4ischen Zentralbank). Frankfurt am Main geh\u00f6rt damit, nicht nur \u00f6konomisch &#8211; zu den so genannten <em>Weltst\u00e4dten<\/em>. Aufgrund der zentralen geografischen Lage in Europa, sowie, dem Internationalen Flughafen Frankfurt am Main &#8211; als einem der gr\u00f6\u00dften Flugh\u00e4fen der Welt &#8211; ist Frankfurt am Main, neben einem Wirtschaftlichen, auch, ein wichtiges Verkehrstechnisches Zentrum in Europa. Frankfurt am Main geh\u00f6rt, mit den umliegenden Landkreisen, zu den begehrtesten Wohnlagen f\u00fcr <a href=\"https:\/\/www.mariostark.com\/de\/immobilien\/immobilien-kaufen-verkaufen\/\">Immobilien<\/a> (engl.: <em>real estate<\/em>) &#8211; im deutschen Bundesland Hessen.<\/p>\n<p>&nbsp;<\/p>\n<h4>FRANKFURT AM MAIN<\/h4>\n<p><em>Frankfurt am Main<\/em> ist besonders, f\u00fcr die beeindruckende &#8222;Frankfurter Skyline&#8220; bekannt, die mit den vielen Hochh\u00e4usern &#8211; an die ber\u00fchmte Skyline von Manhatten in New York erinnert. Besonders bekannt sind, auch, die sch\u00f6nen historischen Bauwerke, in der beliebten Frankfurter Altstadt. Der <em>R\u00f6merberg<\/em> mit dem R\u00f6mer (Frankfurts Rathaus) ist, einer der bekanntesten Pl\u00e4tze Deutschlands und ein Wahrzeichen der Stadt Frankfurt am Main. Frankfurt am Main geh\u00f6rt, zu den wichtigsten Wirtschaftsregionen Deutschlands. Frankfurt am Main gilt allgemein, als Stadt mit einer hohen Lebensqualit\u00e4t und steht damit, auf gleicher H\u00f6he, wie die anderen deutschen Metropolen &#8211; <a href=\"https:\/\/www.mariostark.com\/de\/immobilien\/berlin\/\">Berlin<\/a>, <a href=\"https:\/\/www.mariostark.com\/de\/immobilien\/hamburg\/\">Hamburg<\/a>, <a href=\"https:\/\/www.mariostark.com\/de\/immobilien\/muenchen\/\">M\u00fcnchen<\/a> und <a href=\"https:\/\/www.mariostark.com\/de\/immobilien\/duesseldorf\/\">D\u00fcsseldorf<\/a>. Zu den bekanntesten Frankfurter Stadtteilen geh\u00f6ren, beispielsweise, die Frankfurter Altstadt, die Innenstadt, <em>Westend<\/em>, das Frankfurter Bahnhofsviertel und Sachsenhausen. Eine Besonderheit ist sicher, der relativ gro\u00dfe <em>Stadtwald<\/em> im S\u00fcden Frankfurts. Er geh\u00f6rt zum gro\u00dfen &#8222;Gr\u00fcng\u00fcrtel&#8220; der Stadt Frankfurt und wird auch gern, als Naherholungsgebiet genutzt. Vielf\u00e4ltige Einkaufsm\u00f6glichkeiten gibt es, unter anderem, in der beliebten Frankfurter Zeil, oder, der noblen <em>Frankfurter Goethestra\u00dfe<\/em>.<\/p>\n<p>&nbsp;<\/p>\n<h4>IMMOBILIEN IN FRANKFURT AM MAIN<\/h4>\n<p>Die Immobilienpreise f\u00fcr den Kauf von &#8211; <a href=\"https:\/\/www.mariostark.com\/de\/immobilien\/eigentumswohnungen\/\">Eigentumswohnungen<\/a>, <a href=\"https:\/\/www.mariostark.com\/de\/immobilien\/einfamilienhaeuser\/\">Einfamilienh\u00e4usern<\/a> &amp; <a href=\"https:\/\/www.mariostark.com\/de\/immobilien\/villen\/\">Villen<\/a> &#8211; erreichen, gerade in den bevorzugten Frankfurter Wohnvierteln, ein gehobenes Niveau. \u00c4hnliche Kaufpreise f\u00fcr <a href=\"https:\/\/www.mariostark.com\/de\/immobilien\/immobilien-anbieten\/\"><em>Immobilien<\/em><\/a> findet man, auch, in den anderen deutschen Metropolen &#8211; M\u00fcnchen und Hamburg.<\/p>\n<p>&nbsp;<\/p>\n<h4>IMMOBILIEN IN DER FRANKFURTER UMGEBUNG<\/h4>\n<p>Die Stadt Frankfurt am Main grenzt, unter anderem, an die hessischen Landkreise &#8211; <a href=\"https:\/\/www.mariostark.com\/de\/immobilien\/hochtaunuskreis\/\"><em>Hochtaunuskreis<\/em><\/a> und <a href=\"https:\/\/www.mariostark.com\/de\/immobilien\/main-taunus-kreis\/\">Main-Taunus-Kreis<\/a> &#8211; die durch Ihre geografische N\u00e4he zur Stadt und die landschaftlich sch\u00f6ne Lage am Taunus, ebenfalls, zu den sehr begehrten und teuren <em>Wohnlagen<\/em> im Raum Frankfurt z\u00e4hlen.<\/p>\n<p>&nbsp;<\/p>\n<p>&nbsp;<\/p>\n<h3>WOHNEN IN <a href=\"#FRANKFURT_AM_MAIN\">#FRANKFURT_AM_MAIN<\/a> UND UMGEBUNG &#8211; MARIO STARK IMMOBILIEN &#8211; <span style=\"color: #333333;\"><a href=\"#MARIOSTARK\">#MARIOSTARK<\/a><\/span><\/h3>\n<p>&nbsp;<\/p>\n<h4>FRANKFURT AM MAIN: IMMOBILIEN KAUFEN &amp; VERKAUFEN<\/h4>\n<p>Gerne beraten wir Sie, bei Fragen, zum Immobilienverkauf, einer Immobilienbewertung oder der <a href=\"https:\/\/www.mariostark.com\/de\/immobilien\/immobilienbesichtigung\/\">Immobilienbesichtigung<\/a> von <a href=\"https:\/\/www.mariostark.com\/de\/immobilien\/haeuser\/\">H\u00e4usern<\/a>, <a href=\"https:\/\/www.mariostark.com\/de\/immobilien\/villen\/\">Villen<\/a> &amp; <a href=\"https:\/\/www.mariostark.com\/de\/immobilien\/wohnungen\/\">Wohnungen<\/a> in <em>Frankfurt am Main<\/em>.<\/p>\n<p>&nbsp;<\/p>\n<h4>&gt; <a href=\"https:\/\/www.mariostark.com\/de\/kontakt\/\"><em>Kontakt<\/em><\/a><\/h4>\n<p>&nbsp;<\/p>\n<h4>&gt; <a href=\"https:\/\/www.mariostark.com\/de\/immobilien\/immobilien-verkaufen\/\"><em>Immobilien verkaufen<\/em><\/a><\/h4>\n<p>&nbsp;<\/p>\n<h4>&gt; <a href=\"https:\/\/www.mariostark.com\/de\/immobilien\/immobilienbewertung\/\"><em>Immobilienbewertung<\/em><\/a><\/h4>\n<p>&nbsp;<\/p>\n<p>Weitere Informationen auf <a href=\"https:\/\/www.mariostark.com\/de\/immobilien\"><strong>mariostark.com\/de\/immobilien<\/strong><\/a>.<\/p>\n<p>&nbsp;<\/p>\n<p>&nbsp;<\/p>\n<p>&nbsp;<\/p>\n<p>&nbsp;<\/p>\n<h4 style=\"text-align: center;\"><span style=\"color: #999999;\">Mehr.<\/span><\/h4>\n<h6 style=\"text-align: center;\"><span style=\"color: #808080;\"><a style=\"color: #808080;\" href=\"https:\/\/www.facebook.com\/mariostarkofficial\">Facebook<\/a> \u00a0\u00a0 <a style=\"color: #808080;\" href=\"http:\/\/www.twitter.com\/mariostarkcom\">Twitter<\/a> \u00a0\u00a0 <a style=\"color: #808080;\" href=\"https:\/\/www.instagram.com\/mariostarkofficial\">Instagram<\/a>\u00a0\u00a0\u00a0 <a style=\"color: #808080;\" href=\"https:\/\/www.youtube.com\/c\/mariostarkofficial\">Youtube<\/a>\u00a0\u00a0\u00a0 <a style=\"color: #808080;\" href=\"http:\/\/www.pinterest.com\/mariostarkcom\">Pinterest<\/a><\/span><\/h6>\n<p>&nbsp;<\/p>","protected":false},"excerpt":{"rendered":"<p>IMMOBILIENMAKLER F\u00dcR FRANKFURT AM MAIN &amp; UMGEBUNG &#8211; IMMOBILIEN, VILLEN, H\u00c4USER &amp; WOHNUNGEN KAUFEN UND VERKAUFEN &#8211; MARIO STARK &nbsp; &nbsp; Frankfurt am Main ist, die gr\u00f6\u00dfte Stadt des deutschen Bundeslandes Hessen (Abk.: HE) und, das wirtschaftliche Zentrum in der &hellip; <a href=\"https:\/\/www.mariostark.com\/de\/immobilien\/frankfurt-am-main\/\">Weiterlesen<\/a><\/p>\n","protected":false},"author":2,"featured_media":0,"parent":41,"menu_order":0,"comment_status":"closed","ping_status":"closed","template":"template-midsize.php","meta":{"footnotes":""},"class_list":["post-7705","page","type-page","status-publish","hentry"],"_links":{"self":[{"href":"https:\/\/www.mariostark.com\/de\/wp-json\/wp\/v2\/pages\/7705","targetHints":{"allow":["GET"]}}],"collection":[{"href":"https:\/\/www.mariostark.com\/de\/wp-json\/wp\/v2\/pages"}],"about":[{"href":"https:\/\/www.mariostark.com\/de\/wp-json\/wp\/v2\/types\/page"}],"author":[{"embeddable":true,"href":"https:\/\/www.mariostark.com\/de\/wp-json\/wp\/v2\/users\/2"}],"replies":[{"embeddable":true,"href":"https:\/\/www.mariostark.com\/de\/wp-json\/wp\/v2\/comments?post=7705"}],"version-history":[{"count":6,"href":"https:\/\/www.mariostark.com\/de\/wp-json\/wp\/v2\/pages\/7705\/revisions"}],"predecessor-version":[{"id":14844,"href":"https:\/\/www.mariostark.com\/de\/wp-json\/wp\/v2\/pages\/7705\/revisions\/14844"}],"up":[{"embeddable":true,"href":"https:\/\/www.mariostark.com\/de\/wp-json\/wp\/v2\/pages\/41"}],"wp:attachment":[{"href":"https:\/\/www.mariostark.com\/de\/wp-json\/wp\/v2\/media?parent=7705"}],"curies":[{"name":"wp","href":"https:\/\/api.w.org\/{rel}","templated":true}]}}