{"id":7688,"date":"2016-10-21T14:43:20","date_gmt":"2016-10-21T12:43:20","guid":{"rendered":"https:\/\/www.mariostark.com\/?page_id=7688"},"modified":"2019-04-13T12:20:00","modified_gmt":"2019-04-13T10:20:00","slug":"duesseldorf","status":"publish","type":"page","link":"https:\/\/www.mariostark.com\/de\/immobilien\/duesseldorf\/","title":{"rendered":"Immobilien in D\u00fcsseldorf"},"content":{"rendered":"<h3>IMMOBILIENMAKLER F\u00dcR D\u00dcSSELDORF &amp; UMGEBUNG &#8211; IMMOBILIEN, VILLEN, H\u00c4USER &amp; WOHNUNGEN KAUFEN UND VERKAUFEN &#8211; MARIO STARK<\/h3>\n<p>&nbsp;<\/p>\n<p>&nbsp;<\/p>\n<p><strong>D\u00fcsseldorf<\/strong> (&#8222;D\u00fcsseldorf&#8220;) ist, die Landeshauptstadt des deutschen Bundeslandes <a href=\"https:\/\/www.mariostark.com\/de\/immobilien\/nordrhein-westfalen\/\">Nordrhein-Westfalen<\/a> (Abk.: NW\/ NRW) und liegt, am Fluss Rhein, inmitten der &#8222;Rhein-Ruhr Region&#8220;. Als zweitgr\u00f6\u00dfte Stadt des Bundeslandes Nordrhein-Westfalen geh\u00f6rt D\u00fcsseldorf, zu den wichtigsten Wirtschaftszentren im Land und ist daher Sitz, vieler gro\u00dfer nationaler und internationaler Unternehmen. Die Messestadt D\u00fcsseldorf genie\u00dft, auch den Ruf &#8211; als ein Kulturelles Zentrum des Bundeslandes Nordrhein-Westfalens und ist, auch, ein Standort f\u00fcr beindruckende moderne Architektur. Beispiele hierf\u00fcr finden sich, nicht nur, im beliebten <em>D\u00fcsseldorfer Medienhafen<\/em>. Die Stadt D\u00fcsseldorf geh\u00f6rt, zu den besonders begehrten Wohnlagen f\u00fcr <a href=\"https:\/\/www.mariostark.com\/de\/immobilien\/immobilien-kaufen\/\">Immobilien<\/a> (&#8222;Immobilien&#8220;) im deutschen Bundesland Nordrhein-Westfalen.<\/p>\n<p>&nbsp;<\/p>\n<h4>D\u00dcSSELDORF<\/h4>\n<p><em>D\u00fcsseldorf<\/em> gilt allgemein, als Stadt mit einer hohen Lebensqualit\u00e4t und ist, \u00fcber die Landesgrenzen hinaus, f\u00fcr die sch\u00f6ne historische Altstadt, die noble Einkaufsmeile <em>K\u00f6nigsallee (<\/em>&#8222;K\u00f6&#8220;), sowie, die beliebte Rheinuferpromenade &#8211; hin zum architektonisch beeindruckenden Medienhafen, bekannt. Trotz zentraler Lage in der Region Rhein-Ruhr (als gr\u00f6\u00dftem Ballungsraum <a href=\"https:\/\/www.mariostark.com\/de\/immobilien\/deutschland\/\">Deutschlands<\/a>) k\u00f6nnen, die D\u00fcsseldorfer Einwohner, zahlreiche Parks und Naherholungsgebiete &#8211; in und um die Stadt nutzen. Zu den beliebtesten Erholungsgebieten in D\u00fcsseldorf und Umgebung z\u00e4hlen, beispielsweise, der <em>D\u00fcsseldorfer Stadtwald<\/em> und der Unterbacher See. Die sch\u00f6ne <em>D\u00fcsseldorfer Altstadt &#8211;<\/em> mit Ihren vielen historischen H\u00e4usern &#8211; ist auch ber\u00fchmt, f\u00fcr das breite Angebot an Restaurants, Bars und Kneipen. Vielf\u00e4ltige Einkaufsm\u00f6glichkeiten bieten sich, unter anderem, in der bekannten <em>D\u00fcsseldorfer K\u00f6nigsallee<\/em> oder, in der D\u00fcsseldorfer Schadowstra\u00dfe.<\/p>\n<p>&nbsp;<\/p>\n<h4>IMMOBILIEN IN D\u00dcSSELDORF<\/h4>\n<p>Die Immobilienpreise f\u00fcr den Kauf von <a href=\"https:\/\/www.mariostark.com\/de\/immobilien\/immobilien-anbieten\/\">Immobilien<\/a> (bspw<em>.<\/em>: <a href=\"https:\/\/www.mariostark.com\/de\/immobilien\/eigentumswohnungen\/\">Eigentumswohnungen<\/a>, <a href=\"https:\/\/www.mariostark.com\/de\/immobilien\/einfamilienhaeuser\/\">Einfamilienh\u00e4usern<\/a> &amp; <a href=\"https:\/\/www.mariostark.com\/de\/immobilien\/villen\/\">Villen<\/a>) erreichen, besonders in den bevorzugten <em>Wohnlagen<\/em> der Stadt D\u00fcsseldorf, ein \u00fcberdurchschnittlich hohes Niveau.<\/p>\n<p>&nbsp;<\/p>\n<h4>KUNST + KULTUR<\/h4>\n<p>Kunst- und Kulturinteressierte finden, viele Angebote in den zahlreichen Theatern, Museen und Ausstellungen der Stadt D\u00fcsseldorf. Zu den kulturellen und gesellschaftlichen H\u00f6hepunkten in D\u00fcsseldorf geh\u00f6ren, unter anderem, der allj\u00e4hrliche D\u00fcsseldorfer Karneval, das D\u00fcsseldorfer Sch\u00fctzenfest, oder auch, das j\u00e4hrliche Frankreichfest.<\/p>\n<p>&nbsp;<\/p>\n<h4>VERKEHRSSTRUKTUR<\/h4>\n<p>Beispiele f\u00fcr die hervorragende Verkehrsinfrastruktur der Landeshauptstadt D\u00fcsseldorf sind, der D\u00fcsseldorfer Airport &#8211; als einer der gr\u00f6\u00dften Flugh\u00e4fen Deutschlands, sowie, zahlreiche wichtige Bundesautobahnen und Bundesstra\u00dfen, in und um das D\u00fcsseldorfer Stadtgebiet (<em>z.B.<\/em> in Richtung:\u00a0<a href=\"https:\/\/www.mariostark.com\/de\/immobilien\/meerbusch\/\">Meerbusch<\/a>, <a href=\"https:\/\/www.mariostark.com\/de\/immobilien\/koeln\/\">K\u00f6ln<\/a> und Duisburg).<\/p>\n<p>&nbsp;<\/p>\n<p>&nbsp;<\/p>\n<h3>WOHNEN IN <a href=\"#D\u00dcSSELDORF\">#D\u00dcSSELDORF<\/a> UND UMGEBUNG &#8211; MARIO STARK IMMOBILIEN &#8211; <span style=\"color: #333333;\"><a href=\"#MARIOSTARK\">#MARIOSTARK<\/a><\/span><\/h3>\n<p>&nbsp;<\/p>\n<h4>D\u00dcSSELDORF: IMMOBILIEN KAUFEN &amp; VERKAUFEN<\/h4>\n<p>Gerne beraten wir Sie, bei Fragen, zum Immobilienverkauf, einer Immobilienbewertung oder einer <a href=\"https:\/\/www.mariostark.com\/de\/immobilien\/immobilienbesichtigung\/\">Immobilienbesichtigung<\/a> von <a href=\"https:\/\/www.mariostark.com\/de\/immobilien\/haeuser\/\">H\u00e4usern<\/a>, <a href=\"https:\/\/www.mariostark.com\/de\/immobilien\/villen\/\">Villen<\/a> &amp; <a href=\"https:\/\/www.mariostark.com\/de\/immobilien\/wohnungen\/\">Wohnungen<\/a> in <em>D\u00fcsseldorf<\/em>.<\/p>\n<p>&nbsp;<\/p>\n<h4>&gt; <a href=\"https:\/\/www.mariostark.com\/de\/kontakt\/\"><em>Kontakt<\/em><\/a><\/h4>\n<p>&nbsp;<\/p>\n<h4>&gt; <a href=\"https:\/\/www.mariostark.com\/de\/immobilien\/immobilien-verkaufen\/\"><em>Immobilien verkaufen<\/em><\/a><\/h4>\n<p>&nbsp;<\/p>\n<h4>&gt; <a href=\"https:\/\/www.mariostark.com\/de\/immobilien\/immobilienbewertung\/\"><em>Immobilienbewertung<\/em><\/a><\/h4>\n<p>&nbsp;<\/p>\n<p>Weitere Informationen auf <a href=\"https:\/\/www.mariostark.com\/de\/immobilien\"><strong>mariostark.com\/de\/immobilien<\/strong><\/a>.<\/p>\n<p>&nbsp;<\/p>\n<p>&nbsp;<\/p>\n<p>&nbsp;<\/p>\n<p>&nbsp;<\/p>\n<h4 style=\"text-align: center;\"><span style=\"color: #999999;\">Mehr.<\/span><\/h4>\n<h6 style=\"text-align: center;\"><span style=\"color: #808080;\"><a style=\"color: #808080;\" href=\"https:\/\/www.facebook.com\/mariostarkofficial\">Facebook<\/a> \u00a0\u00a0 <a style=\"color: #808080;\" href=\"http:\/\/www.twitter.com\/mariostarkcom\">Twitter<\/a> \u00a0\u00a0 <a style=\"color: #808080;\" href=\"https:\/\/www.instagram.com\/mariostarkofficial\">Instagram<\/a>\u00a0\u00a0\u00a0 <a style=\"color: #808080;\" href=\"https:\/\/www.youtube.com\/c\/mariostarkofficial\">Youtube<\/a>\u00a0\u00a0\u00a0 <a style=\"color: #808080;\" href=\"http:\/\/www.pinterest.com\/mariostarkcom\">Pinterest<\/a><\/span><\/h6>\n<p>&nbsp;<\/p>","protected":false},"excerpt":{"rendered":"<p>IMMOBILIENMAKLER F\u00dcR D\u00dcSSELDORF &amp; UMGEBUNG &#8211; IMMOBILIEN, VILLEN, H\u00c4USER &amp; WOHNUNGEN KAUFEN UND VERKAUFEN &#8211; MARIO STARK &nbsp; &nbsp; D\u00fcsseldorf (&#8222;D\u00fcsseldorf&#8220;) ist, die Landeshauptstadt des deutschen Bundeslandes Nordrhein-Westfalen (Abk.: NW\/ NRW) und liegt, am Fluss Rhein, inmitten der &#8222;Rhein-Ruhr Region&#8220;. &hellip; <a href=\"https:\/\/www.mariostark.com\/de\/immobilien\/duesseldorf\/\">Weiterlesen<\/a><\/p>\n","protected":false},"author":2,"featured_media":0,"parent":41,"menu_order":0,"comment_status":"closed","ping_status":"closed","template":"template-midsize.php","meta":{"footnotes":""},"class_list":["post-7688","page","type-page","status-publish","hentry"],"_links":{"self":[{"href":"https:\/\/www.mariostark.com\/de\/wp-json\/wp\/v2\/pages\/7688","targetHints":{"allow":["GET"]}}],"collection":[{"href":"https:\/\/www.mariostark.com\/de\/wp-json\/wp\/v2\/pages"}],"about":[{"href":"https:\/\/www.mariostark.com\/de\/wp-json\/wp\/v2\/types\/page"}],"author":[{"embeddable":true,"href":"https:\/\/www.mariostark.com\/de\/wp-json\/wp\/v2\/users\/2"}],"replies":[{"embeddable":true,"href":"https:\/\/www.mariostark.com\/de\/wp-json\/wp\/v2\/comments?post=7688"}],"version-history":[{"count":5,"href":"https:\/\/www.mariostark.com\/de\/wp-json\/wp\/v2\/pages\/7688\/revisions"}],"predecessor-version":[{"id":14843,"href":"https:\/\/www.mariostark.com\/de\/wp-json\/wp\/v2\/pages\/7688\/revisions\/14843"}],"up":[{"embeddable":true,"href":"https:\/\/www.mariostark.com\/de\/wp-json\/wp\/v2\/pages\/41"}],"wp:attachment":[{"href":"https:\/\/www.mariostark.com\/de\/wp-json\/wp\/v2\/media?parent=7688"}],"curies":[{"name":"wp","href":"https:\/\/api.w.org\/{rel}","templated":true}]}}