{"id":7673,"date":"2016-10-21T08:24:30","date_gmt":"2016-10-21T06:24:30","guid":{"rendered":"https:\/\/www.mariostark.com\/?page_id=7673"},"modified":"2019-04-13T12:30:57","modified_gmt":"2019-04-13T10:30:57","slug":"potsdam","status":"publish","type":"page","link":"https:\/\/www.mariostark.com\/de\/immobilien\/potsdam\/","title":{"rendered":"Immobilien in Potsdam"},"content":{"rendered":"<h3>IMMOBILIENMAKLER F\u00dcR POTSDAM &amp; UMGEBUNG &#8211; IMMOBILIEN, VILLEN, H\u00c4USER &amp; WOHNUNGEN KAUFEN UND VERKAUFEN &#8211; MARIO STARK<\/h3>\n<p>&nbsp;<\/p>\n<p>&nbsp;<\/p>\n<p><strong>Potsdam<\/strong> ist, die Landeshauptstadt des <a href=\"https:\/\/www.mariostark.com\/de\/immobilien\/brandenburg\/\">Bundeslandes Brandenburg<\/a> (<em>Abk.<\/em>: BB) und nach Einwohnern, auch, die gr\u00f6\u00dfte Stadt des deutschen Bundeslandes. Potsdam ist, damit auch, Sitz der Landesregierung von Brandenburg, sowie, des Landtages Brandenburg. Potsdam hat als bekannte Universit\u00e4tsstadt, einen hohen Anteil an Studenten und Akademikern. Daher gibt es heute (neben mehreren Hochschulen) auch, viele wissenschaftliche Einrichtungen in der Stadt Potsdam. Die Stadt Potsdam geh\u00f6rt heute, zu den begehrtesten Wohnlagen f\u00fcr <a href=\"https:\/\/www.mariostark.com\/de\/immobilien\/immobilien-kaufen-verkaufen\/\">Immobilien<\/a> &amp; <a href=\"https:\/\/www.mariostark.com\/de\/immobilien\/premium-immobilien\/\">Premiumimmobilien<\/a> &#8211; im deutschen Bundesland Brandenburg und der Metropolregion <em>Berlin<\/em>.<\/p>\n<p>&nbsp;<\/p>\n<h4>LAGE<\/h4>\n<p><em>Potsdam<\/em> liegt, inmitten der reizvollen Brandenburger Wald- und Seenlandschaft. Im und um das Stadtgebiet Potsdams gibt es zahlreiche Seen, die zum Teil, auch durch die bekannte <em>Havel &#8211;<\/em> miteinander verbunden sind. Potsdam liegt, au\u00dferdem, im Westen der <a href=\"https:\/\/www.mariostark.com\/de\/immobilien\/berlin\/\">Bundeshauptstadt Berlin<\/a> und geh\u00f6rt damit &#8211; zum Berliner Ballungsraum und zum &#8222;<em>Ballungsraum Berlin-Brandenburg&#8220;<\/em>. Au\u00dferdem grenzt die Stadt Potsdam, an die Brandenburger Landkreise &#8211; Potsdam-Mittelmark und Havelland. Potsdam ist, in verschiedene Stadtbezirke (bspw.: die Innenstadt, Potsdam-Babelsberg oder Potsdam-S\u00fcd) unterteilt.<\/p>\n<p>&nbsp;<\/p>\n<h4>POTSDAMER SEHENSW\u00dcRDIGKEITEN<\/h4>\n<p>Potsdam ist bekannt, als historische <em>Residenzstadt<\/em> der preu\u00dfischen K\u00f6nige, sowie, f\u00fcr die zahlreichen beeindruckenden <a href=\"https:\/\/www.mariostark.com\/de\/immobilien\/schloesser-herrenhaeuser\/\">Schl\u00f6sser<\/a> und Parkanlagen. Daher wird Potsdam, oft auch, als &#8222;<em>Stadt der Schl\u00f6sser&#8220;<\/em> bezeichnet. Das Wahrzeichen und bekannteste Sehensw\u00fcrdigkeit Potsdams ist, das <em>Schloss Sanssouci &#8211;<\/em> mit seinen pr\u00e4chtigen Parkanlagen. Zahlreiche prunkvolle Schlo\u00dfgeb\u00e4ude, G\u00e4rten und Pavillons sind hier, zu finden. Weitere Sehensw\u00fcrdigkeiten der Stadt Potsdam sind, beispielsweise, der <em>Alte Markt<\/em> &#8211; mit dem Stadtschloss, oder, der beliebte Potsdamer<em> Luisenmarkt<\/em>. Neben der Stadt Berlin ist, die Stadt Potsdam heute, ein bedeutendes wirtschaftliches- und kulturelles Zentrum &#8211; im gro\u00dfen Ballungsraum Berlin-Brandenburg.<\/p>\n<p>&nbsp;<\/p>\n<h4>INFRASTRUKTUR<\/h4>\n<p>Durch die gute geografische Lage (in der Region Berlin-Brandenburg) hat die Stadt Potsdam, eine sehr gute Verkehrsinfrastruktur &#8211; mit Anbindung an das deutsche Bundesautobahnnetz, sowie, den beiden wichtigsten Gro\u00dfflugh\u00e4fen in der Region Berlin-Brandenburg.<\/p>\n<p>&nbsp;<\/p>\n<p>&nbsp;<\/p>\n<h3>WOHNEN IN <a href=\"#POTSDAM\">#POTSDAM<\/a> UND UMGEBUNG &#8211; MARIO STARK IMMOBILIEN &#8211; <span style=\"color: #333333;\"><a href=\"#MARIOSTARK\">#MARIOSTARK<\/a><\/span><\/h3>\n<p>&nbsp;<\/p>\n<h4>POTSDAM: IMMOBILIEN KAUFEN &amp; VERKAUFEN<\/h4>\n<p>Gerne beraten wir Sie, bei Fragen, zum Immobilienverkauf, einer Immobilienbewertung oder der <a href=\"https:\/\/www.mariostark.com\/de\/immobilien\/immobilienbesichtigung\/\">Immobilienbesichtigung<\/a> von <a href=\"https:\/\/www.mariostark.com\/de\/immobilien\/einfamilienhaeuser\/\">Einfamilienh\u00e4usern<\/a>, <a href=\"https:\/\/www.mariostark.com\/de\/immobilien\/villen\/\">Villen<\/a> und <a href=\"https:\/\/www.mariostark.com\/de\/immobilien\/eigentumswohnungen\/\">Eigentumswohnungen<\/a> in <em>Potsdam<\/em>.<\/p>\n<p>&nbsp;<\/p>\n<h4>&gt; <a href=\"https:\/\/www.mariostark.com\/de\/kontakt\/\"><em>Kontakt<\/em><\/a><\/h4>\n<p>&nbsp;<\/p>\n<h4>&gt; <a href=\"https:\/\/www.mariostark.com\/de\/immobilien\/immobilien-verkaufen\/\"><em>Immobilien verkaufen<\/em><\/a><\/h4>\n<p>&nbsp;<\/p>\n<h4>&gt; <a href=\"https:\/\/www.mariostark.com\/de\/immobilien\/immobilienbewertung\/\"><em>Immobilienbewertung<\/em><\/a><\/h4>\n<p>&nbsp;<\/p>\n<p>Weitere Informationen auf <a href=\"https:\/\/www.mariostark.com\/de\/immobilien\"><strong>mariostark.com\/de\/immobilien<\/strong><\/a>.<\/p>\n<p>&nbsp;<\/p>\n<p>&nbsp;<\/p>\n<p>&nbsp;<\/p>\n<p>&nbsp;<\/p>\n<h4 style=\"text-align: center;\"><span style=\"color: #999999;\">Mehr.<\/span><\/h4>\n<h6 style=\"text-align: center;\"><span style=\"color: #808080;\"><a style=\"color: #808080;\" href=\"https:\/\/www.facebook.com\/mariostarkofficial\">Facebook<\/a> \u00a0\u00a0 <a style=\"color: #808080;\" href=\"http:\/\/www.twitter.com\/mariostarkcom\">Twitter<\/a> \u00a0\u00a0 <a style=\"color: #808080;\" href=\"https:\/\/www.instagram.com\/mariostarkofficial\">Instagram<\/a>\u00a0\u00a0\u00a0 <a style=\"color: #808080;\" href=\"https:\/\/www.youtube.com\/c\/mariostarkofficial\">Youtube<\/a>\u00a0\u00a0\u00a0 <a style=\"color: #808080;\" href=\"http:\/\/www.pinterest.com\/mariostarkcom\">Pinterest<\/a><\/span><\/h6>\n<p>&nbsp;<\/p>","protected":false},"excerpt":{"rendered":"<p>IMMOBILIENMAKLER F\u00dcR POTSDAM &amp; UMGEBUNG &#8211; IMMOBILIEN, VILLEN, H\u00c4USER &amp; WOHNUNGEN KAUFEN UND VERKAUFEN &#8211; MARIO STARK &nbsp; &nbsp; Potsdam ist, die Landeshauptstadt des Bundeslandes Brandenburg (Abk.: BB) und nach Einwohnern, auch, die gr\u00f6\u00dfte Stadt des deutschen Bundeslandes. Potsdam ist, &hellip; <a href=\"https:\/\/www.mariostark.com\/de\/immobilien\/potsdam\/\">Weiterlesen<\/a><\/p>\n","protected":false},"author":2,"featured_media":0,"parent":41,"menu_order":0,"comment_status":"closed","ping_status":"closed","template":"template-midsize.php","meta":{"footnotes":""},"class_list":["post-7673","page","type-page","status-publish","hentry"],"_links":{"self":[{"href":"https:\/\/www.mariostark.com\/de\/wp-json\/wp\/v2\/pages\/7673","targetHints":{"allow":["GET"]}}],"collection":[{"href":"https:\/\/www.mariostark.com\/de\/wp-json\/wp\/v2\/pages"}],"about":[{"href":"https:\/\/www.mariostark.com\/de\/wp-json\/wp\/v2\/types\/page"}],"author":[{"embeddable":true,"href":"https:\/\/www.mariostark.com\/de\/wp-json\/wp\/v2\/users\/2"}],"replies":[{"embeddable":true,"href":"https:\/\/www.mariostark.com\/de\/wp-json\/wp\/v2\/comments?post=7673"}],"version-history":[{"count":5,"href":"https:\/\/www.mariostark.com\/de\/wp-json\/wp\/v2\/pages\/7673\/revisions"}],"predecessor-version":[{"id":14869,"href":"https:\/\/www.mariostark.com\/de\/wp-json\/wp\/v2\/pages\/7673\/revisions\/14869"}],"up":[{"embeddable":true,"href":"https:\/\/www.mariostark.com\/de\/wp-json\/wp\/v2\/pages\/41"}],"wp:attachment":[{"href":"https:\/\/www.mariostark.com\/de\/wp-json\/wp\/v2\/media?parent=7673"}],"curies":[{"name":"wp","href":"https:\/\/api.w.org\/{rel}","templated":true}]}}