{"id":7399,"date":"2016-10-13T11:50:26","date_gmt":"2016-10-13T09:50:26","guid":{"rendered":"https:\/\/www.mariostark.com\/?page_id=7399"},"modified":"2019-04-13T11:56:43","modified_gmt":"2019-04-13T09:56:43","slug":"hausbau","status":"publish","type":"page","link":"https:\/\/www.mariostark.com\/de\/hausbau\/","title":{"rendered":"Hausbau"},"content":{"rendered":"<h3>HAUSBAU VON EINFAMILIENH\u00c4USERN, MEHRFAMILIENH\u00c4USERN &amp; VILLEN\u00a0 &#8211; MARIO STARK<\/h3>\n<p>&nbsp;<\/p>\n<p>&nbsp;<\/p>\n<p>Beim <strong>Hausbau<\/strong> (engl.: <em>house construction<\/em>) unterscheidet man, zwischen mehreren Bauverfahren. Zu den wichtigsten Bauverfahren geh\u00f6ren, beispielsweise, der Fertigteilbau<em>,<\/em> der Holzhausbau und der <em>Massivhausbau<\/em>.<\/p>\n<p>&nbsp;<\/p>\n<h4>DER MASSIVHAUSBAU<\/h4>\n<p>Der <strong>Massivhausbau<\/strong> ist, ein Bauverfahren, bei dem Wohnbauwerke haupts\u00e4chlich aus Mauerwerk, Beton und Stahlbeton, erstellt werden. Bei Tragwerk und Raumabschlu\u00df besteht, hierbei, keine Trennung. Massivh\u00e4user werden, ausschlie\u00dflich, am Baustandort von Grund auf, erstellt. Der Begriff Massivbau wird, oft, von Unternehmen der Immobilienbranche verwendet. Beim schl\u00fcsselfertigen Bauen erstellt, in der Regel, ein <em>Bautr\u00e4ger,<\/em>\u00a0als Bauvertragspartner, das Wohngeb\u00e4ude f\u00fcr den &#8222;<em>Bauherren&#8220;<\/em>.<\/p>\n<p>&nbsp;<\/p>\n<h4>DER FERTIGTEILBAU<\/h4>\n<p>Der <strong>Fertigteilbau<\/strong> ist, ein Bauverfahren, bei dem Wohnbauwerke jeden Typs, aus vorgefertigten Bauelementen, wie beispielsweise, W\u00e4nde und Decken, am Baustandort zusammengef\u00fcgt werden k\u00f6nnen. Die verschiedenen Konstruktionselemente k\u00f6nnen so, wetterunabh\u00e4ngig beim Anbieter hergestellt werden, m\u00fcssen aber auch, zum Baustandort, transportiert werden. Ein Vorteil des Fertigteilbaus gegen\u00fcber der Massivbauweise ist, der wesentlich schnellere Aufbau der <em>Wohngeb\u00e4ude<\/em>.<\/p>\n<p>&nbsp;<\/p>\n<h4>DAS NEUE &#8222;EIGENHEIM&#8220;<\/h4>\n<p>Neu gebaute <strong>Einfamilienh\u00e4user<\/strong> (Abk.: <em>EFH<\/em>) werden, in der Regel, nach den Vorgaben des jeweils g\u00fcltigen Bebauungsplans erstellt, weshalb manchmal, auch nicht alle, vom Bauherren, gew\u00fcnschten Gestaltungsvarianten, umgesetzt werden k\u00f6nnen. Neu gebaute Einfamilienh\u00e4user, mit hochwertigen und individuellen <em><a href=\"https:\/\/www.mariostark.com\/de\/immobilien\/immobilienausstattungen\/\">Ausstattungen<\/a> &#8211;<\/em> wie Einbauk\u00fcchen, Kamin oder Garten, bieten heute &#8211; eine sehr hohe <em>Wohnqualit\u00e4t<\/em>.<\/p>\n<p>&nbsp;<\/p>\n<p>&nbsp;<\/p>\n<h3>VILLENBAU &amp; HAUSBAU &#8211; MARIO STARK <a href=\"https:\/\/www.mariostark.com\/de\/immobilien\/immobilien-kaufen-verkaufen\/\">IMMOBILIEN<\/a> &#8211; <span style=\"color: #333333;\"><a href=\"#MARIOSTARK\">#MARIOSTARK<\/a><\/span><\/h3>\n<p>&nbsp;<\/p>\n<h4>HAUSBAU: NEUBAU VON H\u00c4USERN &amp; VILLEN<\/h4>\n<p>Gerne beraten wir Sie, bei Fragen, zum Neubau eines hochwertigen <a href=\"https:\/\/www.mariostark.com\/de\/immobilien\/einfamilienhaeuser\/\">Einfamilienhauses<\/a>, einer <a href=\"https:\/\/www.mariostark.com\/de\/immobilien\/villen\/\">Villa<\/a> oder eines <a href=\"https:\/\/www.mariostark.com\/de\/immobilien\/mehrfamilienhaeuser\/\">Mehrfamilienhauses<\/a> und unterst\u00fctzen Sie, bei der Wahl des passenden <a href=\"https:\/\/www.mariostark.com\/de\/immobilien\/grundstuecke\/\">Grundst\u00fccks<\/a>, sowie, einer optimalen Immobilienfinanzierung.<\/p>\n<p>&nbsp;<\/p>\n<h4>&gt; <a href=\"https:\/\/www.mariostark.com\/de\/kontakt\/\"><em>Kontakt<\/em><\/a><\/h4>\n<p>&nbsp;<\/p>\n<h4>&gt; <a href=\"https:\/\/www.mariostark.com\/de\/hausbau\/mein-haus\/\"><em>Mein Haus<\/em><\/a><\/h4>\n<p>&nbsp;<\/p>\n<h4>&gt; <a href=\"https:\/\/www.mariostark.com\/de\/immobilien\/immobilien-verkaufen\/\"><em>Immobilien verkaufen<\/em><\/a><\/h4>\n<p>&nbsp;<\/p>\n<h4>&gt; <a href=\"https:\/\/www.mariostark.com\/de\/immobilienfinanzierung\/\"><em>Immobilienfinanzierung<\/em><\/a><\/h4>\n<p>&nbsp;<\/p>\n<p>Weitere Informationen finden Sie auf <a href=\"https:\/\/www.mariostark.com\/de\/\"><strong>mariostark.com<\/strong><\/a>.<\/p>\n<p>&nbsp;<\/p>\n<p>&nbsp;<\/p>\n<p>&nbsp;<\/p>\n<p>&nbsp;<\/p>\n<h4 style=\"text-align: center;\"><span style=\"color: #999999;\">Mehr.<\/span><\/h4>\n<h6 style=\"text-align: center;\"><span style=\"color: #808080;\"><a style=\"color: #808080;\" href=\"https:\/\/www.facebook.com\/mariostarkofficial\">Facebook<\/a> \u00a0\u00a0 <a style=\"color: #808080;\" href=\"http:\/\/www.twitter.com\/mariostarkcom\">Twitter<\/a> \u00a0\u00a0 <a style=\"color: #808080;\" href=\"https:\/\/www.instagram.com\/mariostarkofficial\">Instagram<\/a>\u00a0\u00a0\u00a0 <a style=\"color: #808080;\" href=\"https:\/\/www.youtube.com\/c\/mariostarkofficial\">Youtube<\/a>\u00a0\u00a0\u00a0 <a style=\"color: #808080;\" href=\"http:\/\/www.pinterest.com\/mariostarkcom\">Pinterest<\/a><\/span><\/h6>\n<p>&nbsp;<\/p>","protected":false},"excerpt":{"rendered":"<p>HAUSBAU VON EINFAMILIENH\u00c4USERN, MEHRFAMILIENH\u00c4USERN &amp; VILLEN\u00a0 &#8211; MARIO STARK &nbsp; &nbsp; Beim Hausbau (engl.: house construction) unterscheidet man, zwischen mehreren Bauverfahren. Zu den wichtigsten Bauverfahren geh\u00f6ren, beispielsweise, der Fertigteilbau, der Holzhausbau und der Massivhausbau. &nbsp; DER MASSIVHAUSBAU Der Massivhausbau ist, &hellip; <a href=\"https:\/\/www.mariostark.com\/de\/hausbau\/\">Weiterlesen<\/a><\/p>\n","protected":false},"author":2,"featured_media":0,"parent":0,"menu_order":0,"comment_status":"closed","ping_status":"closed","template":"template-midsize.php","meta":{"footnotes":""},"class_list":["post-7399","page","type-page","status-publish","hentry"],"_links":{"self":[{"href":"https:\/\/www.mariostark.com\/de\/wp-json\/wp\/v2\/pages\/7399","targetHints":{"allow":["GET"]}}],"collection":[{"href":"https:\/\/www.mariostark.com\/de\/wp-json\/wp\/v2\/pages"}],"about":[{"href":"https:\/\/www.mariostark.com\/de\/wp-json\/wp\/v2\/types\/page"}],"author":[{"embeddable":true,"href":"https:\/\/www.mariostark.com\/de\/wp-json\/wp\/v2\/users\/2"}],"replies":[{"embeddable":true,"href":"https:\/\/www.mariostark.com\/de\/wp-json\/wp\/v2\/comments?post=7399"}],"version-history":[{"count":5,"href":"https:\/\/www.mariostark.com\/de\/wp-json\/wp\/v2\/pages\/7399\/revisions"}],"predecessor-version":[{"id":14793,"href":"https:\/\/www.mariostark.com\/de\/wp-json\/wp\/v2\/pages\/7399\/revisions\/14793"}],"wp:attachment":[{"href":"https:\/\/www.mariostark.com\/de\/wp-json\/wp\/v2\/media?parent=7399"}],"curies":[{"name":"wp","href":"https:\/\/api.w.org\/{rel}","templated":true}]}}