{"id":7393,"date":"2016-10-13T11:33:13","date_gmt":"2016-10-13T09:33:13","guid":{"rendered":"https:\/\/www.mariostark.com\/?page_id=7393"},"modified":"2019-04-14T13:47:12","modified_gmt":"2019-04-14T11:47:12","slug":"schloesser-herrenhaeuser","status":"publish","type":"page","link":"https:\/\/www.mariostark.com\/de\/immobilien\/schloesser-herrenhaeuser\/","title":{"rendered":"Schloss kaufen &#038; verkaufen"},"content":{"rendered":"<h3>IMMOBILIENMAKLER F\u00dcR SCHL\u00d6SSER &amp; HERREN\u00c4USER &#8211; KAUF &amp; VERKAUF VON SCHL\u00d6SSERN UND HERRENH\u00c4USERN &#8211; MARIO STARK<\/h3>\n<p>&nbsp;<\/p>\n<p>&nbsp;<\/p>\n<p><strong>Schl\u00f6sser<\/strong> (engl.: <em>castle<\/em>) und <strong>Herrenh\u00e4user<\/strong> gelten, als repr\u00e4sentative Wohnbauwerke, die von Adligen oder wohlhabenen Familien, errichtet wurden. Ein <em>Schloss<\/em> stellte dabei, urspr\u00fcnglich, immer ein politisches und kulturelles Zentrum, der jeweiligen Region dar. Ein <em>Herrenhaus<\/em> oder <em>Gutshaus<\/em> hingegen wurde immer, als Mittelpunkt des Gutsbesitzes und der Gutsanlagen, gebaut. Eine klare Abgrenzung zwischen Schloss und Herrenhaus ist, aufgrund der verschiedenen Architekturen und Gr\u00f6\u00dfen meistens schwer, zu erkennen. Viele gro\u00dfe und besonders pr\u00e4chtige Herrenh\u00e4user werden heute, umgangssprachlich auch, als <em>Schloss<\/em> bezeichnet. Vor allem die pr\u00e4chtigen Schl\u00f6sser aus der Renaissance- und der Barockzeit sind oft, bis heute erhalten geblieben.<\/p>\n<p>&nbsp;<\/p>\n<h4>SCHL\u00d6SSER &amp; HERRENH\u00c4USER<\/h4>\n<p>Ein <em>Schloss<\/em> oder Herrenhaus bietet heute, den wohl h\u00f6chsten Status einer <a href=\"https:\/\/www.mariostark.com\/de\/immobilien\/wohnimmobilien\/\"><em>Wohnimmobilie<\/em><\/a>, sowie, sehr gro\u00dfe Wohnfl\u00e4chen, mit ausreichend Platz, f\u00fcr gro\u00dfe Familien. Zu den bekanntesten Schlossarten geh\u00f6ren, unter anderem, das Residenzschloss, das Jagdschloss oder das <em>Wasserschloss<\/em>. Viele Schl\u00f6sser und Herrenh\u00e4user sind, mit S\u00e4ulen und m\u00e4chtigen Giebeln, sowie Pilastern und Statuen, geschm\u00fcckt. Im Inneren der historischen Bauwerke befinden sich, meistens, opulente Zimmer und pr\u00e4chtige S\u00e4le. Mit dem Bau von Schl\u00f6ssern und Herrenh\u00e4usern wurden, h\u00e4ufig auch, aufwendige <em>Schlossg\u00e4rten<\/em> und Parkanlagen angelegt, die zum Teil, bis heute von touristischer und damit wirtschaftlicher Bedeutung, f\u00fcr den jeweiligen Eigent\u00fcmer, sind. Heute werden, nur noch wenige <em>Schl\u00f6sser<\/em> von den urspr\u00fcnglichen Adelsfamilien, bewohnt. H\u00e4ufig werden die Schl\u00f6sser heute, als Museen oder als kulturelle Veranstaltungsorte genutzt, oder, werden f\u00fcr Besucher ge\u00f6ffnet. Der Unterhalt und die Pflege von Schl\u00f6ssern und Herrenh\u00e4usern kann sich, sehr kostenintensiv gestalten und stellt daher, hohe finanzielle Anforderungen, an die jeweiligen Besitzer.<\/p>\n<p>&nbsp;<\/p>\n<h4>SCHL\u00d6SSER &amp; GUTS- UND HERRENH\u00c4USER IN DEUTSCHLAND<\/h4>\n<p>In Deutschland gibt es heute, vor allem, in den Bundesl\u00e4ndern, <a href=\"https:\/\/www.mariostark.com\/de\/immobilien\/mecklenburg-vorpommern\/\">Mecklenburg-Vorpommern<\/a>, <a href=\"https:\/\/www.mariostark.com\/de\/immobilien\/schleswig-holstein\/\">Schleswig-Holstein<\/a>, <a href=\"https:\/\/www.mariostark.com\/de\/immobilien\/nordrhein-westfalen\/\">Nordrhein-Westfalen<\/a> und <a href=\"https:\/\/www.mariostark.com\/de\/immobilien\/brandenburg\/\">Brandenburg<\/a>, zahlreiche guterhaltene und restaurierte Guts- und Herrenh\u00e4user, sowie, Wasserschl\u00f6sser, die im Familienbesitz, noch heute zu Wohnzwecken genutzt werden. Viele dieser sch\u00f6nen Guts- und Herrenh\u00e4user bieten, zus\u00e4tzlich auch, gro\u00dfz\u00fcgige Park- oder Gartenanlagen. Heute werden, viele Schl\u00f6sser und Herrenh\u00e4user, unter anderem, auch f\u00fcr touristische Angebote wie, Hotels und <a href=\"https:\/\/www.mariostark.com\/de\/immobilien\/ferienwohnungen\/\">Ferienwohnungen<\/a>, f\u00fcr <a href=\"https:\/\/www.mariostark.com\/de\/immobilien\/eigentumswohnungen\/\">Eigentumswohnungen<\/a> oder Mietwohnungen, oder auch &#8211; als repr\u00e4sentativer Unternehmenssitz, genutzt.<\/p>\n<p>&nbsp;<\/p>\n<p>&nbsp;<\/p>\n<h3>SCHL\u00d6SSER &amp; HERRENH\u00c4USER ZUM KAUF &#8211; MARIO STARK REAL ESTATE &#8211; <a href=\"#SCHLOSS\">#SCHLOSS<\/a> &#8211; <span style=\"color: #333333;\"><a href=\"#MARIOSTARK\">#MARIOSTARK<\/a><\/span><\/h3>\n<p>&nbsp;<\/p>\n<h4>SCHLOSS &amp; HERRENHAUS: KAUFEN UND VERKAUFEN<\/h4>\n<p>Ihre kompetenten <em>Schlossmakler<\/em> f\u00fcr den Kauf und Verkauf von Schl\u00f6ssern und Herrenh\u00e4usern &#8211; <a href=\"https:\/\/www.mariostark.com\/de\/\">MARIO STARK<\/a>.<\/p>\n<p>&nbsp;<\/p>\n<h4>&gt; <a href=\"https:\/\/www.mariostark.com\/de\/kontakt\/\"><em>Kontakt<\/em><\/a><\/h4>\n<p>&nbsp;<\/p>\n<h4>&gt; <a href=\"https:\/\/www.mariostark.com\/de\/immobilien\/immobilien-verkaufen\/\"><em>Schloss verkaufen<\/em><\/a><\/h4>\n<p>&nbsp;<\/p>\n<h4>&gt; <a href=\"https:\/\/www.mariostark.com\/de\/immobilien\/immobilienbewertung\/\"><em>Immobilienbewertung<\/em><\/a><\/h4>\n<p>&nbsp;<\/p>\n<p>Weitere Informationen auf <a href=\"https:\/\/www.mariostark.com\/de\/immobilien\/\"><strong>mariostark.com\/de\/immobilien<\/strong><\/a>.<\/p>\n<p>&nbsp;<\/p>\n<p>&nbsp;<\/p>\n<p>&nbsp;<\/p>\n<p>&nbsp;<\/p>\n<h4 style=\"text-align: center;\"><span style=\"color: #999999;\">Mehr.<\/span><\/h4>\n<h6 style=\"text-align: center;\"><span style=\"color: #808080;\"><a style=\"color: #808080;\" href=\"https:\/\/www.facebook.com\/mariostarkofficial\">Facebook<\/a> \u00a0\u00a0 <a style=\"color: #808080;\" href=\"http:\/\/www.twitter.com\/mariostarkcom\">Twitter<\/a> \u00a0\u00a0 <a style=\"color: #808080;\" href=\"https:\/\/www.instagram.com\/mariostarkofficial\">Instagram<\/a>\u00a0\u00a0\u00a0 <a style=\"color: #808080;\" href=\"https:\/\/www.youtube.com\/c\/mariostarkofficial\">Youtube<\/a>\u00a0\u00a0\u00a0 <a style=\"color: #808080;\" href=\"http:\/\/www.pinterest.com\/mariostarkcom\">Pinterest<\/a><\/span><\/h6>\n<p>&nbsp;<\/p>","protected":false},"excerpt":{"rendered":"<p>IMMOBILIENMAKLER F\u00dcR SCHL\u00d6SSER &amp; HERREN\u00c4USER &#8211; KAUF &amp; VERKAUF VON SCHL\u00d6SSERN UND HERRENH\u00c4USERN &#8211; MARIO STARK &nbsp; &nbsp; Schl\u00f6sser (engl.: castle) und Herrenh\u00e4user gelten, als repr\u00e4sentative Wohnbauwerke, die von Adligen oder wohlhabenen Familien, errichtet wurden. Ein Schloss stellte dabei, urspr\u00fcnglich, &hellip; <a href=\"https:\/\/www.mariostark.com\/de\/immobilien\/schloesser-herrenhaeuser\/\">Weiterlesen<\/a><\/p>\n","protected":false},"author":2,"featured_media":14743,"parent":41,"menu_order":0,"comment_status":"closed","ping_status":"closed","template":"template-midsize.php","meta":{"footnotes":""},"class_list":["post-7393","page","type-page","status-publish","has-post-thumbnail","hentry"],"_links":{"self":[{"href":"https:\/\/www.mariostark.com\/de\/wp-json\/wp\/v2\/pages\/7393","targetHints":{"allow":["GET"]}}],"collection":[{"href":"https:\/\/www.mariostark.com\/de\/wp-json\/wp\/v2\/pages"}],"about":[{"href":"https:\/\/www.mariostark.com\/de\/wp-json\/wp\/v2\/types\/page"}],"author":[{"embeddable":true,"href":"https:\/\/www.mariostark.com\/de\/wp-json\/wp\/v2\/users\/2"}],"replies":[{"embeddable":true,"href":"https:\/\/www.mariostark.com\/de\/wp-json\/wp\/v2\/comments?post=7393"}],"version-history":[{"count":6,"href":"https:\/\/www.mariostark.com\/de\/wp-json\/wp\/v2\/pages\/7393\/revisions"}],"predecessor-version":[{"id":14896,"href":"https:\/\/www.mariostark.com\/de\/wp-json\/wp\/v2\/pages\/7393\/revisions\/14896"}],"up":[{"embeddable":true,"href":"https:\/\/www.mariostark.com\/de\/wp-json\/wp\/v2\/pages\/41"}],"wp:featuredmedia":[{"embeddable":true,"href":"https:\/\/www.mariostark.com\/de\/wp-json\/wp\/v2\/media\/14743"}],"wp:attachment":[{"href":"https:\/\/www.mariostark.com\/de\/wp-json\/wp\/v2\/media?parent=7393"}],"curies":[{"name":"wp","href":"https:\/\/api.w.org\/{rel}","templated":true}]}}