{"id":7383,"date":"2016-10-13T11:20:13","date_gmt":"2016-10-13T09:20:13","guid":{"rendered":"https:\/\/www.mariostark.com\/?page_id=7383"},"modified":"2019-04-13T12:51:17","modified_gmt":"2019-04-13T10:51:17","slug":"immobilienmakler","status":"publish","type":"page","link":"https:\/\/www.mariostark.com\/de\/immobilienmakler\/","title":{"rendered":"Immobilienmakler"},"content":{"rendered":"<h3>IMMOBILIENMAKLER F\u00dcR (PREMIUM) IMMOBILIEN, VILLEN, H\u00c4USER &amp; WOHNUNGEN &#8211; IMMOBILIEN KAUFEN &amp; VERKAUFEN &#8211; MARIO STARK<\/h3>\n<p>&nbsp;<\/p>\n<p>&nbsp;<\/p>\n<p>Als <strong>Immobilienmakler<\/strong> (<em>&#8222;Immobilien-Makler&#8220;<\/em>) vermitteln und verkaufen wir <a href=\"https:\/\/www.mariostark.com\/de\/immobilien\/premium-immobilien\/\">Premium Immobilien<\/a>, wie &#8211; gut ausgestattete <a href=\"https:\/\/www.mariostark.com\/de\/immobilien\/einfamilienhaeuser\/\">Einfamilienh\u00e4user<\/a>, Mehrfamilienh\u00e4user, <a href=\"https:\/\/www.mariostark.com\/de\/immobilien\/villen\/\">Villen<\/a> und <a href=\"https:\/\/www.mariostark.com\/de\/immobilien\/ferienimmobilien\/\">Ferienimmobilien<\/a> (Ferienh\u00e4user oder <a href=\"https:\/\/www.mariostark.com\/de\/immobilien\/ferienwohnungen\/\">Ferienwohnungen<\/a>), sowie, <a href=\"https:\/\/www.mariostark.com\/de\/immobilien\/grundstuecke\/\">Grundst\u00fccke<\/a> &#8211; f\u00fcr Privat- und Gesch\u00e4ftskunden. MARIO STARK <a href=\"https:\/\/www.mariostark.com\/de\/immobilien\/immobilien-anbieten\/\">IMMOBILIEN<\/a> (&#8222;MARIO STARK&#8220;) vermarktet dabei, vorrangig &#8211; hochwertige <a href=\"https:\/\/www.mariostark.com\/de\/immobilien\/wohnimmobilien\/\">Wohnimmobilien<\/a> &#8211; wie, klassische oder moderne Einfamilienh\u00e4user &amp; Villen, sowie, <a href=\"https:\/\/www.mariostark.com\/de\/immobilien\/mehrfamilienhaeuser\/\">Mehrfamilienh\u00e4user<\/a> und <a href=\"https:\/\/www.mariostark.com\/de\/immobilien\/eigentumswohnungen\/\">Eigentumswohnungen<\/a>. F\u00fcr Immobilieneigent\u00fcmer ist unser Immobilienbewertungsservice, bei einem <a href=\"https:\/\/www.mariostark.com\/de\/maklervertrag\/\">Maklerauftrag<\/a> (sog.: Verkaufsauftrag), selbstverst\u00e4ndlich kostenfrei!<\/p>\n<p>&nbsp;<\/p>\n<p>&nbsp;<\/p>\n<h3><a href=\"https:\/\/www.mariostark.com\/de\/\">MARIO STARK<\/a> &#8211; IHRE <a href=\"#IMMOBILIENMAKLER\">#IMMOBILIENMAKLER<\/a> F\u00dcR H\u00c4USER, VILLEN &amp; WOHNUNGEN &#8211; <span style=\"color: #333333;\"><a href=\"#MARIOSTARK\">#MARIOSTARK<\/a><\/span><\/h3>\n<p>&nbsp;<\/p>\n<h4>IMMOBILIENMAKLER: IMMOBILIEN KAUFEN &amp; VERKAUFEN<\/h4>\n<p>Gerne beraten wir Sie, bei Fragen, zum Immobilienkauf- und verkauf, einer <a href=\"https:\/\/www.mariostark.com\/de\/immobilienfinanzierung\/\">Immobilienfinanzierung<\/a>, einer Immobilienbewertung oder einer <a href=\"https:\/\/www.mariostark.com\/de\/immobilien\/immobilienbesichtigung\/\">Immobilienbesichtigung<\/a> von <a href=\"https:\/\/www.mariostark.com\/de\/immobilien\/haeuser\/\">H\u00e4usern<\/a>, <a href=\"https:\/\/www.mariostark.com\/de\/immobilien\/villen\/\">Villen<\/a> und <a href=\"https:\/\/www.mariostark.com\/de\/immobilien\/wohnungen\/\">Wohnungen<\/a>.<\/p>\n<p>&nbsp;<\/p>\n<h4>&gt; <a href=\"https:\/\/www.mariostark.com\/de\/kontakt\/\"><em>Kontakt<\/em><\/a><\/h4>\n<p>&nbsp;<\/p>\n<h4>&gt; <a href=\"https:\/\/www.mariostark.com\/de\/immobilien\/immobilien-verkaufen\/\"><em>Immobilien verkaufen<\/em><\/a><\/h4>\n<p>&nbsp;<\/p>\n<h4>&gt; <a href=\"https:\/\/www.mariostark.com\/de\/immobilien\/immobilienbewertung\/\"><em>Immobilienbewertung<\/em><\/a><\/h4>\n<p>&nbsp;<\/p>\n<p>Weitere Informationen auf <a href=\"https:\/\/www.mariostark.com\/de\/immobilien\"><strong>mariostark.com\/de\/immobilien<\/strong><\/a>.<\/p>\n<p>&nbsp;<\/p>\n<p>&nbsp;<\/p>\n<p>&nbsp;<\/p>\n<p>&nbsp;<\/p>\n<h4 style=\"text-align: center;\"><span style=\"color: #999999;\">Mehr.<\/span><\/h4>\n<h6 style=\"text-align: center;\"><span style=\"color: #808080;\"><a style=\"color: #808080;\" href=\"https:\/\/www.facebook.com\/mariostarkofficial\">Facebook<\/a> \u00a0\u00a0 <a style=\"color: #808080;\" href=\"http:\/\/www.twitter.com\/mariostarkcom\">Twitter<\/a> \u00a0\u00a0 <a style=\"color: #808080;\" href=\"https:\/\/www.instagram.com\/mariostarkofficial\">Instagram<\/a>\u00a0\u00a0\u00a0 <a style=\"color: #808080;\" href=\"https:\/\/www.youtube.com\/c\/mariostarkofficial\">Youtube<\/a>\u00a0\u00a0\u00a0 <a style=\"color: #808080;\" href=\"http:\/\/www.pinterest.com\/mariostarkcom\">Pinterest<\/a><\/span><\/h6>\n<p>&nbsp;<\/p>","protected":false},"excerpt":{"rendered":"<p>IMMOBILIENMAKLER F\u00dcR (PREMIUM) IMMOBILIEN, VILLEN, H\u00c4USER &amp; WOHNUNGEN &#8211; IMMOBILIEN KAUFEN &amp; VERKAUFEN &#8211; MARIO STARK &nbsp; &nbsp; Als Immobilienmakler (&#8222;Immobilien-Makler&#8220;) vermitteln und verkaufen wir Premium Immobilien, wie &#8211; gut ausgestattete Einfamilienh\u00e4user, Mehrfamilienh\u00e4user, Villen und Ferienimmobilien (Ferienh\u00e4user oder Ferienwohnungen), sowie, &hellip; <a href=\"https:\/\/www.mariostark.com\/de\/immobilienmakler\/\">Weiterlesen<\/a><\/p>\n","protected":false},"author":2,"featured_media":14264,"parent":0,"menu_order":0,"comment_status":"closed","ping_status":"closed","template":"template-midsize.php","meta":{"footnotes":""},"class_list":["post-7383","page","type-page","status-publish","has-post-thumbnail","hentry"],"_links":{"self":[{"href":"https:\/\/www.mariostark.com\/de\/wp-json\/wp\/v2\/pages\/7383","targetHints":{"allow":["GET"]}}],"collection":[{"href":"https:\/\/www.mariostark.com\/de\/wp-json\/wp\/v2\/pages"}],"about":[{"href":"https:\/\/www.mariostark.com\/de\/wp-json\/wp\/v2\/types\/page"}],"author":[{"embeddable":true,"href":"https:\/\/www.mariostark.com\/de\/wp-json\/wp\/v2\/users\/2"}],"replies":[{"embeddable":true,"href":"https:\/\/www.mariostark.com\/de\/wp-json\/wp\/v2\/comments?post=7383"}],"version-history":[{"count":6,"href":"https:\/\/www.mariostark.com\/de\/wp-json\/wp\/v2\/pages\/7383\/revisions"}],"predecessor-version":[{"id":14902,"href":"https:\/\/www.mariostark.com\/de\/wp-json\/wp\/v2\/pages\/7383\/revisions\/14902"}],"wp:featuredmedia":[{"embeddable":true,"href":"https:\/\/www.mariostark.com\/de\/wp-json\/wp\/v2\/media\/14264"}],"wp:attachment":[{"href":"https:\/\/www.mariostark.com\/de\/wp-json\/wp\/v2\/media?parent=7383"}],"curies":[{"name":"wp","href":"https:\/\/api.w.org\/{rel}","templated":true}]}}