{"id":7355,"date":"2016-10-13T10:53:23","date_gmt":"2016-10-13T08:53:23","guid":{"rendered":"https:\/\/www.mariostark.com\/?page_id=7355"},"modified":"2019-04-13T11:59:11","modified_gmt":"2019-04-13T09:59:11","slug":"eigentumswohnungen","status":"publish","type":"page","link":"https:\/\/www.mariostark.com\/de\/immobilien\/eigentumswohnungen\/","title":{"rendered":"Eigentumswohnung kaufen &#038; verkaufen"},"content":{"rendered":"<h3>IMMOBILIENMAKLER F\u00dcR EIGENTUMSWOHNUNGEN &#8211; IMMOBILIEN, VILLEN, H\u00c4USER &amp; WOHNUNGEN KAUFEN UND VERKAUFEN &#8211; MARIO STARK<\/h3>\n<p>&nbsp;<\/p>\n<p>&nbsp;<\/p>\n<p>Eine <strong>Eigentumswohnung<\/strong> (<em>engl.<\/em>: condominium (condos)) bezeichnet allgemein, das Recht am Eigentum, einer Wohnung oder Wohnungseinheit. Eine Eigentumswohnung\u00a0(&#8222;Eigentumswohnung&#8220;) wird, mit einem notariell beglaubigten Kaufvertrag gekauft und bekommt, bei der anschlie\u00dfenden Grundbucheintragung, ein eigenes Grundbuchblatt. Damit kann die Eigentumswohnung, wie andere <a href=\"https:\/\/www.mariostark.com\/de\/immobilien\/immobilien-kaufen-verkaufen\/\">Immobilien<\/a> auch, verkauft oder Grundpfandrechtlich belastet werden. Der \u00fcberwiegende Teil der Eigentumswohnungen wird, von den Eigent\u00fcmern selbst genutzt. Zum Wohnungseigentum geh\u00f6ren, au\u00dfer den R\u00e4umen der Wohnung, auch ein Miteigentumsanteil am Gemeinschaftseigentum, sowie das Mitgliedsrecht in der Wohnungseigent\u00fcmergemeinschaft.<\/p>\n<p>&nbsp;<\/p>\n<h4>DIE EIGENTUMSWOHNUNG<\/h4>\n<p>Die <em>Eigentumswohnung<\/em> (Abk.: ETW) kann, Teil eines <a href=\"https:\/\/www.mariostark.com\/de\/immobilien\/mehrfamilienhaeuser\/\">Mehrfamilienhauses<\/a>, eines Reihenhauses oder eines Doppelhauses, sein. Der Miteigentumsanteil einer Eigentumswohnung am Gemeinschaftseigentum umfasst, das Grundst\u00fcck, sowie alle konstruktiv notwendigen Geb\u00e4udeteile und wird, in einer Teilungserkl\u00e4rung, mit einem genauen Bruchteil festgelegt. Das Mitgliedsrecht in der Wohnungseigent\u00fcmergemeinschaft, gibt dem einzelnen Wohnungseigent\u00fcmer das Recht, gemeinsam mit anderen Eigent\u00fcmern, \u00fcber notwendige Verwaltungsangelegenheiten zu entscheiden, sowie an der Eigent\u00fcmerversammlung teilzunehmen. Das Eigentum an den R\u00e4umen einer Eigentumswohnung wird allgemein, als sog. &#8222;<em>Sondereigentum&#8220;<\/em> bezeichnet. Welches Sondereigentum besteht, wird ebenfalls in der Teilungserkl\u00e4rung festgelegt. Zum Gemeinschaftseigentum einer Eigent\u00fcmergemeinschaft geh\u00f6ren, neben dem eigentlichen <a href=\"https:\/\/www.mariostark.com\/de\/immobilien\/grundstuecke\/\">Grundst\u00fcck<\/a>, auch alle konstruktiven Geb\u00e4udeteile (bspw<em>.<\/em>: W\u00e4nde, Decken, Treppen, Fenster und T\u00fcren).<\/p>\n<p>&nbsp;<\/p>\n<h4>DIE TEILUNGSERKL\u00c4RUNG<\/h4>\n<p>Die <em>Teilungserkl\u00e4rung<\/em> wird, notariell beglaubigt und enth\u00e4lt, neben dem Bruchteil des Wohneigentums, auch Beschreibungen der <a href=\"https:\/\/www.mariostark.com\/de\/immobilien\/wohnungen\/\">Wohnung<\/a>, sowie, Pl\u00e4ne des gesamten Geb\u00e4udes, um die einzelnen Eigentumswohnungen, eindeutig zuordnen zu k\u00f6nnen. Meistens wird mit der Teilungserkl\u00e4rung, auch die Gemeinschaftsordnung der Eigent\u00fcmergemeinschaft \u00fcbergeben, die das Verh\u00e4ltnis aller Eigent\u00fcmer untereinander regeln soll.<\/p>\n<p>&nbsp;<\/p>\n<h4>WOHNEIGENTUM ALS KAPITALANLAGE<\/h4>\n<p>Die Investition in eine Eigentumswohnung z\u00e4hlt, zu den meist genutzten Kapitalanlagem\u00f6glichkeiten. Ob vermietet oder selbst bewohnt, kann eine Eigentumswohnung, einen guten Beitrag zur sog. &#8222;Altersvorsorge&#8220; leisten, wenn der Wert der <a href=\"https:\/\/www.mariostark.com\/de\/immobilien\/immobilien-anbieten\/\">Immobilie<\/a>, weitgehend stabil bleibt oder im besten Falle steigt.<\/p>\n<p>&nbsp;<\/p>\n<p>&nbsp;<\/p>\n<h3>EIGENTUMSWOHNUNGEN (ETW) ZUM KAUF &#8211; MARIO STARK IMMOBILIEN &#8211; <a href=\"#EIGENTUMSWOHNUNGEN\">#EIGENTUMSWOHNUNGEN <\/a>BEI <span style=\"color: #333333;\"><a href=\"#MARIOSTARK\">#MARIOSTARK<\/a><\/span><\/h3>\n<p>&nbsp;<\/p>\n<h4>EIGENTUMSWOHNUNGEN: KAUFEN &amp; VERKAUFEN<\/h4>\n<p>Gerne beraten wir Sie, bei Fragen, zum Immobilienkauf- und verkauf, einer Immobilienbewertung, oder, der <a href=\"https:\/\/www.mariostark.com\/de\/immobilien\/immobilienbesichtigung\/\">Immobilienbesichtigung<\/a> von Eigentumswohnungen.<\/p>\n<p>&nbsp;<\/p>\n<h4>&gt; <a href=\"https:\/\/www.mariostark.com\/de\/kontakt\/\"><em>Kontakt<\/em><\/a><\/h4>\n<p>&nbsp;<\/p>\n<h4>&gt; <a href=\"https:\/\/www.mariostark.com\/de\/immobilien\/immobilien-verkaufen\/\"><em>Eigentumswohnung verkaufen<\/em><\/a><\/h4>\n<p>&nbsp;<\/p>\n<h4>&gt; <a href=\"https:\/\/www.mariostark.com\/de\/immobilien\/immobilienbewertung\/\"><em>Immobilienbewertung<\/em><\/a><\/h4>\n<p>&nbsp;<\/p>\n<p>Weitere Informationen auf <a href=\"https:\/\/www.mariostark.com\/de\/immobilien\"><strong>mariostark.com\/de\/immobilien<\/strong><\/a>.<\/p>\n<p>&nbsp;<\/p>\n<p>&nbsp;<\/p>\n<p>&nbsp;<\/p>\n<p>&nbsp;<\/p>\n<h4 style=\"text-align: center;\"><span style=\"color: #999999;\">Mehr.<\/span><\/h4>\n<h6 style=\"text-align: center;\"><span style=\"color: #808080;\"><a style=\"color: #808080;\" href=\"https:\/\/www.facebook.com\/mariostarkofficial\">Facebook<\/a> \u00a0\u00a0 <a style=\"color: #808080;\" href=\"http:\/\/www.twitter.com\/mariostarkcom\">Twitter<\/a> \u00a0\u00a0 <a style=\"color: #808080;\" href=\"https:\/\/www.instagram.com\/mariostarkofficial\">Instagram<\/a>\u00a0\u00a0\u00a0 <a style=\"color: #808080;\" href=\"https:\/\/www.youtube.com\/c\/mariostarkofficial\">Youtube<\/a>\u00a0\u00a0\u00a0 <a style=\"color: #808080;\" href=\"http:\/\/www.pinterest.com\/mariostarkcom\">Pinterest<\/a><\/span><\/h6>\n<p>&nbsp;<\/p>","protected":false},"excerpt":{"rendered":"<p>IMMOBILIENMAKLER F\u00dcR EIGENTUMSWOHNUNGEN &#8211; IMMOBILIEN, VILLEN, H\u00c4USER &amp; WOHNUNGEN KAUFEN UND VERKAUFEN &#8211; MARIO STARK &nbsp; &nbsp; Eine Eigentumswohnung (engl.: condominium (condos)) bezeichnet allgemein, das Recht am Eigentum, einer Wohnung oder Wohnungseinheit. Eine Eigentumswohnung\u00a0(&#8222;Eigentumswohnung&#8220;) wird, mit einem notariell beglaubigten Kaufvertrag &hellip; <a href=\"https:\/\/www.mariostark.com\/de\/immobilien\/eigentumswohnungen\/\">Weiterlesen<\/a><\/p>\n","protected":false},"author":2,"featured_media":14710,"parent":41,"menu_order":0,"comment_status":"closed","ping_status":"closed","template":"template-midsize.php","meta":{"footnotes":""},"class_list":["post-7355","page","type-page","status-publish","has-post-thumbnail","hentry"],"_links":{"self":[{"href":"https:\/\/www.mariostark.com\/de\/wp-json\/wp\/v2\/pages\/7355","targetHints":{"allow":["GET"]}}],"collection":[{"href":"https:\/\/www.mariostark.com\/de\/wp-json\/wp\/v2\/pages"}],"about":[{"href":"https:\/\/www.mariostark.com\/de\/wp-json\/wp\/v2\/types\/page"}],"author":[{"embeddable":true,"href":"https:\/\/www.mariostark.com\/de\/wp-json\/wp\/v2\/users\/2"}],"replies":[{"embeddable":true,"href":"https:\/\/www.mariostark.com\/de\/wp-json\/wp\/v2\/comments?post=7355"}],"version-history":[{"count":5,"href":"https:\/\/www.mariostark.com\/de\/wp-json\/wp\/v2\/pages\/7355\/revisions"}],"predecessor-version":[{"id":14798,"href":"https:\/\/www.mariostark.com\/de\/wp-json\/wp\/v2\/pages\/7355\/revisions\/14798"}],"up":[{"embeddable":true,"href":"https:\/\/www.mariostark.com\/de\/wp-json\/wp\/v2\/pages\/41"}],"wp:featuredmedia":[{"embeddable":true,"href":"https:\/\/www.mariostark.com\/de\/wp-json\/wp\/v2\/media\/14710"}],"wp:attachment":[{"href":"https:\/\/www.mariostark.com\/de\/wp-json\/wp\/v2\/media?parent=7355"}],"curies":[{"name":"wp","href":"https:\/\/api.w.org\/{rel}","templated":true}]}}