{"id":7292,"date":"2016-10-10T06:13:00","date_gmt":"2016-10-10T04:13:00","guid":{"rendered":"https:\/\/www.mariostark.com\/?page_id=7292"},"modified":"2019-04-13T12:40:58","modified_gmt":"2019-04-13T10:40:58","slug":"immobilien-kaufen-verkaufen","status":"publish","type":"page","link":"https:\/\/www.mariostark.com\/de\/immobilien\/immobilien-kaufen-verkaufen\/","title":{"rendered":"Immobilien kaufen &#038; verkaufen"},"content":{"rendered":"<h3>IMMOBILIENMAKLER F\u00dcR VILLEN, H\u00c4USER &amp; WOHNUNGEN &#8211; IMMOBILIEN KAUFEN &amp; VERKAUFEN &#8211; MARIO STARK!<\/h3>\n<p>&nbsp;<\/p>\n<p>&nbsp;<\/p>\n<p>Eine <strong>Immobilie<\/strong> (Immobilie(n)) bezeichnet allgemein, ein unbewegliches Sachgut. Dies k\u00f6nnen Bauwerke wie, <a href=\"https:\/\/www.mariostark.com\/de\/immobilien\/haeuser\/\">H\u00e4user<\/a> und <a href=\"https:\/\/www.mariostark.com\/de\/immobilien\/wohnungen\/\">Wohnungen<\/a>, oder auch <a href=\"https:\/\/www.mariostark.com\/de\/immobilien\/grundstuecke\/\">Grundst\u00fccke<\/a>, sein. H\u00e4ufig werden <a href=\"https:\/\/www.mariostark.com\/de\/immobilien\/immobilien-kaufen\/\">Immobilien<\/a>, auch, als &#8222;Anwesen&#8220; oder <em>Liegenschaft<\/em> bezeichnet. Eine eigene Immobilie bedeutet heute oft, mehr Lebensqualit\u00e4t &#8211; und ist h\u00e4ufig auch &#8211; ein gutes Investment in die Zukunft.<\/p>\n<p>&nbsp;<\/p>\n<h4>IMMOBILIENARTEN<\/h4>\n<p>Man unterscheidet heute, mehrere Arten von Immobilien. MARIO STARK IMMOBILIEN (&#8222;MARIO STARK&#8220;) vermittelt und verkauft, vorrangig &#8211; <a href=\"https:\/\/www.mariostark.com\/de\/immobilien\/wohnimmobilien\/\">Wohnimmobilien<\/a> (z.B<em>.<\/em>: <a href=\"https:\/\/www.mariostark.com\/de\/immobilien\/einfamilienhaeuser\/\">Einfamilienh\u00e4user<\/a>, <a href=\"https:\/\/www.mariostark.com\/de\/immobilien\/villen\/\">Villen<\/a> &amp; <a href=\"https:\/\/www.mariostark.com\/de\/immobilien\/eigentumswohnungen\/\">Eigentumswohnungen<\/a>), die \u00fcberwiegend oder ausschlie\u00dflich, f\u00fcr Wohnzwecke genutzt werden. Au\u00dferdem bieten wir privaten und gewerblichen Immobilieninvestoren &#8211; <a href=\"https:\/\/www.mariostark.com\/de\/immobilien\/ferienimmobilien\/\">Ferienimmobilien<\/a>, wie <a href=\"https:\/\/www.mariostark.com\/de\/immobilien\/ferienwohnungen\/\">Ferienwohnungen<\/a> oder Ferienh\u00e4user, als Kapitalanlage an. Diese Immobilien dienen, \u00fcberwiegend der Erwirtschaftung einer m\u00f6glichst guten Rendite, des investierten Kapitals und werden nicht, oder, nur selten &#8211; selbst genutzt. Gewerbeimmobilien werden hingegen, \u00fcberwiegend oder ausschlie\u00dflich, gewerblich genutzt.<\/p>\n<p>&nbsp;<\/p>\n<h4>IMMOBILIENERWERB<\/h4>\n<p>Der Erwerb einer <a href=\"https:\/\/www.mariostark.com\/de\/immobilien\/immobilien-anbieten\/\">Immobilie<\/a> erfolgt (in der Regel), \u00fcber einen notariell beglaubigten Kaufvertrag. Erst dann kann, die Eintragung des neuen Eigent\u00fcmers in das Grundbuch, erfolgen. Au\u00dferdem fallen, beim Kauf einer Immobilie, Grunderwerbssteuern an. Weitere zus\u00e4tzliche Kosten wie, beispielsweise, die Grundsteuer, Maklercourtagen oder Notargeb\u00fchren gelten als Kaufnebenkosten und m\u00fcssen daher auch, vom <em>Immobilienk\u00e4ufer<\/em> ber\u00fccksichtigt werden.<\/p>\n<p>&nbsp;<\/p>\n<h4>IMMOBILIEN &amp; LAGE<\/h4>\n<p>Entscheidend f\u00fcr den Wert einer Immobilie ist &#8211; die &#8222;Lage&#8220; (sog. Wohnlage). Immobilien in guten bis sehr guten Wohnlagen sind, besonders in Gro\u00dfst\u00e4dten (bspw.: <a href=\"https:\/\/www.mariostark.com\/de\/immobilien\/muenchen\/\">M\u00fcnchen<\/a>, <a href=\"https:\/\/www.mariostark.com\/de\/immobilien\/hamburg\/\">Hamburg<\/a>, Wien oder Z\u00fcrich) sehr begehrt und erreichen, ein hohes Preisniveau. In l\u00e4ndlichen Gebieten werden <a href=\"https:\/\/www.mariostark.com\/de\/immobilien\/immobilien-suchen\/\">Immobilien<\/a> mit vergleichbaren Wohnfl\u00e4chen, in der Regel, deutlich g\u00fcnstiger angeboten.<\/p>\n<p>&nbsp;<\/p>\n<p>&nbsp;<\/p>\n<h3>EXKLUSIVE IMMOBILIEN ZUM KAUF &#8211; MARIO STARK &#8211; <a href=\"#IMMOBILIEN\">#IMMOBILIEN<\/a> BEI <span style=\"color: #333333;\"><a href=\"#MARIOSTARK\">#MARIOSTARK<\/a><\/span><\/h3>\n<p>&nbsp;<\/p>\n<h4>IMMOBILIEN: KAUFEN &amp; VERKAUFEN<\/h4>\n<p>Gerne beraten wir Sie, bei Fragen, zum Immobilienkauf- und verkauf, einer Immobilienbewertung oder einer <a href=\"https:\/\/www.mariostark.com\/de\/immobilien\/immobilienbesichtigung\/\">Immobilienbesichtigung<\/a>.<\/p>\n<p>&nbsp;<\/p>\n<h4>&gt; <a href=\"https:\/\/www.mariostark.com\/de\/kontakt\/\"><em>Kontakt<\/em><\/a><\/h4>\n<p>&nbsp;<\/p>\n<h4>&gt; <a href=\"https:\/\/www.mariostark.com\/de\/immobilien\/immobilien-verkaufen\/\"><em>Immobilien verkaufen<\/em><\/a><\/h4>\n<p>&nbsp;<\/p>\n<h4>&gt; <a href=\"https:\/\/www.mariostark.com\/de\/immobilien\/immobilienbewertung\/\"><em>Immobilienbewertung<\/em><\/a><\/h4>\n<p>&nbsp;<\/p>\n<p>Weitere Informationen auf <a href=\"https:\/\/www.mariostark.com\/de\/immobilien\"><strong>mariostark.com\/de\/immobilien<\/strong><\/a>.<\/p>\n<p>&nbsp;<\/p>\n<p>&nbsp;<\/p>\n<p>&nbsp;<\/p>\n<p>&nbsp;<\/p>\n<h4 style=\"text-align: center;\"><span style=\"color: #999999;\">Mehr.<\/span><\/h4>\n<h6 style=\"text-align: center;\"><span style=\"color: #808080;\"><a style=\"color: #808080;\" href=\"https:\/\/www.facebook.com\/mariostarkofficial\">Facebook<\/a> \u00a0\u00a0 <a style=\"color: #808080;\" href=\"http:\/\/www.twitter.com\/mariostarkcom\">Twitter<\/a> \u00a0\u00a0 <a style=\"color: #808080;\" href=\"https:\/\/www.instagram.com\/mariostarkofficial\">Instagram<\/a>\u00a0\u00a0\u00a0 <a style=\"color: #808080;\" href=\"https:\/\/www.youtube.com\/c\/mariostarkofficial\">Youtube<\/a>\u00a0\u00a0\u00a0 <a style=\"color: #808080;\" href=\"http:\/\/www.pinterest.com\/mariostarkcom\">Pinterest<\/a><\/span><\/h6>\n<p>&nbsp;<\/p>","protected":false},"excerpt":{"rendered":"<p>IMMOBILIENMAKLER F\u00dcR VILLEN, H\u00c4USER &amp; WOHNUNGEN &#8211; IMMOBILIEN KAUFEN &amp; VERKAUFEN &#8211; MARIO STARK! &nbsp; &nbsp; Eine Immobilie (Immobilie(n)) bezeichnet allgemein, ein unbewegliches Sachgut. Dies k\u00f6nnen Bauwerke wie, H\u00e4user und Wohnungen, oder auch Grundst\u00fccke, sein. H\u00e4ufig werden Immobilien, auch, als &hellip; <a href=\"https:\/\/www.mariostark.com\/de\/immobilien\/immobilien-kaufen-verkaufen\/\">Weiterlesen<\/a><\/p>\n","protected":false},"author":2,"featured_media":14264,"parent":41,"menu_order":0,"comment_status":"closed","ping_status":"closed","template":"template-midsize.php","meta":{"footnotes":""},"class_list":["post-7292","page","type-page","status-publish","has-post-thumbnail","hentry"],"_links":{"self":[{"href":"https:\/\/www.mariostark.com\/de\/wp-json\/wp\/v2\/pages\/7292","targetHints":{"allow":["GET"]}}],"collection":[{"href":"https:\/\/www.mariostark.com\/de\/wp-json\/wp\/v2\/pages"}],"about":[{"href":"https:\/\/www.mariostark.com\/de\/wp-json\/wp\/v2\/types\/page"}],"author":[{"embeddable":true,"href":"https:\/\/www.mariostark.com\/de\/wp-json\/wp\/v2\/users\/2"}],"replies":[{"embeddable":true,"href":"https:\/\/www.mariostark.com\/de\/wp-json\/wp\/v2\/comments?post=7292"}],"version-history":[{"count":6,"href":"https:\/\/www.mariostark.com\/de\/wp-json\/wp\/v2\/pages\/7292\/revisions"}],"predecessor-version":[{"id":14887,"href":"https:\/\/www.mariostark.com\/de\/wp-json\/wp\/v2\/pages\/7292\/revisions\/14887"}],"up":[{"embeddable":true,"href":"https:\/\/www.mariostark.com\/de\/wp-json\/wp\/v2\/pages\/41"}],"wp:featuredmedia":[{"embeddable":true,"href":"https:\/\/www.mariostark.com\/de\/wp-json\/wp\/v2\/media\/14264"}],"wp:attachment":[{"href":"https:\/\/www.mariostark.com\/de\/wp-json\/wp\/v2\/media?parent=7292"}],"curies":[{"name":"wp","href":"https:\/\/api.w.org\/{rel}","templated":true}]}}