{"id":7244,"date":"2016-10-08T19:49:00","date_gmt":"2016-10-08T17:49:00","guid":{"rendered":"https:\/\/www.mariostark.com\/?page_id=7244"},"modified":"2019-04-13T12:48:45","modified_gmt":"2019-04-13T10:48:45","slug":"villen","status":"publish","type":"page","link":"https:\/\/www.mariostark.com\/de\/immobilien\/villen\/","title":{"rendered":"Villa kaufen &#038; verkaufen"},"content":{"rendered":"<h3>IMMOBILIENMAKLER F\u00dcR VILLEN &#8211; EXKLUSIVE IMMOBILIEN, VILLEN &amp; H\u00c4USER KAUFEN UND VERKAUFEN &#8211; MARIO STARK<\/h3>\n<p>&nbsp;<\/p>\n<p>&nbsp;<\/p>\n<p>Eine <strong>Villa<\/strong> (engl.: <em>villa\/ mansion<\/em>) bezeichnet allgemein, ein gro\u00dfes repr\u00e4sentatives und freistehendes <a href=\"https:\/\/www.mariostark.com\/de\/immobilien\/einfamilienhaeuser\/\">Einfamilienhaus<\/a>, in meistens, exponierter oder zentraler Lage, am Stadtrand oder in einem <em>Villenviertel<\/em>. Oft werden heute, auch vornehme Land- und Herrenh\u00e4user, als Villa bezeichnet.<\/p>\n<p>&nbsp;<\/p>\n<h4>DIE VILLA<\/h4>\n<p>Eine Villa steht, f\u00fcr eine besonders exklusive und repr\u00e4sentative Wohnkultur. Dementsprechend begehrt und teuer sind heute, Villen in guten bis sehr guten Wohnlagen, beispielsweise, in den Metropolen, <a href=\"https:\/\/www.mariostark.com\/de\/immobilien\/muenchen\/\">M\u00fcnchen<\/a>, <a href=\"https:\/\/www.mariostark.com\/de\/immobilien\/hamburg\/\">Hamburg<\/a>, <a href=\"https:\/\/www.mariostark.com\/de\/immobilien\/berlin\/\">Berlin<\/a>, Wien oder Z\u00fcrich. Oft werden heute, auch l\u00e4ndlich gelegene <em>Herrenh\u00e4user<\/em>, Gutsh\u00e4user oder Schloss\u00e4hnliche H\u00e4user, als Villa bezeichnet. Desweiteren gibt es, <em>Stadtvillen<\/em> mit einer oder mehreren Wohneinheiten in gehobener <a href=\"https:\/\/www.mariostark.com\/de\/immobilien\/immobilienausstattungen\/\">Ausstattung<\/a>, oder auch, die bekannten <em>B\u00e4dervillen<\/em>, wie beispielsweise, in den deutschen Ostseeb\u00e4dern <a href=\"https:\/\/www.mariostark.com\/de\/immobilien\/binz\/\">Binz<\/a>, <a href=\"https:\/\/www.mariostark.com\/de\/immobilien\/kuehlungsborn\/\">K\u00fchlungsborn<\/a> oder <a href=\"https:\/\/www.mariostark.com\/de\/immobilien\/heringsdorf\/\">Heringsdorf<\/a>.<\/p>\n<p>&nbsp;<\/p>\n<h4>VILLEN IN DEUTSCHLAND<\/h4>\n<p>H\u00e4ufig wurden und werden <em>Villen,<\/em> von bekannten oder wohlhabenden Unternehmerfamilien, gebaut und bewohnt. So entstanden, in den Vororten der Gro\u00dfst\u00e4dte, so genannte <em>Villenkolonien<\/em>, in der Gr\u00fcnderzeit. Beispiele hierf\u00fcr finden sich in Deutschland, unter anderem, in Berlin-Lichterfelde und <a href=\"https:\/\/www.mariostark.com\/de\/immobilien\/berlin-grunewald\/\">Berlin-Grunewald<\/a>, in Hamburg-Marienthal und <a href=\"https:\/\/www.mariostark.com\/de\/immobilien\/hamburg-blankenese\/\">Hamburg-Blankenese<\/a>, oder, in Dresden-Blasewitz und <a href=\"https:\/\/www.mariostark.com\/de\/immobilien\/dresden\/\">Dresden<\/a>-Tolkewitz. Mit den exklusiven Villenvierteln wurden h\u00e4ufig auch, gro\u00dfz\u00fcgige Parkanlagen und Gr\u00fcnfl\u00e4chen, sowie, Seen und pr\u00e4chtige Alleen, angelegt.<\/p>\n<p>&nbsp;<\/p>\n<h4>VILLEN (KLASSISCH &amp; MODERN)<\/h4>\n<p><em>Villen<\/em> bietet heute, neben einem <a href=\"https:\/\/www.mariostark.com\/de\/immobilien\/schloesser-herrenhaeuser\/\">Schloss<\/a>, den h\u00f6chsten Status einer <a href=\"https:\/\/www.mariostark.com\/de\/immobilien\/wohnimmobilien\/\">Wohnimmobilie<\/a>, sowie, eine meist bevorzugte Wohnlage und gro\u00dfe Wohnfl\u00e4chen, mit ausreichend Platz, f\u00fcr gro\u00dfe Familien. Neben den klassischen Villen mit Ihren Veranden, Erkern und T\u00fcrmen aus der Gr\u00fcnderzeit, der Renaissance oder dem Barock, sind heute, auch moderne Villen, mit schlichten klaren Formen und gro\u00dfen Glasfronten, sehr beliebt. Auch werden mittlerweile, gr\u00f6\u00dfere repr\u00e4sentative Einfamilienh\u00e4user im Klassischen- oder Bungalowstil, oft als Villen bezeichnet. Villen werden heute, als Wohnh\u00e4user, f\u00fcr eine oder mehrere Familien, als Gesch\u00e4ftsh\u00e4user f\u00fcr Unternehmen, aber auch, als Hotels und <a href=\"https:\/\/www.mariostark.com\/de\/immobilien\/ferienwohnungen\/\">Ferienwohnungen<\/a>, genutzt.<\/p>\n<p>&nbsp;<\/p>\n<p>&nbsp;<\/p>\n<h3>VILLENMAKLER F\u00dcR <a href=\"#VILLEN\">#VILLEN<\/a> UND H\u00c4USER &#8211; MARIO STARK IMMOBILIEN &#8211; <span style=\"color: #333333;\"><a href=\"#MARIOSTARK\">#MARIOSTARK<\/a><\/span><\/h3>\n<p>&nbsp;<\/p>\n<h4>VILLA: KAUFEN &amp; VERKAUFEN<\/h4>\n<p>Ihr kompetenter <em>Villenmakler<\/em> f\u00fcr den Kauf und Verkauf von klassischen &amp; modernen Villen &#8211; <a href=\"https:\/\/www.mariostark.com\/de\/\">MARIO STARK<\/a>.<\/p>\n<p>&nbsp;<\/p>\n<h4>&gt; <a href=\"https:\/\/www.mariostark.com\/de\/kontakt\/\"><em>Kontakt<\/em><\/a><\/h4>\n<p>&nbsp;<\/p>\n<h4>&gt; <a href=\"https:\/\/www.mariostark.com\/de\/immobilien\/immobilien-verkaufen\/\"><em>Villa verkaufen<\/em><\/a><\/h4>\n<p>&nbsp;<\/p>\n<h4>&gt; <a href=\"https:\/\/www.mariostark.com\/de\/immobilien\/immobilienbewertung\/\"><em>Immobilienbewertung<\/em><\/a><\/h4>\n<p>&nbsp;<\/p>\n<p>Weitere Informationen auf <a href=\"https:\/\/www.mariostark.com\/de\/immobilien\/\"><strong>mariostark.com\/de\/immobilien<\/strong><\/a>.<\/p>\n<p>&nbsp;<\/p>\n<p>&nbsp;<\/p>\n<p>&nbsp;<\/p>\n<p>&nbsp;<\/p>\n<h4 style=\"text-align: center;\"><span style=\"color: #999999;\">Mehr.<\/span><\/h4>\n<h6 style=\"text-align: center;\"><span style=\"color: #808080;\"><a style=\"color: #808080;\" href=\"https:\/\/www.facebook.com\/mariostarkofficial\">Facebook<\/a> \u00a0\u00a0 <a style=\"color: #808080;\" href=\"http:\/\/www.twitter.com\/mariostarkcom\">Twitter<\/a> \u00a0\u00a0 <a style=\"color: #808080;\" href=\"https:\/\/www.instagram.com\/mariostarkofficial\">Instagram<\/a>\u00a0\u00a0\u00a0 <a style=\"color: #808080;\" href=\"https:\/\/www.youtube.com\/c\/mariostarkofficial\">Youtube<\/a>\u00a0\u00a0\u00a0 <a style=\"color: #808080;\" href=\"http:\/\/www.pinterest.com\/mariostarkcom\">Pinterest<\/a><\/span><\/h6>\n<p>&nbsp;<\/p>","protected":false},"excerpt":{"rendered":"<p>IMMOBILIENMAKLER F\u00dcR VILLEN &#8211; EXKLUSIVE IMMOBILIEN, VILLEN &amp; H\u00c4USER KAUFEN UND VERKAUFEN &#8211; MARIO STARK &nbsp; &nbsp; Eine Villa (engl.: villa\/ mansion) bezeichnet allgemein, ein gro\u00dfes repr\u00e4sentatives und freistehendes Einfamilienhaus, in meistens, exponierter oder zentraler Lage, am Stadtrand oder in &hellip; <a href=\"https:\/\/www.mariostark.com\/de\/immobilien\/villen\/\">Weiterlesen<\/a><\/p>\n","protected":false},"author":2,"featured_media":5376,"parent":41,"menu_order":0,"comment_status":"closed","ping_status":"closed","template":"template-midsize.php","meta":{"footnotes":""},"class_list":["post-7244","page","type-page","status-publish","has-post-thumbnail","hentry"],"_links":{"self":[{"href":"https:\/\/www.mariostark.com\/de\/wp-json\/wp\/v2\/pages\/7244","targetHints":{"allow":["GET"]}}],"collection":[{"href":"https:\/\/www.mariostark.com\/de\/wp-json\/wp\/v2\/pages"}],"about":[{"href":"https:\/\/www.mariostark.com\/de\/wp-json\/wp\/v2\/types\/page"}],"author":[{"embeddable":true,"href":"https:\/\/www.mariostark.com\/de\/wp-json\/wp\/v2\/users\/2"}],"replies":[{"embeddable":true,"href":"https:\/\/www.mariostark.com\/de\/wp-json\/wp\/v2\/comments?post=7244"}],"version-history":[{"count":5,"href":"https:\/\/www.mariostark.com\/de\/wp-json\/wp\/v2\/pages\/7244\/revisions"}],"predecessor-version":[{"id":14897,"href":"https:\/\/www.mariostark.com\/de\/wp-json\/wp\/v2\/pages\/7244\/revisions\/14897"}],"up":[{"embeddable":true,"href":"https:\/\/www.mariostark.com\/de\/wp-json\/wp\/v2\/pages\/41"}],"wp:featuredmedia":[{"embeddable":true,"href":"https:\/\/www.mariostark.com\/de\/wp-json\/wp\/v2\/media\/5376"}],"wp:attachment":[{"href":"https:\/\/www.mariostark.com\/de\/wp-json\/wp\/v2\/media?parent=7244"}],"curies":[{"name":"wp","href":"https:\/\/api.w.org\/{rel}","templated":true}]}}