{"id":7176,"date":"2016-10-05T06:18:23","date_gmt":"2016-10-05T04:18:23","guid":{"rendered":"https:\/\/www.mariostark.com\/?page_id=7176"},"modified":"2019-04-13T12:09:56","modified_gmt":"2019-04-13T10:09:56","slug":"landkreis-mecklenburgische-seenplatte","status":"publish","type":"page","link":"https:\/\/www.mariostark.com\/de\/immobilien\/landkreis-mecklenburgische-seenplatte\/","title":{"rendered":"Immobilien im Landkreis Mecklenburgische Seenplatte"},"content":{"rendered":"<h3>IMMOBILIEN IM LANDKREIS MECKLENBURGISCHE SEENPLATTE &#8211; IMMOBILIEN, VILLEN, H\u00c4USER &amp; WOHNUNGEN ZUM KAUF &#8211; MARIO STARK<\/h3>\n<p>&nbsp;<\/p>\n<p>&nbsp;<\/p>\n<p>Der <strong>Landkreis Mecklenburgische Seenplatte<\/strong> liegt, im deutschen Bundesland <a href=\"https:\/\/www.mariostark.com\/de\/immobilien\/mecklenburg-vorpommern\/\">Mecklenburg-Vorpommern<\/a> (MV) und ist, nach der Fl\u00e4che, der gr\u00f6\u00dfte Landkreis der <a href=\"https:\/\/www.mariostark.com\/de\/immobilien\/deutschland\/\">Bundesrepublik Deutschland<\/a>. Die gr\u00f6\u00dfte Stadt des Landkreises Mecklenburgische Seenplatte ist &#8211; die Kreisstadt Neubrandenburg. Die zahlreichen Urlaubsregionen im Landkreis Mecklenburgische Seenplatte ziehen jedes Jahr, viele Besucher aus ganz Deutschland an. Das Angebot an Hotels, Gastronomie und Ferienimmobilien im Landkreis Mecklenburgische Seenplatte ist, dem entsprechend gro\u00df und vielf\u00e4ltig. Begehrte Lagen f\u00fcr Wohn- und <a href=\"https:\/\/www.mariostark.com\/de\/immobilien\/ferienimmobilien\/\">Ferienimmobilien<\/a> im Landkreis Mecklenburgische Seenplatte findet man, unter anderem, in und um die Stadt Waren (M\u00fcritz), um die M\u00fcritz, sowie, in der Region um <em>G\u00f6hren-Lebbin<\/em>.<\/p>\n<p>&nbsp;<\/p>\n<h4>LAGE<\/h4>\n<p>Der Landkreis Mecklenburgische Seenplatte grenzt, an die Landkreise &#8211; <a href=\"https:\/\/www.mariostark.com\/de\/immobilien\/landkreis-rostock\/\">Rostock<\/a>, <a href=\"https:\/\/www.mariostark.com\/de\/immobilien\/landkreis-ludwigslust-parchim\/\">Ludwigslust-Parchim<\/a>, <a href=\"https:\/\/www.mariostark.com\/de\/immobilien\/landkreis-vorpommern-ruegen\/\">Vorpommern-R\u00fcgen<\/a> und <a href=\"https:\/\/www.mariostark.com\/de\/immobilien\/landkreis-vorpommern-greifswald\/\">Vorpommern-Greifswald<\/a> im Bundesland Mecklenburg-Vorpommern, sowie, an die Landkreise Oberhavel, Ostprignitz-Ruppin und Uckermark &#8211; im <a href=\"https:\/\/www.mariostark.com\/de\/immobilien\/brandenburg\/\">Bundesland Brandenburg<\/a>. Die n\u00e4chstgr\u00f6\u00dferen Gro\u00dfst\u00e4dte sind, die <a href=\"https:\/\/www.mariostark.com\/de\/immobilien\/rostock\/\">Hansestadt Rostock<\/a> im Norden, sowie, die Metropolen <a href=\"https:\/\/www.mariostark.com\/de\/immobilien\/hamburg\/\">Hamburg<\/a> und <a href=\"https:\/\/www.mariostark.com\/de\/immobilien\/berlin\/\">Berlin<\/a>.<\/p>\n<p>&nbsp;<\/p>\n<h4>LANDKREIS MECKLENBURGISCHE SEENPLATTE<\/h4>\n<p>Den <em>Landkreis Mecklenburgische Seenplatte<\/em> pr\u00e4gt, eine sch\u00f6ne Wald- und Seenreiche Landschaft &#8211; mit dem Nationalpark Mecklenburgische Schweiz, der Mecklenburger Seenplatte und dem <em>M\u00fcritz-Nationalpark<\/em>. Der Tourismus ist, von wesentlicher wirtschaftlicher Bedeutung im Landkreis Mecklenburgische Seenplatte. Die Region Mecklenburgische Seenplatte ist, neben der Ostseeregion &#8211; mit den beliebten Inseln (<a href=\"https:\/\/www.mariostark.com\/de\/immobilien\/ruegen\/\">R\u00fcgen<\/a> und <a href=\"https:\/\/www.mariostark.com\/de\/immobilien\/usedom\/\">Usedom<\/a>), sowie, der Region Rostock, ein wichtiges touristisches Zentrum f\u00fcr das Bundesland Mecklenburg-Vorpommern. Zu den bekanntesten Urlaubsregionen des Landkreises Mecklenburgische Seenplatte geh\u00f6ren, beispielsweise, die Region M\u00fcritz<em> &#8211;<\/em> mit dem gro\u00dfen M\u00fcritzsee und dem Nationalpark M\u00fcritz, die Feldberger Seenlandschaft und die Region <em>Mecklenburgische Schweiz<\/em>.<\/p>\n<p>&nbsp;<\/p>\n<h4>ST\u00c4DTE &amp; GEMEINDEN<\/h4>\n<p>Die gr\u00f6\u00dften St\u00e4dte im Landkreis Mecklenburgische Seenplatte sind, das beliebte <a href=\"https:\/\/www.mariostark.com\/de\/immobilien\/waren-mueritz\/\"><em>Waren (M\u00fcritz)<\/em><\/a>, Demmin und Neustrelitz. Weitere gr\u00f6\u00dfere Zentren im Landkreis sind, unter anderem, die St\u00e4dte &#8211; R\u00f6bel\/ M\u00fcritz, Woldegk, Burg Stargard, Malchin und Malchow. Weitere bekannte Gemeinden und St\u00e4dte im Landkreis Mecklenburgische Seenplatte sind, beispielsweise, die <em>Gemeinde G\u00f6hren-Lebbin &#8211;<\/em> mit einem bekannten und exklusiven <em>Golfresort<\/em>, sowie, Friedland, Penzlien und die Reuterstadt Stavenhagen.<\/p>\n<p>&nbsp;<\/p>\n<h4>VERKEHRSSTRUKTUR<\/h4>\n<p>Durch das Kreisgebiet des Landkreises Mecklenburgische Seenplatte verlaufen, wichtige deutsche Bundesautobahnen (z.B<em>.<\/em>: A 20 und A 19). Mehrere Bundesstra\u00dfen verbinden den Landkreis Mecklenburgische Seenplatte, mit der Region Rostock im Norden, sowie, den Ballungsr\u00e4umen &#8211; Berlin und Hamburg. Die Bahnh\u00f6fe in Neubrandenburg, Waren (M\u00fcritz) und Neustrelitz sind, an das regionale und innerdeutsche Bahnverkehrsnetz angeschlossen.<\/p>\n<p>&nbsp;<\/p>\n<p>&nbsp;<\/p>\n<h3>WOHNEN IM LANDKREIS <a href=\"#MECKLENBURGISCHE_SEENPLATTE\">#MECKLENBURGISCHE_SEENPLATTE<\/a> &#8211; MARIO STARK IMMOBILIEN &#8211; <span style=\"color: #333333;\"><a href=\"#MARIOSTARK\">#MARIOSTARK<\/a><\/span><\/h3>\n<p>&nbsp;<\/p>\n<h4>MECKLENBURGISCHE SEENPLATTE: IMMOBILIEN KAUFEN &amp; VERKAUFEN<\/h4>\n<p>Gerne beraten wir Sie, bei Fragen, zum Immobilienverkauf, einer Immobilienbewertung oder einer <a href=\"https:\/\/www.mariostark.com\/de\/immobilien\/immobilienbesichtigung\/\">Immobilienbesichtigung<\/a> von <a href=\"https:\/\/www.mariostark.com\/de\/immobilien\/einfamilienhaeuser\/\">Einfamilienh\u00e4usern<\/a> &amp; <a href=\"https:\/\/www.mariostark.com\/de\/immobilien\/ferienimmobilien\/\">Ferienimmobilien<\/a> im Landkreis Mecklenburgische Seenplatte.<\/p>\n<p>&nbsp;<\/p>\n<h4>&gt; <a href=\"https:\/\/www.mariostark.com\/de\/kontakt\/\"><em>Kontakt<\/em><\/a><\/h4>\n<p>&nbsp;<\/p>\n<h4>&gt; <a href=\"https:\/\/www.mariostark.com\/de\/immobilien\/immobilien-verkaufen\/\"><em>Immobilien verkaufen<\/em><\/a><\/h4>\n<p>&nbsp;<\/p>\n<h4>&gt; <a href=\"https:\/\/www.mariostark.com\/de\/immobilien\/immobilienbewertung\/\"><em>Immobilienbewertung<\/em><\/a><\/h4>\n<p>&nbsp;<\/p>\n<p>Weitere Informationen auf <a href=\"https:\/\/www.mariostark.com\/de\/immobilien\"><strong>mariostark.com\/de\/immobilien<\/strong><\/a>.<\/p>\n<p>&nbsp;<\/p>\n<p>&nbsp;<\/p>\n<p>&nbsp;<\/p>\n<p>&nbsp;<\/p>\n<h4 style=\"text-align: center;\"><span style=\"color: #999999;\">Mehr.<\/span><\/h4>\n<h6 style=\"text-align: center;\"><span style=\"color: #808080;\"><a style=\"color: #808080;\" href=\"https:\/\/www.facebook.com\/mariostarkofficial\">Facebook<\/a> \u00a0\u00a0 <a style=\"color: #808080;\" href=\"http:\/\/www.twitter.com\/mariostarkcom\">Twitter<\/a> \u00a0\u00a0 <a style=\"color: #808080;\" href=\"https:\/\/www.instagram.com\/mariostarkofficial\">Instagram<\/a>\u00a0\u00a0\u00a0 <a style=\"color: #808080;\" href=\"https:\/\/www.youtube.com\/c\/mariostarkofficial\">Youtube<\/a>\u00a0\u00a0\u00a0 <a style=\"color: #808080;\" href=\"http:\/\/www.pinterest.com\/mariostarkcom\">Pinterest<\/a><\/span><\/h6>\n<p>&nbsp;<\/p>","protected":false},"excerpt":{"rendered":"<p>IMMOBILIEN IM LANDKREIS MECKLENBURGISCHE SEENPLATTE &#8211; IMMOBILIEN, VILLEN, H\u00c4USER &amp; WOHNUNGEN ZUM KAUF &#8211; MARIO STARK &nbsp; &nbsp; Der Landkreis Mecklenburgische Seenplatte liegt, im deutschen Bundesland Mecklenburg-Vorpommern (MV) und ist, nach der Fl\u00e4che, der gr\u00f6\u00dfte Landkreis der Bundesrepublik Deutschland. Die &hellip; <a href=\"https:\/\/www.mariostark.com\/de\/immobilien\/landkreis-mecklenburgische-seenplatte\/\">Weiterlesen<\/a><\/p>\n","protected":false},"author":2,"featured_media":0,"parent":41,"menu_order":0,"comment_status":"closed","ping_status":"closed","template":"template-midsize.php","meta":{"footnotes":""},"class_list":["post-7176","page","type-page","status-publish","hentry"],"_links":{"self":[{"href":"https:\/\/www.mariostark.com\/de\/wp-json\/wp\/v2\/pages\/7176","targetHints":{"allow":["GET"]}}],"collection":[{"href":"https:\/\/www.mariostark.com\/de\/wp-json\/wp\/v2\/pages"}],"about":[{"href":"https:\/\/www.mariostark.com\/de\/wp-json\/wp\/v2\/types\/page"}],"author":[{"embeddable":true,"href":"https:\/\/www.mariostark.com\/de\/wp-json\/wp\/v2\/users\/2"}],"replies":[{"embeddable":true,"href":"https:\/\/www.mariostark.com\/de\/wp-json\/wp\/v2\/comments?post=7176"}],"version-history":[{"count":5,"href":"https:\/\/www.mariostark.com\/de\/wp-json\/wp\/v2\/pages\/7176\/revisions"}],"predecessor-version":[{"id":14819,"href":"https:\/\/www.mariostark.com\/de\/wp-json\/wp\/v2\/pages\/7176\/revisions\/14819"}],"up":[{"embeddable":true,"href":"https:\/\/www.mariostark.com\/de\/wp-json\/wp\/v2\/pages\/41"}],"wp:attachment":[{"href":"https:\/\/www.mariostark.com\/de\/wp-json\/wp\/v2\/media?parent=7176"}],"curies":[{"name":"wp","href":"https:\/\/api.w.org\/{rel}","templated":true}]}}