{"id":7167,"date":"2016-10-04T15:42:17","date_gmt":"2016-10-04T13:42:17","guid":{"rendered":"https:\/\/www.mariostark.com\/?page_id=7167"},"modified":"2019-04-13T12:35:41","modified_gmt":"2019-04-13T10:35:41","slug":"waren-mueritz","status":"publish","type":"page","link":"https:\/\/www.mariostark.com\/de\/immobilien\/waren-mueritz\/","title":{"rendered":"Immobilien in Waren (M\u00fcritz)"},"content":{"rendered":"<h3>IMMOBILIENMAKLER F\u00dcR WAREN (M\u00dcRITZ) &amp; UMGEBUNG &#8211; IMMOBILIEN, VILLEN, H\u00c4USER &amp; WOHNUNGEN ZUM KAUF &#8211; MARIO STARK<\/h3>\n<p>&nbsp;<\/p>\n<p>&nbsp;<\/p>\n<p>Die Stadt <strong>Waren (M\u00fcritz)<\/strong> ist, ein bekannter Urlaubsort im deutschen Bundesland Mecklenburg-Vorpommern und liegt, am &#8222;<em>M\u00fcritz-See&#8220; &#8211;<\/em> im <a href=\"https:\/\/www.mariostark.com\/de\/immobilien\/landkreis-mecklenburgische-seenplatte\/\">Landkreis Mecklenburgische Seenplatte<\/a>. Waren (M\u00fcritz) ist, als regionaler Verwaltungssitz und anerkanntes Heilbad, eines der wichtigsten touristischen Zentren des Bundeslandes <a href=\"https:\/\/www.mariostark.com\/de\/immobilien\/mecklenburg-vorpommern\/\">Mecklenburg-Vorpommern<\/a>. Waren (M\u00fcritz) geh\u00f6rt, zu den bevorzugten Wohnlagen, im Landkreis Mecklenburgische Seenplatte.<\/p>\n<p>&nbsp;<\/p>\n<h4>WAREN (M\u00dcRITZ)<\/h4>\n<p>Die historische Altstadt Warens, der beliebte Yachthafen im Warener Stadtzentrum, sowie, das bekannte M\u00fcritzeum, ziehen jedes Jahr viele Besucher aus ganz Deutschland, in den beliebten Urlaubsort. Der landschaftlich reizvolle &#8222;<em>M\u00fcritz-Nationalpark&#8220;<\/em> liegt, in direkter Umgebung der Stadt Waren. Neben dem \u00fcberregional bekannten M\u00fcritzsee, gibt es noch weitere Seen in und um Waren (<em>z.B.<\/em>: der Herrensee, der K\u00f6lpinsee &amp; der Tiefwarensee). Waren (M\u00fcritz) ist in Stadtviertel wie, beispielsweise, die <em>Warener Altstadt<\/em>, Waren-West oder Waren-Nord, unterteilt. Zum Stadtgebiet geh\u00f6ren, au\u00dfer der Stadt Waren, auch Ortsteile wie, Neu Falkenhagen, J\u00e4gerhof und R\u00fcgeband. Die zahlreichen Einkaufsm\u00f6glichkeiten, Restaurants und Caf\u00e9s in Waren, ziehen auch viele Tagesg\u00e4ste aus den umliegenden Regionen, in den beliebten Urlaubsort.<\/p>\n<p>&nbsp;<\/p>\n<h4>DER M\u00dcRITZSEE<\/h4>\n<p>Besonders bekannt ist <em>Waren (M\u00fcritz)<\/em>, wegen der direkten Lage am beliebten M\u00fcritzsee &#8211; der als gr\u00f6\u00dfter Binnensee in <a href=\"https:\/\/www.mariostark.com\/de\/immobilien\/deutschland\/\">Deutschland<\/a> gilt. Der <em>M\u00fcritzsee<\/em> bietet, den G\u00e4sten der <em>Region Waren-M\u00fcritz<\/em>, neben vielen sportlichen M\u00f6glichkeiten, wie Segeln, Windsurfen oder Schwimmen auch, zahlreiche Orte der Entspannung. In der Stadt Waren (M\u00fcritz) gibt es daf\u00fcr, mehrere Strandb\u00e4der, eine hervorragende touristische Infrastruktur und ein breites Angebot, an attraktiven Hotels und <a href=\"https:\/\/www.mariostark.com\/de\/immobilien\/ferienwohnungen\/\"><em>Ferienwohnungen<\/em><\/a>.<\/p>\n<p>&nbsp;<\/p>\n<h4>SEHENSWERTES &amp; VERANSTALTUNGEN<\/h4>\n<p>Besonders sehenswert sind, in Waren (M\u00fcritz), das M\u00fcritzeum, das Alte und das Neue Rathaus, der Alte Markt und nat\u00fcrlich, der beliebte &#8222;<em>Warener Stadthafen&#8220; &#8211;<\/em> mit den historischen Speichern. Auf der Freilichtb\u00fchne der Stadt werden, zahlreiche kulturelle Auff\u00fchrungen und Veranstaltungen, angeboten. Zu den regelm\u00e4\u00dfigen sportlichen Veranstaltungen in Waren (M\u00fcritz) geh\u00f6ren, beispielsweise, die bekannte <em>M\u00fcritz Sail<\/em> f\u00fcr Wassersportbegeisterte und Touristen, sowie, der allj\u00e4hrliche M\u00fcritz-Lauf.<\/p>\n<p>&nbsp;<\/p>\n<h4>VERKEHR<\/h4>\n<p>Die Stadt Waren (M\u00fcritz) ist, \u00fcber die naheliegende deutsche Bundesautobahn A 19 (<a href=\"https:\/\/www.mariostark.com\/de\/immobilien\/berlin\/\">Berlin<\/a>-Rostock), sowie, \u00fcber mehrere Bundes- und Landesstra\u00dfen, gut zu erreichen. \u00dcber den Bahnhof Waren (M\u00fcritz) hat die Stadt, eine Anbindung an wichtige deutsche Bahnstrecken wie, beispielsweise, Berlin-<a href=\"https:\/\/www.mariostark.com\/de\/immobilien\/rostock\/\">Rostock<\/a> oder Rostock-<a href=\"https:\/\/www.mariostark.com\/de\/immobilien\/muenchen\/\">M\u00fcnchen<\/a>.<\/p>\n<p>&nbsp;<\/p>\n<p>&nbsp;<\/p>\n<h3>WOHNEN IN <a href=\"#WAREN_M\u00dcRITZ\">#WAREN_M\u00dcRITZ<\/a> UND UMGEBUNG &#8211; MARIO STARK IMMOBILIEN &#8211; <span style=\"color: #333333;\"><a href=\"#MARIOSTARK\">#MARIOSTARK<\/a><\/span><\/h3>\n<p>&nbsp;<\/p>\n<h4>WAREN-M\u00dcRITZ: IMMOBILIEN KAUFEN UND VERKAUFEN<\/h4>\n<p>Gerne beraten wir Sie, bei Fragen, zum Immobilienverkauf, einer Immobilienbewertung oder einer <a href=\"https:\/\/www.mariostark.com\/de\/immobilien\/immobilienbesichtigung\/\">Immobilienbesichtigung<\/a> von <a href=\"https:\/\/www.mariostark.com\/de\/immobilien\/haeuser\/\">H\u00e4usern<\/a>, <a href=\"https:\/\/www.mariostark.com\/de\/immobilien\/villen\/\">Villen<\/a> und <a href=\"https:\/\/www.mariostark.com\/de\/immobilien\/wohnungen\/\">Wohnungen<\/a> in <em>Waren (M\u00fcritz)<\/em>.<\/p>\n<p>&nbsp;<\/p>\n<h4>&gt; <a href=\"https:\/\/www.mariostark.com\/de\/kontakt\/\"><em>Kontakt<\/em><\/a><\/h4>\n<p>&nbsp;<\/p>\n<h4>&gt; <a href=\"https:\/\/www.mariostark.com\/de\/immobilien\/immobilien-verkaufen\/\"><em>Immobilien verkaufen<\/em><\/a><\/h4>\n<p>&nbsp;<\/p>\n<h4>&gt; <a href=\"https:\/\/www.mariostark.com\/de\/immobilien\/immobilienbewertung\/\"><em>Immobilienbewertung<\/em><\/a><\/h4>\n<p>&nbsp;<\/p>\n<p>Weitere Informationen auf <a href=\"https:\/\/www.mariostark.com\/de\/immobilien\"><strong>mariostark.com\/de\/immobilien<\/strong><\/a>.<\/p>\n<p>&nbsp;<\/p>\n<p>&nbsp;<\/p>\n<p>&nbsp;<\/p>\n<p>&nbsp;<\/p>\n<h4 style=\"text-align: center;\"><span style=\"color: #999999;\">Mehr.<\/span><\/h4>\n<h6 style=\"text-align: center;\"><span style=\"color: #808080;\"><a style=\"color: #808080;\" href=\"https:\/\/www.facebook.com\/mariostarkofficial\">Facebook<\/a> \u00a0\u00a0 <a style=\"color: #808080;\" href=\"http:\/\/www.twitter.com\/mariostarkcom\">Twitter<\/a> \u00a0\u00a0 <a style=\"color: #808080;\" href=\"https:\/\/www.instagram.com\/mariostarkofficial\">Instagram<\/a>\u00a0\u00a0\u00a0 <a style=\"color: #808080;\" href=\"https:\/\/www.youtube.com\/c\/mariostarkofficial\">Youtube<\/a>\u00a0\u00a0\u00a0 <a style=\"color: #808080;\" href=\"http:\/\/www.pinterest.com\/mariostarkcom\">Pinterest<\/a><\/span><\/h6>\n<p>&nbsp;<\/p>","protected":false},"excerpt":{"rendered":"<p>IMMOBILIENMAKLER F\u00dcR WAREN (M\u00dcRITZ) &amp; UMGEBUNG &#8211; IMMOBILIEN, VILLEN, H\u00c4USER &amp; WOHNUNGEN ZUM KAUF &#8211; MARIO STARK &nbsp; &nbsp; Die Stadt Waren (M\u00fcritz) ist, ein bekannter Urlaubsort im deutschen Bundesland Mecklenburg-Vorpommern und liegt, am &#8222;M\u00fcritz-See&#8220; &#8211; im Landkreis Mecklenburgische Seenplatte. &hellip; <a href=\"https:\/\/www.mariostark.com\/de\/immobilien\/waren-mueritz\/\">Weiterlesen<\/a><\/p>\n","protected":false},"author":2,"featured_media":0,"parent":41,"menu_order":0,"comment_status":"closed","ping_status":"closed","template":"template-midsize.php","meta":{"footnotes":""},"class_list":["post-7167","page","type-page","status-publish","hentry"],"_links":{"self":[{"href":"https:\/\/www.mariostark.com\/de\/wp-json\/wp\/v2\/pages\/7167","targetHints":{"allow":["GET"]}}],"collection":[{"href":"https:\/\/www.mariostark.com\/de\/wp-json\/wp\/v2\/pages"}],"about":[{"href":"https:\/\/www.mariostark.com\/de\/wp-json\/wp\/v2\/types\/page"}],"author":[{"embeddable":true,"href":"https:\/\/www.mariostark.com\/de\/wp-json\/wp\/v2\/users\/2"}],"replies":[{"embeddable":true,"href":"https:\/\/www.mariostark.com\/de\/wp-json\/wp\/v2\/comments?post=7167"}],"version-history":[{"count":6,"href":"https:\/\/www.mariostark.com\/de\/wp-json\/wp\/v2\/pages\/7167\/revisions"}],"predecessor-version":[{"id":14880,"href":"https:\/\/www.mariostark.com\/de\/wp-json\/wp\/v2\/pages\/7167\/revisions\/14880"}],"up":[{"embeddable":true,"href":"https:\/\/www.mariostark.com\/de\/wp-json\/wp\/v2\/pages\/41"}],"wp:attachment":[{"href":"https:\/\/www.mariostark.com\/de\/wp-json\/wp\/v2\/media?parent=7167"}],"curies":[{"name":"wp","href":"https:\/\/api.w.org\/{rel}","templated":true}]}}