{"id":7064,"date":"2016-09-30T17:00:51","date_gmt":"2016-09-30T15:00:51","guid":{"rendered":"https:\/\/www.mariostark.com\/?page_id=7064"},"modified":"2019-04-13T12:17:58","modified_gmt":"2019-04-13T10:17:58","slug":"binz","status":"publish","type":"page","link":"https:\/\/www.mariostark.com\/de\/immobilien\/binz\/","title":{"rendered":"Immobilien in Binz"},"content":{"rendered":"<h3>IMMOBILIENMAKLER F\u00dcR DAS OSTSEEBAD BINZ &#8211; IMMOBILIEN, VILLEN, H\u00c4USER &amp; WOHNUNGEN KAUFEN UND VERKAUFEN &#8211; MARIO STARK<\/h3>\n<p>&nbsp;<\/p>\n<p>&nbsp;<\/p>\n<p>Das <strong>Ostseebad Binz<\/strong> (&#8222;Binz&#8220;) liegt, an der sch\u00f6nen Ostseek\u00fcste der <a href=\"https:\/\/www.mariostark.com\/de\/immobilien\/ruegen\/\">Insel R\u00fcgen<\/a> und geh\u00f6rt, zum <a href=\"https:\/\/www.mariostark.com\/de\/immobilien\/landkreis-vorpommern-ruegen\/\">Landkreis Vorpommern-R\u00fcgen<\/a>, im deutschen Bundesland <a href=\"https:\/\/www.mariostark.com\/de\/immobilien\/mecklenburg-vorpommern\/\">Mecklenburg-Vorpommern<\/a> (<em>MV<\/em>). Das Ostseebad Binz gilt, als besonders begehrte Lage, f\u00fcr den Kauf von Wohn- und Ferienimmobilien (&#8222;Immobilien&#8220;) &#8211; auf der Insel R\u00fcgen.<\/p>\n<p>&nbsp;<\/p>\n<h4>DAS OSTSEEBAD BINZ<\/h4>\n<p><em>Binz<\/em> geh\u00f6rt, zu den beliebtesten Urlaubszielen in Deutschland und ist, als gr\u00f6\u00dftes Seebad der Insel R\u00fcgen, besonders bekannt f\u00fcr seinen langen, breiten und feinen Sandstrand, sowie, die eindrucksvolle &#8222;B\u00e4derarchitektur&#8220;<em> &#8211;<\/em> die im ganzen Ort zu finden ist. In den vielen pr\u00e4chtigen Binzer\u00a0<a href=\"https:\/\/www.mariostark.com\/de\/immobilien\/villen\/\"><em>Villen<\/em><\/a> gibt es heute, zahlreiche Hotels, Pensionen und Ferienwohnungen, f\u00fcr die G\u00e4ste des Seebades. Die vielf\u00e4ltigen Einkaufsm\u00f6glichkeiten und Gastronomieangebote in Binz, ziehen zus\u00e4tzlich, viele Tagesg\u00e4ste aus der ganzen <a href=\"https:\/\/www.mariostark.com\/de\/immobilien\/ostsee\/\"><em>Ostseeregion<\/em><\/a>, in das beliebte R\u00fcgener Seebad. Der Tourismus hat daher, eine gro\u00dfe wirtschaftliche Bedeutung f\u00fcr das Ostseebad Binz.<\/p>\n<p>&nbsp;<\/p>\n<h4>SEHENSW\u00dcRDIGKEITEN IN BINZ<\/h4>\n<p>Zu den Sehensw\u00fcrdigkeiten in Binz z\u00e4hlen, unter anderem, das beliebte Jagdschloss Granitz, sowie, die attraktive Binzer Strandpromenade mit der langen, sch\u00f6nen <em>Seebr\u00fccke<\/em> und dem vornehmen Kurhaus Binz. Sehenswert ist auch, der Ortsteil <em>Prora<\/em>.<\/p>\n<p>&nbsp;<\/p>\n<h4>INFRASTRUKTUR<\/h4>\n<p>Das <em>Ostseebad Binz<\/em>\u00a0ist, \u00fcber Bundesstra\u00dfen aus der Richtung Stralsund und <a href=\"https:\/\/www.mariostark.com\/de\/immobilien\/bergen-auf-ruegen\/\"><em>Bergen auf R\u00fcgen<\/em><\/a>, erreichbar. \u00dcber den Bahnhof Binz erreicht man, mit Regionalz\u00fcgen, auch die <a href=\"https:\/\/www.mariostark.com\/de\/immobilien\/stralsund\/\">Hansestadt Stralsund<\/a> und die <a href=\"https:\/\/www.mariostark.com\/de\/immobilien\/rostock\/\">Hansestadt Rostock<\/a>, auf dem Festland. Der &#8222;Rasende Roland&#8220; <em>&#8211;<\/em> R\u00fcgens bekannte Schmalspurbahn mit Dampflokomotive f\u00e4hrt, \u00fcber die Seeb\u00e4der der Insel R\u00fcgen (bspw.: <a href=\"https:\/\/www.mariostark.com\/de\/immobilien\/sellin\/\"><em>Sellin<\/em><\/a> &amp; <a href=\"https:\/\/www.mariostark.com\/de\/immobilien\/goehren\/\">G\u00f6hren<\/a>) und macht auch &#8211; Halt in Binz. Mehrere Buslinien verbinden das Seebad Binz, mit allen gr\u00f6\u00dferen Orten der Insel R\u00fcgen (z.B<em>.<\/em>: Bergen auf R\u00fcgen und Sa\u00dfnitz).<\/p>\n<p>&nbsp;<\/p>\n<h4>IMMOBILIENKAUF IM OSTSEEBAD BINZ<\/h4>\n<p>In Binz findet man heute, viele attraktive <a href=\"https:\/\/www.mariostark.com\/de\/immobilien\/ferienimmobilien\/\">Ferienimmobilien<\/a>, insbesondere <a href=\"https:\/\/www.mariostark.com\/de\/immobilien\/ferienwohnungen\/\"><em>Ferienwohnungen<\/em><\/a>. Die Kaufpreise f\u00fcr <a href=\"https:\/\/www.mariostark.com\/de\/immobilien\/immobilien-kaufen-verkaufen\/\">Immobilien<\/a>, wie <a href=\"https:\/\/www.mariostark.com\/de\/immobilien\/eigentumswohnungen\/\">Eigentumswohnungen<\/a> oder Ferienwohnungen, erreichen besonders im Ortszentrum von Binz, ein gehobenes Niveau.<\/p>\n<p>&nbsp;<\/p>\n<p>&nbsp;<\/p>\n<h3>FERIENIMMOBILIEN IM OSTSEEBAD <a href=\"#BINZ\">#BINZ<\/a> &#8211; MARIO STARK IMMOBILIEN &#8211; <span style=\"color: #333333;\"><a href=\"#MARIOSTARK\">#MARIOSTARK<\/a><\/span><\/h3>\n<p>&nbsp;<\/p>\n<h4>BINZ: IMMOBILIEN KAUFEN &amp; VERKAUFEN<\/h4>\n<p>Ihr kompetenter Immobilienpartner, f\u00fcr den Immobilienkauf und Immobilienverkauf von <a href=\"https:\/\/www.mariostark.com\/de\/immobilien\/einfamilienhaeuser\/\">Einfamilienh\u00e4usern<\/a>, Eigentumswohnungen &amp; Ferienimmobilien. Gerne beraten wir Sie auch, bei Immobilienbewertungen oder <a href=\"https:\/\/www.mariostark.com\/de\/immobilien\/immobilienbesichtigung\/\">Immobilienbesichtigungen<\/a> im <em>Ostseebad Binz<\/em>.<\/p>\n<p>&nbsp;<\/p>\n<h4>&gt; <a href=\"https:\/\/www.mariostark.com\/de\/kontakt\/\"><em>Kontakt<\/em><\/a><\/h4>\n<p>&nbsp;<\/p>\n<h4>&gt; <a href=\"https:\/\/www.mariostark.com\/de\/immobilien\/immobilien-verkaufen\/\"><em>Immobilien verkaufen<\/em><\/a><\/h4>\n<p>&nbsp;<\/p>\n<h4>&gt; <a href=\"https:\/\/www.mariostark.com\/de\/immobilien\/immobilienbewertung\/\"><em>Immobilienbewertung<\/em><\/a><\/h4>\n<p>&nbsp;<\/p>\n<p>Weitere Informationen auf <a href=\"https:\/\/www.mariostark.com\/de\/immobilien\"><strong>mariostark.com\/de\/immobilien<\/strong><\/a>.<\/p>\n<p>&nbsp;<\/p>\n<p>&nbsp;<\/p>\n<p>&nbsp;<\/p>\n<p>&nbsp;<\/p>\n<h4 style=\"text-align: center;\"><span style=\"color: #999999;\">Mehr.<\/span><\/h4>\n<h6 style=\"text-align: center;\"><span style=\"color: #808080;\"><a style=\"color: #808080;\" href=\"https:\/\/www.facebook.com\/mariostarkofficial\">Facebook<\/a> \u00a0\u00a0 <a style=\"color: #808080;\" href=\"http:\/\/www.twitter.com\/mariostarkcom\">Twitter<\/a> \u00a0\u00a0 <a style=\"color: #808080;\" href=\"https:\/\/www.instagram.com\/mariostarkofficial\">Instagram<\/a>\u00a0\u00a0\u00a0 <a style=\"color: #808080;\" href=\"https:\/\/www.youtube.com\/c\/mariostarkofficial\">Youtube<\/a>\u00a0\u00a0\u00a0 <a style=\"color: #808080;\" href=\"http:\/\/www.pinterest.com\/mariostarkcom\">Pinterest<\/a><\/span><\/h6>\n<p>&nbsp;<\/p>","protected":false},"excerpt":{"rendered":"<p>IMMOBILIENMAKLER F\u00dcR DAS OSTSEEBAD BINZ &#8211; IMMOBILIEN, VILLEN, H\u00c4USER &amp; WOHNUNGEN KAUFEN UND VERKAUFEN &#8211; MARIO STARK &nbsp; &nbsp; Das Ostseebad Binz (&#8222;Binz&#8220;) liegt, an der sch\u00f6nen Ostseek\u00fcste der Insel R\u00fcgen und geh\u00f6rt, zum Landkreis Vorpommern-R\u00fcgen, im deutschen Bundesland Mecklenburg-Vorpommern &hellip; <a href=\"https:\/\/www.mariostark.com\/de\/immobilien\/binz\/\">Weiterlesen<\/a><\/p>\n","protected":false},"author":2,"featured_media":0,"parent":41,"menu_order":0,"comment_status":"closed","ping_status":"closed","template":"template-midsize.php","meta":{"footnotes":""},"class_list":["post-7064","page","type-page","status-publish","hentry"],"_links":{"self":[{"href":"https:\/\/www.mariostark.com\/de\/wp-json\/wp\/v2\/pages\/7064","targetHints":{"allow":["GET"]}}],"collection":[{"href":"https:\/\/www.mariostark.com\/de\/wp-json\/wp\/v2\/pages"}],"about":[{"href":"https:\/\/www.mariostark.com\/de\/wp-json\/wp\/v2\/types\/page"}],"author":[{"embeddable":true,"href":"https:\/\/www.mariostark.com\/de\/wp-json\/wp\/v2\/users\/2"}],"replies":[{"embeddable":true,"href":"https:\/\/www.mariostark.com\/de\/wp-json\/wp\/v2\/comments?post=7064"}],"version-history":[{"count":5,"href":"https:\/\/www.mariostark.com\/de\/wp-json\/wp\/v2\/pages\/7064\/revisions"}],"predecessor-version":[{"id":14838,"href":"https:\/\/www.mariostark.com\/de\/wp-json\/wp\/v2\/pages\/7064\/revisions\/14838"}],"up":[{"embeddable":true,"href":"https:\/\/www.mariostark.com\/de\/wp-json\/wp\/v2\/pages\/41"}],"wp:attachment":[{"href":"https:\/\/www.mariostark.com\/de\/wp-json\/wp\/v2\/media?parent=7064"}],"curies":[{"name":"wp","href":"https:\/\/api.w.org\/{rel}","templated":true}]}}