{"id":7036,"date":"2016-09-29T15:53:22","date_gmt":"2016-09-29T13:53:22","guid":{"rendered":"https:\/\/www.mariostark.com\/?page_id=7036"},"modified":"2019-04-13T12:26:04","modified_gmt":"2019-04-13T10:26:04","slug":"kuehlungsborn","status":"publish","type":"page","link":"https:\/\/www.mariostark.com\/de\/immobilien\/kuehlungsborn\/","title":{"rendered":"Immobilien in K\u00fchlungsborn"},"content":{"rendered":"<h3>IMMOBILIENMAKLER F\u00dcR DAS OSTSEEBAD K\u00dcHLUNGSBORN &#8211; IMMOBILIEN, VILLEN, H\u00c4USER &amp; WOHNUNGEN KAUFEN UND VERKAUFEN &#8211; MARIO STARK<\/h3>\n<p>&nbsp;<\/p>\n<p>&nbsp;<\/p>\n<p>Das <strong>Ostseebad K\u00fchlungsborn<\/strong> (&#8222;K\u00fchlungsborn&#8220;) ist, ein \u00fcberregional bekannter Urlaubsort an der deutschen <a href=\"https:\/\/www.mariostark.com\/de\/immobilien\/ostsee\/\">Ostseek\u00fcste<\/a>, im Norden des Bundeslandes <a href=\"https:\/\/www.mariostark.com\/de\/immobilien\/mecklenburg-vorpommern\/\">Mecklenburg-Vorpommern<\/a> (MV). K\u00fchlungsborn liegt, westlich der <a href=\"https:\/\/www.mariostark.com\/de\/immobilien\/rostock\/\">Hansestadt Rostock<\/a> &#8211; im <a href=\"https:\/\/www.mariostark.com\/de\/immobilien\/landkreis-rostock\/\">Landkreis Rostock<\/a>. Das Ostseebad K\u00fchlungsborn git au\u00dferdem, als sehr beliebte Wohnlage f\u00fcr <a href=\"https:\/\/www.mariostark.com\/de\/immobilien\/immobilien-kaufen-verkaufen\/\">Immobilien<\/a> &amp; <a href=\"https:\/\/www.mariostark.com\/de\/immobilien\/premium-immobilien\/\">Premiumimmobilien<\/a> (&#8222;Immobilien&#8220;) &#8211; in der <em>Region Rostock<\/em>.<\/p>\n<p>&nbsp;<\/p>\n<h4>DAS OSTSEEBAD K\u00dcHLUNGSBORN<\/h4>\n<p><em>K\u00fchlungsborn<\/em> ist, eines der gr\u00f6\u00dften Seeb\u00e4der in <em>Mecklenburg-Vorpommern<\/em> und geh\u00f6rt, zu den beliebtesten Urlaubsorten, an der deutschen Ostseek\u00fcste. Der Tourismus ist, f\u00fcr das beliebte Seebad, von gro\u00dfer wirtschaftlicher Bedeutung. K\u00fchlungsborn ist bekannt, f\u00fcr seinen langen und breiten Sandstrand, sowie, die attraktive &#8222;<em>K\u00fchlungsborner Strandpromenade&#8220; &#8211;<\/em> die als eine der l\u00e4ngsten Strandpromenaden <a href=\"https:\/\/www.mariostark.com\/de\/immobilien\/deutschland\/\">Deutschlands<\/a> gilt. Im ganzen Ort, besonders aber entlang der K\u00fchlungsborner Strandpromenade, beeindrucken die <em>Villen<\/em> in der ber\u00fchmten <em>B\u00e4derarchitektur<\/em>, wie man sie auch von anderen Ostseeb\u00e4dern, auf der <a href=\"https:\/\/www.mariostark.com\/de\/immobilien\/ruegen\/\">Insel R\u00fcgen<\/a> oder der <a href=\"https:\/\/www.mariostark.com\/de\/immobilien\/usedom\/\">Insel Usedom<\/a>, kennt. Zahlreiche attraktive und beliebte Hotels, Pensionen und <a href=\"https:\/\/www.mariostark.com\/de\/immobilien\/ferienwohnungen\/\">Ferienwohnungen<\/a>, stehen den G\u00e4sten der Stadt K\u00fchlungsborn, zur Verf\u00fcgung. Im Stadtkern von K\u00fchlungsborn befindet sich, der gro\u00dfe Stadtwald. Vielf\u00e4ltige Einkaufsm\u00f6glichkeiten und Gastronomieangebote, ziehen auch viele Tagesg\u00e4ste, aus der Region Rostock an. Sehenswert sind, beispielsweise, die sch\u00f6ne lange Seebr\u00fccke in K\u00fchlungsborn, sowie der beliebte <em>Yachthafen K\u00fchlungsborn &#8211;<\/em> im Ostteil der Stadt K\u00fchlungsborn.<\/p>\n<p>&nbsp;<\/p>\n<h4>INFRASTRUKTUR<\/h4>\n<p>Das Ostseebad K\u00fchlungsborn erreicht man, mit dem Auto, \u00fcber Bundes- und Landesstra\u00dfen aus der Richtung Rostock, sowie, den St\u00e4dten &#8211; Bad Doberan und Kr\u00f6pelin &#8211; die auch einen Anschluss, an die wichtige deutsche Bundesautobahn A 20 haben. Mehrere Buslinien verbinden das Ostseebad K\u00fchlungsborn, mit weiteren regionalen Zentren (bspw.: die <em>Stadt Rerik<\/em> oder die Stadt Bad Doberan). Auch die beliebte B\u00e4derbahn &#8222;<em>Molli&#8220;<\/em> f\u00e4hrt, von K\u00fchlungsborn, \u00fcber das bekannte <em>Ostseebad Heiligendamm &#8211;<\/em> bis in die Mecklenburgische Stadt Bad Doberan.<\/p>\n<p>&nbsp;<\/p>\n<h4>IMMOBILIENPREISE IN K\u00dcHLUNGSBORN<\/h4>\n<p>Die Immobilienpreise f\u00fcr den Kauf von <a href=\"https:\/\/www.mariostark.com\/de\/immobilien\/grundstuecke\/\">Grundst\u00fccken<\/a>, <a href=\"https:\/\/www.mariostark.com\/de\/immobilien\/einfamilienhaeuser\/\">Einfamilienh\u00e4usern<\/a>, <a href=\"https:\/\/www.mariostark.com\/de\/immobilien\/eigentumswohnungen\/\">Eigentumswohnungen<\/a> &amp; <a href=\"https:\/\/www.mariostark.com\/de\/immobilien\/ferienimmobilien\/\">Ferienimmobilien<\/a> erreichen, vor allem, mit dem begehrten &#8222;<em>Ostseeblick&#8220; &#8211;<\/em> ein \u00fcberdurchschnittlich hohes Niveau in der Ostseeregion.<\/p>\n<p>&nbsp;<\/p>\n<p>&nbsp;<\/p>\n<h3>FERIENIMMOBILIEN IM OSTSEEBAD <a href=\"#K\u00dcHLUNGSBORN\">#K\u00dcHLUNGSBORN<\/a> &#8211; MARIO STARK <a href=\"https:\/\/www.mariostark.com\/immobilien\/immobilien-kaufen-verkaufen\/\">IMMOBILIEN<\/a> &#8211; <span style=\"color: #333333;\"><a href=\"#MARIOSTARK\">#MARIOSTARK<\/a><\/span><\/h3>\n<p>&nbsp;<\/p>\n<h4>K\u00dcHLUNGSBORN: IMMOBILIEN KAUFEN &amp; VERKAUFEN<\/h4>\n<p>Gerne beraten wir Sie, bei Fragen, zum Immobilienverkauf, einer Immobilienbewertung oder einer <a href=\"https:\/\/www.mariostark.com\/de\/immobilien\/immobilienbesichtigung\/\">Immobilienbesichtigung<\/a> von <a href=\"https:\/\/www.mariostark.com\/de\/immobilien\/haeuser\/\">H\u00e4usern<\/a>, <a href=\"https:\/\/www.mariostark.com\/de\/immobilien\/villen\/\">Villen<\/a> und <a href=\"https:\/\/www.mariostark.com\/de\/immobilien\/wohnungen\/\">Wohnungen<\/a> im <em>Ostseebad K\u00fchlungsborn<\/em>.<\/p>\n<p>&nbsp;<\/p>\n<h4>&gt; <a href=\"https:\/\/www.mariostark.com\/de\/kontakt\/\"><em>Kontakt<\/em><\/a><\/h4>\n<p>&nbsp;<\/p>\n<h4>&gt; <a href=\"https:\/\/www.mariostark.com\/de\/immobilien\/immobilien-verkaufen\/\"><em>Immobilien verkaufen<\/em><\/a><\/h4>\n<p>&nbsp;<\/p>\n<h4>&gt; <a href=\"https:\/\/www.mariostark.com\/de\/immobilien\/immobilienbewertung\/\"><em>Immobilienbewertung<\/em><\/a><\/h4>\n<p>&nbsp;<\/p>\n<p>Weitere Informationen auf <a href=\"https:\/\/www.mariostark.com\/de\/immobilien\"><strong>mariostark.com\/de\/immobilien<\/strong><\/a>.<\/p>\n<p>&nbsp;<\/p>\n<p>&nbsp;<\/p>\n<p>&nbsp;<\/p>\n<p>&nbsp;<\/p>\n<h4 style=\"text-align: center;\"><span style=\"color: #999999;\">Mehr.<\/span><\/h4>\n<h6 style=\"text-align: center;\"><span style=\"color: #808080;\"><a style=\"color: #808080;\" href=\"https:\/\/www.facebook.com\/mariostarkofficial\">Facebook<\/a> \u00a0\u00a0 <a style=\"color: #808080;\" href=\"http:\/\/www.twitter.com\/mariostarkcom\">Twitter<\/a> \u00a0\u00a0 <a style=\"color: #808080;\" href=\"https:\/\/www.instagram.com\/mariostarkofficial\">Instagram<\/a>\u00a0\u00a0\u00a0 <a style=\"color: #808080;\" href=\"https:\/\/www.youtube.com\/c\/mariostarkofficial\">Youtube<\/a>\u00a0\u00a0\u00a0 <a style=\"color: #808080;\" href=\"http:\/\/www.pinterest.com\/mariostarkcom\">Pinterest<\/a><\/span><\/h6>\n<p>&nbsp;<\/p>","protected":false},"excerpt":{"rendered":"<p>IMMOBILIENMAKLER F\u00dcR DAS OSTSEEBAD K\u00dcHLUNGSBORN &#8211; IMMOBILIEN, VILLEN, H\u00c4USER &amp; WOHNUNGEN KAUFEN UND VERKAUFEN &#8211; MARIO STARK &nbsp; &nbsp; Das Ostseebad K\u00fchlungsborn (&#8222;K\u00fchlungsborn&#8220;) ist, ein \u00fcberregional bekannter Urlaubsort an der deutschen Ostseek\u00fcste, im Norden des Bundeslandes Mecklenburg-Vorpommern (MV). K\u00fchlungsborn liegt, &hellip; <a href=\"https:\/\/www.mariostark.com\/de\/immobilien\/kuehlungsborn\/\">Weiterlesen<\/a><\/p>\n","protected":false},"author":2,"featured_media":0,"parent":41,"menu_order":0,"comment_status":"closed","ping_status":"closed","template":"template-midsize.php","meta":{"footnotes":""},"class_list":["post-7036","page","type-page","status-publish","hentry"],"_links":{"self":[{"href":"https:\/\/www.mariostark.com\/de\/wp-json\/wp\/v2\/pages\/7036","targetHints":{"allow":["GET"]}}],"collection":[{"href":"https:\/\/www.mariostark.com\/de\/wp-json\/wp\/v2\/pages"}],"about":[{"href":"https:\/\/www.mariostark.com\/de\/wp-json\/wp\/v2\/types\/page"}],"author":[{"embeddable":true,"href":"https:\/\/www.mariostark.com\/de\/wp-json\/wp\/v2\/users\/2"}],"replies":[{"embeddable":true,"href":"https:\/\/www.mariostark.com\/de\/wp-json\/wp\/v2\/comments?post=7036"}],"version-history":[{"count":5,"href":"https:\/\/www.mariostark.com\/de\/wp-json\/wp\/v2\/pages\/7036\/revisions"}],"predecessor-version":[{"id":14858,"href":"https:\/\/www.mariostark.com\/de\/wp-json\/wp\/v2\/pages\/7036\/revisions\/14858"}],"up":[{"embeddable":true,"href":"https:\/\/www.mariostark.com\/de\/wp-json\/wp\/v2\/pages\/41"}],"wp:attachment":[{"href":"https:\/\/www.mariostark.com\/de\/wp-json\/wp\/v2\/media?parent=7036"}],"curies":[{"name":"wp","href":"https:\/\/api.w.org\/{rel}","templated":true}]}}